{"id":106,"date":"2020-04-07T18:09:37","date_gmt":"2020-04-07T16:09:37","guid":{"rendered":"https:\/\/technikaprint.fr\/?page_id=106"},"modified":"2026-01-07T16:27:53","modified_gmt":"2026-01-07T15:27:53","slug":"totem","status":"publish","type":"page","link":"https:\/\/technikaprint.fr\/index.php\/totem\/","title":{"rendered":"Totems X"},"content":{"rendered":"\n<figure class=\"wp-block-image\"><img fetchpriority=\"high\" decoding=\"async\" width=\"1024\" height=\"287\" src=\"https:\/\/technikaprint.fr\/wp-content\/uploads\/2020\/04\/ICONE-KUMA-1024x287.jpg\" alt=\"Kakemono Roll-up Totem Banner Stand PopUp Impression num\u00e9rique Stand Parapluie Affiche Stickers\" class=\"wp-image-209\" srcset=\"https:\/\/technikaprint.fr\/wp-content\/uploads\/2020\/04\/ICONE-KUMA-1024x287.jpg 1024w, https:\/\/technikaprint.fr\/wp-content\/uploads\/2020\/04\/ICONE-KUMA-300x84.jpg 300w, https:\/\/technikaprint.fr\/wp-content\/uploads\/2020\/04\/ICONE-KUMA-768x215.jpg 768w, https:\/\/technikaprint.fr\/wp-content\/uploads\/2020\/04\/ICONE-KUMA-1536x431.jpg 1536w, https:\/\/technikaprint.fr\/wp-content\/uploads\/2020\/04\/ICONE-KUMA-2048x574.jpg 2048w, https:\/\/technikaprint.fr\/wp-content\/uploads\/2020\/04\/ICONE-KUMA-360x101.jpg 360w\" sizes=\"(max-width: 1024px) 100vw, 1024px\" \/><\/figure>\n\n\n\n<figure class=\"wp-block-table\"><table><tbody><tr><td>X-Banner Kuma 60&#215;158 cm &#8211; Structure + visuel<\/td><td class=\"has-text-align-right\" data-align=\"right\"><strong>55.00 \u20ac HT<\/strong><\/td><\/tr><tr><td>X-Banner Kuma 80&#215;180 cm &#8211; Structure + visuel<\/td><td class=\"has-text-align-right\" data-align=\"right\"><strong>70.00 \u20ac HT<\/strong><\/td><\/tr><\/tbody><\/table><\/figure>\n\n\n\n<p>C&rsquo;est souvent dans la stricte simplicit\u00e9 que se trouve la solution. Cette solution s&rsquo;appelle : X-Banner ou Totem X&#8230; Le X-banner est plus l\u00e9ger des pr\u00e9sentoirs <a rel=\"noreferrer noopener\" href=\"https:\/\/www.e-marketing.fr\/Definitions-Glossaire\/PLV-242769.htm\" target=\"_blank\"><strong><span style=\"color:#1c40ad\" class=\"has-inline-color\">PLV<\/span><\/strong><\/a>. Il est \u00e9conomique et ultra-l\u00e9ger ! On le retrouve souvent dans les boutiques ou galeries marchandes. Il se place et se range en un clin d\u2019\u0153il gr\u00e2ce \u00e0 ses 4 \u0153illets m\u00e9talliques. Avec cette solution, changez vous-m\u00eame le visuel, de fa\u00e7on simple et rapide, \u00e0 l&rsquo;infini.<\/p>\n\n\n\n<p>Les prix annonc\u00e9s sont <strong>structure + visuel<\/strong> (comme pour toute la gamme de nos kakemonos). Des visuels en impression haute d\u00e9finition, en qualit\u00e9 photo, avec des encres \u00e9co-responsables. Visuel class\u00e9 au feu \u00e0 la norme europ\u00e9enne <strong><span style=\"color:#1c40ad\" class=\"has-inline-color\"><a href=\"https:\/\/www.actimodul.fr\/photos_site\/GaleriePDF\/Normes-et-reglementations\/Classements-feu-Reflex-60-euroclasses.pdf\" target=\"_blank\" rel=\"noreferrer noopener\">M1<\/a><\/span><\/strong> pour vous permettre une utilisation dans tous les lieux publics.<\/p>\n\n\n\n<p><strong>Fabrication Made In France. Visuel 100% recyclable.<\/strong><\/p>\n\n\n\n<hr class=\"wp-block-separator has-css-opacity\"\/>\n\n\n\n<div class=\"wp-block-file\"><a id=\"wp-block-file--media-6c666b11-41f1-4571-93b5-46c43ff30fd9\" href=\"https:\/\/technikaprint.fr\/wp-content\/uploads\/2020\/04\/FT-KUMA.pdf\"><strong>T\u00e9l\u00e9chargez la fiche technique<\/strong><\/a><a href=\"https:\/\/technikaprint.fr\/wp-content\/uploads\/2020\/04\/FT-KUMA.pdf\" class=\"wp-block-file__button wp-element-button\" download aria-describedby=\"wp-block-file--media-6c666b11-41f1-4571-93b5-46c43ff30fd9\">T\u00e9l\u00e9charger<\/a><\/div>\n\n\n\n<hr class=\"wp-block-separator has-css-opacity\"\/>\n\n\n\n<figure class=\"wp-block-gallery has-nested-images columns-default is-cropped wp-block-gallery-1 is-layout-flex wp-block-gallery-is-layout-flex\">\n<figure class=\"wp-block-image size-large\"><a href=\"https:\/\/technikaprint.fr\/wp-content\/uploads\/2020\/04\/GAL-KUMA-01.jpg\"><img decoding=\"async\" width=\"887\" height=\"887\" data-id=\"1248\" src=\"https:\/\/technikaprint.fr\/wp-content\/uploads\/2020\/04\/GAL-KUMA-01.jpg\" alt=\"\" class=\"wp-image-1248\" srcset=\"https:\/\/technikaprint.fr\/wp-content\/uploads\/2020\/04\/GAL-KUMA-01.jpg 887w, https:\/\/technikaprint.fr\/wp-content\/uploads\/2020\/04\/GAL-KUMA-01-300x300.jpg 300w, https:\/\/technikaprint.fr\/wp-content\/uploads\/2020\/04\/GAL-KUMA-01-150x150.jpg 150w, https:\/\/technikaprint.fr\/wp-content\/uploads\/2020\/04\/GAL-KUMA-01-768x768.jpg 768w, https:\/\/technikaprint.fr\/wp-content\/uploads\/2020\/04\/GAL-KUMA-01-270x270.jpg 270w\" sizes=\"(max-width: 887px) 100vw, 887px\" \/><\/a><figcaption class=\"wp-element-caption\"><strong>Totem X Kuma<\/strong><\/figcaption><\/figure>\n\n\n\n<figure class=\"wp-block-image size-large\"><a href=\"https:\/\/technikaprint.fr\/wp-content\/uploads\/2020\/04\/GAL-KUMA-02.jpg\"><img decoding=\"async\" width=\"887\" height=\"887\" data-id=\"1249\" src=\"https:\/\/technikaprint.fr\/wp-content\/uploads\/2020\/04\/GAL-KUMA-02.jpg\" alt=\"\" class=\"wp-image-1249\" srcset=\"https:\/\/technikaprint.fr\/wp-content\/uploads\/2020\/04\/GAL-KUMA-02.jpg 887w, https:\/\/technikaprint.fr\/wp-content\/uploads\/2020\/04\/GAL-KUMA-02-300x300.jpg 300w, https:\/\/technikaprint.fr\/wp-content\/uploads\/2020\/04\/GAL-KUMA-02-150x150.jpg 150w, https:\/\/technikaprint.fr\/wp-content\/uploads\/2020\/04\/GAL-KUMA-02-768x768.jpg 768w, https:\/\/technikaprint.fr\/wp-content\/uploads\/2020\/04\/GAL-KUMA-02-270x270.jpg 270w\" sizes=\"(max-width: 887px) 100vw, 887px\" \/><\/a><figcaption class=\"wp-element-caption\"><strong>Structure pliable<\/strong><\/figcaption><\/figure>\n\n\n\n<figure class=\"wp-block-image size-large\"><a href=\"https:\/\/technikaprint.fr\/wp-content\/uploads\/2020\/04\/GAL-KUMA-03.jpg\"><img loading=\"lazy\" decoding=\"async\" width=\"887\" height=\"887\" data-id=\"1250\" src=\"https:\/\/technikaprint.fr\/wp-content\/uploads\/2020\/04\/GAL-KUMA-03.jpg\" alt=\"\" class=\"wp-image-1250\" srcset=\"https:\/\/technikaprint.fr\/wp-content\/uploads\/2020\/04\/GAL-KUMA-03.jpg 887w, https:\/\/technikaprint.fr\/wp-content\/uploads\/2020\/04\/GAL-KUMA-03-300x300.jpg 300w, https:\/\/technikaprint.fr\/wp-content\/uploads\/2020\/04\/GAL-KUMA-03-150x150.jpg 150w, https:\/\/technikaprint.fr\/wp-content\/uploads\/2020\/04\/GAL-KUMA-03-768x768.jpg 768w, https:\/\/technikaprint.fr\/wp-content\/uploads\/2020\/04\/GAL-KUMA-03-270x270.jpg 270w\" sizes=\"(max-width: 887px) 100vw, 887px\" \/><\/a><figcaption class=\"wp-element-caption\"><strong>Fibre de verre<\/strong><\/figcaption><\/figure>\n<\/figure>\n\n\n\n<p>Ici \u00e9galement, nous sommes sur une structure o\u00f9 le changement de visuel est ultra rapide gr\u00e2ce aux \u0153illets pr\u00e9sents \u00e0 chaque coin du m\u00e9dia. C&rsquo;est logiquement le mod\u00e8le id\u00e9al pour toutes vos campagnes qui n\u00e9cessitent un changement d&rsquo;information \u00e0 forte rotation. Vous pouvez pr\u00e9voir \u00e0 l&rsquo;avance les r\u00e9assorts en nous les commandant en amont et ainsi effectuez vous-m\u00eames les changements de visuels. Un vrai gain de temps et d&rsquo;argent !<\/p>\n\n\n\n<figure class=\"wp-block-gallery has-nested-images columns-default is-cropped wp-block-gallery-2 is-layout-flex wp-block-gallery-is-layout-flex\">\n<figure class=\"wp-block-image size-large\"><a href=\"https:\/\/technikaprint.fr\/wp-content\/uploads\/2020\/04\/GAL-KUMA-04.jpg\"><img loading=\"lazy\" decoding=\"async\" width=\"887\" height=\"887\" data-id=\"1251\" src=\"https:\/\/technikaprint.fr\/wp-content\/uploads\/2020\/04\/GAL-KUMA-04.jpg\" alt=\"\" class=\"wp-image-1251\" srcset=\"https:\/\/technikaprint.fr\/wp-content\/uploads\/2020\/04\/GAL-KUMA-04.jpg 887w, https:\/\/technikaprint.fr\/wp-content\/uploads\/2020\/04\/GAL-KUMA-04-300x300.jpg 300w, https:\/\/technikaprint.fr\/wp-content\/uploads\/2020\/04\/GAL-KUMA-04-150x150.jpg 150w, https:\/\/technikaprint.fr\/wp-content\/uploads\/2020\/04\/GAL-KUMA-04-768x768.jpg 768w, https:\/\/technikaprint.fr\/wp-content\/uploads\/2020\/04\/GAL-KUMA-04-270x270.jpg 270w\" sizes=\"(max-width: 887px) 100vw, 887px\" \/><\/a><figcaption class=\"wp-element-caption\"><strong>Ultra l\u00e9ger<\/strong><\/figcaption><\/figure>\n\n\n\n<figure class=\"wp-block-image size-large\"><a href=\"https:\/\/technikaprint.fr\/wp-content\/uploads\/2020\/04\/GAL-KUMA-05.jpg\"><img loading=\"lazy\" decoding=\"async\" width=\"887\" height=\"887\" data-id=\"1252\" src=\"https:\/\/technikaprint.fr\/wp-content\/uploads\/2020\/04\/GAL-KUMA-05.jpg\" alt=\"\" class=\"wp-image-1252\" srcset=\"https:\/\/technikaprint.fr\/wp-content\/uploads\/2020\/04\/GAL-KUMA-05.jpg 887w, https:\/\/technikaprint.fr\/wp-content\/uploads\/2020\/04\/GAL-KUMA-05-300x300.jpg 300w, https:\/\/technikaprint.fr\/wp-content\/uploads\/2020\/04\/GAL-KUMA-05-150x150.jpg 150w, https:\/\/technikaprint.fr\/wp-content\/uploads\/2020\/04\/GAL-KUMA-05-768x768.jpg 768w, https:\/\/technikaprint.fr\/wp-content\/uploads\/2020\/04\/GAL-KUMA-05-270x270.jpg 270w\" sizes=\"(max-width: 887px) 100vw, 887px\" \/><\/a><figcaption class=\"wp-element-caption\"><strong>2 tailles diff\u00e9rentes<\/strong><\/figcaption><\/figure>\n\n\n\n<figure class=\"wp-block-image size-large\"><a href=\"https:\/\/technikaprint.fr\/wp-content\/uploads\/2020\/04\/GAL-KUMA-06.jpg\"><img loading=\"lazy\" decoding=\"async\" width=\"887\" height=\"887\" data-id=\"1253\" src=\"https:\/\/technikaprint.fr\/wp-content\/uploads\/2020\/04\/GAL-KUMA-06.jpg\" alt=\"\" class=\"wp-image-1253\" srcset=\"https:\/\/technikaprint.fr\/wp-content\/uploads\/2020\/04\/GAL-KUMA-06.jpg 887w, https:\/\/technikaprint.fr\/wp-content\/uploads\/2020\/04\/GAL-KUMA-06-300x300.jpg 300w, https:\/\/technikaprint.fr\/wp-content\/uploads\/2020\/04\/GAL-KUMA-06-150x150.jpg 150w, https:\/\/technikaprint.fr\/wp-content\/uploads\/2020\/04\/GAL-KUMA-06-768x768.jpg 768w, https:\/\/technikaprint.fr\/wp-content\/uploads\/2020\/04\/GAL-KUMA-06-270x270.jpg 270w\" sizes=\"(max-width: 887px) 100vw, 887px\" \/><\/a><figcaption class=\"wp-element-caption\"><strong>Housse nylon<\/strong><\/figcaption><\/figure>\n<\/figure>\n\n\n\n<hr class=\"wp-block-separator has-css-opacity\"\/>\n\n\n\n<figure class=\"wp-block-video aligncenter\"><video height=\"240\" style=\"aspect-ratio: 320 \/ 240;\" width=\"320\" controls src=\"https:\/\/technikaprint.fr\/wp-content\/uploads\/2020\/04\/KUMA-VIDEO.mp4\"><\/video><\/figure>\n\n\n\n<hr class=\"wp-block-separator has-css-opacity\"\/>\n\n\n\n<figure class=\"wp-block-image size-large\"><a href=\"https:\/\/technikaprint.fr\/index.php\/banner-outdoor\/\"><img loading=\"lazy\" decoding=\"async\" width=\"1024\" height=\"171\" src=\"https:\/\/technikaprint.fr\/wp-content\/uploads\/2020\/05\/TOTEM-NAOS-1024x171.jpg\" alt=\"Roll-up, Kakemono, Stand parapluie, Totem, Standonline\" class=\"wp-image-2103\" srcset=\"https:\/\/technikaprint.fr\/wp-content\/uploads\/2020\/05\/TOTEM-NAOS-1024x171.jpg 1024w, https:\/\/technikaprint.fr\/wp-content\/uploads\/2020\/05\/TOTEM-NAOS-300x50.jpg 300w, https:\/\/technikaprint.fr\/wp-content\/uploads\/2020\/05\/TOTEM-NAOS-768x128.jpg 768w, https:\/\/technikaprint.fr\/wp-content\/uploads\/2020\/05\/TOTEM-NAOS-360x60.jpg 360w, https:\/\/technikaprint.fr\/wp-content\/uploads\/2020\/05\/TOTEM-NAOS.jpg 1417w\" sizes=\"(max-width: 1024px) 100vw, 1024px\" \/><\/a><\/figure>\n","protected":false},"excerpt":{"rendered":"<p>X-Banner Kuma 60&#215;158 cm &#8211; Structure + visuel 55.00 \u20ac HT X-Banner Kuma 80&#215;180 cm &#8211; Structure + visuel 70.00 \u20ac HT C&rsquo;est souvent dans la stricte simplicit\u00e9 que se trouve la solution. Cette solution s&rsquo;appelle : X-Banner ou Totem&hellip;&nbsp;<a href=\"https:\/\/technikaprint.fr\/index.php\/totem\/\" class=\"more-link\">Lire la suite<\/a><\/p>\n","protected":false},"author":1,"featured_media":0,"parent":0,"menu_order":0,"comment_status":"closed","ping_status":"closed","template":"","meta":{"_monsterinsights_skip_tracking":false,"_monsterinsights_sitenote_active":false,"_monsterinsights_sitenote_note":"","_monsterinsights_sitenote_category":0,"footnotes":""},"class_list":["post-106","page","type-page","status-publish","hentry"],"yoast_head":"<!-- This site is optimized with the Yoast SEO plugin v27.6 - https:\/\/yoast.com\/product\/yoast-seo-wordpress\/ -->\n<title>Totem I Stand On Line I L&#039;univers du stand pliable et portable<\/title>\n<meta name=\"description\" content=\"Totem Kuma au meilleur prix avec Stand On Line, gamme compl\u00e8te de kakemonos pr\u00eats en 24\/48H. Appelez vite au 01 72 88 38 93. Made in France\" \/>\n<meta name=\"robots\" content=\"index, follow, max-snippet:-1, max-image-preview:large, max-video-preview:-1\" \/>\n<link rel=\"canonical\" href=\"https:\/\/technikaprint.fr\/index.php\/totem\/\" \/>\n<meta property=\"og:locale\" content=\"fr_FR\" \/>\n<meta property=\"og:type\" content=\"article\" \/>\n<meta property=\"og:title\" content=\"Totem I Stand On Line I L&#039;univers du stand pliable et portable\" \/>\n<meta property=\"og:description\" content=\"Totem Kuma au meilleur prix avec Stand On Line, gamme compl\u00e8te de kakemonos pr\u00eats en 24\/48H. Appelez vite au 01 72 88 38 93. Made in France\" \/>\n<meta property=\"og:url\" content=\"https:\/\/technikaprint.fr\/index.php\/totem\/\" \/>\n<meta property=\"og:site_name\" content=\"Stand On Line\" \/>\n<meta property=\"article:publisher\" content=\"https:\/\/www.facebook.com\/technikaprint\/\" \/>\n<meta property=\"article:modified_time\" content=\"2026-01-07T15:27:53+00:00\" \/>\n<meta property=\"og:image\" content=\"https:\/\/technikaprint.fr\/wp-content\/uploads\/2020\/04\/ICONE-KUMA.jpg\" \/>\n\t<meta property=\"og:image:width\" content=\"2239\" \/>\n\t<meta property=\"og:image:height\" content=\"628\" \/>\n\t<meta property=\"og:image:type\" content=\"image\/jpeg\" \/>\n<meta name=\"twitter:card\" content=\"summary_large_image\" \/>\n<meta name=\"twitter:label1\" content=\"Dur\u00e9e de lecture estim\u00e9e\" \/>\n\t<meta name=\"twitter:data1\" content=\"3 minutes\" \/>\n<script type=\"application\/ld+json\" class=\"yoast-schema-graph\">{\"@context\":\"https:\\\/\\\/schema.org\",\"@graph\":[{\"@type\":\"WebPage\",\"@id\":\"https:\\\/\\\/technikaprint.fr\\\/index.php\\\/totem\\\/\",\"url\":\"https:\\\/\\\/technikaprint.fr\\\/index.php\\\/totem\\\/\",\"name\":\"Totem I Stand On Line I L'univers du stand pliable et portable\",\"isPartOf\":{\"@id\":\"https:\\\/\\\/technikaprint.fr\\\/#website\"},\"primaryImageOfPage\":{\"@id\":\"https:\\\/\\\/technikaprint.fr\\\/index.php\\\/totem\\\/#primaryimage\"},\"image\":{\"@id\":\"https:\\\/\\\/technikaprint.fr\\\/index.php\\\/totem\\\/#primaryimage\"},\"thumbnailUrl\":\"https:\\\/\\\/technikaprint.fr\\\/wp-content\\\/uploads\\\/2020\\\/04\\\/ICONE-KUMA-1024x287.jpg\",\"datePublished\":\"2020-04-07T16:09:37+00:00\",\"dateModified\":\"2026-01-07T15:27:53+00:00\",\"description\":\"Totem Kuma au meilleur prix avec Stand On Line, gamme compl\u00e8te de kakemonos pr\u00eats en 24\\\/48H. Appelez vite au 01 72 88 38 93. Made in France\",\"breadcrumb\":{\"@id\":\"https:\\\/\\\/technikaprint.fr\\\/index.php\\\/totem\\\/#breadcrumb\"},\"inLanguage\":\"fr-FR\",\"potentialAction\":[{\"@type\":\"ReadAction\",\"target\":[\"https:\\\/\\\/technikaprint.fr\\\/index.php\\\/totem\\\/\"]}]},{\"@type\":\"ImageObject\",\"inLanguage\":\"fr-FR\",\"@id\":\"https:\\\/\\\/technikaprint.fr\\\/index.php\\\/totem\\\/#primaryimage\",\"url\":\"https:\\\/\\\/technikaprint.fr\\\/wp-content\\\/uploads\\\/2020\\\/04\\\/ICONE-KUMA.jpg\",\"contentUrl\":\"https:\\\/\\\/technikaprint.fr\\\/wp-content\\\/uploads\\\/2020\\\/04\\\/ICONE-KUMA.jpg\",\"width\":2239,\"height\":628},{\"@type\":\"BreadcrumbList\",\"@id\":\"https:\\\/\\\/technikaprint.fr\\\/index.php\\\/totem\\\/#breadcrumb\",\"itemListElement\":[{\"@type\":\"ListItem\",\"position\":1,\"name\":\"Accueil\",\"item\":\"https:\\\/\\\/technikaprint.fr\\\/\"},{\"@type\":\"ListItem\",\"position\":2,\"name\":\"Totems X\"}]},{\"@type\":\"WebSite\",\"@id\":\"https:\\\/\\\/technikaprint.fr\\\/#website\",\"url\":\"https:\\\/\\\/technikaprint.fr\\\/\",\"name\":\"Stand On Line\",\"description\":\"La boutique du Roll-up\",\"publisher\":{\"@id\":\"https:\\\/\\\/technikaprint.fr\\\/#organization\"},\"potentialAction\":[{\"@type\":\"SearchAction\",\"target\":{\"@type\":\"EntryPoint\",\"urlTemplate\":\"https:\\\/\\\/technikaprint.fr\\\/?s={search_term_string}\"},\"query-input\":{\"@type\":\"PropertyValueSpecification\",\"valueRequired\":true,\"valueName\":\"search_term_string\"}}],\"inLanguage\":\"fr-FR\"},{\"@type\":\"Organization\",\"@id\":\"https:\\\/\\\/technikaprint.fr\\\/#organization\",\"name\":\"Stand On Line \\\/ Technika-Print\",\"url\":\"https:\\\/\\\/technikaprint.fr\\\/\",\"logo\":{\"@type\":\"ImageObject\",\"inLanguage\":\"fr-FR\",\"@id\":\"https:\\\/\\\/technikaprint.fr\\\/#\\\/schema\\\/logo\\\/image\\\/\",\"url\":\"https:\\\/\\\/technikaprint.fr\\\/wp-content\\\/uploads\\\/2020\\\/04\\\/SOL-AU-CARRE.jpg\",\"contentUrl\":\"https:\\\/\\\/technikaprint.fr\\\/wp-content\\\/uploads\\\/2020\\\/04\\\/SOL-AU-CARRE.jpg\",\"width\":1705,\"height\":1705,\"caption\":\"Stand On Line \\\/ Technika-Print\"},\"image\":{\"@id\":\"https:\\\/\\\/technikaprint.fr\\\/#\\\/schema\\\/logo\\\/image\\\/\"},\"sameAs\":[\"https:\\\/\\\/www.facebook.com\\\/technikaprint\\\/\",\"https:\\\/\\\/www.linkedin.com\\\/in\\\/yann-phetsanghane-50763315b\\\/\"]}]}<\/script>\n<!-- \/ Yoast SEO plugin. -->","yoast_head_json":{"title":"Totem I Stand On Line I L'univers du stand pliable et portable","description":"Totem Kuma au meilleur prix avec Stand On Line, gamme compl\u00e8te de kakemonos pr\u00eats en 24\/48H. Appelez vite au 01 72 88 38 93. Made in France","robots":{"index":"index","follow":"follow","max-snippet":"max-snippet:-1","max-image-preview":"max-image-preview:large","max-video-preview":"max-video-preview:-1"},"canonical":"https:\/\/technikaprint.fr\/index.php\/totem\/","og_locale":"fr_FR","og_type":"article","og_title":"Totem I Stand On Line I L'univers du stand pliable et portable","og_description":"Totem Kuma au meilleur prix avec Stand On Line, gamme compl\u00e8te de kakemonos pr\u00eats en 24\/48H. Appelez vite au 01 72 88 38 93. Made in France","og_url":"https:\/\/technikaprint.fr\/index.php\/totem\/","og_site_name":"Stand On Line","article_publisher":"https:\/\/www.facebook.com\/technikaprint\/","article_modified_time":"2026-01-07T15:27:53+00:00","og_image":[{"width":2239,"height":628,"url":"https:\/\/technikaprint.fr\/wp-content\/uploads\/2020\/04\/ICONE-KUMA.jpg","type":"image\/jpeg"}],"twitter_card":"summary_large_image","twitter_misc":{"Dur\u00e9e de lecture estim\u00e9e":"3 minutes"},"schema":{"@context":"https:\/\/schema.org","@graph":[{"@type":"WebPage","@id":"https:\/\/technikaprint.fr\/index.php\/totem\/","url":"https:\/\/technikaprint.fr\/index.php\/totem\/","name":"Totem I Stand On Line I L'univers du stand pliable et portable","isPartOf":{"@id":"https:\/\/technikaprint.fr\/#website"},"primaryImageOfPage":{"@id":"https:\/\/technikaprint.fr\/index.php\/totem\/#primaryimage"},"image":{"@id":"https:\/\/technikaprint.fr\/index.php\/totem\/#primaryimage"},"thumbnailUrl":"https:\/\/technikaprint.fr\/wp-content\/uploads\/2020\/04\/ICONE-KUMA-1024x287.jpg","datePublished":"2020-04-07T16:09:37+00:00","dateModified":"2026-01-07T15:27:53+00:00","description":"Totem Kuma au meilleur prix avec Stand On Line, gamme compl\u00e8te de kakemonos pr\u00eats en 24\/48H. Appelez vite au 01 72 88 38 93. Made in France","breadcrumb":{"@id":"https:\/\/technikaprint.fr\/index.php\/totem\/#breadcrumb"},"inLanguage":"fr-FR","potentialAction":[{"@type":"ReadAction","target":["https:\/\/technikaprint.fr\/index.php\/totem\/"]}]},{"@type":"ImageObject","inLanguage":"fr-FR","@id":"https:\/\/technikaprint.fr\/index.php\/totem\/#primaryimage","url":"https:\/\/technikaprint.fr\/wp-content\/uploads\/2020\/04\/ICONE-KUMA.jpg","contentUrl":"https:\/\/technikaprint.fr\/wp-content\/uploads\/2020\/04\/ICONE-KUMA.jpg","width":2239,"height":628},{"@type":"BreadcrumbList","@id":"https:\/\/technikaprint.fr\/index.php\/totem\/#breadcrumb","itemListElement":[{"@type":"ListItem","position":1,"name":"Accueil","item":"https:\/\/technikaprint.fr\/"},{"@type":"ListItem","position":2,"name":"Totems X"}]},{"@type":"WebSite","@id":"https:\/\/technikaprint.fr\/#website","url":"https:\/\/technikaprint.fr\/","name":"Stand On Line","description":"La boutique du Roll-up","publisher":{"@id":"https:\/\/technikaprint.fr\/#organization"},"potentialAction":[{"@type":"SearchAction","target":{"@type":"EntryPoint","urlTemplate":"https:\/\/technikaprint.fr\/?s={search_term_string}"},"query-input":{"@type":"PropertyValueSpecification","valueRequired":true,"valueName":"search_term_string"}}],"inLanguage":"fr-FR"},{"@type":"Organization","@id":"https:\/\/technikaprint.fr\/#organization","name":"Stand On Line \/ Technika-Print","url":"https:\/\/technikaprint.fr\/","logo":{"@type":"ImageObject","inLanguage":"fr-FR","@id":"https:\/\/technikaprint.fr\/#\/schema\/logo\/image\/","url":"https:\/\/technikaprint.fr\/wp-content\/uploads\/2020\/04\/SOL-AU-CARRE.jpg","contentUrl":"https:\/\/technikaprint.fr\/wp-content\/uploads\/2020\/04\/SOL-AU-CARRE.jpg","width":1705,"height":1705,"caption":"Stand On Line \/ Technika-Print"},"image":{"@id":"https:\/\/technikaprint.fr\/#\/schema\/logo\/image\/"},"sameAs":["https:\/\/www.facebook.com\/technikaprint\/","https:\/\/www.linkedin.com\/in\/yann-phetsanghane-50763315b\/"]}]}},"_links":{"self":[{"href":"https:\/\/technikaprint.fr\/index.php\/wp-json\/wp\/v2\/pages\/106","targetHints":{"allow":["GET"]}}],"collection":[{"href":"https:\/\/technikaprint.fr\/index.php\/wp-json\/wp\/v2\/pages"}],"about":[{"href":"https:\/\/technikaprint.fr\/index.php\/wp-json\/wp\/v2\/types\/page"}],"author":[{"embeddable":true,"href":"https:\/\/technikaprint.fr\/index.php\/wp-json\/wp\/v2\/users\/1"}],"replies":[{"embeddable":true,"href":"https:\/\/technikaprint.fr\/index.php\/wp-json\/wp\/v2\/comments?post=106"}],"version-history":[{"count":34,"href":"https:\/\/technikaprint.fr\/index.php\/wp-json\/wp\/v2\/pages\/106\/revisions"}],"predecessor-version":[{"id":3085,"href":"https:\/\/technikaprint.fr\/index.php\/wp-json\/wp\/v2\/pages\/106\/revisions\/3085"}],"wp:attachment":[{"href":"https:\/\/technikaprint.fr\/index.php\/wp-json\/wp\/v2\/media?parent=106"}],"curies":[{"name":"wp","href":"https:\/\/api.w.org\/{rel}","templated":true}]}}