{"id":123,"date":"2020-04-07T18:38:44","date_gmt":"2020-04-07T16:38:44","guid":{"rendered":"https:\/\/technikaprint.fr\/?page_id=123"},"modified":"2026-04-23T10:28:59","modified_gmt":"2026-04-23T08:28:59","slug":"impression-numerique","status":"publish","type":"page","link":"https:\/\/technikaprint.fr\/","title":{"rendered":"Accueil"},"content":{"rendered":"\n<figure class=\"wp-block-image size-large\"><a href=\"https:\/\/technikaprint.fr\/index.php\/stands-portables\/\"><img fetchpriority=\"high\" decoding=\"async\" width=\"1024\" height=\"487\" src=\"https:\/\/technikaprint.fr\/wp-content\/uploads\/2025\/02\/PAGE-PUB-CONTOUR-HOME-PAGE-SITE-SOL-1-1024x487.jpg\" alt=\"stand modulaire, stand, stand nomade, stand tissu, expo, imprimerie, stand 6m2, stand 9m2, stand on line, spot, spots, cadre, structure aluminium\" class=\"wp-image-2700\" srcset=\"https:\/\/technikaprint.fr\/wp-content\/uploads\/2025\/02\/PAGE-PUB-CONTOUR-HOME-PAGE-SITE-SOL-1-1024x487.jpg 1024w, https:\/\/technikaprint.fr\/wp-content\/uploads\/2025\/02\/PAGE-PUB-CONTOUR-HOME-PAGE-SITE-SOL-1-300x143.jpg 300w, https:\/\/technikaprint.fr\/wp-content\/uploads\/2025\/02\/PAGE-PUB-CONTOUR-HOME-PAGE-SITE-SOL-1-768x366.jpg 768w, https:\/\/technikaprint.fr\/wp-content\/uploads\/2025\/02\/PAGE-PUB-CONTOUR-HOME-PAGE-SITE-SOL-1-1536x731.jpg 1536w, https:\/\/technikaprint.fr\/wp-content\/uploads\/2025\/02\/PAGE-PUB-CONTOUR-HOME-PAGE-SITE-SOL-1-2048x975.jpg 2048w, https:\/\/technikaprint.fr\/wp-content\/uploads\/2025\/02\/PAGE-PUB-CONTOUR-HOME-PAGE-SITE-SOL-1-360x171.jpg 360w\" sizes=\"(max-width: 1024px) 100vw, 1024px\" \/><\/a><\/figure>\n\n\n\n<h2 class=\"wp-block-heading has-text-align-center\" id=\"impression-numeriquestand-on-linela-mise-en-scene-de-vos-messagessolutions-d-expositions-nomades-et-pliables-mais-pas-queimpression-numerique\"><mark style=\"background-color:rgba(0, 0, 0, 0);color:#ffffff\" class=\"has-inline-color\">Impression num\u00e9rique<\/mark><br><strong>Stand On Line<br><mark style=\"background-color:rgba(0, 0, 0, 0);color:#1c40ad\" class=\"has-inline-color\">La mise en sc\u00e8ne de vos messages<\/mark><\/strong><br>Solutions d\u2019expositions nomades et pliables&#8230;<em> mais pas que<\/em><br><mark style=\"background-color:rgba(0, 0, 0, 0);color:#ffffff\" class=\"has-inline-color\">Impression num\u00e9rique<\/mark><br><\/h2>\n\n\n\n<div class=\"wp-block-media-text alignwide is-stacked-on-mobile is-vertically-aligned-top\"><figure class=\"wp-block-media-text__media\"><img decoding=\"async\" width=\"709\" height=\"709\" src=\"https:\/\/technikaprint.fr\/wp-content\/uploads\/2022\/01\/00000-POST-FRIGO.jpg\" alt=\"Slogan, Punchline, Pubilicit\u00e9, Communication visuelle, Impression num\u00e9rique\" class=\"wp-image-2366 size-full\" srcset=\"https:\/\/technikaprint.fr\/wp-content\/uploads\/2022\/01\/00000-POST-FRIGO.jpg 709w, https:\/\/technikaprint.fr\/wp-content\/uploads\/2022\/01\/00000-POST-FRIGO-300x300.jpg 300w, https:\/\/technikaprint.fr\/wp-content\/uploads\/2022\/01\/00000-POST-FRIGO-150x150.jpg 150w, https:\/\/technikaprint.fr\/wp-content\/uploads\/2022\/01\/00000-POST-FRIGO-270x270.jpg 270w\" sizes=\"(max-width: 709px) 100vw, 709px\" \/><\/figure><div class=\"wp-block-media-text__content\">\n<p><strong><span style=\"color:#000000\" class=\"has-inline-color\">On dit souvent qu\u2019une image vaut mille mots\u2026 et ce n\u2019est pas un hasard : elle est trait\u00e9e jusqu\u2019\u00e0 60 000 fois plus rapidement par notre cerveau que le texte.\u00a0<\/span><\/strong><\/p>\n\n\n\n<p>Stand On Line vous accompagne dans la cr\u00e9ation et la mise en valeur de votre communication visuelle. <strong>Un atout essentiel <\/strong>pour transmettre vos messages efficacement, <strong>capter l\u2019attention<\/strong> et gagner un temps pr\u00e9cieux.<br><span style=\"color:#ffffff\" class=\"has-inline-color\">Impression num\u00e9rique<\/span><\/p>\n<\/div><\/div>\n\n\n\n<p><mark style=\"background-color:rgba(0, 0, 0, 0);color:#ffffff\" class=\"has-inline-color\">I<\/mark><br><mark style=\"background-color:rgba(0, 0, 0, 0);color:#ffffff\" class=\"has-inline-color\">sdfsdf<\/mark><\/p>\n\n\n\n<div class=\"wp-block-media-text alignwide has-media-on-the-right is-stacked-on-mobile is-vertically-aligned-top\"><div class=\"wp-block-media-text__content\">\n<p class=\"has-text-align-right\"><strong>Gardez \u00e0 l\u2019esprit qu\u2019un visuel se comprend en moins d\u2019un dixi\u00e8me de seconde\u2026 bien plus rapidement qu\u2019il ne vous a fallu pour lire cette phrase !<\/strong><\/p>\n\n\n\n<p class=\"has-text-align-right\">Reste un point essentiel : <strong>choisir le support<\/strong> le plus adapt\u00e9 pour diffuser votre message et <strong>toucher un maximum de personnes.<\/strong><br><br><br><br><span style=\"color:#ffffff\" class=\"has-inline-color\">sdfsdfsdf<\/span><\/p>\n<\/div><figure class=\"wp-block-media-text__media\"><img decoding=\"async\" width=\"709\" height=\"709\" src=\"https:\/\/technikaprint.fr\/wp-content\/uploads\/2022\/01\/00000-POST-PENURIE.jpg\" alt=\"Slogan, Punchline, Pubilicit\u00e9, Communication visuelle, Impression num\u00e9rique\" class=\"wp-image-2367 size-full\" srcset=\"https:\/\/technikaprint.fr\/wp-content\/uploads\/2022\/01\/00000-POST-PENURIE.jpg 709w, https:\/\/technikaprint.fr\/wp-content\/uploads\/2022\/01\/00000-POST-PENURIE-300x300.jpg 300w, https:\/\/technikaprint.fr\/wp-content\/uploads\/2022\/01\/00000-POST-PENURIE-150x150.jpg 150w, https:\/\/technikaprint.fr\/wp-content\/uploads\/2022\/01\/00000-POST-PENURIE-270x270.jpg 270w\" sizes=\"(max-width: 709px) 100vw, 709px\" \/><\/figure><\/div>\n\n\n\n<hr class=\"wp-block-separator has-css-opacity\"\/>\n\n\n\n<h2 class=\"wp-block-heading has-text-align-center\" id=\"creer-concevoir-et-produire-dans-les-tempsstand-on-line-reducteur-de-delai\"><strong><span style=\"color:#1c40ad\" class=\"has-inline-color\">Cr\u00e9er, concevoir et produire dans les temps<\/span><\/strong><br>Stand On Line <em>R\u00e9ducteur de d\u00e9lai<\/em><\/h2>\n\n\n\n<figure class=\"wp-block-image size-large is-resized\"><img loading=\"lazy\" decoding=\"async\" width=\"1024\" height=\"379\" src=\"https:\/\/technikaprint.fr\/wp-content\/uploads\/2020\/04\/GIF-ACC-2700.gif\" alt=\"Impression num\u00e9rique, Labo d'impression, Communication visuelle, Stand, Imprimerie, Totem, Banner, Roll-Up, Affiche, Photocall, Stickers, Lettrage\" class=\"wp-image-874\" style=\"width:980px;height:362px\"\/><\/figure>\n\n\n\n<hr class=\"wp-block-separator has-css-opacity\"\/>\n\n\n\n<p class=\"has-text-align-right\"><br><br>Profitez de votre visite, et n\u2019h\u00e9sitez pas \u00e0 nous solliciter si vous avez la moindre question ! <\/p>\n\n\n\n<p class=\"has-text-align-right\"><a href=\"https:\/\/technikaprint.fr\/index.php\/contact\/\"><strong><span style=\"color:#1c40ad\" class=\"has-inline-color\">Contactez-nous<\/span><\/strong><\/a><\/p>\n\n\n\n<h3 class=\"wp-block-heading has-text-align-right\" id=\"stand-on-line-effervescence-perpetuelle\"><strong><span style=\"color:#1c40ad\" class=\"has-inline-color\">Stand On Line : <em>Effervescence perp\u00e9tuelle<\/em><\/span><\/strong><\/h3>\n\n\n\n<p class=\"has-text-align-right\"><br><a href=\"https:\/\/www.linkedin.com\/in\/yann-phetsanghane-50763315b\/recent-activity\/shares\/\">Rejoignez-nous&#8230; <strong><em>On s&rsquo;l\u00e2che et on balance sur LinkedIn !<\/em><\/strong><\/a><br><br><\/p>\n\n\n\n<figure class=\"wp-block-image size-large\"><a href=\"https:\/\/technikaprint.fr\/index.php\/vitrine-pliable\/\"><img loading=\"lazy\" decoding=\"async\" width=\"1024\" height=\"171\" src=\"https:\/\/technikaprint.fr\/wp-content\/uploads\/2020\/05\/VITRINE-PLIABLE-1024x171.jpg\" alt=\"Vitrine pliable, Tour pirouette, Stand pliable, Impression numerique, Standonline\" class=\"wp-image-2260\" srcset=\"https:\/\/technikaprint.fr\/wp-content\/uploads\/2020\/05\/VITRINE-PLIABLE-1024x171.jpg 1024w, https:\/\/technikaprint.fr\/wp-content\/uploads\/2020\/05\/VITRINE-PLIABLE-300x50.jpg 300w, https:\/\/technikaprint.fr\/wp-content\/uploads\/2020\/05\/VITRINE-PLIABLE-768x128.jpg 768w, https:\/\/technikaprint.fr\/wp-content\/uploads\/2020\/05\/VITRINE-PLIABLE-360x60.jpg 360w, https:\/\/technikaprint.fr\/wp-content\/uploads\/2020\/05\/VITRINE-PLIABLE.jpg 1417w\" sizes=\"(max-width: 1024px) 100vw, 1024px\" \/><\/a><\/figure>\n","protected":false},"excerpt":{"rendered":"<p>Impression num\u00e9riqueStand On LineLa mise en sc\u00e8ne de vos messagesSolutions d\u2019expositions nomades et pliables&#8230; mais pas queImpression num\u00e9rique On dit souvent qu\u2019une image vaut mille mots\u2026 et ce n\u2019est pas un hasard : elle est trait\u00e9e jusqu\u2019\u00e0 60 000 fois&hellip;&nbsp;<a href=\"https:\/\/technikaprint.fr\/\" class=\"more-link\">Lire la suite<\/a><\/p>\n","protected":false},"author":1,"featured_media":0,"parent":0,"menu_order":0,"comment_status":"closed","ping_status":"closed","template":"","meta":{"_monsterinsights_skip_tracking":false,"_monsterinsights_sitenote_active":false,"_monsterinsights_sitenote_note":"","_monsterinsights_sitenote_category":0,"footnotes":""},"class_list":["post-123","page","type-page","status-publish","hentry"],"yoast_head":"<!-- This site is optimized with the Yoast SEO plugin v27.5 - https:\/\/yoast.com\/product\/yoast-seo-wordpress\/ -->\n<title>Impression num\u00e9rique - Stand On Line au service de vos messages !<\/title>\n<meta name=\"description\" content=\"L&#039;impression num\u00e9rique, c&#039;est notre passion ! Ici, c&#039;est l&#039;effervecence perp\u00e9tuelle pour vous permettre de d\u00e9livrer un message clair et unifi\u00e9\" \/>\n<meta name=\"robots\" content=\"index, follow, max-snippet:-1, max-image-preview:large, max-video-preview:-1\" \/>\n<link rel=\"canonical\" href=\"https:\/\/technikaprint.fr\/\" \/>\n<meta property=\"og:locale\" content=\"fr_FR\" \/>\n<meta property=\"og:type\" content=\"article\" \/>\n<meta property=\"og:title\" content=\"Impression num\u00e9rique - Stand On Line au service de vos messages !\" \/>\n<meta property=\"og:description\" content=\"L&#039;impression num\u00e9rique, c&#039;est notre passion ! Ici, c&#039;est l&#039;effervecence perp\u00e9tuelle pour vous permettre de d\u00e9livrer un message clair et unifi\u00e9\" \/>\n<meta property=\"og:url\" content=\"https:\/\/technikaprint.fr\/\" \/>\n<meta property=\"og:site_name\" content=\"Stand On Line\" \/>\n<meta property=\"article:publisher\" content=\"https:\/\/www.facebook.com\/technikaprint\/\" \/>\n<meta property=\"article:modified_time\" content=\"2026-04-23T08:28:59+00:00\" \/>\n<meta property=\"og:image\" content=\"https:\/\/technikaprint.fr\/wp-content\/uploads\/2025\/02\/PAGE-PUB-CONTOUR-HOME-PAGE-SITE-SOL-1.jpg\" \/>\n\t<meta property=\"og:image:width\" content=\"2357\" \/>\n\t<meta property=\"og:image:height\" content=\"1122\" \/>\n\t<meta property=\"og:image:type\" content=\"image\/jpeg\" \/>\n<meta name=\"twitter:card\" content=\"summary_large_image\" \/>\n<meta name=\"twitter:label1\" content=\"Dur\u00e9e de lecture estim\u00e9e\" \/>\n\t<meta name=\"twitter:data1\" content=\"2 minutes\" \/>\n<script type=\"application\/ld+json\" class=\"yoast-schema-graph\">{\"@context\":\"https:\\\/\\\/schema.org\",\"@graph\":[{\"@type\":\"WebPage\",\"@id\":\"https:\\\/\\\/technikaprint.fr\\\/\",\"url\":\"https:\\\/\\\/technikaprint.fr\\\/\",\"name\":\"Impression num\u00e9rique - Stand On Line au service de vos messages !\",\"isPartOf\":{\"@id\":\"https:\\\/\\\/technikaprint.fr\\\/#website\"},\"primaryImageOfPage\":{\"@id\":\"https:\\\/\\\/technikaprint.fr\\\/#primaryimage\"},\"image\":{\"@id\":\"https:\\\/\\\/technikaprint.fr\\\/#primaryimage\"},\"thumbnailUrl\":\"https:\\\/\\\/technikaprint.fr\\\/wp-content\\\/uploads\\\/2025\\\/02\\\/PAGE-PUB-CONTOUR-HOME-PAGE-SITE-SOL-1-1024x487.jpg\",\"datePublished\":\"2020-04-07T16:38:44+00:00\",\"dateModified\":\"2026-04-23T08:28:59+00:00\",\"description\":\"L'impression num\u00e9rique, c'est notre passion ! Ici, c'est l'effervecence perp\u00e9tuelle pour vous permettre de d\u00e9livrer un message clair et unifi\u00e9\",\"breadcrumb\":{\"@id\":\"https:\\\/\\\/technikaprint.fr\\\/#breadcrumb\"},\"inLanguage\":\"fr-FR\",\"potentialAction\":[{\"@type\":\"ReadAction\",\"target\":[\"https:\\\/\\\/technikaprint.fr\\\/\"]}]},{\"@type\":\"ImageObject\",\"inLanguage\":\"fr-FR\",\"@id\":\"https:\\\/\\\/technikaprint.fr\\\/#primaryimage\",\"url\":\"https:\\\/\\\/technikaprint.fr\\\/wp-content\\\/uploads\\\/2025\\\/02\\\/PAGE-PUB-CONTOUR-HOME-PAGE-SITE-SOL-1.jpg\",\"contentUrl\":\"https:\\\/\\\/technikaprint.fr\\\/wp-content\\\/uploads\\\/2025\\\/02\\\/PAGE-PUB-CONTOUR-HOME-PAGE-SITE-SOL-1.jpg\",\"width\":2357,\"height\":1122},{\"@type\":\"BreadcrumbList\",\"@id\":\"https:\\\/\\\/technikaprint.fr\\\/#breadcrumb\",\"itemListElement\":[{\"@type\":\"ListItem\",\"position\":1,\"name\":\"Accueil\",\"item\":\"https:\\\/\\\/technikaprint.fr\\\/\"},{\"@type\":\"ListItem\",\"position\":2,\"name\":\"Accueil\"}]},{\"@type\":\"WebSite\",\"@id\":\"https:\\\/\\\/technikaprint.fr\\\/#website\",\"url\":\"https:\\\/\\\/technikaprint.fr\\\/\",\"name\":\"Stand On Line\",\"description\":\"La boutique du Roll-up\",\"publisher\":{\"@id\":\"https:\\\/\\\/technikaprint.fr\\\/#organization\"},\"potentialAction\":[{\"@type\":\"SearchAction\",\"target\":{\"@type\":\"EntryPoint\",\"urlTemplate\":\"https:\\\/\\\/technikaprint.fr\\\/?s={search_term_string}\"},\"query-input\":{\"@type\":\"PropertyValueSpecification\",\"valueRequired\":true,\"valueName\":\"search_term_string\"}}],\"inLanguage\":\"fr-FR\"},{\"@type\":\"Organization\",\"@id\":\"https:\\\/\\\/technikaprint.fr\\\/#organization\",\"name\":\"Stand On Line \\\/ Technika-Print\",\"url\":\"https:\\\/\\\/technikaprint.fr\\\/\",\"logo\":{\"@type\":\"ImageObject\",\"inLanguage\":\"fr-FR\",\"@id\":\"https:\\\/\\\/technikaprint.fr\\\/#\\\/schema\\\/logo\\\/image\\\/\",\"url\":\"https:\\\/\\\/technikaprint.fr\\\/wp-content\\\/uploads\\\/2020\\\/04\\\/SOL-AU-CARRE.jpg\",\"contentUrl\":\"https:\\\/\\\/technikaprint.fr\\\/wp-content\\\/uploads\\\/2020\\\/04\\\/SOL-AU-CARRE.jpg\",\"width\":1705,\"height\":1705,\"caption\":\"Stand On Line \\\/ Technika-Print\"},\"image\":{\"@id\":\"https:\\\/\\\/technikaprint.fr\\\/#\\\/schema\\\/logo\\\/image\\\/\"},\"sameAs\":[\"https:\\\/\\\/www.facebook.com\\\/technikaprint\\\/\",\"https:\\\/\\\/www.linkedin.com\\\/in\\\/yann-phetsanghane-50763315b\\\/\"]}]}<\/script>\n<!-- \/ Yoast SEO plugin. -->","yoast_head_json":{"title":"Impression num\u00e9rique - Stand On Line au service de vos messages !","description":"L'impression num\u00e9rique, c'est notre passion ! Ici, c'est l'effervecence perp\u00e9tuelle pour vous permettre de d\u00e9livrer un message clair et unifi\u00e9","robots":{"index":"index","follow":"follow","max-snippet":"max-snippet:-1","max-image-preview":"max-image-preview:large","max-video-preview":"max-video-preview:-1"},"canonical":"https:\/\/technikaprint.fr\/","og_locale":"fr_FR","og_type":"article","og_title":"Impression num\u00e9rique - Stand On Line au service de vos messages !","og_description":"L'impression num\u00e9rique, c'est notre passion ! Ici, c'est l'effervecence perp\u00e9tuelle pour vous permettre de d\u00e9livrer un message clair et unifi\u00e9","og_url":"https:\/\/technikaprint.fr\/","og_site_name":"Stand On Line","article_publisher":"https:\/\/www.facebook.com\/technikaprint\/","article_modified_time":"2026-04-23T08:28:59+00:00","og_image":[{"width":2357,"height":1122,"url":"https:\/\/technikaprint.fr\/wp-content\/uploads\/2025\/02\/PAGE-PUB-CONTOUR-HOME-PAGE-SITE-SOL-1.jpg","type":"image\/jpeg"}],"twitter_card":"summary_large_image","twitter_misc":{"Dur\u00e9e de lecture estim\u00e9e":"2 minutes"},"schema":{"@context":"https:\/\/schema.org","@graph":[{"@type":"WebPage","@id":"https:\/\/technikaprint.fr\/","url":"https:\/\/technikaprint.fr\/","name":"Impression num\u00e9rique - Stand On Line au service de vos messages !","isPartOf":{"@id":"https:\/\/technikaprint.fr\/#website"},"primaryImageOfPage":{"@id":"https:\/\/technikaprint.fr\/#primaryimage"},"image":{"@id":"https:\/\/technikaprint.fr\/#primaryimage"},"thumbnailUrl":"https:\/\/technikaprint.fr\/wp-content\/uploads\/2025\/02\/PAGE-PUB-CONTOUR-HOME-PAGE-SITE-SOL-1-1024x487.jpg","datePublished":"2020-04-07T16:38:44+00:00","dateModified":"2026-04-23T08:28:59+00:00","description":"L'impression num\u00e9rique, c'est notre passion ! Ici, c'est l'effervecence perp\u00e9tuelle pour vous permettre de d\u00e9livrer un message clair et unifi\u00e9","breadcrumb":{"@id":"https:\/\/technikaprint.fr\/#breadcrumb"},"inLanguage":"fr-FR","potentialAction":[{"@type":"ReadAction","target":["https:\/\/technikaprint.fr\/"]}]},{"@type":"ImageObject","inLanguage":"fr-FR","@id":"https:\/\/technikaprint.fr\/#primaryimage","url":"https:\/\/technikaprint.fr\/wp-content\/uploads\/2025\/02\/PAGE-PUB-CONTOUR-HOME-PAGE-SITE-SOL-1.jpg","contentUrl":"https:\/\/technikaprint.fr\/wp-content\/uploads\/2025\/02\/PAGE-PUB-CONTOUR-HOME-PAGE-SITE-SOL-1.jpg","width":2357,"height":1122},{"@type":"BreadcrumbList","@id":"https:\/\/technikaprint.fr\/#breadcrumb","itemListElement":[{"@type":"ListItem","position":1,"name":"Accueil","item":"https:\/\/technikaprint.fr\/"},{"@type":"ListItem","position":2,"name":"Accueil"}]},{"@type":"WebSite","@id":"https:\/\/technikaprint.fr\/#website","url":"https:\/\/technikaprint.fr\/","name":"Stand On Line","description":"La boutique du Roll-up","publisher":{"@id":"https:\/\/technikaprint.fr\/#organization"},"potentialAction":[{"@type":"SearchAction","target":{"@type":"EntryPoint","urlTemplate":"https:\/\/technikaprint.fr\/?s={search_term_string}"},"query-input":{"@type":"PropertyValueSpecification","valueRequired":true,"valueName":"search_term_string"}}],"inLanguage":"fr-FR"},{"@type":"Organization","@id":"https:\/\/technikaprint.fr\/#organization","name":"Stand On Line \/ Technika-Print","url":"https:\/\/technikaprint.fr\/","logo":{"@type":"ImageObject","inLanguage":"fr-FR","@id":"https:\/\/technikaprint.fr\/#\/schema\/logo\/image\/","url":"https:\/\/technikaprint.fr\/wp-content\/uploads\/2020\/04\/SOL-AU-CARRE.jpg","contentUrl":"https:\/\/technikaprint.fr\/wp-content\/uploads\/2020\/04\/SOL-AU-CARRE.jpg","width":1705,"height":1705,"caption":"Stand On Line \/ Technika-Print"},"image":{"@id":"https:\/\/technikaprint.fr\/#\/schema\/logo\/image\/"},"sameAs":["https:\/\/www.facebook.com\/technikaprint\/","https:\/\/www.linkedin.com\/in\/yann-phetsanghane-50763315b\/"]}]}},"_links":{"self":[{"href":"https:\/\/technikaprint.fr\/index.php\/wp-json\/wp\/v2\/pages\/123","targetHints":{"allow":["GET"]}}],"collection":[{"href":"https:\/\/technikaprint.fr\/index.php\/wp-json\/wp\/v2\/pages"}],"about":[{"href":"https:\/\/technikaprint.fr\/index.php\/wp-json\/wp\/v2\/types\/page"}],"author":[{"embeddable":true,"href":"https:\/\/technikaprint.fr\/index.php\/wp-json\/wp\/v2\/users\/1"}],"replies":[{"embeddable":true,"href":"https:\/\/technikaprint.fr\/index.php\/wp-json\/wp\/v2\/comments?post=123"}],"version-history":[{"count":101,"href":"https:\/\/technikaprint.fr\/index.php\/wp-json\/wp\/v2\/pages\/123\/revisions"}],"predecessor-version":[{"id":3103,"href":"https:\/\/technikaprint.fr\/index.php\/wp-json\/wp\/v2\/pages\/123\/revisions\/3103"}],"wp:attachment":[{"href":"https:\/\/technikaprint.fr\/index.php\/wp-json\/wp\/v2\/media?parent=123"}],"curies":[{"name":"wp","href":"https:\/\/api.w.org\/{rel}","templated":true}]}}