{"id":1529,"date":"2020-05-03T00:34:30","date_gmt":"2020-05-02T22:34:30","guid":{"rendered":"https:\/\/technikaprint.fr\/?page_id=1529"},"modified":"2020-05-12T14:46:11","modified_gmt":"2020-05-12T12:46:11","slug":"donnees-personnelles","status":"publish","type":"page","link":"https:\/\/technikaprint.fr\/index.php\/donnees-personnelles\/","title":{"rendered":"Donn\u00e9es personnelles"},"content":{"rendered":"\n<figure class=\"wp-block-image size-large is-resized\"><img fetchpriority=\"high\" decoding=\"async\" src=\"https:\/\/technikaprint.fr\/wp-content\/uploads\/2020\/05\/BANNIERE-DONNES-PERSONELLES--1024x248.jpg\" alt=\"\" class=\"wp-image-1562\" width=\"701\" height=\"169\" srcset=\"https:\/\/technikaprint.fr\/wp-content\/uploads\/2020\/05\/BANNIERE-DONNES-PERSONELLES--1024x248.jpg 1024w, https:\/\/technikaprint.fr\/wp-content\/uploads\/2020\/05\/BANNIERE-DONNES-PERSONELLES--300x73.jpg 300w, https:\/\/technikaprint.fr\/wp-content\/uploads\/2020\/05\/BANNIERE-DONNES-PERSONELLES--768x186.jpg 768w, https:\/\/technikaprint.fr\/wp-content\/uploads\/2020\/05\/BANNIERE-DONNES-PERSONELLES--1536x372.jpg 1536w, https:\/\/technikaprint.fr\/wp-content\/uploads\/2020\/05\/BANNIERE-DONNES-PERSONELLES--2048x496.jpg 2048w, https:\/\/technikaprint.fr\/wp-content\/uploads\/2020\/05\/BANNIERE-DONNES-PERSONELLES--360x87.jpg 360w\" sizes=\"(max-width: 701px) 100vw, 701px\" \/><\/figure>\n\n\n\n<h3 class=\"wp-block-heading\">Donn\u00e9es personnelles<\/h3>\n\n\n\n<p>Les informations, relatives aux donn\u00e9es personnelles, recueillies par Stand On Line sont enregistr\u00e9es dans un logiciel de gestion commerciale par Technika-Print seulement lorsque vous demandez un devis, ou toute information n\u00e9cessitant l&rsquo;\u00e9tablissement d&rsquo;un devis. Elles sont recueillies dans le but de vous contacter, par email, par t\u00e9l\u00e9phone ou par courrier pour vous communiquer tout devis.<br>Elles sont conserv\u00e9es pendant 36 mois et sont destin\u00e9es \u00e0 SARL Technika-Print \/ Stand On Line.<br><br>Stand On Line \/ Technika-Print s&rsquo;engage \u00e0 ne jamais communiquer, partager ou vendre vos donn\u00e9es personnelles avec des tiers. Nous nous engageons \u00e0 la s\u00e9curit\u00e9 de vos donn\u00e9es personnelles, en prenant les mesures de s\u00e9curit\u00e9 appropri\u00e9es pour limiter les abus et l\u2019acc\u00e8s non autoris\u00e9 \u00e0 l&rsquo;ensemble des donn\u00e9es personnelles. Cela garantit que seules les personnes habilit\u00e9es ont acc\u00e8s \u00e0 vos donn\u00e9es, cet acc\u00e8s aux donn\u00e9es est prot\u00e9g\u00e9 par des mesures de s\u00e9curit\u00e9 (Login et mot de passe).<br><br>Cette d\u00e9claration de confidentialit\u00e9 ne s\u2019applique pas aux sites web tiers connect\u00e9s par des liens sur notre site web. Nous ne pouvons garantir que ces tiers g\u00e8rent vos donn\u00e9es personnelles de mani\u00e8re fiable ou s\u00e9curis\u00e9e. Nous vous recommandons de lire les d\u00e9clarations de confidentialit\u00e9 de ces sites web avant de les utiliser.<br><br>Conform\u00e9ment aux lois <em>\u00ab Informatique &amp; Libert\u00e9 \u00bb<\/em> et <em>\u00ab RGPD \u00bb<\/em>, vous pouvez exercer vos droits d&rsquo;acc\u00e8s aux donn\u00e9es, de rectification ou d&rsquo;opposition en contactant : Stand On Line par le biais de notre <a href=\"https:\/\/technikaprint.fr\/index.php\/contact-stand-on-line\/\" target=\"_blank\" rel=\"noreferrer noopener\">formulaire de contact<\/a> ou en appelant directement le 01 72 88 38 93.<br>Nous vous informons de l\u2019existence de la liste d&rsquo;opposition au d\u00e9marchage t\u00e9l\u00e9phonique \u00ab Bloctel \u00bb, sur laquelle vous pouvez<br>vous inscrire ici : <a rel=\"noreferrer noopener\" href=\"https:\/\/conso.bloctel.fr\/\" target=\"_blank\"><strong><span style=\"color:#1c40ad\" class=\"has-inline-color\">https:\/\/conso.bloctel.fr\/<\/span><\/strong><\/a><br><br>Nous nous r\u00e9servons le droit de modifier la pr\u00e9sente d\u00e9claration de confidentialit\u00e9. Il est recommand\u00e9 de consulter r\u00e9guli\u00e8rement cette d\u00e9claration de confidentialit\u00e9 afin de prendre connaissance de toute modification \u00e9ventuelle. De plus, nous vous informerons activement dans la mesure du possible.<\/p>\n\n\n\n<p><br><em><em>Derni\u00e8re mise \u00e0 jour le 3 mai 2020.<\/em><\/em><\/p>\n\n\n\n<hr class=\"wp-block-separator\"\/>\n\n\n\n<figure class=\"wp-block-image size-large\"><a href=\"https:\/\/technikaprint.fr\/index.php\/photo-poster\/\"><img decoding=\"async\" width=\"1024\" height=\"171\" src=\"https:\/\/technikaprint.fr\/wp-content\/uploads\/2020\/05\/POSTER-AFFICHE-1024x171.jpg\" alt=\"Roll-up, Kakemono, Stand parapluie, Totem, Standonline, Impression numerique, Poster, Affiche\" class=\"wp-image-2142\" srcset=\"https:\/\/technikaprint.fr\/wp-content\/uploads\/2020\/05\/POSTER-AFFICHE-1024x171.jpg 1024w, https:\/\/technikaprint.fr\/wp-content\/uploads\/2020\/05\/POSTER-AFFICHE-300x50.jpg 300w, https:\/\/technikaprint.fr\/wp-content\/uploads\/2020\/05\/POSTER-AFFICHE-768x128.jpg 768w, https:\/\/technikaprint.fr\/wp-content\/uploads\/2020\/05\/POSTER-AFFICHE-360x60.jpg 360w, https:\/\/technikaprint.fr\/wp-content\/uploads\/2020\/05\/POSTER-AFFICHE.jpg 1417w\" sizes=\"(max-width: 1024px) 100vw, 1024px\" \/><\/a><\/figure>\n","protected":false},"excerpt":{"rendered":"<p>Donn\u00e9es personnelles Les informations, relatives aux donn\u00e9es personnelles, recueillies par Stand On Line sont enregistr\u00e9es dans un logiciel de gestion commerciale par Technika-Print seulement lorsque vous demandez un devis, ou toute information n\u00e9cessitant l&rsquo;\u00e9tablissement d&rsquo;un devis. Elles sont recueillies dans&hellip;&nbsp;<a href=\"https:\/\/technikaprint.fr\/index.php\/donnees-personnelles\/\" class=\"more-link\">Lire la suite<\/a><\/p>\n","protected":false},"author":1,"featured_media":0,"parent":0,"menu_order":0,"comment_status":"closed","ping_status":"closed","template":"","meta":{"_monsterinsights_skip_tracking":false,"_monsterinsights_sitenote_active":false,"_monsterinsights_sitenote_note":"","_monsterinsights_sitenote_category":0,"footnotes":""},"class_list":["post-1529","page","type-page","status-publish","hentry"],"yoast_head":"<!-- This site is optimized with the Yoast SEO plugin v27.6 - https:\/\/yoast.com\/product\/yoast-seo-wordpress\/ -->\n<title>Donn\u00e9es personnelles - Stand On Line<\/title>\n<meta name=\"description\" content=\"Donn\u00e9es personnelles Les informations, relatives aux donn\u00e9es personnelles, recueillies par Stand On Line sont enregistr\u00e9es dans un logiciel de gestion\" \/>\n<meta name=\"robots\" content=\"index, follow, max-snippet:-1, max-image-preview:large, max-video-preview:-1\" \/>\n<link rel=\"canonical\" href=\"https:\/\/technikaprint.fr\/index.php\/donnees-personnelles\/\" \/>\n<meta property=\"og:locale\" content=\"fr_FR\" \/>\n<meta property=\"og:type\" content=\"article\" \/>\n<meta property=\"og:title\" content=\"Donn\u00e9es personnelles - Stand On Line\" \/>\n<meta property=\"og:description\" content=\"Donn\u00e9es personnelles Les informations, relatives aux donn\u00e9es personnelles, recueillies par Stand On Line sont enregistr\u00e9es dans un logiciel de gestion\" \/>\n<meta property=\"og:url\" content=\"https:\/\/technikaprint.fr\/index.php\/donnees-personnelles\/\" \/>\n<meta property=\"og:site_name\" content=\"Stand On Line\" \/>\n<meta property=\"article:publisher\" content=\"https:\/\/www.facebook.com\/technikaprint\/\" \/>\n<meta property=\"article:modified_time\" content=\"2020-05-12T12:46:11+00:00\" \/>\n<meta property=\"og:image\" content=\"https:\/\/technikaprint.fr\/wp-content\/uploads\/2020\/05\/BANNIERE-DONNES-PERSONELLES--1024x248.jpg\" \/>\n<meta name=\"twitter:card\" content=\"summary_large_image\" \/>\n<meta name=\"twitter:label1\" content=\"Dur\u00e9e de lecture estim\u00e9e\" \/>\n\t<meta name=\"twitter:data1\" content=\"2 minutes\" \/>\n<script type=\"application\/ld+json\" class=\"yoast-schema-graph\">{\"@context\":\"https:\\\/\\\/schema.org\",\"@graph\":[{\"@type\":\"WebPage\",\"@id\":\"https:\\\/\\\/technikaprint.fr\\\/index.php\\\/donnees-personnelles\\\/\",\"url\":\"https:\\\/\\\/technikaprint.fr\\\/index.php\\\/donnees-personnelles\\\/\",\"name\":\"Donn\u00e9es personnelles - Stand On Line\",\"isPartOf\":{\"@id\":\"https:\\\/\\\/technikaprint.fr\\\/#website\"},\"primaryImageOfPage\":{\"@id\":\"https:\\\/\\\/technikaprint.fr\\\/index.php\\\/donnees-personnelles\\\/#primaryimage\"},\"image\":{\"@id\":\"https:\\\/\\\/technikaprint.fr\\\/index.php\\\/donnees-personnelles\\\/#primaryimage\"},\"thumbnailUrl\":\"https:\\\/\\\/technikaprint.fr\\\/wp-content\\\/uploads\\\/2020\\\/05\\\/BANNIERE-DONNES-PERSONELLES--1024x248.jpg\",\"datePublished\":\"2020-05-02T22:34:30+00:00\",\"dateModified\":\"2020-05-12T12:46:11+00:00\",\"description\":\"Donn\u00e9es personnelles Les informations, relatives aux donn\u00e9es personnelles, recueillies par Stand On Line sont enregistr\u00e9es dans un logiciel de gestion\",\"breadcrumb\":{\"@id\":\"https:\\\/\\\/technikaprint.fr\\\/index.php\\\/donnees-personnelles\\\/#breadcrumb\"},\"inLanguage\":\"fr-FR\",\"potentialAction\":[{\"@type\":\"ReadAction\",\"target\":[\"https:\\\/\\\/technikaprint.fr\\\/index.php\\\/donnees-personnelles\\\/\"]}]},{\"@type\":\"ImageObject\",\"inLanguage\":\"fr-FR\",\"@id\":\"https:\\\/\\\/technikaprint.fr\\\/index.php\\\/donnees-personnelles\\\/#primaryimage\",\"url\":\"https:\\\/\\\/technikaprint.fr\\\/wp-content\\\/uploads\\\/2020\\\/05\\\/BANNIERE-DONNES-PERSONELLES--1024x248.jpg\",\"contentUrl\":\"https:\\\/\\\/technikaprint.fr\\\/wp-content\\\/uploads\\\/2020\\\/05\\\/BANNIERE-DONNES-PERSONELLES--1024x248.jpg\"},{\"@type\":\"BreadcrumbList\",\"@id\":\"https:\\\/\\\/technikaprint.fr\\\/index.php\\\/donnees-personnelles\\\/#breadcrumb\",\"itemListElement\":[{\"@type\":\"ListItem\",\"position\":1,\"name\":\"Accueil\",\"item\":\"https:\\\/\\\/technikaprint.fr\\\/\"},{\"@type\":\"ListItem\",\"position\":2,\"name\":\"Donn\u00e9es personnelles\"}]},{\"@type\":\"WebSite\",\"@id\":\"https:\\\/\\\/technikaprint.fr\\\/#website\",\"url\":\"https:\\\/\\\/technikaprint.fr\\\/\",\"name\":\"Stand On Line\",\"description\":\"La boutique du Roll-up\",\"publisher\":{\"@id\":\"https:\\\/\\\/technikaprint.fr\\\/#organization\"},\"potentialAction\":[{\"@type\":\"SearchAction\",\"target\":{\"@type\":\"EntryPoint\",\"urlTemplate\":\"https:\\\/\\\/technikaprint.fr\\\/?s={search_term_string}\"},\"query-input\":{\"@type\":\"PropertyValueSpecification\",\"valueRequired\":true,\"valueName\":\"search_term_string\"}}],\"inLanguage\":\"fr-FR\"},{\"@type\":\"Organization\",\"@id\":\"https:\\\/\\\/technikaprint.fr\\\/#organization\",\"name\":\"Stand On Line \\\/ Technika-Print\",\"url\":\"https:\\\/\\\/technikaprint.fr\\\/\",\"logo\":{\"@type\":\"ImageObject\",\"inLanguage\":\"fr-FR\",\"@id\":\"https:\\\/\\\/technikaprint.fr\\\/#\\\/schema\\\/logo\\\/image\\\/\",\"url\":\"https:\\\/\\\/technikaprint.fr\\\/wp-content\\\/uploads\\\/2020\\\/04\\\/SOL-AU-CARRE.jpg\",\"contentUrl\":\"https:\\\/\\\/technikaprint.fr\\\/wp-content\\\/uploads\\\/2020\\\/04\\\/SOL-AU-CARRE.jpg\",\"width\":1705,\"height\":1705,\"caption\":\"Stand On Line \\\/ Technika-Print\"},\"image\":{\"@id\":\"https:\\\/\\\/technikaprint.fr\\\/#\\\/schema\\\/logo\\\/image\\\/\"},\"sameAs\":[\"https:\\\/\\\/www.facebook.com\\\/technikaprint\\\/\",\"https:\\\/\\\/www.linkedin.com\\\/in\\\/yann-phetsanghane-50763315b\\\/\"]}]}<\/script>\n<!-- \/ Yoast SEO plugin. -->","yoast_head_json":{"title":"Donn\u00e9es personnelles - Stand On Line","description":"Donn\u00e9es personnelles Les informations, relatives aux donn\u00e9es personnelles, recueillies par Stand On Line sont enregistr\u00e9es dans un logiciel de gestion","robots":{"index":"index","follow":"follow","max-snippet":"max-snippet:-1","max-image-preview":"max-image-preview:large","max-video-preview":"max-video-preview:-1"},"canonical":"https:\/\/technikaprint.fr\/index.php\/donnees-personnelles\/","og_locale":"fr_FR","og_type":"article","og_title":"Donn\u00e9es personnelles - Stand On Line","og_description":"Donn\u00e9es personnelles Les informations, relatives aux donn\u00e9es personnelles, recueillies par Stand On Line sont enregistr\u00e9es dans un logiciel de gestion","og_url":"https:\/\/technikaprint.fr\/index.php\/donnees-personnelles\/","og_site_name":"Stand On Line","article_publisher":"https:\/\/www.facebook.com\/technikaprint\/","article_modified_time":"2020-05-12T12:46:11+00:00","og_image":[{"url":"https:\/\/technikaprint.fr\/wp-content\/uploads\/2020\/05\/BANNIERE-DONNES-PERSONELLES--1024x248.jpg","type":"","width":"","height":""}],"twitter_card":"summary_large_image","twitter_misc":{"Dur\u00e9e de lecture estim\u00e9e":"2 minutes"},"schema":{"@context":"https:\/\/schema.org","@graph":[{"@type":"WebPage","@id":"https:\/\/technikaprint.fr\/index.php\/donnees-personnelles\/","url":"https:\/\/technikaprint.fr\/index.php\/donnees-personnelles\/","name":"Donn\u00e9es personnelles - Stand On Line","isPartOf":{"@id":"https:\/\/technikaprint.fr\/#website"},"primaryImageOfPage":{"@id":"https:\/\/technikaprint.fr\/index.php\/donnees-personnelles\/#primaryimage"},"image":{"@id":"https:\/\/technikaprint.fr\/index.php\/donnees-personnelles\/#primaryimage"},"thumbnailUrl":"https:\/\/technikaprint.fr\/wp-content\/uploads\/2020\/05\/BANNIERE-DONNES-PERSONELLES--1024x248.jpg","datePublished":"2020-05-02T22:34:30+00:00","dateModified":"2020-05-12T12:46:11+00:00","description":"Donn\u00e9es personnelles Les informations, relatives aux donn\u00e9es personnelles, recueillies par Stand On Line sont enregistr\u00e9es dans un logiciel de gestion","breadcrumb":{"@id":"https:\/\/technikaprint.fr\/index.php\/donnees-personnelles\/#breadcrumb"},"inLanguage":"fr-FR","potentialAction":[{"@type":"ReadAction","target":["https:\/\/technikaprint.fr\/index.php\/donnees-personnelles\/"]}]},{"@type":"ImageObject","inLanguage":"fr-FR","@id":"https:\/\/technikaprint.fr\/index.php\/donnees-personnelles\/#primaryimage","url":"https:\/\/technikaprint.fr\/wp-content\/uploads\/2020\/05\/BANNIERE-DONNES-PERSONELLES--1024x248.jpg","contentUrl":"https:\/\/technikaprint.fr\/wp-content\/uploads\/2020\/05\/BANNIERE-DONNES-PERSONELLES--1024x248.jpg"},{"@type":"BreadcrumbList","@id":"https:\/\/technikaprint.fr\/index.php\/donnees-personnelles\/#breadcrumb","itemListElement":[{"@type":"ListItem","position":1,"name":"Accueil","item":"https:\/\/technikaprint.fr\/"},{"@type":"ListItem","position":2,"name":"Donn\u00e9es personnelles"}]},{"@type":"WebSite","@id":"https:\/\/technikaprint.fr\/#website","url":"https:\/\/technikaprint.fr\/","name":"Stand On Line","description":"La boutique du Roll-up","publisher":{"@id":"https:\/\/technikaprint.fr\/#organization"},"potentialAction":[{"@type":"SearchAction","target":{"@type":"EntryPoint","urlTemplate":"https:\/\/technikaprint.fr\/?s={search_term_string}"},"query-input":{"@type":"PropertyValueSpecification","valueRequired":true,"valueName":"search_term_string"}}],"inLanguage":"fr-FR"},{"@type":"Organization","@id":"https:\/\/technikaprint.fr\/#organization","name":"Stand On Line \/ Technika-Print","url":"https:\/\/technikaprint.fr\/","logo":{"@type":"ImageObject","inLanguage":"fr-FR","@id":"https:\/\/technikaprint.fr\/#\/schema\/logo\/image\/","url":"https:\/\/technikaprint.fr\/wp-content\/uploads\/2020\/04\/SOL-AU-CARRE.jpg","contentUrl":"https:\/\/technikaprint.fr\/wp-content\/uploads\/2020\/04\/SOL-AU-CARRE.jpg","width":1705,"height":1705,"caption":"Stand On Line \/ Technika-Print"},"image":{"@id":"https:\/\/technikaprint.fr\/#\/schema\/logo\/image\/"},"sameAs":["https:\/\/www.facebook.com\/technikaprint\/","https:\/\/www.linkedin.com\/in\/yann-phetsanghane-50763315b\/"]}]}},"_links":{"self":[{"href":"https:\/\/technikaprint.fr\/index.php\/wp-json\/wp\/v2\/pages\/1529","targetHints":{"allow":["GET"]}}],"collection":[{"href":"https:\/\/technikaprint.fr\/index.php\/wp-json\/wp\/v2\/pages"}],"about":[{"href":"https:\/\/technikaprint.fr\/index.php\/wp-json\/wp\/v2\/types\/page"}],"author":[{"embeddable":true,"href":"https:\/\/technikaprint.fr\/index.php\/wp-json\/wp\/v2\/users\/1"}],"replies":[{"embeddable":true,"href":"https:\/\/technikaprint.fr\/index.php\/wp-json\/wp\/v2\/comments?post=1529"}],"version-history":[{"count":11,"href":"https:\/\/technikaprint.fr\/index.php\/wp-json\/wp\/v2\/pages\/1529\/revisions"}],"predecessor-version":[{"id":2166,"href":"https:\/\/technikaprint.fr\/index.php\/wp-json\/wp\/v2\/pages\/1529\/revisions\/2166"}],"wp:attachment":[{"href":"https:\/\/technikaprint.fr\/index.php\/wp-json\/wp\/v2\/media?parent=1529"}],"curies":[{"name":"wp","href":"https:\/\/api.w.org\/{rel}","templated":true}]}}