{"id":2168,"date":"2020-05-13T16:06:32","date_gmt":"2020-05-13T14:06:32","guid":{"rendered":"https:\/\/technikaprint.fr\/?page_id=2168"},"modified":"2026-01-07T16:28:55","modified_gmt":"2026-01-07T15:28:55","slug":"vitrine-pliable","status":"publish","type":"page","link":"https:\/\/technikaprint.fr\/index.php\/vitrine-pliable\/","title":{"rendered":"Vitrine pliable"},"content":{"rendered":"\n<figure class=\"wp-block-image size-full\"><a href=\"https:\/\/xpo.center\/3d\/0266334401CA11AB-ps3d\" target=\"_blank\" rel=\" noreferrer noopener\"><img fetchpriority=\"high\" decoding=\"async\" width=\"965\" height=\"965\" src=\"https:\/\/technikaprint.fr\/wp-content\/uploads\/2025\/02\/PHOTO-SIGMA.jpg\" alt=\"Vitrine pliable, Tour pirouette, Stand pliable, Impression numerique, Standonline\" class=\"wp-image-3051\" srcset=\"https:\/\/technikaprint.fr\/wp-content\/uploads\/2025\/02\/PHOTO-SIGMA.jpg 965w, https:\/\/technikaprint.fr\/wp-content\/uploads\/2025\/02\/PHOTO-SIGMA-300x300.jpg 300w, https:\/\/technikaprint.fr\/wp-content\/uploads\/2025\/02\/PHOTO-SIGMA-150x150.jpg 150w, https:\/\/technikaprint.fr\/wp-content\/uploads\/2025\/02\/PHOTO-SIGMA-768x768.jpg 768w, https:\/\/technikaprint.fr\/wp-content\/uploads\/2025\/02\/PHOTO-SIGMA-270x270.jpg 270w\" sizes=\"(max-width: 965px) 100vw, 965px\" \/><\/a><\/figure>\n\n\n\n<hr class=\"wp-block-separator has-alpha-channel-opacity\"\/>\n\n\n\n<div class=\"wp-block-media-text alignwide is-stacked-on-mobile is-vertically-aligned-top\"><figure class=\"wp-block-media-text__media\"><img decoding=\"async\" width=\"856\" height=\"856\" src=\"https:\/\/technikaprint.fr\/wp-content\/uploads\/2020\/05\/ICONE-CARRE-VITRINE.jpg\" alt=\"Vitrine pliable, Tour pirouette, Stand pliable, Impression numerique, Standonline\" class=\"wp-image-2169 size-full\" srcset=\"https:\/\/technikaprint.fr\/wp-content\/uploads\/2020\/05\/ICONE-CARRE-VITRINE.jpg 856w, https:\/\/technikaprint.fr\/wp-content\/uploads\/2020\/05\/ICONE-CARRE-VITRINE-300x300.jpg 300w, https:\/\/technikaprint.fr\/wp-content\/uploads\/2020\/05\/ICONE-CARRE-VITRINE-150x150.jpg 150w, https:\/\/technikaprint.fr\/wp-content\/uploads\/2020\/05\/ICONE-CARRE-VITRINE-768x768.jpg 768w, https:\/\/technikaprint.fr\/wp-content\/uploads\/2020\/05\/ICONE-CARRE-VITRINE-270x270.jpg 270w\" sizes=\"(max-width: 856px) 100vw, 856px\" \/><\/figure><div class=\"wp-block-media-text__content\">\n<p>Vous \u00eates nombreux \u00e0 nous demander quel produit est le plus adapt\u00e9 pour <strong><span style=\"color:#000000\" class=\"has-inline-color\">mettre en avant vos nouveaut\u00e9s<\/span><\/strong>, les objets \u00e0 promouvoir. Et, de fait, vous \u00eates beaucoup \u00e0 commander et pl\u00e9bisciter, la vitrine pliable Sigma, qui pr\u00e9sente tous les atouts pour une <strong><span style=\"color:#000000\" class=\"has-inline-color\">pr\u00e9sentation r\u00e9ussie.<\/span><\/strong><br><br>La vitrine pliable Sigma vous surprendra par son syst\u00e8me unique et astucieux qui en fait son succ\u00e8s. <strong><span style=\"color:#000000\" class=\"has-inline-color\">Totalement pliable d&rsquo;un seul mouvement<\/span><\/strong> de rotation, elle se monte aussi rapidement qu&rsquo;elle se d\u00e9monte.<\/p>\n<\/div><\/div>\n\n\n\n<hr class=\"wp-block-separator has-css-opacity\"\/>\n\n\n\n<figure class=\"wp-block-gallery has-nested-images columns-4 is-cropped wp-block-gallery-1 is-layout-flex wp-block-gallery-is-layout-flex\">\n<figure class=\"wp-block-image size-large\"><a href=\"https:\/\/technikaprint.fr\/wp-content\/uploads\/2020\/05\/VITRINE-PLIABLE-01.jpg\"><img decoding=\"async\" width=\"709\" height=\"709\" data-id=\"2174\" src=\"https:\/\/technikaprint.fr\/wp-content\/uploads\/2020\/05\/VITRINE-PLIABLE-01.jpg\" alt=\"Vitrine pliable, Tour pirouette, Stand pliable, Impression numerique, Standonline\" class=\"wp-image-2174\" srcset=\"https:\/\/technikaprint.fr\/wp-content\/uploads\/2020\/05\/VITRINE-PLIABLE-01.jpg 709w, https:\/\/technikaprint.fr\/wp-content\/uploads\/2020\/05\/VITRINE-PLIABLE-01-300x300.jpg 300w, https:\/\/technikaprint.fr\/wp-content\/uploads\/2020\/05\/VITRINE-PLIABLE-01-150x150.jpg 150w, https:\/\/technikaprint.fr\/wp-content\/uploads\/2020\/05\/VITRINE-PLIABLE-01-270x270.jpg 270w\" sizes=\"(max-width: 709px) 100vw, 709px\" \/><\/a><figcaption class=\"wp-element-caption\"><strong>Vitrine pliable<\/strong><\/figcaption><\/figure>\n\n\n\n<figure class=\"wp-block-image size-large\"><a href=\"https:\/\/technikaprint.fr\/wp-content\/uploads\/2020\/05\/VITRINE-PLIABLE-02.jpg\"><img loading=\"lazy\" decoding=\"async\" width=\"709\" height=\"709\" data-id=\"2175\" src=\"https:\/\/technikaprint.fr\/wp-content\/uploads\/2020\/05\/VITRINE-PLIABLE-02.jpg\" alt=\"Vitrine pliable, Tour pirouette, Stand pliable, Impression numerique, Standonline\" class=\"wp-image-2175\" srcset=\"https:\/\/technikaprint.fr\/wp-content\/uploads\/2020\/05\/VITRINE-PLIABLE-02.jpg 709w, https:\/\/technikaprint.fr\/wp-content\/uploads\/2020\/05\/VITRINE-PLIABLE-02-300x300.jpg 300w, https:\/\/technikaprint.fr\/wp-content\/uploads\/2020\/05\/VITRINE-PLIABLE-02-150x150.jpg 150w, https:\/\/technikaprint.fr\/wp-content\/uploads\/2020\/05\/VITRINE-PLIABLE-02-270x270.jpg 270w\" sizes=\"(max-width: 709px) 100vw, 709px\" \/><\/a><figcaption class=\"wp-element-caption\"><strong>Astucieux<\/strong><\/figcaption><\/figure>\n\n\n\n<figure class=\"wp-block-image size-large\"><a href=\"https:\/\/technikaprint.fr\/wp-content\/uploads\/2020\/05\/VITRINE-PLIABLE-03.jpg\"><img loading=\"lazy\" decoding=\"async\" width=\"709\" height=\"709\" data-id=\"2176\" src=\"https:\/\/technikaprint.fr\/wp-content\/uploads\/2020\/05\/VITRINE-PLIABLE-03.jpg\" alt=\"Vitrine pliable, Tour pirouette, Stand pliable, Impression numerique, Standonline\" class=\"wp-image-2176\" srcset=\"https:\/\/technikaprint.fr\/wp-content\/uploads\/2020\/05\/VITRINE-PLIABLE-03.jpg 709w, https:\/\/technikaprint.fr\/wp-content\/uploads\/2020\/05\/VITRINE-PLIABLE-03-300x300.jpg 300w, https:\/\/technikaprint.fr\/wp-content\/uploads\/2020\/05\/VITRINE-PLIABLE-03-150x150.jpg 150w, https:\/\/technikaprint.fr\/wp-content\/uploads\/2020\/05\/VITRINE-PLIABLE-03-270x270.jpg 270w\" sizes=\"(max-width: 709px) 100vw, 709px\" \/><\/a><figcaption class=\"wp-element-caption\"><strong>Eclairage LED<\/strong><\/figcaption><\/figure>\n\n\n\n<figure class=\"wp-block-image size-large\"><a href=\"https:\/\/technikaprint.fr\/wp-content\/uploads\/2020\/05\/VITRINE-PLIABLE-04.jpg\"><img loading=\"lazy\" decoding=\"async\" width=\"709\" height=\"709\" data-id=\"2177\" src=\"https:\/\/technikaprint.fr\/wp-content\/uploads\/2020\/05\/VITRINE-PLIABLE-04.jpg\" alt=\"Vitrine pliable, Tour pirouette, Stand pliable, Impression numerique, Standonline\" class=\"wp-image-2177\" srcset=\"https:\/\/technikaprint.fr\/wp-content\/uploads\/2020\/05\/VITRINE-PLIABLE-04.jpg 709w, https:\/\/technikaprint.fr\/wp-content\/uploads\/2020\/05\/VITRINE-PLIABLE-04-300x300.jpg 300w, https:\/\/technikaprint.fr\/wp-content\/uploads\/2020\/05\/VITRINE-PLIABLE-04-150x150.jpg 150w, https:\/\/technikaprint.fr\/wp-content\/uploads\/2020\/05\/VITRINE-PLIABLE-04-270x270.jpg 270w\" sizes=\"(max-width: 709px) 100vw, 709px\" \/><\/a><figcaption class=\"wp-element-caption\"><strong>Peu encombrant<\/strong><\/figcaption><\/figure>\n\n\n\n<figure class=\"wp-block-image size-large\"><a href=\"https:\/\/technikaprint.fr\/wp-content\/uploads\/2020\/05\/VITRINE-PLIABLE-05.jpg\"><img loading=\"lazy\" decoding=\"async\" width=\"709\" height=\"709\" data-id=\"2178\" src=\"https:\/\/technikaprint.fr\/wp-content\/uploads\/2020\/05\/VITRINE-PLIABLE-05.jpg\" alt=\"Vitrine pliable, Tour pirouette, Stand pliable, Impression numerique, Standonline\" class=\"wp-image-2178\" srcset=\"https:\/\/technikaprint.fr\/wp-content\/uploads\/2020\/05\/VITRINE-PLIABLE-05.jpg 709w, https:\/\/technikaprint.fr\/wp-content\/uploads\/2020\/05\/VITRINE-PLIABLE-05-300x300.jpg 300w, https:\/\/technikaprint.fr\/wp-content\/uploads\/2020\/05\/VITRINE-PLIABLE-05-150x150.jpg 150w, https:\/\/technikaprint.fr\/wp-content\/uploads\/2020\/05\/VITRINE-PLIABLE-05-270x270.jpg 270w\" sizes=\"(max-width: 709px) 100vw, 709px\" \/><\/a><figcaption class=\"wp-element-caption\"><strong>Transportable<\/strong><\/figcaption><\/figure>\n\n\n\n<figure class=\"wp-block-image size-large\"><a href=\"https:\/\/technikaprint.fr\/wp-content\/uploads\/2020\/05\/VITRINE-PLIABLE-06.jpg\"><img loading=\"lazy\" decoding=\"async\" width=\"709\" height=\"709\" data-id=\"2179\" src=\"https:\/\/technikaprint.fr\/wp-content\/uploads\/2020\/05\/VITRINE-PLIABLE-06.jpg\" alt=\"Vitrine pliable, Tour pirouette, Stand pliable, Impression numerique, Standonline\" class=\"wp-image-2179\" srcset=\"https:\/\/technikaprint.fr\/wp-content\/uploads\/2020\/05\/VITRINE-PLIABLE-06.jpg 709w, https:\/\/technikaprint.fr\/wp-content\/uploads\/2020\/05\/VITRINE-PLIABLE-06-300x300.jpg 300w, https:\/\/technikaprint.fr\/wp-content\/uploads\/2020\/05\/VITRINE-PLIABLE-06-150x150.jpg 150w, https:\/\/technikaprint.fr\/wp-content\/uploads\/2020\/05\/VITRINE-PLIABLE-06-270x270.jpg 270w\" sizes=\"(max-width: 709px) 100vw, 709px\" \/><\/a><figcaption class=\"wp-element-caption\"><strong>Eclairage inclus<\/strong><\/figcaption><\/figure>\n\n\n\n<figure class=\"wp-block-image size-large\"><a href=\"https:\/\/technikaprint.fr\/wp-content\/uploads\/2020\/05\/VITRINE-PLIABLE-07.jpg\"><img loading=\"lazy\" decoding=\"async\" width=\"709\" height=\"709\" data-id=\"2180\" src=\"https:\/\/technikaprint.fr\/wp-content\/uploads\/2020\/05\/VITRINE-PLIABLE-07.jpg\" alt=\"Vitrine pliable, Tour pirouette, Stand pliable, Impression numerique, Standonline\" class=\"wp-image-2180\" srcset=\"https:\/\/technikaprint.fr\/wp-content\/uploads\/2020\/05\/VITRINE-PLIABLE-07.jpg 709w, https:\/\/technikaprint.fr\/wp-content\/uploads\/2020\/05\/VITRINE-PLIABLE-07-300x300.jpg 300w, https:\/\/technikaprint.fr\/wp-content\/uploads\/2020\/05\/VITRINE-PLIABLE-07-150x150.jpg 150w, https:\/\/technikaprint.fr\/wp-content\/uploads\/2020\/05\/VITRINE-PLIABLE-07-270x270.jpg 270w\" sizes=\"(max-width: 709px) 100vw, 709px\" \/><\/a><figcaption class=\"wp-element-caption\"><strong>Valise \u00e0 roulettes<\/strong><\/figcaption><\/figure>\n\n\n\n<figure class=\"wp-block-image size-large\"><a href=\"https:\/\/technikaprint.fr\/wp-content\/uploads\/2020\/05\/VITRINE-PLIABLE-08.jpg\"><img loading=\"lazy\" decoding=\"async\" width=\"709\" height=\"709\" data-id=\"2181\" src=\"https:\/\/technikaprint.fr\/wp-content\/uploads\/2020\/05\/VITRINE-PLIABLE-08.jpg\" alt=\"Vitrine pliable, Tour pirouette, Stand pliable, Impression numerique, Standonline\" class=\"wp-image-2181\" srcset=\"https:\/\/technikaprint.fr\/wp-content\/uploads\/2020\/05\/VITRINE-PLIABLE-08.jpg 709w, https:\/\/technikaprint.fr\/wp-content\/uploads\/2020\/05\/VITRINE-PLIABLE-08-300x300.jpg 300w, https:\/\/technikaprint.fr\/wp-content\/uploads\/2020\/05\/VITRINE-PLIABLE-08-150x150.jpg 150w, https:\/\/technikaprint.fr\/wp-content\/uploads\/2020\/05\/VITRINE-PLIABLE-08-270x270.jpg 270w\" sizes=\"(max-width: 709px) 100vw, 709px\" \/><\/a><figcaption class=\"wp-element-caption\"><strong>Finition soign\u00e9e<\/strong><\/figcaption><\/figure>\n<\/figure>\n\n\n\n<hr class=\"wp-block-separator has-css-opacity\"\/>\n\n\n\n<div class=\"wp-block-media-text alignwide has-media-on-the-right is-stacked-on-mobile is-vertically-aligned-top\"><div class=\"wp-block-media-text__content\">\n<p class=\"has-text-align-right\">La vitrine est livr\u00e9e avec <strong><span style=\"color:#000000\" class=\"has-inline-color\">16 panneaux transparents<\/span><\/strong> permettant d&#8217;emp\u00eacher l&rsquo;acc\u00e8s pour s\u00e9curiser l&rsquo;ensemble ou une partie de la vitrine. Enfin, parce que vous \u00eates uniques, il y a la possibilit\u00e9 de <strong><span style=\"color:#000000\" class=\"has-inline-color\">personnaliser<\/span><\/strong> un ou plusieurs panneaux pour encore plus d&rsquo;impact ! Elle est dot\u00e9e d&rsquo;un syst\u00e8me <strong><span style=\"color:#000000\" class=\"has-inline-color\"><a rel=\"noreferrer noopener\" href=\"http:\/\/www.led-development.fr\/Technologie-LED\" target=\"_blank\">d&rsquo;\u00e9clairage LED<\/a><\/span><\/strong> (par le haut) tr\u00e8s soign\u00e9 et la valise de transport avec ses roulettes et sa poign\u00e9e r\u00e9tractable vous permet de la transporter sur tous vos lieux d&rsquo;exposition.  <\/p>\n<\/div><figure class=\"wp-block-media-text__media\"><img loading=\"lazy\" decoding=\"async\" width=\"709\" height=\"709\" src=\"https:\/\/technikaprint.fr\/wp-content\/uploads\/2020\/05\/VITRINE-PLIABLE-01.jpg\" alt=\"Vitrine pliable, Tour pirouette, Stand pliable, Impression numerique, Standonline\" class=\"wp-image-2174 size-full\" srcset=\"https:\/\/technikaprint.fr\/wp-content\/uploads\/2020\/05\/VITRINE-PLIABLE-01.jpg 709w, https:\/\/technikaprint.fr\/wp-content\/uploads\/2020\/05\/VITRINE-PLIABLE-01-300x300.jpg 300w, https:\/\/technikaprint.fr\/wp-content\/uploads\/2020\/05\/VITRINE-PLIABLE-01-150x150.jpg 150w, https:\/\/technikaprint.fr\/wp-content\/uploads\/2020\/05\/VITRINE-PLIABLE-01-270x270.jpg 270w\" sizes=\"(max-width: 709px) 100vw, 709px\" \/><\/figure><\/div>\n\n\n\n<figure class=\"wp-block-table\"><table><tbody><tr><td>Tour Sigma 4 \u00e9tages + 16 panneaux transparents + valise<\/td><td class=\"has-text-align-right\" data-align=\"right\"><strong>734.00 \u20ac HT<\/strong><\/td><\/tr><tr><td><strong>Option<\/strong> plaque 402&#215;513 mm avec personnalisation quadri (Prix unitaire)<\/td><td class=\"has-text-align-right\" data-align=\"right\"><strong>41.00 \u20ac HT<\/strong><\/td><\/tr><\/tbody><\/table><figcaption class=\"wp-element-caption\"><em>Dimension de la tour Sigma : diam\u00e8tre 57 cm &#8211; hauteur 206 cm<\/em><\/figcaption><\/figure>\n\n\n\n<p><strong>Produit sur commande. Nous contacter pour v\u00e9rifier sa disponibilit\u00e9.<\/strong><\/p>\n\n\n\n<div class=\"wp-block-file\"><a id=\"wp-block-file--media-417978bc-6f50-4ff6-93b2-b009d4463f4e\" href=\"https:\/\/technikaprint.fr\/wp-content\/uploads\/2020\/05\/FICHE-SIGMA.pdf\"><strong>T\u00e9l\u00e9charger la fiche technique pour la personnalisation<\/strong><\/a><a href=\"https:\/\/technikaprint.fr\/wp-content\/uploads\/2020\/05\/FICHE-SIGMA.pdf\" class=\"wp-block-file__button wp-element-button\" download aria-describedby=\"wp-block-file--media-417978bc-6f50-4ff6-93b2-b009d4463f4e\">T\u00e9l\u00e9charger<\/a><\/div>\n\n\n\n<hr class=\"wp-block-separator has-css-opacity\"\/>\n\n\n\n<figure class=\"wp-block-image size-large\"><a href=\"https:\/\/technikaprint.fr\/index.php\/banque-hotesse\/\"><img loading=\"lazy\" decoding=\"async\" width=\"1024\" height=\"171\" src=\"https:\/\/technikaprint.fr\/wp-content\/uploads\/2020\/05\/BANQUE-HOTESSE-1-1024x171.jpg\" alt=\"\" class=\"wp-image-2107\" srcset=\"https:\/\/technikaprint.fr\/wp-content\/uploads\/2020\/05\/BANQUE-HOTESSE-1-1024x171.jpg 1024w, https:\/\/technikaprint.fr\/wp-content\/uploads\/2020\/05\/BANQUE-HOTESSE-1-300x50.jpg 300w, https:\/\/technikaprint.fr\/wp-content\/uploads\/2020\/05\/BANQUE-HOTESSE-1-768x128.jpg 768w, https:\/\/technikaprint.fr\/wp-content\/uploads\/2020\/05\/BANQUE-HOTESSE-1-360x60.jpg 360w, https:\/\/technikaprint.fr\/wp-content\/uploads\/2020\/05\/BANQUE-HOTESSE-1.jpg 1417w\" sizes=\"(max-width: 1024px) 100vw, 1024px\" \/><\/a><\/figure>\n\n\n\n<p><\/p>\n","protected":false},"excerpt":{"rendered":"<p>Vous \u00eates nombreux \u00e0 nous demander quel produit est le plus adapt\u00e9 pour mettre en avant vos nouveaut\u00e9s, les objets \u00e0 promouvoir. Et, de fait, vous \u00eates beaucoup \u00e0 commander et pl\u00e9bisciter, la vitrine pliable Sigma, qui pr\u00e9sente tous les&hellip;&nbsp;<a href=\"https:\/\/technikaprint.fr\/index.php\/vitrine-pliable\/\" class=\"more-link\">Lire la suite<\/a><\/p>\n","protected":false},"author":1,"featured_media":0,"parent":0,"menu_order":0,"comment_status":"closed","ping_status":"closed","template":"","meta":{"_monsterinsights_skip_tracking":false,"_monsterinsights_sitenote_active":false,"_monsterinsights_sitenote_note":"","_monsterinsights_sitenote_category":0,"footnotes":""},"class_list":["post-2168","page","type-page","status-publish","hentry"],"yoast_head":"<!-- This site is optimized with the Yoast SEO plugin v27.5 - https:\/\/yoast.com\/product\/yoast-seo-wordpress\/ -->\n<title>Vitrine pliable - Stand On Line - Astucieux, Design et ultra pratique<\/title>\n<meta name=\"description\" content=\"Vitrine pliable SIGMA, d\u00e9couvrez notre gamme de vitrine pliable sans outils, pour mettre en avant toutes vos nouveaut\u00e9s !\" \/>\n<meta name=\"robots\" content=\"index, follow, max-snippet:-1, max-image-preview:large, max-video-preview:-1\" \/>\n<link rel=\"canonical\" href=\"https:\/\/technikaprint.fr\/index.php\/vitrine-pliable\/\" \/>\n<meta property=\"og:locale\" content=\"fr_FR\" \/>\n<meta property=\"og:type\" content=\"article\" \/>\n<meta property=\"og:title\" content=\"Vitrine pliable - Stand On Line - Astucieux, Design et ultra pratique\" \/>\n<meta property=\"og:description\" content=\"Vitrine pliable SIGMA, d\u00e9couvrez notre gamme de vitrine pliable sans outils, pour mettre en avant toutes vos nouveaut\u00e9s !\" \/>\n<meta property=\"og:url\" content=\"https:\/\/technikaprint.fr\/index.php\/vitrine-pliable\/\" \/>\n<meta property=\"og:site_name\" content=\"Stand On Line\" \/>\n<meta property=\"article:publisher\" content=\"https:\/\/www.facebook.com\/technikaprint\/\" \/>\n<meta property=\"article:modified_time\" content=\"2026-01-07T15:28:55+00:00\" \/>\n<meta property=\"og:image\" content=\"https:\/\/technikaprint.fr\/wp-content\/uploads\/2025\/02\/PHOTO-SIGMA.jpg\" \/>\n\t<meta property=\"og:image:width\" content=\"965\" \/>\n\t<meta property=\"og:image:height\" content=\"965\" \/>\n\t<meta property=\"og:image:type\" content=\"image\/jpeg\" \/>\n<meta name=\"twitter:card\" content=\"summary_large_image\" \/>\n<meta name=\"twitter:label1\" content=\"Dur\u00e9e de lecture estim\u00e9e\" \/>\n\t<meta name=\"twitter:data1\" content=\"4 minutes\" \/>\n<script type=\"application\/ld+json\" class=\"yoast-schema-graph\">{\"@context\":\"https:\\\/\\\/schema.org\",\"@graph\":[{\"@type\":\"WebPage\",\"@id\":\"https:\\\/\\\/technikaprint.fr\\\/index.php\\\/vitrine-pliable\\\/\",\"url\":\"https:\\\/\\\/technikaprint.fr\\\/index.php\\\/vitrine-pliable\\\/\",\"name\":\"Vitrine pliable - Stand On Line - Astucieux, Design et ultra pratique\",\"isPartOf\":{\"@id\":\"https:\\\/\\\/technikaprint.fr\\\/#website\"},\"primaryImageOfPage\":{\"@id\":\"https:\\\/\\\/technikaprint.fr\\\/index.php\\\/vitrine-pliable\\\/#primaryimage\"},\"image\":{\"@id\":\"https:\\\/\\\/technikaprint.fr\\\/index.php\\\/vitrine-pliable\\\/#primaryimage\"},\"thumbnailUrl\":\"https:\\\/\\\/technikaprint.fr\\\/wp-content\\\/uploads\\\/2025\\\/02\\\/PHOTO-SIGMA.jpg\",\"datePublished\":\"2020-05-13T14:06:32+00:00\",\"dateModified\":\"2026-01-07T15:28:55+00:00\",\"description\":\"Vitrine pliable SIGMA, d\u00e9couvrez notre gamme de vitrine pliable sans outils, pour mettre en avant toutes vos nouveaut\u00e9s !\",\"breadcrumb\":{\"@id\":\"https:\\\/\\\/technikaprint.fr\\\/index.php\\\/vitrine-pliable\\\/#breadcrumb\"},\"inLanguage\":\"fr-FR\",\"potentialAction\":[{\"@type\":\"ReadAction\",\"target\":[\"https:\\\/\\\/technikaprint.fr\\\/index.php\\\/vitrine-pliable\\\/\"]}]},{\"@type\":\"ImageObject\",\"inLanguage\":\"fr-FR\",\"@id\":\"https:\\\/\\\/technikaprint.fr\\\/index.php\\\/vitrine-pliable\\\/#primaryimage\",\"url\":\"https:\\\/\\\/technikaprint.fr\\\/wp-content\\\/uploads\\\/2025\\\/02\\\/PHOTO-SIGMA.jpg\",\"contentUrl\":\"https:\\\/\\\/technikaprint.fr\\\/wp-content\\\/uploads\\\/2025\\\/02\\\/PHOTO-SIGMA.jpg\",\"width\":965,\"height\":965},{\"@type\":\"BreadcrumbList\",\"@id\":\"https:\\\/\\\/technikaprint.fr\\\/index.php\\\/vitrine-pliable\\\/#breadcrumb\",\"itemListElement\":[{\"@type\":\"ListItem\",\"position\":1,\"name\":\"Accueil\",\"item\":\"https:\\\/\\\/technikaprint.fr\\\/\"},{\"@type\":\"ListItem\",\"position\":2,\"name\":\"Vitrine pliable\"}]},{\"@type\":\"WebSite\",\"@id\":\"https:\\\/\\\/technikaprint.fr\\\/#website\",\"url\":\"https:\\\/\\\/technikaprint.fr\\\/\",\"name\":\"Stand On Line\",\"description\":\"La boutique du Roll-up\",\"publisher\":{\"@id\":\"https:\\\/\\\/technikaprint.fr\\\/#organization\"},\"potentialAction\":[{\"@type\":\"SearchAction\",\"target\":{\"@type\":\"EntryPoint\",\"urlTemplate\":\"https:\\\/\\\/technikaprint.fr\\\/?s={search_term_string}\"},\"query-input\":{\"@type\":\"PropertyValueSpecification\",\"valueRequired\":true,\"valueName\":\"search_term_string\"}}],\"inLanguage\":\"fr-FR\"},{\"@type\":\"Organization\",\"@id\":\"https:\\\/\\\/technikaprint.fr\\\/#organization\",\"name\":\"Stand On Line \\\/ Technika-Print\",\"url\":\"https:\\\/\\\/technikaprint.fr\\\/\",\"logo\":{\"@type\":\"ImageObject\",\"inLanguage\":\"fr-FR\",\"@id\":\"https:\\\/\\\/technikaprint.fr\\\/#\\\/schema\\\/logo\\\/image\\\/\",\"url\":\"https:\\\/\\\/technikaprint.fr\\\/wp-content\\\/uploads\\\/2020\\\/04\\\/SOL-AU-CARRE.jpg\",\"contentUrl\":\"https:\\\/\\\/technikaprint.fr\\\/wp-content\\\/uploads\\\/2020\\\/04\\\/SOL-AU-CARRE.jpg\",\"width\":1705,\"height\":1705,\"caption\":\"Stand On Line \\\/ Technika-Print\"},\"image\":{\"@id\":\"https:\\\/\\\/technikaprint.fr\\\/#\\\/schema\\\/logo\\\/image\\\/\"},\"sameAs\":[\"https:\\\/\\\/www.facebook.com\\\/technikaprint\\\/\",\"https:\\\/\\\/www.linkedin.com\\\/in\\\/yann-phetsanghane-50763315b\\\/\"]}]}<\/script>\n<!-- \/ Yoast SEO plugin. -->","yoast_head_json":{"title":"Vitrine pliable - Stand On Line - Astucieux, Design et ultra pratique","description":"Vitrine pliable SIGMA, d\u00e9couvrez notre gamme de vitrine pliable sans outils, pour mettre en avant toutes vos nouveaut\u00e9s !","robots":{"index":"index","follow":"follow","max-snippet":"max-snippet:-1","max-image-preview":"max-image-preview:large","max-video-preview":"max-video-preview:-1"},"canonical":"https:\/\/technikaprint.fr\/index.php\/vitrine-pliable\/","og_locale":"fr_FR","og_type":"article","og_title":"Vitrine pliable - Stand On Line - Astucieux, Design et ultra pratique","og_description":"Vitrine pliable SIGMA, d\u00e9couvrez notre gamme de vitrine pliable sans outils, pour mettre en avant toutes vos nouveaut\u00e9s !","og_url":"https:\/\/technikaprint.fr\/index.php\/vitrine-pliable\/","og_site_name":"Stand On Line","article_publisher":"https:\/\/www.facebook.com\/technikaprint\/","article_modified_time":"2026-01-07T15:28:55+00:00","og_image":[{"width":965,"height":965,"url":"https:\/\/technikaprint.fr\/wp-content\/uploads\/2025\/02\/PHOTO-SIGMA.jpg","type":"image\/jpeg"}],"twitter_card":"summary_large_image","twitter_misc":{"Dur\u00e9e de lecture estim\u00e9e":"4 minutes"},"schema":{"@context":"https:\/\/schema.org","@graph":[{"@type":"WebPage","@id":"https:\/\/technikaprint.fr\/index.php\/vitrine-pliable\/","url":"https:\/\/technikaprint.fr\/index.php\/vitrine-pliable\/","name":"Vitrine pliable - Stand On Line - Astucieux, Design et ultra pratique","isPartOf":{"@id":"https:\/\/technikaprint.fr\/#website"},"primaryImageOfPage":{"@id":"https:\/\/technikaprint.fr\/index.php\/vitrine-pliable\/#primaryimage"},"image":{"@id":"https:\/\/technikaprint.fr\/index.php\/vitrine-pliable\/#primaryimage"},"thumbnailUrl":"https:\/\/technikaprint.fr\/wp-content\/uploads\/2025\/02\/PHOTO-SIGMA.jpg","datePublished":"2020-05-13T14:06:32+00:00","dateModified":"2026-01-07T15:28:55+00:00","description":"Vitrine pliable SIGMA, d\u00e9couvrez notre gamme de vitrine pliable sans outils, pour mettre en avant toutes vos nouveaut\u00e9s !","breadcrumb":{"@id":"https:\/\/technikaprint.fr\/index.php\/vitrine-pliable\/#breadcrumb"},"inLanguage":"fr-FR","potentialAction":[{"@type":"ReadAction","target":["https:\/\/technikaprint.fr\/index.php\/vitrine-pliable\/"]}]},{"@type":"ImageObject","inLanguage":"fr-FR","@id":"https:\/\/technikaprint.fr\/index.php\/vitrine-pliable\/#primaryimage","url":"https:\/\/technikaprint.fr\/wp-content\/uploads\/2025\/02\/PHOTO-SIGMA.jpg","contentUrl":"https:\/\/technikaprint.fr\/wp-content\/uploads\/2025\/02\/PHOTO-SIGMA.jpg","width":965,"height":965},{"@type":"BreadcrumbList","@id":"https:\/\/technikaprint.fr\/index.php\/vitrine-pliable\/#breadcrumb","itemListElement":[{"@type":"ListItem","position":1,"name":"Accueil","item":"https:\/\/technikaprint.fr\/"},{"@type":"ListItem","position":2,"name":"Vitrine pliable"}]},{"@type":"WebSite","@id":"https:\/\/technikaprint.fr\/#website","url":"https:\/\/technikaprint.fr\/","name":"Stand On Line","description":"La boutique du Roll-up","publisher":{"@id":"https:\/\/technikaprint.fr\/#organization"},"potentialAction":[{"@type":"SearchAction","target":{"@type":"EntryPoint","urlTemplate":"https:\/\/technikaprint.fr\/?s={search_term_string}"},"query-input":{"@type":"PropertyValueSpecification","valueRequired":true,"valueName":"search_term_string"}}],"inLanguage":"fr-FR"},{"@type":"Organization","@id":"https:\/\/technikaprint.fr\/#organization","name":"Stand On Line \/ Technika-Print","url":"https:\/\/technikaprint.fr\/","logo":{"@type":"ImageObject","inLanguage":"fr-FR","@id":"https:\/\/technikaprint.fr\/#\/schema\/logo\/image\/","url":"https:\/\/technikaprint.fr\/wp-content\/uploads\/2020\/04\/SOL-AU-CARRE.jpg","contentUrl":"https:\/\/technikaprint.fr\/wp-content\/uploads\/2020\/04\/SOL-AU-CARRE.jpg","width":1705,"height":1705,"caption":"Stand On Line \/ Technika-Print"},"image":{"@id":"https:\/\/technikaprint.fr\/#\/schema\/logo\/image\/"},"sameAs":["https:\/\/www.facebook.com\/technikaprint\/","https:\/\/www.linkedin.com\/in\/yann-phetsanghane-50763315b\/"]}]}},"_links":{"self":[{"href":"https:\/\/technikaprint.fr\/index.php\/wp-json\/wp\/v2\/pages\/2168","targetHints":{"allow":["GET"]}}],"collection":[{"href":"https:\/\/technikaprint.fr\/index.php\/wp-json\/wp\/v2\/pages"}],"about":[{"href":"https:\/\/technikaprint.fr\/index.php\/wp-json\/wp\/v2\/types\/page"}],"author":[{"embeddable":true,"href":"https:\/\/technikaprint.fr\/index.php\/wp-json\/wp\/v2\/users\/1"}],"replies":[{"embeddable":true,"href":"https:\/\/technikaprint.fr\/index.php\/wp-json\/wp\/v2\/comments?post=2168"}],"version-history":[{"count":39,"href":"https:\/\/technikaprint.fr\/index.php\/wp-json\/wp\/v2\/pages\/2168\/revisions"}],"predecessor-version":[{"id":3086,"href":"https:\/\/technikaprint.fr\/index.php\/wp-json\/wp\/v2\/pages\/2168\/revisions\/3086"}],"wp:attachment":[{"href":"https:\/\/technikaprint.fr\/index.php\/wp-json\/wp\/v2\/media?parent=2168"}],"curies":[{"name":"wp","href":"https:\/\/api.w.org\/{rel}","templated":true}]}}