{"id":222,"date":"2020-04-08T15:37:38","date_gmt":"2020-04-08T13:37:38","guid":{"rendered":"https:\/\/technikaprint.fr\/?page_id=222"},"modified":"2026-04-23T11:42:20","modified_gmt":"2026-04-23T09:42:20","slug":"outdoor","status":"publish","type":"page","link":"https:\/\/technikaprint.fr\/index.php\/outdoor\/","title":{"rendered":"Outdoor"},"content":{"rendered":"\n<h2 class=\"wp-block-heading\"><span style=\"color:#1c40ad\" class=\"has-inline-color\"><strong>Outdoor : Traduction : ext\u00e9rieur(e)<\/strong><\/span><\/h2>\n\n\n\n<p>\u201cOutdoor\u201d, autrement dit \u201cext\u00e9rieur\u201d\u2026 Pourquoi utiliser l\u2019anglais alors que le fran\u00e7ais existe ? Peut-\u00eatre pour son c\u00f4t\u00e9 plus dynamique et universel ! Mais rassurez-vous, quel que soit votre projet, vos d\u00e9lais seront respect\u00e9s \u2014 avec une livraison rapide et efficace, toujours avec le sourire.<\/p>\n\n\n\n<p>Concr\u00e8tement, vous trouverez ici toutes les solutions pour exploiter au mieux vos espaces ext\u00e9rieurs (<strong><span style=\"color:#1c40ad\" class=\"has-inline-color\"><a href=\"https:\/\/technikaprint.fr\/index.php\/drapeau\/\">drapeaux<\/a>, <a href=\"https:\/\/www.definitions-marketing.com\/f-a-q-marketing\/quelle-est-la-difference-entre-plv-et-ilv\/\" target=\"_blank\" rel=\"noreferrer noopener\">PLV<\/a><\/span><\/strong> de rue&#8230;), tout est pens\u00e9 pour maximiser votre visibilit\u00e9.<\/p>\n\n\n\n<figure class=\"wp-block-image size-large\"><img fetchpriority=\"high\" decoding=\"async\" width=\"1024\" height=\"224\" src=\"https:\/\/technikaprint.fr\/wp-content\/uploads\/2020\/04\/OUTDOOR-FRISE-1024x224.jpg\" alt=\"Drapeau, oriflamme, voile, outdoor, PLV, PLV de rue, impression num\u00e9rique\" class=\"wp-image-504\" srcset=\"https:\/\/technikaprint.fr\/wp-content\/uploads\/2020\/04\/OUTDOOR-FRISE-1024x224.jpg 1024w, https:\/\/technikaprint.fr\/wp-content\/uploads\/2020\/04\/OUTDOOR-FRISE-300x66.jpg 300w, https:\/\/technikaprint.fr\/wp-content\/uploads\/2020\/04\/OUTDOOR-FRISE-768x168.jpg 768w, https:\/\/technikaprint.fr\/wp-content\/uploads\/2020\/04\/OUTDOOR-FRISE-1536x335.jpg 1536w, https:\/\/technikaprint.fr\/wp-content\/uploads\/2020\/04\/OUTDOOR-FRISE-2048x447.jpg 2048w, https:\/\/technikaprint.fr\/wp-content\/uploads\/2020\/04\/OUTDOOR-FRISE-360x79.jpg 360w\" sizes=\"(max-width: 1024px) 100vw, 1024px\" \/><\/figure>\n\n\n\n<p><strong>[Stand On Line] :<\/strong> litt\u00e9ralement \u201cse tenir en ligne\u201d. L\u2019id\u00e9e de d\u00e9part \u00e9tait plut\u00f4t <em>\u201cstand en ligne\u201d<\/em>\u2026 comme quoi, nobody\u2019s perfect !<\/p>\n\n\n\n<hr class=\"wp-block-separator has-css-opacity\"\/>\n\n\n\n<h2 class=\"wp-block-heading\"><span style=\"color:#1c40ad\" class=\"has-inline-color\"><strong>L\u2019affichage, un m\u00e9dia en pleine \u00e9volution<\/strong><\/span><\/h2>\n\n\n\n<p>L\u2019affichage est l\u2019un des m\u00e9dias les plus anciens\u2026 mais aussi l\u2019un des plus dynamiques aujourd\u2019hui. Il int\u00e8gre d\u00e9sormais le digital et se r\u00e9invente pour rivaliser avec les autres canaux de communication.<\/p>\n\n\n\n<p>Qu\u2019il s\u2019agisse d\u2019espaces outdoor (urbains) ou indoor (centres commerciaux, gares, a\u00e9roports, m\u00e9tro), ces lieux deviennent de v\u00e9ritables points de contact avec les consommateurs. Tr\u00e8s fr\u00e9quent\u00e9s, ils offrent aux marques l\u2019opportunit\u00e9 de s\u2019exprimer de mani\u00e8re cr\u00e9ative, interactive et impactante. On parle d\u00e9sormais de rich media.<\/p>\n\n\n\n<p>Une communication visuelle puissante<\/p>\n\n\n\n<p>La publicit\u00e9 ext\u00e9rieure repose avant tout sur l\u2019image. Naturellement visuelle et souvent surprenante, elle capte rapidement l\u2019attention.<\/p>\n\n\n\n<p>Avez-vous d\u00e9j\u00e0 vu une affiche remplie de texte ? Rarement. Et pour cause : notre cerveau traite une image jusqu\u2019\u00e0 60 000 fois plus vite qu\u2019un texte. R\u00e9sultat : un message visuel est plus percutant, plus m\u00e9morisable et plus efficace.<\/p>\n\n\n\n<p>Communiquer en ext\u00e9rieur, c\u2019est donc miser sur l\u2019impact imm\u00e9diat, l\u2019effet de surprise et la m\u00e9morisation. Un levier puissant pour renforcer votre notori\u00e9t\u00e9\u2026 et, indirectement, soutenir vos performances commerciales.<br><\/p>\n\n\n\n<hr class=\"wp-block-separator has-css-opacity\"\/>\n\n\n\n<figure class=\"wp-block-image size-large\"><a href=\"https:\/\/technikaprint.fr\/index.php\/drapeau\/\"><img decoding=\"async\" width=\"1024\" height=\"171\" src=\"https:\/\/technikaprint.fr\/wp-content\/uploads\/2020\/05\/VOILE-DRAPEAU-1024x171.jpg\" alt=\"Voile drapeau, Flag, Outdoor, Oriflamme, Standonline\" class=\"wp-image-2111\" srcset=\"https:\/\/technikaprint.fr\/wp-content\/uploads\/2020\/05\/VOILE-DRAPEAU-1024x171.jpg 1024w, https:\/\/technikaprint.fr\/wp-content\/uploads\/2020\/05\/VOILE-DRAPEAU-300x50.jpg 300w, https:\/\/technikaprint.fr\/wp-content\/uploads\/2020\/05\/VOILE-DRAPEAU-768x128.jpg 768w, https:\/\/technikaprint.fr\/wp-content\/uploads\/2020\/05\/VOILE-DRAPEAU-360x60.jpg 360w, https:\/\/technikaprint.fr\/wp-content\/uploads\/2020\/05\/VOILE-DRAPEAU.jpg 1417w\" sizes=\"(max-width: 1024px) 100vw, 1024px\" \/><\/a><\/figure>\n","protected":false},"excerpt":{"rendered":"<p>Outdoor : Traduction : ext\u00e9rieur(e) \u201cOutdoor\u201d, autrement dit \u201cext\u00e9rieur\u201d\u2026 Pourquoi utiliser l\u2019anglais alors que le fran\u00e7ais existe ? Peut-\u00eatre pour son c\u00f4t\u00e9 plus dynamique et universel ! Mais rassurez-vous, quel que soit votre projet, vos d\u00e9lais seront respect\u00e9s \u2014 avec&hellip;&nbsp;<a href=\"https:\/\/technikaprint.fr\/index.php\/outdoor\/\" class=\"more-link\">Lire la suite<\/a><\/p>\n","protected":false},"author":1,"featured_media":0,"parent":0,"menu_order":0,"comment_status":"closed","ping_status":"closed","template":"","meta":{"_monsterinsights_skip_tracking":false,"_monsterinsights_sitenote_active":false,"_monsterinsights_sitenote_note":"","_monsterinsights_sitenote_category":0,"footnotes":""},"class_list":["post-222","page","type-page","status-publish","hentry"],"yoast_head":"<!-- This site is optimized with the Yoast SEO plugin v27.5 - https:\/\/yoast.com\/product\/yoast-seo-wordpress\/ -->\n<title>Outdoor - PLV ext\u00e9rieure - Stand On Line - Gamme compl\u00e8te plein air<\/title>\n<meta name=\"description\" content=\"Outdoor... Une gamme de produits pour vous exposer en plein air. Des drapeaux pour \u00eatre vus de loin. Appelez-nous au 01 72 88 38 93\" \/>\n<meta name=\"robots\" content=\"index, follow, max-snippet:-1, max-image-preview:large, max-video-preview:-1\" \/>\n<link rel=\"canonical\" href=\"https:\/\/technikaprint.fr\/index.php\/outdoor\/\" \/>\n<meta property=\"og:locale\" content=\"fr_FR\" \/>\n<meta property=\"og:type\" content=\"article\" \/>\n<meta property=\"og:title\" content=\"Outdoor - PLV ext\u00e9rieure - Stand On Line - Gamme compl\u00e8te plein air\" \/>\n<meta property=\"og:description\" content=\"Outdoor... Une gamme de produits pour vous exposer en plein air. Des drapeaux pour \u00eatre vus de loin. Appelez-nous au 01 72 88 38 93\" \/>\n<meta property=\"og:url\" content=\"https:\/\/technikaprint.fr\/index.php\/outdoor\/\" \/>\n<meta property=\"og:site_name\" content=\"Stand On Line\" \/>\n<meta property=\"article:publisher\" content=\"https:\/\/www.facebook.com\/technikaprint\/\" \/>\n<meta property=\"article:modified_time\" content=\"2026-04-23T09:42:20+00:00\" \/>\n<meta property=\"og:image\" content=\"https:\/\/technikaprint.fr\/wp-content\/uploads\/2020\/04\/OUTDOOR-FRISE-scaled.jpg\" \/>\n\t<meta property=\"og:image:width\" content=\"2560\" \/>\n\t<meta property=\"og:image:height\" content=\"559\" \/>\n\t<meta property=\"og:image:type\" content=\"image\/jpeg\" \/>\n<meta name=\"twitter:card\" content=\"summary_large_image\" \/>\n<meta name=\"twitter:label1\" content=\"Dur\u00e9e de lecture estim\u00e9e\" \/>\n\t<meta name=\"twitter:data1\" content=\"2 minutes\" \/>\n<script type=\"application\/ld+json\" class=\"yoast-schema-graph\">{\"@context\":\"https:\\\/\\\/schema.org\",\"@graph\":[{\"@type\":\"WebPage\",\"@id\":\"https:\\\/\\\/technikaprint.fr\\\/index.php\\\/outdoor\\\/\",\"url\":\"https:\\\/\\\/technikaprint.fr\\\/index.php\\\/outdoor\\\/\",\"name\":\"Outdoor - PLV ext\u00e9rieure - Stand On Line - Gamme compl\u00e8te plein air\",\"isPartOf\":{\"@id\":\"https:\\\/\\\/technikaprint.fr\\\/#website\"},\"primaryImageOfPage\":{\"@id\":\"https:\\\/\\\/technikaprint.fr\\\/index.php\\\/outdoor\\\/#primaryimage\"},\"image\":{\"@id\":\"https:\\\/\\\/technikaprint.fr\\\/index.php\\\/outdoor\\\/#primaryimage\"},\"thumbnailUrl\":\"https:\\\/\\\/technikaprint.fr\\\/wp-content\\\/uploads\\\/2020\\\/04\\\/OUTDOOR-FRISE-1024x224.jpg\",\"datePublished\":\"2020-04-08T13:37:38+00:00\",\"dateModified\":\"2026-04-23T09:42:20+00:00\",\"description\":\"Outdoor... Une gamme de produits pour vous exposer en plein air. Des drapeaux pour \u00eatre vus de loin. Appelez-nous au 01 72 88 38 93\",\"breadcrumb\":{\"@id\":\"https:\\\/\\\/technikaprint.fr\\\/index.php\\\/outdoor\\\/#breadcrumb\"},\"inLanguage\":\"fr-FR\",\"potentialAction\":[{\"@type\":\"ReadAction\",\"target\":[\"https:\\\/\\\/technikaprint.fr\\\/index.php\\\/outdoor\\\/\"]}]},{\"@type\":\"ImageObject\",\"inLanguage\":\"fr-FR\",\"@id\":\"https:\\\/\\\/technikaprint.fr\\\/index.php\\\/outdoor\\\/#primaryimage\",\"url\":\"https:\\\/\\\/technikaprint.fr\\\/wp-content\\\/uploads\\\/2020\\\/04\\\/OUTDOOR-FRISE-1024x224.jpg\",\"contentUrl\":\"https:\\\/\\\/technikaprint.fr\\\/wp-content\\\/uploads\\\/2020\\\/04\\\/OUTDOOR-FRISE-1024x224.jpg\"},{\"@type\":\"BreadcrumbList\",\"@id\":\"https:\\\/\\\/technikaprint.fr\\\/index.php\\\/outdoor\\\/#breadcrumb\",\"itemListElement\":[{\"@type\":\"ListItem\",\"position\":1,\"name\":\"Accueil\",\"item\":\"https:\\\/\\\/technikaprint.fr\\\/\"},{\"@type\":\"ListItem\",\"position\":2,\"name\":\"Outdoor\"}]},{\"@type\":\"WebSite\",\"@id\":\"https:\\\/\\\/technikaprint.fr\\\/#website\",\"url\":\"https:\\\/\\\/technikaprint.fr\\\/\",\"name\":\"Stand On Line\",\"description\":\"La boutique du Roll-up\",\"publisher\":{\"@id\":\"https:\\\/\\\/technikaprint.fr\\\/#organization\"},\"potentialAction\":[{\"@type\":\"SearchAction\",\"target\":{\"@type\":\"EntryPoint\",\"urlTemplate\":\"https:\\\/\\\/technikaprint.fr\\\/?s={search_term_string}\"},\"query-input\":{\"@type\":\"PropertyValueSpecification\",\"valueRequired\":true,\"valueName\":\"search_term_string\"}}],\"inLanguage\":\"fr-FR\"},{\"@type\":\"Organization\",\"@id\":\"https:\\\/\\\/technikaprint.fr\\\/#organization\",\"name\":\"Stand On Line \\\/ Technika-Print\",\"url\":\"https:\\\/\\\/technikaprint.fr\\\/\",\"logo\":{\"@type\":\"ImageObject\",\"inLanguage\":\"fr-FR\",\"@id\":\"https:\\\/\\\/technikaprint.fr\\\/#\\\/schema\\\/logo\\\/image\\\/\",\"url\":\"https:\\\/\\\/technikaprint.fr\\\/wp-content\\\/uploads\\\/2020\\\/04\\\/SOL-AU-CARRE.jpg\",\"contentUrl\":\"https:\\\/\\\/technikaprint.fr\\\/wp-content\\\/uploads\\\/2020\\\/04\\\/SOL-AU-CARRE.jpg\",\"width\":1705,\"height\":1705,\"caption\":\"Stand On Line \\\/ Technika-Print\"},\"image\":{\"@id\":\"https:\\\/\\\/technikaprint.fr\\\/#\\\/schema\\\/logo\\\/image\\\/\"},\"sameAs\":[\"https:\\\/\\\/www.facebook.com\\\/technikaprint\\\/\",\"https:\\\/\\\/www.linkedin.com\\\/in\\\/yann-phetsanghane-50763315b\\\/\"]}]}<\/script>\n<!-- \/ Yoast SEO plugin. -->","yoast_head_json":{"title":"Outdoor - PLV ext\u00e9rieure - Stand On Line - Gamme compl\u00e8te plein air","description":"Outdoor... Une gamme de produits pour vous exposer en plein air. Des drapeaux pour \u00eatre vus de loin. Appelez-nous au 01 72 88 38 93","robots":{"index":"index","follow":"follow","max-snippet":"max-snippet:-1","max-image-preview":"max-image-preview:large","max-video-preview":"max-video-preview:-1"},"canonical":"https:\/\/technikaprint.fr\/index.php\/outdoor\/","og_locale":"fr_FR","og_type":"article","og_title":"Outdoor - PLV ext\u00e9rieure - Stand On Line - Gamme compl\u00e8te plein air","og_description":"Outdoor... Une gamme de produits pour vous exposer en plein air. Des drapeaux pour \u00eatre vus de loin. Appelez-nous au 01 72 88 38 93","og_url":"https:\/\/technikaprint.fr\/index.php\/outdoor\/","og_site_name":"Stand On Line","article_publisher":"https:\/\/www.facebook.com\/technikaprint\/","article_modified_time":"2026-04-23T09:42:20+00:00","og_image":[{"width":2560,"height":559,"url":"https:\/\/technikaprint.fr\/wp-content\/uploads\/2020\/04\/OUTDOOR-FRISE-scaled.jpg","type":"image\/jpeg"}],"twitter_card":"summary_large_image","twitter_misc":{"Dur\u00e9e de lecture estim\u00e9e":"2 minutes"},"schema":{"@context":"https:\/\/schema.org","@graph":[{"@type":"WebPage","@id":"https:\/\/technikaprint.fr\/index.php\/outdoor\/","url":"https:\/\/technikaprint.fr\/index.php\/outdoor\/","name":"Outdoor - PLV ext\u00e9rieure - Stand On Line - Gamme compl\u00e8te plein air","isPartOf":{"@id":"https:\/\/technikaprint.fr\/#website"},"primaryImageOfPage":{"@id":"https:\/\/technikaprint.fr\/index.php\/outdoor\/#primaryimage"},"image":{"@id":"https:\/\/technikaprint.fr\/index.php\/outdoor\/#primaryimage"},"thumbnailUrl":"https:\/\/technikaprint.fr\/wp-content\/uploads\/2020\/04\/OUTDOOR-FRISE-1024x224.jpg","datePublished":"2020-04-08T13:37:38+00:00","dateModified":"2026-04-23T09:42:20+00:00","description":"Outdoor... Une gamme de produits pour vous exposer en plein air. Des drapeaux pour \u00eatre vus de loin. Appelez-nous au 01 72 88 38 93","breadcrumb":{"@id":"https:\/\/technikaprint.fr\/index.php\/outdoor\/#breadcrumb"},"inLanguage":"fr-FR","potentialAction":[{"@type":"ReadAction","target":["https:\/\/technikaprint.fr\/index.php\/outdoor\/"]}]},{"@type":"ImageObject","inLanguage":"fr-FR","@id":"https:\/\/technikaprint.fr\/index.php\/outdoor\/#primaryimage","url":"https:\/\/technikaprint.fr\/wp-content\/uploads\/2020\/04\/OUTDOOR-FRISE-1024x224.jpg","contentUrl":"https:\/\/technikaprint.fr\/wp-content\/uploads\/2020\/04\/OUTDOOR-FRISE-1024x224.jpg"},{"@type":"BreadcrumbList","@id":"https:\/\/technikaprint.fr\/index.php\/outdoor\/#breadcrumb","itemListElement":[{"@type":"ListItem","position":1,"name":"Accueil","item":"https:\/\/technikaprint.fr\/"},{"@type":"ListItem","position":2,"name":"Outdoor"}]},{"@type":"WebSite","@id":"https:\/\/technikaprint.fr\/#website","url":"https:\/\/technikaprint.fr\/","name":"Stand On Line","description":"La boutique du Roll-up","publisher":{"@id":"https:\/\/technikaprint.fr\/#organization"},"potentialAction":[{"@type":"SearchAction","target":{"@type":"EntryPoint","urlTemplate":"https:\/\/technikaprint.fr\/?s={search_term_string}"},"query-input":{"@type":"PropertyValueSpecification","valueRequired":true,"valueName":"search_term_string"}}],"inLanguage":"fr-FR"},{"@type":"Organization","@id":"https:\/\/technikaprint.fr\/#organization","name":"Stand On Line \/ Technika-Print","url":"https:\/\/technikaprint.fr\/","logo":{"@type":"ImageObject","inLanguage":"fr-FR","@id":"https:\/\/technikaprint.fr\/#\/schema\/logo\/image\/","url":"https:\/\/technikaprint.fr\/wp-content\/uploads\/2020\/04\/SOL-AU-CARRE.jpg","contentUrl":"https:\/\/technikaprint.fr\/wp-content\/uploads\/2020\/04\/SOL-AU-CARRE.jpg","width":1705,"height":1705,"caption":"Stand On Line \/ Technika-Print"},"image":{"@id":"https:\/\/technikaprint.fr\/#\/schema\/logo\/image\/"},"sameAs":["https:\/\/www.facebook.com\/technikaprint\/","https:\/\/www.linkedin.com\/in\/yann-phetsanghane-50763315b\/"]}]}},"_links":{"self":[{"href":"https:\/\/technikaprint.fr\/index.php\/wp-json\/wp\/v2\/pages\/222","targetHints":{"allow":["GET"]}}],"collection":[{"href":"https:\/\/technikaprint.fr\/index.php\/wp-json\/wp\/v2\/pages"}],"about":[{"href":"https:\/\/technikaprint.fr\/index.php\/wp-json\/wp\/v2\/types\/page"}],"author":[{"embeddable":true,"href":"https:\/\/technikaprint.fr\/index.php\/wp-json\/wp\/v2\/users\/1"}],"replies":[{"embeddable":true,"href":"https:\/\/technikaprint.fr\/index.php\/wp-json\/wp\/v2\/comments?post=222"}],"version-history":[{"count":32,"href":"https:\/\/technikaprint.fr\/index.php\/wp-json\/wp\/v2\/pages\/222\/revisions"}],"predecessor-version":[{"id":3135,"href":"https:\/\/technikaprint.fr\/index.php\/wp-json\/wp\/v2\/pages\/222\/revisions\/3135"}],"wp:attachment":[{"href":"https:\/\/technikaprint.fr\/index.php\/wp-json\/wp\/v2\/media?parent=222"}],"curies":[{"name":"wp","href":"https:\/\/api.w.org\/{rel}","templated":true}]}}