{"id":226,"date":"2020-04-08T15:38:13","date_gmt":"2020-04-08T13:38:13","guid":{"rendered":"https:\/\/technikaprint.fr\/?page_id=226"},"modified":"2026-01-07T16:26:18","modified_gmt":"2026-01-07T15:26:18","slug":"tee-shirts","status":"publish","type":"page","link":"https:\/\/technikaprint.fr\/index.php\/tee-shirts\/","title":{"rendered":"Tee-Shirts"},"content":{"rendered":"\n<figure data-wp-context=\"{&quot;imageId&quot;:&quot;69fb7653156c4&quot;}\" data-wp-interactive=\"core\/image\" data-wp-key=\"69fb7653156c4\" class=\"wp-block-image size-large is-resized wp-lightbox-container\"><img fetchpriority=\"high\" decoding=\"async\" width=\"1024\" height=\"336\" data-wp-class--hide=\"state.isContentHidden\" data-wp-class--show=\"state.isContentVisible\" data-wp-init=\"callbacks.setButtonStyles\" data-wp-on--click=\"actions.showLightbox\" data-wp-on--load=\"callbacks.setButtonStyles\" data-wp-on-window--resize=\"callbacks.setButtonStyles\" src=\"https:\/\/technikaprint.fr\/wp-content\/uploads\/2024\/01\/ICONE-TEE-SHIRTS-1024x336.jpg\" alt=\"Tee shirt personnalis\u00e9s Flocage Flex Personnalisation Cadeau Anniversaire F\u00eate des m\u00e8res Association Logo\" class=\"wp-image-2527\" style=\"aspect-ratio:3.053072625698324;width:833px;height:auto\" srcset=\"https:\/\/technikaprint.fr\/wp-content\/uploads\/2024\/01\/ICONE-TEE-SHIRTS-1024x336.jpg 1024w, https:\/\/technikaprint.fr\/wp-content\/uploads\/2024\/01\/ICONE-TEE-SHIRTS-300x98.jpg 300w, https:\/\/technikaprint.fr\/wp-content\/uploads\/2024\/01\/ICONE-TEE-SHIRTS-768x252.jpg 768w, https:\/\/technikaprint.fr\/wp-content\/uploads\/2024\/01\/ICONE-TEE-SHIRTS-1536x504.jpg 1536w, https:\/\/technikaprint.fr\/wp-content\/uploads\/2024\/01\/ICONE-TEE-SHIRTS-2048x672.jpg 2048w, https:\/\/technikaprint.fr\/wp-content\/uploads\/2024\/01\/ICONE-TEE-SHIRTS-360x118.jpg 360w\" sizes=\"(max-width: 1024px) 100vw, 1024px\" \/><button\n\t\t\tclass=\"lightbox-trigger\"\n\t\t\ttype=\"button\"\n\t\t\taria-haspopup=\"dialog\"\n\t\t\taria-label=\"Agrandir\"\n\t\t\tdata-wp-init=\"callbacks.initTriggerButton\"\n\t\t\tdata-wp-on--click=\"actions.showLightbox\"\n\t\t\tdata-wp-style--right=\"state.imageButtonRight\"\n\t\t\tdata-wp-style--top=\"state.imageButtonTop\"\n\t\t>\n\t\t\t<svg xmlns=\"http:\/\/www.w3.org\/2000\/svg\" width=\"12\" height=\"12\" fill=\"none\" viewBox=\"0 0 12 12\">\n\t\t\t\t<path fill=\"#fff\" d=\"M2 0a2 2 0 0 0-2 2v2h1.5V2a.5.5 0 0 1 .5-.5h2V0H2Zm2 10.5H2a.5.5 0 0 1-.5-.5V8H0v2a2 2 0 0 0 2 2h2v-1.5ZM8 12v-1.5h2a.5.5 0 0 0 .5-.5V8H12v2a2 2 0 0 1-2 2H8Zm2-12a2 2 0 0 1 2 2v2h-1.5V2a.5.5 0 0 0-.5-.5H8V0h2Z\" \/>\n\t\t\t<\/svg>\n\t\t<\/button><\/figure>\n\n\n\n<div class=\"wp-block-media-text alignwide is-stacked-on-mobile\" style=\"grid-template-columns:34% auto\"><figure class=\"wp-block-media-text__media\"><img decoding=\"async\" width=\"450\" height=\"450\" src=\"https:\/\/technikaprint.fr\/wp-content\/uploads\/2020\/04\/TEE-SHIRT.gif\" alt=\"Tee shirt personnalis\u00e9s Flocage Flex Personnalisation Cadeau Anniversaire F\u00eate des m\u00e8res Association Logo\" class=\"wp-image-798 size-full\"\/><\/figure><div class=\"wp-block-media-text__content\">\n<h3 class=\"wp-block-heading\">Que vous recherchiez des tee-shirts humoristiques, avec une d\u00e9claration d\u2019amour ou d&rsquo;humour, d&rsquo;anniversaires, pour la f\u00eate des m\u00e8res et des p\u00e8res, pour la Saint-Valentin, des tee-shirts personnalis\u00e9s aux couleurs de votre soci\u00e9t\u00e9 ou pour faire passer le message de votre association, nous r\u00e9pondons \u00e0 toutes vos envies, \u00e0 toutes vos id\u00e9es ! Tout est possible, la seule limite : votre imagination.<\/h3>\n\n\n\n<p><\/p>\n<\/div><\/div>\n\n\n\n<div class=\"wp-block-group\"><div class=\"wp-block-group__inner-container is-layout-flow wp-block-group-is-layout-flow\">\n<hr class=\"wp-block-separator has-css-opacity\"\/>\n<\/div><\/div>\n\n\n\n<p>Vous souhaitez personnaliser vos tee-shirts ? Nous vous proposons un service enti\u00e8rement personnalisable. Chez Stand On Line, nous vous trouverons et fournirons le mod\u00e8le de tee-shirt de votre choix. Mais vous pouvez \u00e9galement venir nous voir avec vos propres tee-shirts. Cette option vous permet d&rsquo;\u00eatre certains d&rsquo;avoir le bon mod\u00e8le, la bonne taille, la bonne couleur et de ma\u00eetriser votre budget.<\/p>\n\n\n\n<p>Ci-dessous, vous trouverez quelques exemples de prix de <a rel=\"noreferrer noopener\" href=\"https:\/\/fr.wikipedia.org\/wiki\/Flocage_(imprimerie)\" target=\"_blank\">flocage<\/a> (hors co\u00fbt du v\u00eatement : sweats, polos, gilets jaunes, pantalons&#8230; Apportez-nous ce que vous voulez, on s&rsquo;en occupe !).<\/p>\n\n\n\n<hr class=\"wp-block-separator has-css-opacity\"\/>\n\n\n\n<figure class=\"wp-block-table\"><table><tbody><tr><td>1 couleur (23 teintes) &#8211; Logo c\u0153ur + logo au verso &#8211; Prix hors v\u00eatement<\/td><td class=\"has-text-align-right\" data-align=\"right\"><strong>16.00 \u20ac HT<\/strong><\/td><\/tr><tr><td>1 couleur  (Or, argent, fluo) &#8211; Logo c\u0153ur + logo au verso &#8211; Prix hors v\u00eatement<\/td><td class=\"has-text-align-right\" data-align=\"right\"><strong>21.00 \u20ac HT<\/strong><\/td><\/tr><tr><td>1 Mixte de couleurs &#8211; Logo c\u0153ur + logo au verso &#8211; Prix hors v\u00eatement<\/td><td class=\"has-text-align-right\" data-align=\"right\"><strong>21.00 \u20ac HT<\/strong><\/td><\/tr><tr><td>1 Flocage Quadri &#8211; Logo c\u0153ur + logo au verso &#8211; Prix hors v\u00eatement<\/td><td class=\"has-text-align-right\" data-align=\"right\"><strong>21.00 \u20ac HT<\/strong><\/td><\/tr><\/tbody><\/table><figcaption class=\"wp-element-caption\">Ces tarifs ne comprennent pas la mise en page et\/ou la cr\u00e9ation de votre visuel, logo&#8230; <br>Notez que vos propres v\u00eatements sont \u00e0 d\u00e9poser dans notre atelier de Goussainville (95190). Pour une commande de plusieurs pi\u00e8ces, les tarifs sont d\u00e9gressifs.<\/figcaption><\/figure>\n\n\n\n<p><em>Devis sur simple demande via notre <a href=\"https:\/\/technikaprint.fr\/index.php\/contact\/\">formulaire de contact<\/a> ou par t\u00e9l\u00e9phone au 01 72 88 38 93.<\/em><\/p>\n\n\n\n<hr class=\"wp-block-separator has-css-opacity\"\/>\n\n\n\n<figure data-wp-context=\"{&quot;imageId&quot;:&quot;69fb765316022&quot;}\" data-wp-interactive=\"core\/image\" data-wp-key=\"69fb765316022\" class=\"wp-block-image size-large is-resized wp-lightbox-container\"><img decoding=\"async\" width=\"1024\" height=\"719\" data-wp-class--hide=\"state.isContentHidden\" data-wp-class--show=\"state.isContentVisible\" data-wp-init=\"callbacks.setButtonStyles\" data-wp-on--click=\"actions.showLightbox\" data-wp-on--load=\"callbacks.setButtonStyles\" data-wp-on-window--resize=\"callbacks.setButtonStyles\" src=\"https:\/\/technikaprint.fr\/wp-content\/uploads\/2020\/04\/NAUNCIER-FLEX-PU-1024x719.jpg\" alt=\"locage Flex Personnalisation Cadeau Anniversaire F\u00eate des m\u00e8res Association Logo Couleur Nuancier Gamme\" class=\"wp-image-785\" srcset=\"https:\/\/technikaprint.fr\/wp-content\/uploads\/2020\/04\/NAUNCIER-FLEX-PU-1024x719.jpg 1024w, https:\/\/technikaprint.fr\/wp-content\/uploads\/2020\/04\/NAUNCIER-FLEX-PU-300x211.jpg 300w, https:\/\/technikaprint.fr\/wp-content\/uploads\/2020\/04\/NAUNCIER-FLEX-PU-768x539.jpg 768w, https:\/\/technikaprint.fr\/wp-content\/uploads\/2020\/04\/NAUNCIER-FLEX-PU-1536x1078.jpg 1536w, https:\/\/technikaprint.fr\/wp-content\/uploads\/2020\/04\/NAUNCIER-FLEX-PU-2048x1437.jpg 2048w, https:\/\/technikaprint.fr\/wp-content\/uploads\/2020\/04\/NAUNCIER-FLEX-PU-360x253.jpg 360w\" sizes=\"(max-width: 1024px) 100vw, 1024px\" \/><button\n\t\t\tclass=\"lightbox-trigger\"\n\t\t\ttype=\"button\"\n\t\t\taria-haspopup=\"dialog\"\n\t\t\taria-label=\"Agrandir\"\n\t\t\tdata-wp-init=\"callbacks.initTriggerButton\"\n\t\t\tdata-wp-on--click=\"actions.showLightbox\"\n\t\t\tdata-wp-style--right=\"state.imageButtonRight\"\n\t\t\tdata-wp-style--top=\"state.imageButtonTop\"\n\t\t>\n\t\t\t<svg xmlns=\"http:\/\/www.w3.org\/2000\/svg\" width=\"12\" height=\"12\" fill=\"none\" viewBox=\"0 0 12 12\">\n\t\t\t\t<path fill=\"#fff\" d=\"M2 0a2 2 0 0 0-2 2v2h1.5V2a.5.5 0 0 1 .5-.5h2V0H2Zm2 10.5H2a.5.5 0 0 1-.5-.5V8H0v2a2 2 0 0 0 2 2h2v-1.5ZM8 12v-1.5h2a.5.5 0 0 0 .5-.5V8H12v2a2 2 0 0 1-2 2H8Zm2-12a2 2 0 0 1 2 2v2h-1.5V2a.5.5 0 0 0-.5-.5H8V0h2Z\" \/>\n\t\t\t<\/svg>\n\t\t<\/button><\/figure>\n\n\n\n<hr class=\"wp-block-separator has-css-opacity\"\/>\n\n\n\n<figure class=\"wp-block-image size-large\"><a href=\"https:\/\/technikaprint.fr\/index.php\/stickers\/\"><img loading=\"lazy\" decoding=\"async\" width=\"1024\" height=\"171\" src=\"https:\/\/technikaprint.fr\/wp-content\/uploads\/2020\/05\/STICKERS-1024x171.jpg\" alt=\"Stickers, Adhesif, Autocollant, Vinyle, Standonline\" class=\"wp-image-2136\" srcset=\"https:\/\/technikaprint.fr\/wp-content\/uploads\/2020\/05\/STICKERS-1024x171.jpg 1024w, https:\/\/technikaprint.fr\/wp-content\/uploads\/2020\/05\/STICKERS-300x50.jpg 300w, https:\/\/technikaprint.fr\/wp-content\/uploads\/2020\/05\/STICKERS-768x128.jpg 768w, https:\/\/technikaprint.fr\/wp-content\/uploads\/2020\/05\/STICKERS-360x60.jpg 360w, https:\/\/technikaprint.fr\/wp-content\/uploads\/2020\/05\/STICKERS.jpg 1417w\" sizes=\"(max-width: 1024px) 100vw, 1024px\" \/><\/a><\/figure>\n\n\n\n<div class=\"wp-block-group\"><div class=\"wp-block-group__inner-container is-layout-flow wp-block-group-is-layout-flow\">\n<div class=\"wp-block-group\"><div class=\"wp-block-group__inner-container is-layout-flow wp-block-group-is-layout-flow\">\n<div class=\"wp-block-group\"><div class=\"wp-block-group__inner-container is-layout-flow wp-block-group-is-layout-flow\">\n<div class=\"wp-block-group\"><div class=\"wp-block-group__inner-container is-layout-flow wp-block-group-is-layout-flow\"><\/div><\/div>\n<\/div><\/div>\n<\/div><\/div>\n<\/div><\/div>\n","protected":false},"excerpt":{"rendered":"<p>Que vous recherchiez des tee-shirts humoristiques, avec une d\u00e9claration d\u2019amour ou d&rsquo;humour, d&rsquo;anniversaires, pour la f\u00eate des m\u00e8res et des p\u00e8res, pour la Saint-Valentin, des tee-shirts personnalis\u00e9s aux couleurs de votre soci\u00e9t\u00e9 ou pour faire passer le message de votre&hellip;&nbsp;<a href=\"https:\/\/technikaprint.fr\/index.php\/tee-shirts\/\" class=\"more-link\">Lire la suite<\/a><\/p>\n","protected":false},"author":1,"featured_media":0,"parent":0,"menu_order":0,"comment_status":"closed","ping_status":"closed","template":"","meta":{"_monsterinsights_skip_tracking":false,"_monsterinsights_sitenote_active":false,"_monsterinsights_sitenote_note":"","_monsterinsights_sitenote_category":0,"footnotes":""},"class_list":["post-226","page","type-page","status-publish","hentry"],"yoast_head":"<!-- This site is optimized with the Yoast SEO plugin v27.5 - https:\/\/yoast.com\/product\/yoast-seo-wordpress\/ -->\n<title>Tee-shirts personnalis\u00e9s - Stand On Line - Pour une occasion unique !<\/title>\n<meta name=\"description\" content=\"Tee-shirts humoristiques, avec une d\u00e9claration d\u2019amour ou d\u2019humour... Mais aussi pour l&#039;image de votre soci\u00e9t\u00e9. Nous personnalisons tout !\" \/>\n<meta name=\"robots\" content=\"index, follow, max-snippet:-1, max-image-preview:large, max-video-preview:-1\" \/>\n<link rel=\"canonical\" href=\"https:\/\/technikaprint.fr\/index.php\/tee-shirts\/\" \/>\n<meta property=\"og:locale\" content=\"fr_FR\" \/>\n<meta property=\"og:type\" content=\"article\" \/>\n<meta property=\"og:title\" content=\"Tee-shirts personnalis\u00e9s - Stand On Line - Pour une occasion unique !\" \/>\n<meta property=\"og:description\" content=\"Tee-shirts humoristiques, avec une d\u00e9claration d\u2019amour ou d\u2019humour... Mais aussi pour l&#039;image de votre soci\u00e9t\u00e9. Nous personnalisons tout !\" \/>\n<meta property=\"og:url\" content=\"https:\/\/technikaprint.fr\/index.php\/tee-shirts\/\" \/>\n<meta property=\"og:site_name\" content=\"Stand On Line\" \/>\n<meta property=\"article:publisher\" content=\"https:\/\/www.facebook.com\/technikaprint\/\" \/>\n<meta property=\"article:modified_time\" content=\"2026-01-07T15:26:18+00:00\" \/>\n<meta property=\"og:image\" content=\"https:\/\/technikaprint.fr\/wp-content\/uploads\/2024\/01\/ICONE-TEE-SHIRTS.jpg\" \/>\n\t<meta property=\"og:image:width\" content=\"2211\" \/>\n\t<meta property=\"og:image:height\" content=\"725\" \/>\n\t<meta property=\"og:image:type\" content=\"image\/jpeg\" \/>\n<meta name=\"twitter:card\" content=\"summary_large_image\" \/>\n<meta name=\"twitter:label1\" content=\"Dur\u00e9e de lecture estim\u00e9e\" \/>\n\t<meta name=\"twitter:data1\" content=\"3 minutes\" \/>\n<script type=\"application\/ld+json\" class=\"yoast-schema-graph\">{\"@context\":\"https:\\\/\\\/schema.org\",\"@graph\":[{\"@type\":\"WebPage\",\"@id\":\"https:\\\/\\\/technikaprint.fr\\\/index.php\\\/tee-shirts\\\/\",\"url\":\"https:\\\/\\\/technikaprint.fr\\\/index.php\\\/tee-shirts\\\/\",\"name\":\"Tee-shirts personnalis\u00e9s - Stand On Line - Pour une occasion unique !\",\"isPartOf\":{\"@id\":\"https:\\\/\\\/technikaprint.fr\\\/#website\"},\"primaryImageOfPage\":{\"@id\":\"https:\\\/\\\/technikaprint.fr\\\/index.php\\\/tee-shirts\\\/#primaryimage\"},\"image\":{\"@id\":\"https:\\\/\\\/technikaprint.fr\\\/index.php\\\/tee-shirts\\\/#primaryimage\"},\"thumbnailUrl\":\"https:\\\/\\\/technikaprint.fr\\\/wp-content\\\/uploads\\\/2024\\\/01\\\/ICONE-TEE-SHIRTS-1024x336.jpg\",\"datePublished\":\"2020-04-08T13:38:13+00:00\",\"dateModified\":\"2026-01-07T15:26:18+00:00\",\"description\":\"Tee-shirts humoristiques, avec une d\u00e9claration d\u2019amour ou d\u2019humour... Mais aussi pour l'image de votre soci\u00e9t\u00e9. Nous personnalisons tout !\",\"breadcrumb\":{\"@id\":\"https:\\\/\\\/technikaprint.fr\\\/index.php\\\/tee-shirts\\\/#breadcrumb\"},\"inLanguage\":\"fr-FR\",\"potentialAction\":[{\"@type\":\"ReadAction\",\"target\":[\"https:\\\/\\\/technikaprint.fr\\\/index.php\\\/tee-shirts\\\/\"]}]},{\"@type\":\"ImageObject\",\"inLanguage\":\"fr-FR\",\"@id\":\"https:\\\/\\\/technikaprint.fr\\\/index.php\\\/tee-shirts\\\/#primaryimage\",\"url\":\"https:\\\/\\\/technikaprint.fr\\\/wp-content\\\/uploads\\\/2024\\\/01\\\/ICONE-TEE-SHIRTS.jpg\",\"contentUrl\":\"https:\\\/\\\/technikaprint.fr\\\/wp-content\\\/uploads\\\/2024\\\/01\\\/ICONE-TEE-SHIRTS.jpg\",\"width\":2211,\"height\":725},{\"@type\":\"BreadcrumbList\",\"@id\":\"https:\\\/\\\/technikaprint.fr\\\/index.php\\\/tee-shirts\\\/#breadcrumb\",\"itemListElement\":[{\"@type\":\"ListItem\",\"position\":1,\"name\":\"Accueil\",\"item\":\"https:\\\/\\\/technikaprint.fr\\\/\"},{\"@type\":\"ListItem\",\"position\":2,\"name\":\"Tee-Shirts\"}]},{\"@type\":\"WebSite\",\"@id\":\"https:\\\/\\\/technikaprint.fr\\\/#website\",\"url\":\"https:\\\/\\\/technikaprint.fr\\\/\",\"name\":\"Stand On Line\",\"description\":\"La boutique du Roll-up\",\"publisher\":{\"@id\":\"https:\\\/\\\/technikaprint.fr\\\/#organization\"},\"potentialAction\":[{\"@type\":\"SearchAction\",\"target\":{\"@type\":\"EntryPoint\",\"urlTemplate\":\"https:\\\/\\\/technikaprint.fr\\\/?s={search_term_string}\"},\"query-input\":{\"@type\":\"PropertyValueSpecification\",\"valueRequired\":true,\"valueName\":\"search_term_string\"}}],\"inLanguage\":\"fr-FR\"},{\"@type\":\"Organization\",\"@id\":\"https:\\\/\\\/technikaprint.fr\\\/#organization\",\"name\":\"Stand On Line \\\/ Technika-Print\",\"url\":\"https:\\\/\\\/technikaprint.fr\\\/\",\"logo\":{\"@type\":\"ImageObject\",\"inLanguage\":\"fr-FR\",\"@id\":\"https:\\\/\\\/technikaprint.fr\\\/#\\\/schema\\\/logo\\\/image\\\/\",\"url\":\"https:\\\/\\\/technikaprint.fr\\\/wp-content\\\/uploads\\\/2020\\\/04\\\/SOL-AU-CARRE.jpg\",\"contentUrl\":\"https:\\\/\\\/technikaprint.fr\\\/wp-content\\\/uploads\\\/2020\\\/04\\\/SOL-AU-CARRE.jpg\",\"width\":1705,\"height\":1705,\"caption\":\"Stand On Line \\\/ Technika-Print\"},\"image\":{\"@id\":\"https:\\\/\\\/technikaprint.fr\\\/#\\\/schema\\\/logo\\\/image\\\/\"},\"sameAs\":[\"https:\\\/\\\/www.facebook.com\\\/technikaprint\\\/\",\"https:\\\/\\\/www.linkedin.com\\\/in\\\/yann-phetsanghane-50763315b\\\/\"]}]}<\/script>\n<!-- \/ Yoast SEO plugin. -->","yoast_head_json":{"title":"Tee-shirts personnalis\u00e9s - Stand On Line - Pour une occasion unique !","description":"Tee-shirts humoristiques, avec une d\u00e9claration d\u2019amour ou d\u2019humour... Mais aussi pour l'image de votre soci\u00e9t\u00e9. Nous personnalisons tout !","robots":{"index":"index","follow":"follow","max-snippet":"max-snippet:-1","max-image-preview":"max-image-preview:large","max-video-preview":"max-video-preview:-1"},"canonical":"https:\/\/technikaprint.fr\/index.php\/tee-shirts\/","og_locale":"fr_FR","og_type":"article","og_title":"Tee-shirts personnalis\u00e9s - Stand On Line - Pour une occasion unique !","og_description":"Tee-shirts humoristiques, avec une d\u00e9claration d\u2019amour ou d\u2019humour... Mais aussi pour l'image de votre soci\u00e9t\u00e9. Nous personnalisons tout !","og_url":"https:\/\/technikaprint.fr\/index.php\/tee-shirts\/","og_site_name":"Stand On Line","article_publisher":"https:\/\/www.facebook.com\/technikaprint\/","article_modified_time":"2026-01-07T15:26:18+00:00","og_image":[{"width":2211,"height":725,"url":"https:\/\/technikaprint.fr\/wp-content\/uploads\/2024\/01\/ICONE-TEE-SHIRTS.jpg","type":"image\/jpeg"}],"twitter_card":"summary_large_image","twitter_misc":{"Dur\u00e9e de lecture estim\u00e9e":"3 minutes"},"schema":{"@context":"https:\/\/schema.org","@graph":[{"@type":"WebPage","@id":"https:\/\/technikaprint.fr\/index.php\/tee-shirts\/","url":"https:\/\/technikaprint.fr\/index.php\/tee-shirts\/","name":"Tee-shirts personnalis\u00e9s - Stand On Line - Pour une occasion unique !","isPartOf":{"@id":"https:\/\/technikaprint.fr\/#website"},"primaryImageOfPage":{"@id":"https:\/\/technikaprint.fr\/index.php\/tee-shirts\/#primaryimage"},"image":{"@id":"https:\/\/technikaprint.fr\/index.php\/tee-shirts\/#primaryimage"},"thumbnailUrl":"https:\/\/technikaprint.fr\/wp-content\/uploads\/2024\/01\/ICONE-TEE-SHIRTS-1024x336.jpg","datePublished":"2020-04-08T13:38:13+00:00","dateModified":"2026-01-07T15:26:18+00:00","description":"Tee-shirts humoristiques, avec une d\u00e9claration d\u2019amour ou d\u2019humour... Mais aussi pour l'image de votre soci\u00e9t\u00e9. Nous personnalisons tout !","breadcrumb":{"@id":"https:\/\/technikaprint.fr\/index.php\/tee-shirts\/#breadcrumb"},"inLanguage":"fr-FR","potentialAction":[{"@type":"ReadAction","target":["https:\/\/technikaprint.fr\/index.php\/tee-shirts\/"]}]},{"@type":"ImageObject","inLanguage":"fr-FR","@id":"https:\/\/technikaprint.fr\/index.php\/tee-shirts\/#primaryimage","url":"https:\/\/technikaprint.fr\/wp-content\/uploads\/2024\/01\/ICONE-TEE-SHIRTS.jpg","contentUrl":"https:\/\/technikaprint.fr\/wp-content\/uploads\/2024\/01\/ICONE-TEE-SHIRTS.jpg","width":2211,"height":725},{"@type":"BreadcrumbList","@id":"https:\/\/technikaprint.fr\/index.php\/tee-shirts\/#breadcrumb","itemListElement":[{"@type":"ListItem","position":1,"name":"Accueil","item":"https:\/\/technikaprint.fr\/"},{"@type":"ListItem","position":2,"name":"Tee-Shirts"}]},{"@type":"WebSite","@id":"https:\/\/technikaprint.fr\/#website","url":"https:\/\/technikaprint.fr\/","name":"Stand On Line","description":"La boutique du Roll-up","publisher":{"@id":"https:\/\/technikaprint.fr\/#organization"},"potentialAction":[{"@type":"SearchAction","target":{"@type":"EntryPoint","urlTemplate":"https:\/\/technikaprint.fr\/?s={search_term_string}"},"query-input":{"@type":"PropertyValueSpecification","valueRequired":true,"valueName":"search_term_string"}}],"inLanguage":"fr-FR"},{"@type":"Organization","@id":"https:\/\/technikaprint.fr\/#organization","name":"Stand On Line \/ Technika-Print","url":"https:\/\/technikaprint.fr\/","logo":{"@type":"ImageObject","inLanguage":"fr-FR","@id":"https:\/\/technikaprint.fr\/#\/schema\/logo\/image\/","url":"https:\/\/technikaprint.fr\/wp-content\/uploads\/2020\/04\/SOL-AU-CARRE.jpg","contentUrl":"https:\/\/technikaprint.fr\/wp-content\/uploads\/2020\/04\/SOL-AU-CARRE.jpg","width":1705,"height":1705,"caption":"Stand On Line \/ Technika-Print"},"image":{"@id":"https:\/\/technikaprint.fr\/#\/schema\/logo\/image\/"},"sameAs":["https:\/\/www.facebook.com\/technikaprint\/","https:\/\/www.linkedin.com\/in\/yann-phetsanghane-50763315b\/"]}]}},"_links":{"self":[{"href":"https:\/\/technikaprint.fr\/index.php\/wp-json\/wp\/v2\/pages\/226","targetHints":{"allow":["GET"]}}],"collection":[{"href":"https:\/\/technikaprint.fr\/index.php\/wp-json\/wp\/v2\/pages"}],"about":[{"href":"https:\/\/technikaprint.fr\/index.php\/wp-json\/wp\/v2\/types\/page"}],"author":[{"embeddable":true,"href":"https:\/\/technikaprint.fr\/index.php\/wp-json\/wp\/v2\/users\/1"}],"replies":[{"embeddable":true,"href":"https:\/\/technikaprint.fr\/index.php\/wp-json\/wp\/v2\/comments?post=226"}],"version-history":[{"count":76,"href":"https:\/\/technikaprint.fr\/index.php\/wp-json\/wp\/v2\/pages\/226\/revisions"}],"predecessor-version":[{"id":3083,"href":"https:\/\/technikaprint.fr\/index.php\/wp-json\/wp\/v2\/pages\/226\/revisions\/3083"}],"wp:attachment":[{"href":"https:\/\/technikaprint.fr\/index.php\/wp-json\/wp\/v2\/media?parent=226"}],"curies":[{"name":"wp","href":"https:\/\/api.w.org\/{rel}","templated":true}]}}