{"id":228,"date":"2020-04-08T15:38:31","date_gmt":"2020-04-08T13:38:31","guid":{"rendered":"https:\/\/technikaprint.fr\/?page_id=228"},"modified":"2026-04-23T11:32:42","modified_gmt":"2026-04-23T09:32:42","slug":"mugs","status":"publish","type":"page","link":"https:\/\/technikaprint.fr\/index.php\/mugs\/","title":{"rendered":"Mugs"},"content":{"rendered":"\n<figure class=\"wp-block-image\"><img fetchpriority=\"high\" decoding=\"async\" width=\"1024\" height=\"304\" src=\"https:\/\/technikaprint.fr\/wp-content\/uploads\/2020\/04\/ICONE-MUG-1024x304.jpg\" alt=\"Mugs, personnalis\u00e9, cadeau, tasse, caf\u00e9, f\u00eate, c\u00e9ramique, sublimation, goodies, promotionnel\" class=\"wp-image-825\" srcset=\"https:\/\/technikaprint.fr\/wp-content\/uploads\/2020\/04\/ICONE-MUG-1024x304.jpg 1024w, https:\/\/technikaprint.fr\/wp-content\/uploads\/2020\/04\/ICONE-MUG-300x89.jpg 300w, https:\/\/technikaprint.fr\/wp-content\/uploads\/2020\/04\/ICONE-MUG-768x228.jpg 768w, https:\/\/technikaprint.fr\/wp-content\/uploads\/2020\/04\/ICONE-MUG-1536x456.jpg 1536w, https:\/\/technikaprint.fr\/wp-content\/uploads\/2020\/04\/ICONE-MUG-2048x608.jpg 2048w, https:\/\/technikaprint.fr\/wp-content\/uploads\/2020\/04\/ICONE-MUG-360x107.jpg 360w\" sizes=\"(max-width: 1024px) 100vw, 1024px\" \/><\/figure>\n\n\n\n<h2 class=\"wp-block-heading\" id=\"des-mugs-qui-vous-ressemblent\"><mark style=\"background-color:rgba(0, 0, 0, 0);color:#1c40ad\" class=\"has-inline-color\"><strong>Des mugs qui vous ressemblent !<\/strong><\/mark><br><br><\/h2>\n\n\n\n<div class=\"wp-block-media-text alignwide is-stacked-on-mobile\" style=\"grid-template-columns:41% auto\"><figure class=\"wp-block-media-text__media\"><img decoding=\"async\" width=\"413\" height=\"413\" src=\"https:\/\/technikaprint.fr\/wp-content\/uploads\/2020\/04\/MUG-GIF-1800-OK.gif\" alt=\"Mugs, personnalis\u00e9, cadeau, tasse, caf\u00e9, f\u00eate, c\u00e9ramique, sublimation, goodies, promotionnel\" class=\"wp-image-847 size-full\"\/><\/figure><div class=\"wp-block-media-text__content\">\n<h3 class=\"wp-block-heading\" id=\"faites-vous-plaisir-lachez-vous-tout-est-possible-plus-vous-serez-fous-plus-les-mugs-seront-uniques-faites-d-un-simple-mug-un-objet-collector\">Faites-vous plaisir, osez, amusez-vous : tout est possible ! Plus votre cr\u00e9ation sera originale, plus votre mug sera unique. Transformez un objet du quotidien en v\u00e9ritable pi\u00e8ce collector. Toutes les occasions sont id\u00e9ales pour offrir un mug personnalis\u00e9. C\u2019est la garantie d\u2019un cadeau unique, qui fait toujours son effet.<\/h3>\n\n\n\n<h3 class=\"wp-block-heading\" id=\"pensez-aussi-aux-cadeaux-pour-vos-clients-le-mug-avec-votre-logo-accompagne-d-un-message-cible-servira-chaque-jour-ou-finira-peut-etre-comme-pot-a-crayon-mais-il-restera-sur-le-bureau-de-votre-client\">Pensez \u00e9galement \u00e0 vos clients : un mug \u00e0 votre image, accompagn\u00e9 d\u2019un message cibl\u00e9, les accompagnera au quotidien. Qu\u2019il serve pour le caf\u00e9\u2026 ou comme pot \u00e0 crayons, il trouvera forc\u00e9ment sa place sur leur bureau \u2014 et dans leur esprit.<\/h3>\n<\/div><\/div>\n\n\n\n<hr class=\"wp-block-separator has-css-opacity\"\/>\n\n\n\n<figure class=\"wp-block-table\"><table><tbody><tr><td>Mug blanc + personnalisation (Ht 9,5 cm Diam. 8.2 cm &#8211; 11 Oz 325 ml)<\/td><td class=\"has-text-align-right\" data-align=\"right\"><strong>13.00 \u20ac HT<\/strong><\/td><\/tr><\/tbody><\/table><\/figure>\n\n\n\n<p>Chaque cr\u00e9ation est r\u00e9alis\u00e9e avec le plus grand soin et contr\u00f4l\u00e9e manuellement dans nos ateliers. La technique de <a href=\"https:\/\/fr.wikipedia.org\/wiki\/Imprimante_%C3%A0_sublimation\"><\/a><a href=\"https:\/\/fr.wikipedia.org\/wiki\/Imprimante_%C3%A0_sublimation\" target=\"_blank\" rel=\"noreferrer noopener\">sublimation<\/a> \u00e0 chaud assure des couleurs \u00e9clatantes et une excellente tenue dans le temps, compatibles avec le lave-vaisselle et le micro-ondes.<\/p>\n\n\n\n<p>En amont, tous vos fichiers \u2014 photos, logos, visuels \u2014 sont minutieusement v\u00e9rifi\u00e9s afin de garantir une impression en haute d\u00e9finition. Si un souci est d\u00e9tect\u00e9, nous vous contactons imm\u00e9diatement pour trouver la meilleure solution.<\/p>\n\n\n\n<p>Notre engagement : vous offrir des mugs de qualit\u00e9, fid\u00e8les \u00e0 votre image.<\/p>\n\n\n\n<div class=\"wp-block-file\"><a id=\"wp-block-file--media-56ece198-f55c-4f5e-89cd-4b7c29f77570\" href=\"https:\/\/technikaprint.fr\/wp-content\/uploads\/2020\/04\/GABARIT-MUG-300-DPI.jpg\">T\u00e9l\u00e9chargez ici, le gabarit pour cr\u00e9er votre image<\/a><a href=\"https:\/\/technikaprint.fr\/wp-content\/uploads\/2020\/04\/GABARIT-MUG-300-DPI.jpg\" class=\"wp-block-file__button wp-element-button\" download aria-describedby=\"wp-block-file--media-56ece198-f55c-4f5e-89cd-4b7c29f77570\">T\u00e9l\u00e9charger<\/a><\/div>\n\n\n\n<hr class=\"wp-block-separator has-css-opacity\"\/>\n\n\n\n<p><em>Devis sur simple demande via notre <a href=\"https:\/\/technikaprint.fr\/index.php\/contact\/\">formulaire de contact<\/a> ou par t\u00e9l\u00e9phone au 01 72 88 38 93.<\/em><\/p>\n","protected":false},"excerpt":{"rendered":"<p>Des mugs qui vous ressemblent ! Faites-vous plaisir, osez, amusez-vous : tout est possible ! Plus votre cr\u00e9ation sera originale, plus votre mug sera unique. Transformez un objet du quotidien en v\u00e9ritable pi\u00e8ce collector. Toutes les occasions sont id\u00e9ales pour&hellip;&nbsp;<a href=\"https:\/\/technikaprint.fr\/index.php\/mugs\/\" class=\"more-link\">Lire la suite<\/a><\/p>\n","protected":false},"author":1,"featured_media":0,"parent":0,"menu_order":0,"comment_status":"closed","ping_status":"closed","template":"","meta":{"_monsterinsights_skip_tracking":false,"_monsterinsights_sitenote_active":false,"_monsterinsights_sitenote_note":"","_monsterinsights_sitenote_category":0,"footnotes":""},"class_list":["post-228","page","type-page","status-publish","hentry"],"yoast_head":"<!-- This site is optimized with the Yoast SEO plugin v27.5 - https:\/\/yoast.com\/product\/yoast-seo-wordpress\/ -->\n<title>Mugs personnalis\u00e9s - Stand On Line - Offrez un mug unique<\/title>\n<meta name=\"description\" content=\"Mugs personnalis\u00e9. Faites-vous plaisir ! L\u00e2chez-vous ! Tout est possible ! Toutes les occasions sont bonnes pour faire un cadeau unique !\" \/>\n<meta name=\"robots\" content=\"index, follow, max-snippet:-1, max-image-preview:large, max-video-preview:-1\" \/>\n<link rel=\"canonical\" href=\"https:\/\/technikaprint.fr\/index.php\/mugs\/\" \/>\n<meta property=\"og:locale\" content=\"fr_FR\" \/>\n<meta property=\"og:type\" content=\"article\" \/>\n<meta property=\"og:title\" content=\"Mugs personnalis\u00e9s - Stand On Line - Offrez un mug unique\" \/>\n<meta property=\"og:description\" content=\"Mugs personnalis\u00e9. Faites-vous plaisir ! L\u00e2chez-vous ! Tout est possible ! Toutes les occasions sont bonnes pour faire un cadeau unique !\" \/>\n<meta property=\"og:url\" content=\"https:\/\/technikaprint.fr\/index.php\/mugs\/\" \/>\n<meta property=\"og:site_name\" content=\"Stand On Line\" \/>\n<meta property=\"article:publisher\" content=\"https:\/\/www.facebook.com\/technikaprint\/\" \/>\n<meta property=\"article:modified_time\" content=\"2026-04-23T09:32:42+00:00\" \/>\n<meta property=\"og:image\" content=\"https:\/\/technikaprint.fr\/wp-content\/uploads\/2020\/04\/ICONE-MUG.jpg\" \/>\n\t<meta property=\"og:image:width\" content=\"2270\" \/>\n\t<meta property=\"og:image:height\" content=\"674\" \/>\n\t<meta property=\"og:image:type\" content=\"image\/jpeg\" \/>\n<meta name=\"twitter:card\" content=\"summary_large_image\" \/>\n<meta name=\"twitter:label1\" content=\"Dur\u00e9e de lecture estim\u00e9e\" \/>\n\t<meta name=\"twitter:data1\" content=\"2 minutes\" \/>\n<script type=\"application\/ld+json\" class=\"yoast-schema-graph\">{\"@context\":\"https:\\\/\\\/schema.org\",\"@graph\":[{\"@type\":\"WebPage\",\"@id\":\"https:\\\/\\\/technikaprint.fr\\\/index.php\\\/mugs\\\/\",\"url\":\"https:\\\/\\\/technikaprint.fr\\\/index.php\\\/mugs\\\/\",\"name\":\"Mugs personnalis\u00e9s - Stand On Line - Offrez un mug unique\",\"isPartOf\":{\"@id\":\"https:\\\/\\\/technikaprint.fr\\\/#website\"},\"primaryImageOfPage\":{\"@id\":\"https:\\\/\\\/technikaprint.fr\\\/index.php\\\/mugs\\\/#primaryimage\"},\"image\":{\"@id\":\"https:\\\/\\\/technikaprint.fr\\\/index.php\\\/mugs\\\/#primaryimage\"},\"thumbnailUrl\":\"https:\\\/\\\/technikaprint.fr\\\/wp-content\\\/uploads\\\/2020\\\/04\\\/ICONE-MUG-1024x304.jpg\",\"datePublished\":\"2020-04-08T13:38:31+00:00\",\"dateModified\":\"2026-04-23T09:32:42+00:00\",\"description\":\"Mugs personnalis\u00e9. Faites-vous plaisir ! L\u00e2chez-vous ! Tout est possible ! Toutes les occasions sont bonnes pour faire un cadeau unique !\",\"breadcrumb\":{\"@id\":\"https:\\\/\\\/technikaprint.fr\\\/index.php\\\/mugs\\\/#breadcrumb\"},\"inLanguage\":\"fr-FR\",\"potentialAction\":[{\"@type\":\"ReadAction\",\"target\":[\"https:\\\/\\\/technikaprint.fr\\\/index.php\\\/mugs\\\/\"]}]},{\"@type\":\"ImageObject\",\"inLanguage\":\"fr-FR\",\"@id\":\"https:\\\/\\\/technikaprint.fr\\\/index.php\\\/mugs\\\/#primaryimage\",\"url\":\"https:\\\/\\\/technikaprint.fr\\\/wp-content\\\/uploads\\\/2020\\\/04\\\/ICONE-MUG.jpg\",\"contentUrl\":\"https:\\\/\\\/technikaprint.fr\\\/wp-content\\\/uploads\\\/2020\\\/04\\\/ICONE-MUG.jpg\",\"width\":2270,\"height\":674},{\"@type\":\"BreadcrumbList\",\"@id\":\"https:\\\/\\\/technikaprint.fr\\\/index.php\\\/mugs\\\/#breadcrumb\",\"itemListElement\":[{\"@type\":\"ListItem\",\"position\":1,\"name\":\"Accueil\",\"item\":\"https:\\\/\\\/technikaprint.fr\\\/\"},{\"@type\":\"ListItem\",\"position\":2,\"name\":\"Mugs\"}]},{\"@type\":\"WebSite\",\"@id\":\"https:\\\/\\\/technikaprint.fr\\\/#website\",\"url\":\"https:\\\/\\\/technikaprint.fr\\\/\",\"name\":\"Stand On Line\",\"description\":\"La boutique du Roll-up\",\"publisher\":{\"@id\":\"https:\\\/\\\/technikaprint.fr\\\/#organization\"},\"potentialAction\":[{\"@type\":\"SearchAction\",\"target\":{\"@type\":\"EntryPoint\",\"urlTemplate\":\"https:\\\/\\\/technikaprint.fr\\\/?s={search_term_string}\"},\"query-input\":{\"@type\":\"PropertyValueSpecification\",\"valueRequired\":true,\"valueName\":\"search_term_string\"}}],\"inLanguage\":\"fr-FR\"},{\"@type\":\"Organization\",\"@id\":\"https:\\\/\\\/technikaprint.fr\\\/#organization\",\"name\":\"Stand On Line \\\/ Technika-Print\",\"url\":\"https:\\\/\\\/technikaprint.fr\\\/\",\"logo\":{\"@type\":\"ImageObject\",\"inLanguage\":\"fr-FR\",\"@id\":\"https:\\\/\\\/technikaprint.fr\\\/#\\\/schema\\\/logo\\\/image\\\/\",\"url\":\"https:\\\/\\\/technikaprint.fr\\\/wp-content\\\/uploads\\\/2020\\\/04\\\/SOL-AU-CARRE.jpg\",\"contentUrl\":\"https:\\\/\\\/technikaprint.fr\\\/wp-content\\\/uploads\\\/2020\\\/04\\\/SOL-AU-CARRE.jpg\",\"width\":1705,\"height\":1705,\"caption\":\"Stand On Line \\\/ Technika-Print\"},\"image\":{\"@id\":\"https:\\\/\\\/technikaprint.fr\\\/#\\\/schema\\\/logo\\\/image\\\/\"},\"sameAs\":[\"https:\\\/\\\/www.facebook.com\\\/technikaprint\\\/\",\"https:\\\/\\\/www.linkedin.com\\\/in\\\/yann-phetsanghane-50763315b\\\/\"]}]}<\/script>\n<!-- \/ Yoast SEO plugin. -->","yoast_head_json":{"title":"Mugs personnalis\u00e9s - Stand On Line - Offrez un mug unique","description":"Mugs personnalis\u00e9. Faites-vous plaisir ! L\u00e2chez-vous ! Tout est possible ! Toutes les occasions sont bonnes pour faire un cadeau unique !","robots":{"index":"index","follow":"follow","max-snippet":"max-snippet:-1","max-image-preview":"max-image-preview:large","max-video-preview":"max-video-preview:-1"},"canonical":"https:\/\/technikaprint.fr\/index.php\/mugs\/","og_locale":"fr_FR","og_type":"article","og_title":"Mugs personnalis\u00e9s - Stand On Line - Offrez un mug unique","og_description":"Mugs personnalis\u00e9. Faites-vous plaisir ! L\u00e2chez-vous ! Tout est possible ! Toutes les occasions sont bonnes pour faire un cadeau unique !","og_url":"https:\/\/technikaprint.fr\/index.php\/mugs\/","og_site_name":"Stand On Line","article_publisher":"https:\/\/www.facebook.com\/technikaprint\/","article_modified_time":"2026-04-23T09:32:42+00:00","og_image":[{"width":2270,"height":674,"url":"https:\/\/technikaprint.fr\/wp-content\/uploads\/2020\/04\/ICONE-MUG.jpg","type":"image\/jpeg"}],"twitter_card":"summary_large_image","twitter_misc":{"Dur\u00e9e de lecture estim\u00e9e":"2 minutes"},"schema":{"@context":"https:\/\/schema.org","@graph":[{"@type":"WebPage","@id":"https:\/\/technikaprint.fr\/index.php\/mugs\/","url":"https:\/\/technikaprint.fr\/index.php\/mugs\/","name":"Mugs personnalis\u00e9s - Stand On Line - Offrez un mug unique","isPartOf":{"@id":"https:\/\/technikaprint.fr\/#website"},"primaryImageOfPage":{"@id":"https:\/\/technikaprint.fr\/index.php\/mugs\/#primaryimage"},"image":{"@id":"https:\/\/technikaprint.fr\/index.php\/mugs\/#primaryimage"},"thumbnailUrl":"https:\/\/technikaprint.fr\/wp-content\/uploads\/2020\/04\/ICONE-MUG-1024x304.jpg","datePublished":"2020-04-08T13:38:31+00:00","dateModified":"2026-04-23T09:32:42+00:00","description":"Mugs personnalis\u00e9. Faites-vous plaisir ! L\u00e2chez-vous ! Tout est possible ! Toutes les occasions sont bonnes pour faire un cadeau unique !","breadcrumb":{"@id":"https:\/\/technikaprint.fr\/index.php\/mugs\/#breadcrumb"},"inLanguage":"fr-FR","potentialAction":[{"@type":"ReadAction","target":["https:\/\/technikaprint.fr\/index.php\/mugs\/"]}]},{"@type":"ImageObject","inLanguage":"fr-FR","@id":"https:\/\/technikaprint.fr\/index.php\/mugs\/#primaryimage","url":"https:\/\/technikaprint.fr\/wp-content\/uploads\/2020\/04\/ICONE-MUG.jpg","contentUrl":"https:\/\/technikaprint.fr\/wp-content\/uploads\/2020\/04\/ICONE-MUG.jpg","width":2270,"height":674},{"@type":"BreadcrumbList","@id":"https:\/\/technikaprint.fr\/index.php\/mugs\/#breadcrumb","itemListElement":[{"@type":"ListItem","position":1,"name":"Accueil","item":"https:\/\/technikaprint.fr\/"},{"@type":"ListItem","position":2,"name":"Mugs"}]},{"@type":"WebSite","@id":"https:\/\/technikaprint.fr\/#website","url":"https:\/\/technikaprint.fr\/","name":"Stand On Line","description":"La boutique du Roll-up","publisher":{"@id":"https:\/\/technikaprint.fr\/#organization"},"potentialAction":[{"@type":"SearchAction","target":{"@type":"EntryPoint","urlTemplate":"https:\/\/technikaprint.fr\/?s={search_term_string}"},"query-input":{"@type":"PropertyValueSpecification","valueRequired":true,"valueName":"search_term_string"}}],"inLanguage":"fr-FR"},{"@type":"Organization","@id":"https:\/\/technikaprint.fr\/#organization","name":"Stand On Line \/ Technika-Print","url":"https:\/\/technikaprint.fr\/","logo":{"@type":"ImageObject","inLanguage":"fr-FR","@id":"https:\/\/technikaprint.fr\/#\/schema\/logo\/image\/","url":"https:\/\/technikaprint.fr\/wp-content\/uploads\/2020\/04\/SOL-AU-CARRE.jpg","contentUrl":"https:\/\/technikaprint.fr\/wp-content\/uploads\/2020\/04\/SOL-AU-CARRE.jpg","width":1705,"height":1705,"caption":"Stand On Line \/ Technika-Print"},"image":{"@id":"https:\/\/technikaprint.fr\/#\/schema\/logo\/image\/"},"sameAs":["https:\/\/www.facebook.com\/technikaprint\/","https:\/\/www.linkedin.com\/in\/yann-phetsanghane-50763315b\/"]}]}},"_links":{"self":[{"href":"https:\/\/technikaprint.fr\/index.php\/wp-json\/wp\/v2\/pages\/228","targetHints":{"allow":["GET"]}}],"collection":[{"href":"https:\/\/technikaprint.fr\/index.php\/wp-json\/wp\/v2\/pages"}],"about":[{"href":"https:\/\/technikaprint.fr\/index.php\/wp-json\/wp\/v2\/types\/page"}],"author":[{"embeddable":true,"href":"https:\/\/technikaprint.fr\/index.php\/wp-json\/wp\/v2\/users\/1"}],"replies":[{"embeddable":true,"href":"https:\/\/technikaprint.fr\/index.php\/wp-json\/wp\/v2\/comments?post=228"}],"version-history":[{"count":58,"href":"https:\/\/technikaprint.fr\/index.php\/wp-json\/wp\/v2\/pages\/228\/revisions"}],"predecessor-version":[{"id":3131,"href":"https:\/\/technikaprint.fr\/index.php\/wp-json\/wp\/v2\/pages\/228\/revisions\/3131"}],"wp:attachment":[{"href":"https:\/\/technikaprint.fr\/index.php\/wp-json\/wp\/v2\/media?parent=228"}],"curies":[{"name":"wp","href":"https:\/\/api.w.org\/{rel}","templated":true}]}}