{"id":2285,"date":"2021-03-27T12:58:46","date_gmt":"2021-03-27T11:58:46","guid":{"rendered":"https:\/\/technikaprint.fr\/?page_id=2285"},"modified":"2026-01-07T16:27:03","modified_gmt":"2026-01-07T15:27:03","slug":"tirage-de-plans-cad-80gr","status":"publish","type":"page","link":"https:\/\/technikaprint.fr\/index.php\/tirage-de-plans-cad-80gr\/","title":{"rendered":"Tirage de Plans"},"content":{"rendered":"\n<figure class=\"wp-block-image size-large\"><img fetchpriority=\"high\" decoding=\"async\" width=\"1024\" height=\"353\" src=\"https:\/\/technikaprint.fr\/wp-content\/uploads\/2021\/03\/BANNIERE-PLANS-1024x353.jpg\" alt=\"tirage de plan, plans, CAD, Autocad, Architecte, BTP, Bureau d'\u00e9tude\" class=\"wp-image-2286\" srcset=\"https:\/\/technikaprint.fr\/wp-content\/uploads\/2021\/03\/BANNIERE-PLANS-1024x353.jpg 1024w, https:\/\/technikaprint.fr\/wp-content\/uploads\/2021\/03\/BANNIERE-PLANS-300x103.jpg 300w, https:\/\/technikaprint.fr\/wp-content\/uploads\/2021\/03\/BANNIERE-PLANS-768x265.jpg 768w, https:\/\/technikaprint.fr\/wp-content\/uploads\/2021\/03\/BANNIERE-PLANS-1536x530.jpg 1536w, https:\/\/technikaprint.fr\/wp-content\/uploads\/2021\/03\/BANNIERE-PLANS-2048x706.jpg 2048w, https:\/\/technikaprint.fr\/wp-content\/uploads\/2021\/03\/BANNIERE-PLANS-360x124.jpg 360w\" sizes=\"(max-width: 1024px) 100vw, 1024px\" \/><\/figure>\n\n\n\n<h2 class=\"wp-block-heading\"><strong><span style=\"color:#1c40ad\" class=\"has-inline-color\">Tirage de plans couleur et monochrome<\/span><\/strong><\/h2>\n\n\n\n<p><strong><span class=\"has-inline-color has-black-color\">Vous recherchez un prestataires pour l&rsquo;impression des vos plans ?<\/span><\/strong><\/p>\n\n\n\n<p>C&rsquo;est ici que cela se passe ! Nous imprimons tous vos plans sur un papier CAD 80Gr et nous les plions au format A4. Les architectes, les plombiers, les \u00e9lectriciens nous font d\u00e9j\u00e0 confiance et nous confient leur tirage de plan.<\/p>\n\n\n\n<p><strong>Impression de plans<\/strong>&nbsp;d&rsquo;architecte, de copropri\u00e9t\u00e9, de masses, de situation, de fabrication, de pose, de coffrage&#8230; pr\u00e9sentez vos projets \u00e0 vos clients avec une impression en ligne d&rsquo;une qualit\u00e9 professionnelle ! 3 formats au choix : A2, A1 ou A0.  Il existe diff\u00e9rentes raisons pour lesquelles il vous sera n\u00e9cessaire de r\u00e9aliser un tirage de plan&nbsp;: dans le cadre de diff\u00e9rents m\u00e9tiers tels qu\u2019architecte, ing\u00e9nieur BTP, g\u00e9om\u00e8tre ou g\u00e9om\u00e8tre expert\u2026 Mais aussi pour un particulier qui aimerait r\u00e9aliser lui m\u00eame le plan de sa future maison et\/ou demander un permis de construire. Dans ce dernier cas de figure, nous vous conseillons de faire appel \u00e0 un bureau d\u2019\u00e9tude et\/ou \u00e0 un architecte qui pourra vous aider \u00e0 r\u00e9aliser votre plan puis \u00e0 le valider en y apposant son tampon pour multiplier vos chances de validation de permis de construire. Il peut aussi \u00eatre agr\u00e9able de faire un tirage de plan pour red\u00e9couvrir un lieu ou le plan original d\u2019un endroit qui a beaucoup chang\u00e9, en grand format.<\/p>\n\n\n\n<figure class=\"wp-block-table\"><table><tbody><tr><td>Plan A0 841&#215;1189 mm &#8211; couleur ou NB &#8211; CAD 80 Gr<\/td><td class=\"has-text-align-right\" data-align=\"right\"><strong>14.50\u20ac HT unitaire<\/strong><\/td><\/tr><tr><td>Plan A1 594&#215;541 mm &#8211; couleur ou NB &#8211; CAD 80 Gr<\/td><td class=\"has-text-align-right\" data-align=\"right\"><strong>13.00\u20ac HT unitaire<\/strong><\/td><\/tr><tr><td>Plan A2 420&#215;594 mm &#8211; couleur ou NB &#8211; CAD 80 Gr<\/td><td class=\"has-text-align-right\" data-align=\"right\"><strong>11.50\u20ac HT unitaire<\/strong><\/td><\/tr><\/tbody><\/table><\/figure>\n\n\n\n<p><\/p>\n\n\n\n<figure class=\"wp-block-image size-large\"><img decoding=\"async\" width=\"620\" height=\"330\" src=\"https:\/\/technikaprint.fr\/wp-content\/uploads\/2021\/03\/IMAGE-PLAN.jpg\" alt=\"tirage de plan, plans, CAD, Autocad, Architecte, BTP, Bureau d'\u00e9tude\" class=\"wp-image-2296\" srcset=\"https:\/\/technikaprint.fr\/wp-content\/uploads\/2021\/03\/IMAGE-PLAN.jpg 620w, https:\/\/technikaprint.fr\/wp-content\/uploads\/2021\/03\/IMAGE-PLAN-300x160.jpg 300w, https:\/\/technikaprint.fr\/wp-content\/uploads\/2021\/03\/IMAGE-PLAN-360x192.jpg 360w\" sizes=\"(max-width: 620px) 100vw, 620px\" \/><\/figure>\n\n\n\n<p><\/p>\n","protected":false},"excerpt":{"rendered":"<p>Tirage de plans couleur et monochrome Vous recherchez un prestataires pour l&rsquo;impression des vos plans ? C&rsquo;est ici que cela se passe ! Nous imprimons tous vos plans sur un papier CAD 80Gr et nous les plions au format A4.&hellip;&nbsp;<a href=\"https:\/\/technikaprint.fr\/index.php\/tirage-de-plans-cad-80gr\/\" class=\"more-link\">Lire la suite<\/a><\/p>\n","protected":false},"author":1,"featured_media":0,"parent":0,"menu_order":0,"comment_status":"closed","ping_status":"closed","template":"","meta":{"_monsterinsights_skip_tracking":false,"_monsterinsights_sitenote_active":false,"_monsterinsights_sitenote_note":"","_monsterinsights_sitenote_category":0,"footnotes":""},"class_list":["post-2285","page","type-page","status-publish","hentry"],"yoast_head":"<!-- This site is optimized with the Yoast SEO plugin v27.6 - https:\/\/yoast.com\/product\/yoast-seo-wordpress\/ -->\n<title>Tirage de Plans - Stand On Line<\/title>\n<meta name=\"description\" content=\"Tirage de plans couleur et monochrome Vous recherchez un prestataires pour l&#039;impression des vos plans ? C&#039;est ici que cela se passe ! Nous imprimons tous\" \/>\n<meta name=\"robots\" content=\"index, follow, max-snippet:-1, max-image-preview:large, max-video-preview:-1\" \/>\n<link rel=\"canonical\" href=\"https:\/\/technikaprint.fr\/index.php\/tirage-de-plans-cad-80gr\/\" \/>\n<meta property=\"og:locale\" content=\"fr_FR\" \/>\n<meta property=\"og:type\" content=\"article\" \/>\n<meta property=\"og:title\" content=\"Tirage de Plans - Stand On Line\" \/>\n<meta property=\"og:description\" content=\"Tirage de plans couleur et monochrome Vous recherchez un prestataires pour l&#039;impression des vos plans ? C&#039;est ici que cela se passe ! Nous imprimons tous\" \/>\n<meta property=\"og:url\" content=\"https:\/\/technikaprint.fr\/index.php\/tirage-de-plans-cad-80gr\/\" \/>\n<meta property=\"og:site_name\" content=\"Stand On Line\" \/>\n<meta property=\"article:publisher\" content=\"https:\/\/www.facebook.com\/technikaprint\/\" \/>\n<meta property=\"article:modified_time\" content=\"2026-01-07T15:27:03+00:00\" \/>\n<meta property=\"og:image\" content=\"https:\/\/technikaprint.fr\/wp-content\/uploads\/2021\/03\/BANNIERE-PLANS.jpg\" \/>\n\t<meta property=\"og:image:width\" content=\"2442\" \/>\n\t<meta property=\"og:image:height\" content=\"842\" \/>\n\t<meta property=\"og:image:type\" content=\"image\/jpeg\" \/>\n<meta name=\"twitter:card\" content=\"summary_large_image\" \/>\n<meta name=\"twitter:label1\" content=\"Dur\u00e9e de lecture estim\u00e9e\" \/>\n\t<meta name=\"twitter:data1\" content=\"2 minutes\" \/>\n<script type=\"application\/ld+json\" class=\"yoast-schema-graph\">{\"@context\":\"https:\\\/\\\/schema.org\",\"@graph\":[{\"@type\":\"WebPage\",\"@id\":\"https:\\\/\\\/technikaprint.fr\\\/index.php\\\/tirage-de-plans-cad-80gr\\\/\",\"url\":\"https:\\\/\\\/technikaprint.fr\\\/index.php\\\/tirage-de-plans-cad-80gr\\\/\",\"name\":\"Tirage de Plans - Stand On Line\",\"isPartOf\":{\"@id\":\"https:\\\/\\\/technikaprint.fr\\\/#website\"},\"primaryImageOfPage\":{\"@id\":\"https:\\\/\\\/technikaprint.fr\\\/index.php\\\/tirage-de-plans-cad-80gr\\\/#primaryimage\"},\"image\":{\"@id\":\"https:\\\/\\\/technikaprint.fr\\\/index.php\\\/tirage-de-plans-cad-80gr\\\/#primaryimage\"},\"thumbnailUrl\":\"https:\\\/\\\/technikaprint.fr\\\/wp-content\\\/uploads\\\/2021\\\/03\\\/BANNIERE-PLANS-1024x353.jpg\",\"datePublished\":\"2021-03-27T11:58:46+00:00\",\"dateModified\":\"2026-01-07T15:27:03+00:00\",\"description\":\"Tirage de plans couleur et monochrome Vous recherchez un prestataires pour l'impression des vos plans ? C'est ici que cela se passe ! Nous imprimons tous\",\"breadcrumb\":{\"@id\":\"https:\\\/\\\/technikaprint.fr\\\/index.php\\\/tirage-de-plans-cad-80gr\\\/#breadcrumb\"},\"inLanguage\":\"fr-FR\",\"potentialAction\":[{\"@type\":\"ReadAction\",\"target\":[\"https:\\\/\\\/technikaprint.fr\\\/index.php\\\/tirage-de-plans-cad-80gr\\\/\"]}]},{\"@type\":\"ImageObject\",\"inLanguage\":\"fr-FR\",\"@id\":\"https:\\\/\\\/technikaprint.fr\\\/index.php\\\/tirage-de-plans-cad-80gr\\\/#primaryimage\",\"url\":\"https:\\\/\\\/technikaprint.fr\\\/wp-content\\\/uploads\\\/2021\\\/03\\\/BANNIERE-PLANS.jpg\",\"contentUrl\":\"https:\\\/\\\/technikaprint.fr\\\/wp-content\\\/uploads\\\/2021\\\/03\\\/BANNIERE-PLANS.jpg\",\"width\":2442,\"height\":842},{\"@type\":\"BreadcrumbList\",\"@id\":\"https:\\\/\\\/technikaprint.fr\\\/index.php\\\/tirage-de-plans-cad-80gr\\\/#breadcrumb\",\"itemListElement\":[{\"@type\":\"ListItem\",\"position\":1,\"name\":\"Accueil\",\"item\":\"https:\\\/\\\/technikaprint.fr\\\/\"},{\"@type\":\"ListItem\",\"position\":2,\"name\":\"Tirage de Plans\"}]},{\"@type\":\"WebSite\",\"@id\":\"https:\\\/\\\/technikaprint.fr\\\/#website\",\"url\":\"https:\\\/\\\/technikaprint.fr\\\/\",\"name\":\"Stand On Line\",\"description\":\"La boutique du Roll-up\",\"publisher\":{\"@id\":\"https:\\\/\\\/technikaprint.fr\\\/#organization\"},\"potentialAction\":[{\"@type\":\"SearchAction\",\"target\":{\"@type\":\"EntryPoint\",\"urlTemplate\":\"https:\\\/\\\/technikaprint.fr\\\/?s={search_term_string}\"},\"query-input\":{\"@type\":\"PropertyValueSpecification\",\"valueRequired\":true,\"valueName\":\"search_term_string\"}}],\"inLanguage\":\"fr-FR\"},{\"@type\":\"Organization\",\"@id\":\"https:\\\/\\\/technikaprint.fr\\\/#organization\",\"name\":\"Stand On Line \\\/ Technika-Print\",\"url\":\"https:\\\/\\\/technikaprint.fr\\\/\",\"logo\":{\"@type\":\"ImageObject\",\"inLanguage\":\"fr-FR\",\"@id\":\"https:\\\/\\\/technikaprint.fr\\\/#\\\/schema\\\/logo\\\/image\\\/\",\"url\":\"https:\\\/\\\/technikaprint.fr\\\/wp-content\\\/uploads\\\/2020\\\/04\\\/SOL-AU-CARRE.jpg\",\"contentUrl\":\"https:\\\/\\\/technikaprint.fr\\\/wp-content\\\/uploads\\\/2020\\\/04\\\/SOL-AU-CARRE.jpg\",\"width\":1705,\"height\":1705,\"caption\":\"Stand On Line \\\/ Technika-Print\"},\"image\":{\"@id\":\"https:\\\/\\\/technikaprint.fr\\\/#\\\/schema\\\/logo\\\/image\\\/\"},\"sameAs\":[\"https:\\\/\\\/www.facebook.com\\\/technikaprint\\\/\",\"https:\\\/\\\/www.linkedin.com\\\/in\\\/yann-phetsanghane-50763315b\\\/\"]}]}<\/script>\n<!-- \/ Yoast SEO plugin. -->","yoast_head_json":{"title":"Tirage de Plans - Stand On Line","description":"Tirage de plans couleur et monochrome Vous recherchez un prestataires pour l'impression des vos plans ? C'est ici que cela se passe ! Nous imprimons tous","robots":{"index":"index","follow":"follow","max-snippet":"max-snippet:-1","max-image-preview":"max-image-preview:large","max-video-preview":"max-video-preview:-1"},"canonical":"https:\/\/technikaprint.fr\/index.php\/tirage-de-plans-cad-80gr\/","og_locale":"fr_FR","og_type":"article","og_title":"Tirage de Plans - Stand On Line","og_description":"Tirage de plans couleur et monochrome Vous recherchez un prestataires pour l'impression des vos plans ? C'est ici que cela se passe ! Nous imprimons tous","og_url":"https:\/\/technikaprint.fr\/index.php\/tirage-de-plans-cad-80gr\/","og_site_name":"Stand On Line","article_publisher":"https:\/\/www.facebook.com\/technikaprint\/","article_modified_time":"2026-01-07T15:27:03+00:00","og_image":[{"width":2442,"height":842,"url":"https:\/\/technikaprint.fr\/wp-content\/uploads\/2021\/03\/BANNIERE-PLANS.jpg","type":"image\/jpeg"}],"twitter_card":"summary_large_image","twitter_misc":{"Dur\u00e9e de lecture estim\u00e9e":"2 minutes"},"schema":{"@context":"https:\/\/schema.org","@graph":[{"@type":"WebPage","@id":"https:\/\/technikaprint.fr\/index.php\/tirage-de-plans-cad-80gr\/","url":"https:\/\/technikaprint.fr\/index.php\/tirage-de-plans-cad-80gr\/","name":"Tirage de Plans - Stand On Line","isPartOf":{"@id":"https:\/\/technikaprint.fr\/#website"},"primaryImageOfPage":{"@id":"https:\/\/technikaprint.fr\/index.php\/tirage-de-plans-cad-80gr\/#primaryimage"},"image":{"@id":"https:\/\/technikaprint.fr\/index.php\/tirage-de-plans-cad-80gr\/#primaryimage"},"thumbnailUrl":"https:\/\/technikaprint.fr\/wp-content\/uploads\/2021\/03\/BANNIERE-PLANS-1024x353.jpg","datePublished":"2021-03-27T11:58:46+00:00","dateModified":"2026-01-07T15:27:03+00:00","description":"Tirage de plans couleur et monochrome Vous recherchez un prestataires pour l'impression des vos plans ? C'est ici que cela se passe ! Nous imprimons tous","breadcrumb":{"@id":"https:\/\/technikaprint.fr\/index.php\/tirage-de-plans-cad-80gr\/#breadcrumb"},"inLanguage":"fr-FR","potentialAction":[{"@type":"ReadAction","target":["https:\/\/technikaprint.fr\/index.php\/tirage-de-plans-cad-80gr\/"]}]},{"@type":"ImageObject","inLanguage":"fr-FR","@id":"https:\/\/technikaprint.fr\/index.php\/tirage-de-plans-cad-80gr\/#primaryimage","url":"https:\/\/technikaprint.fr\/wp-content\/uploads\/2021\/03\/BANNIERE-PLANS.jpg","contentUrl":"https:\/\/technikaprint.fr\/wp-content\/uploads\/2021\/03\/BANNIERE-PLANS.jpg","width":2442,"height":842},{"@type":"BreadcrumbList","@id":"https:\/\/technikaprint.fr\/index.php\/tirage-de-plans-cad-80gr\/#breadcrumb","itemListElement":[{"@type":"ListItem","position":1,"name":"Accueil","item":"https:\/\/technikaprint.fr\/"},{"@type":"ListItem","position":2,"name":"Tirage de Plans"}]},{"@type":"WebSite","@id":"https:\/\/technikaprint.fr\/#website","url":"https:\/\/technikaprint.fr\/","name":"Stand On Line","description":"La boutique du Roll-up","publisher":{"@id":"https:\/\/technikaprint.fr\/#organization"},"potentialAction":[{"@type":"SearchAction","target":{"@type":"EntryPoint","urlTemplate":"https:\/\/technikaprint.fr\/?s={search_term_string}"},"query-input":{"@type":"PropertyValueSpecification","valueRequired":true,"valueName":"search_term_string"}}],"inLanguage":"fr-FR"},{"@type":"Organization","@id":"https:\/\/technikaprint.fr\/#organization","name":"Stand On Line \/ Technika-Print","url":"https:\/\/technikaprint.fr\/","logo":{"@type":"ImageObject","inLanguage":"fr-FR","@id":"https:\/\/technikaprint.fr\/#\/schema\/logo\/image\/","url":"https:\/\/technikaprint.fr\/wp-content\/uploads\/2020\/04\/SOL-AU-CARRE.jpg","contentUrl":"https:\/\/technikaprint.fr\/wp-content\/uploads\/2020\/04\/SOL-AU-CARRE.jpg","width":1705,"height":1705,"caption":"Stand On Line \/ Technika-Print"},"image":{"@id":"https:\/\/technikaprint.fr\/#\/schema\/logo\/image\/"},"sameAs":["https:\/\/www.facebook.com\/technikaprint\/","https:\/\/www.linkedin.com\/in\/yann-phetsanghane-50763315b\/"]}]}},"_links":{"self":[{"href":"https:\/\/technikaprint.fr\/index.php\/wp-json\/wp\/v2\/pages\/2285","targetHints":{"allow":["GET"]}}],"collection":[{"href":"https:\/\/technikaprint.fr\/index.php\/wp-json\/wp\/v2\/pages"}],"about":[{"href":"https:\/\/technikaprint.fr\/index.php\/wp-json\/wp\/v2\/types\/page"}],"author":[{"embeddable":true,"href":"https:\/\/technikaprint.fr\/index.php\/wp-json\/wp\/v2\/users\/1"}],"replies":[{"embeddable":true,"href":"https:\/\/technikaprint.fr\/index.php\/wp-json\/wp\/v2\/comments?post=2285"}],"version-history":[{"count":15,"href":"https:\/\/technikaprint.fr\/index.php\/wp-json\/wp\/v2\/pages\/2285\/revisions"}],"predecessor-version":[{"id":3084,"href":"https:\/\/technikaprint.fr\/index.php\/wp-json\/wp\/v2\/pages\/2285\/revisions\/3084"}],"wp:attachment":[{"href":"https:\/\/technikaprint.fr\/index.php\/wp-json\/wp\/v2\/media?parent=2285"}],"curies":[{"name":"wp","href":"https:\/\/api.w.org\/{rel}","templated":true}]}}