{"id":232,"date":"2020-04-08T15:39:09","date_gmt":"2020-04-08T13:39:09","guid":{"rendered":"https:\/\/technikaprint.fr\/?page_id=232"},"modified":"2026-04-23T11:17:16","modified_gmt":"2026-04-23T09:17:16","slug":"imprimeur-numerique","status":"publish","type":"page","link":"https:\/\/technikaprint.fr\/index.php\/imprimeur-numerique\/","title":{"rendered":"Impressions"},"content":{"rendered":"\n<h2 class=\"wp-block-heading\"><span style=\"color:#1c40ad\" class=\"has-inline-color\"><strong>Imprimeur num\u00e9rique, quelques mots&#8230;<\/strong><\/span><\/h2>\n\n\n\n<figure class=\"wp-block-image size-large is-resized\"><img fetchpriority=\"high\" decoding=\"async\" width=\"1024\" height=\"276\" src=\"https:\/\/technikaprint.fr\/wp-content\/uploads\/2020\/05\/BANNIERE-IMPRESSION-1-1024x276.jpg\" alt=\"Impression num\u00e9rique, Labo couleur, Photo, Tirage, Affiche, Stand, Stickers, Roll-Up, Kakemono\" class=\"wp-image-1602\" style=\"width:1014px;height:273px\" srcset=\"https:\/\/technikaprint.fr\/wp-content\/uploads\/2020\/05\/BANNIERE-IMPRESSION-1-1024x276.jpg 1024w, https:\/\/technikaprint.fr\/wp-content\/uploads\/2020\/05\/BANNIERE-IMPRESSION-1-300x81.jpg 300w, https:\/\/technikaprint.fr\/wp-content\/uploads\/2020\/05\/BANNIERE-IMPRESSION-1-768x207.jpg 768w, https:\/\/technikaprint.fr\/wp-content\/uploads\/2020\/05\/BANNIERE-IMPRESSION-1-360x97.jpg 360w, https:\/\/technikaprint.fr\/wp-content\/uploads\/2020\/05\/BANNIERE-IMPRESSION-1.jpg 1260w\" sizes=\"(max-width: 1024px) 100vw, 1024px\" \/><\/figure>\n\n\n\n<p>L\u2019impression num\u00e9rique est une technologie qui permet de reproduire des documents directement \u00e0 partir de donn\u00e9es informatiques. Plus simplement, il s\u2019agit d\u2019imprimer depuis un ordinateur, sans \u00e9tape interm\u00e9diaire.<\/p>\n\n\n\n<p>Rapide, souple et efficace, ce proc\u00e9d\u00e9 est aujourd\u2019hui largement utilis\u00e9, aussi bien par les professionnels que par les particuliers. C\u2019est d\u2019ailleurs le type d\u2019impression que vous utilisez au quotidien, au bureau comme \u00e0 la maison.<\/p>\n\n\n\n<p>V\u00e9ritable \u00e9volution de l\u2019imprimerie au sens noble du terme, l\u2019impression num\u00e9rique s\u2019inscrit dans une r\u00e9volution technologique port\u00e9e par les avanc\u00e9es de l\u2019informatique. En quelques d\u00e9cennies, elle a profond\u00e9ment transform\u00e9 un univers pourtant ancien, bien loin des premi\u00e8res techniques comme <strong><a href=\"http:\/\/expositions.bnf.fr\/chine\/reperes\/2\/2_4.htm\" target=\"_blank\" rel=\"noreferrer noopener\">la xylographie<\/a><\/strong> <\/p>\n\n\n\n<p>Difficile d\u2019en dater pr\u00e9cis\u00e9ment l\u2019apparition tant son d\u00e9veloppement est li\u00e9 \u00e0 l\u2019\u00e9volution des technologies num\u00e9riques\u2026 mais une chose est s\u00fbre : <strong>elle a red\u00e9fini les standards de l\u2019impression moderne.<\/strong><\/p>\n\n\n\n<p><strong><em>Notre m\u00e9tier : imprimeur num\u00e9rique.<br><\/em><\/strong><br><\/p>\n\n\n\n<figure class=\"wp-block-image size-large is-resized\"><img decoding=\"async\" width=\"1024\" height=\"320\" src=\"https:\/\/technikaprint.fr\/wp-content\/uploads\/2020\/05\/TETE-JET-ENCRE-1024x320.jpg\" alt=\"Impression jet d'encre\" class=\"wp-image-1609\" style=\"width:931px;height:291px\" srcset=\"https:\/\/technikaprint.fr\/wp-content\/uploads\/2020\/05\/TETE-JET-ENCRE-1024x320.jpg 1024w, https:\/\/technikaprint.fr\/wp-content\/uploads\/2020\/05\/TETE-JET-ENCRE-300x94.jpg 300w, https:\/\/technikaprint.fr\/wp-content\/uploads\/2020\/05\/TETE-JET-ENCRE-768x240.jpg 768w, https:\/\/technikaprint.fr\/wp-content\/uploads\/2020\/05\/TETE-JET-ENCRE-360x112.jpg 360w, https:\/\/technikaprint.fr\/wp-content\/uploads\/2020\/05\/TETE-JET-ENCRE.jpg 1134w\" sizes=\"(max-width: 1024px) 100vw, 1024px\" \/><\/figure>\n\n\n\n<h2 class=\"wp-block-heading\"><br><span style=\"color:#1c40ad\" class=\"has-inline-color\"><strong>Technique du jet d&rsquo;encre<\/strong><\/span><\/h2>\n\n\n\n<p><strong>Le jet d\u2019encre<\/strong> est une technologie utilis\u00e9e dans de nombreux domaines industriels. On l\u2019associe souvent aux imprimantes de bureau, mais il joue aussi un r\u00f4le majeur dans l\u2019imprimerie professionnelle, o\u00f9 il a profond\u00e9ment transform\u00e9 les m\u00e9thodes de production.<\/p>\n\n\n\n<p>Contrairement \u00e0 ce que l\u2019on pourrait penser, ce proc\u00e9d\u00e9 n\u2019est pas si r\u00e9cent. Ses premi\u00e8res bases remontent \u00e0 la fin du XVIII\u1d49 si\u00e8cle en France, et ses principes fondamentaux ont \u00e9t\u00e9 formalis\u00e9s d\u00e8s 1890 par Lord Rayleigh, un scientifique de Cambridge. Toutefois, les \u00e9quipements modernes tels que nous les connaissons aujourd\u2019hui n\u2019ont r\u00e9ellement vu le jour qu\u2019\u00e0 partir des ann\u00e9es 1960.<\/p>\n\n\n\n<p><strong>Le fonctionnement du jet d\u2019encre repose sur un principe simple :<\/strong> de minuscules gouttes d\u2019encre sont projet\u00e9es avec pr\u00e9cision sur un support, sans contact direct. Ces gouttes sont contr\u00f4l\u00e9es par ordinateur, ce qui permet de reproduire des images et des textes avec une grande finesse et une excellente qualit\u00e9.<\/p>\n\n\n\n<p>En r\u00e9sum\u00e9, le jet d\u2019encre est une technologie \u00e0 la fois ancienne dans ses fondements et tr\u00e8s moderne dans ses applications, devenue incontournable dans le monde de l\u2019impression.<\/p>\n\n\n\n<p><\/p>\n","protected":false},"excerpt":{"rendered":"<p>Imprimeur num\u00e9rique, quelques mots&#8230; L\u2019impression num\u00e9rique est une technologie qui permet de reproduire des documents directement \u00e0 partir de donn\u00e9es informatiques. Plus simplement, il s\u2019agit d\u2019imprimer depuis un ordinateur, sans \u00e9tape interm\u00e9diaire. Rapide, souple et efficace, ce proc\u00e9d\u00e9 est aujourd\u2019hui&hellip;&nbsp;<a href=\"https:\/\/technikaprint.fr\/index.php\/imprimeur-numerique\/\" class=\"more-link\">Lire la suite<\/a><\/p>\n","protected":false},"author":1,"featured_media":0,"parent":0,"menu_order":0,"comment_status":"closed","ping_status":"closed","template":"","meta":{"_monsterinsights_skip_tracking":false,"_monsterinsights_sitenote_active":false,"_monsterinsights_sitenote_note":"","_monsterinsights_sitenote_category":0,"footnotes":""},"class_list":["post-232","page","type-page","status-publish","hentry"],"yoast_head":"<!-- This site is optimized with the Yoast SEO plugin v27.5 - https:\/\/yoast.com\/product\/yoast-seo-wordpress\/ -->\n<title>Imprimeur num\u00e9rique - Stand On Line - Labo d&#039;impression num\u00e9rique<\/title>\n<meta name=\"description\" content=\"Impression num\u00e9rique au service de la communication visuelle et graphique. Stand On Line, effervescence perp\u00e9tuelle !\" \/>\n<meta name=\"robots\" content=\"index, follow, max-snippet:-1, max-image-preview:large, max-video-preview:-1\" \/>\n<link rel=\"canonical\" href=\"https:\/\/technikaprint.fr\/index.php\/imprimeur-numerique\/\" \/>\n<meta property=\"og:locale\" content=\"fr_FR\" \/>\n<meta property=\"og:type\" content=\"article\" \/>\n<meta property=\"og:title\" content=\"Imprimeur num\u00e9rique - Stand On Line - Labo d&#039;impression num\u00e9rique\" \/>\n<meta property=\"og:description\" content=\"Impression num\u00e9rique au service de la communication visuelle et graphique. Stand On Line, effervescence perp\u00e9tuelle !\" \/>\n<meta property=\"og:url\" content=\"https:\/\/technikaprint.fr\/index.php\/imprimeur-numerique\/\" \/>\n<meta property=\"og:site_name\" content=\"Stand On Line\" \/>\n<meta property=\"article:publisher\" content=\"https:\/\/www.facebook.com\/technikaprint\/\" \/>\n<meta property=\"article:modified_time\" content=\"2026-04-23T09:17:16+00:00\" \/>\n<meta property=\"og:image\" content=\"https:\/\/technikaprint.fr\/wp-content\/uploads\/2020\/05\/BANNIERE-IMPRESSION-1.jpg\" \/>\n\t<meta property=\"og:image:width\" content=\"1260\" \/>\n\t<meta property=\"og:image:height\" content=\"340\" \/>\n\t<meta property=\"og:image:type\" content=\"image\/jpeg\" \/>\n<meta name=\"twitter:card\" content=\"summary_large_image\" \/>\n<meta name=\"twitter:label1\" content=\"Dur\u00e9e de lecture estim\u00e9e\" \/>\n\t<meta name=\"twitter:data1\" content=\"3 minutes\" \/>\n<script type=\"application\/ld+json\" class=\"yoast-schema-graph\">{\"@context\":\"https:\\\/\\\/schema.org\",\"@graph\":[{\"@type\":\"WebPage\",\"@id\":\"https:\\\/\\\/technikaprint.fr\\\/index.php\\\/imprimeur-numerique\\\/\",\"url\":\"https:\\\/\\\/technikaprint.fr\\\/index.php\\\/imprimeur-numerique\\\/\",\"name\":\"Imprimeur num\u00e9rique - Stand On Line - Labo d'impression num\u00e9rique\",\"isPartOf\":{\"@id\":\"https:\\\/\\\/technikaprint.fr\\\/#website\"},\"primaryImageOfPage\":{\"@id\":\"https:\\\/\\\/technikaprint.fr\\\/index.php\\\/imprimeur-numerique\\\/#primaryimage\"},\"image\":{\"@id\":\"https:\\\/\\\/technikaprint.fr\\\/index.php\\\/imprimeur-numerique\\\/#primaryimage\"},\"thumbnailUrl\":\"https:\\\/\\\/technikaprint.fr\\\/wp-content\\\/uploads\\\/2020\\\/05\\\/BANNIERE-IMPRESSION-1-1024x276.jpg\",\"datePublished\":\"2020-04-08T13:39:09+00:00\",\"dateModified\":\"2026-04-23T09:17:16+00:00\",\"description\":\"Impression num\u00e9rique au service de la communication visuelle et graphique. Stand On Line, effervescence perp\u00e9tuelle !\",\"breadcrumb\":{\"@id\":\"https:\\\/\\\/technikaprint.fr\\\/index.php\\\/imprimeur-numerique\\\/#breadcrumb\"},\"inLanguage\":\"fr-FR\",\"potentialAction\":[{\"@type\":\"ReadAction\",\"target\":[\"https:\\\/\\\/technikaprint.fr\\\/index.php\\\/imprimeur-numerique\\\/\"]}]},{\"@type\":\"ImageObject\",\"inLanguage\":\"fr-FR\",\"@id\":\"https:\\\/\\\/technikaprint.fr\\\/index.php\\\/imprimeur-numerique\\\/#primaryimage\",\"url\":\"https:\\\/\\\/technikaprint.fr\\\/wp-content\\\/uploads\\\/2020\\\/05\\\/BANNIERE-IMPRESSION-1.jpg\",\"contentUrl\":\"https:\\\/\\\/technikaprint.fr\\\/wp-content\\\/uploads\\\/2020\\\/05\\\/BANNIERE-IMPRESSION-1.jpg\",\"width\":1260,\"height\":340},{\"@type\":\"BreadcrumbList\",\"@id\":\"https:\\\/\\\/technikaprint.fr\\\/index.php\\\/imprimeur-numerique\\\/#breadcrumb\",\"itemListElement\":[{\"@type\":\"ListItem\",\"position\":1,\"name\":\"Accueil\",\"item\":\"https:\\\/\\\/technikaprint.fr\\\/\"},{\"@type\":\"ListItem\",\"position\":2,\"name\":\"Impressions\"}]},{\"@type\":\"WebSite\",\"@id\":\"https:\\\/\\\/technikaprint.fr\\\/#website\",\"url\":\"https:\\\/\\\/technikaprint.fr\\\/\",\"name\":\"Stand On Line\",\"description\":\"La boutique du Roll-up\",\"publisher\":{\"@id\":\"https:\\\/\\\/technikaprint.fr\\\/#organization\"},\"potentialAction\":[{\"@type\":\"SearchAction\",\"target\":{\"@type\":\"EntryPoint\",\"urlTemplate\":\"https:\\\/\\\/technikaprint.fr\\\/?s={search_term_string}\"},\"query-input\":{\"@type\":\"PropertyValueSpecification\",\"valueRequired\":true,\"valueName\":\"search_term_string\"}}],\"inLanguage\":\"fr-FR\"},{\"@type\":\"Organization\",\"@id\":\"https:\\\/\\\/technikaprint.fr\\\/#organization\",\"name\":\"Stand On Line \\\/ Technika-Print\",\"url\":\"https:\\\/\\\/technikaprint.fr\\\/\",\"logo\":{\"@type\":\"ImageObject\",\"inLanguage\":\"fr-FR\",\"@id\":\"https:\\\/\\\/technikaprint.fr\\\/#\\\/schema\\\/logo\\\/image\\\/\",\"url\":\"https:\\\/\\\/technikaprint.fr\\\/wp-content\\\/uploads\\\/2020\\\/04\\\/SOL-AU-CARRE.jpg\",\"contentUrl\":\"https:\\\/\\\/technikaprint.fr\\\/wp-content\\\/uploads\\\/2020\\\/04\\\/SOL-AU-CARRE.jpg\",\"width\":1705,\"height\":1705,\"caption\":\"Stand On Line \\\/ Technika-Print\"},\"image\":{\"@id\":\"https:\\\/\\\/technikaprint.fr\\\/#\\\/schema\\\/logo\\\/image\\\/\"},\"sameAs\":[\"https:\\\/\\\/www.facebook.com\\\/technikaprint\\\/\",\"https:\\\/\\\/www.linkedin.com\\\/in\\\/yann-phetsanghane-50763315b\\\/\"]}]}<\/script>\n<!-- \/ Yoast SEO plugin. -->","yoast_head_json":{"title":"Imprimeur num\u00e9rique - Stand On Line - Labo d'impression num\u00e9rique","description":"Impression num\u00e9rique au service de la communication visuelle et graphique. Stand On Line, effervescence perp\u00e9tuelle !","robots":{"index":"index","follow":"follow","max-snippet":"max-snippet:-1","max-image-preview":"max-image-preview:large","max-video-preview":"max-video-preview:-1"},"canonical":"https:\/\/technikaprint.fr\/index.php\/imprimeur-numerique\/","og_locale":"fr_FR","og_type":"article","og_title":"Imprimeur num\u00e9rique - Stand On Line - Labo d'impression num\u00e9rique","og_description":"Impression num\u00e9rique au service de la communication visuelle et graphique. Stand On Line, effervescence perp\u00e9tuelle !","og_url":"https:\/\/technikaprint.fr\/index.php\/imprimeur-numerique\/","og_site_name":"Stand On Line","article_publisher":"https:\/\/www.facebook.com\/technikaprint\/","article_modified_time":"2026-04-23T09:17:16+00:00","og_image":[{"width":1260,"height":340,"url":"https:\/\/technikaprint.fr\/wp-content\/uploads\/2020\/05\/BANNIERE-IMPRESSION-1.jpg","type":"image\/jpeg"}],"twitter_card":"summary_large_image","twitter_misc":{"Dur\u00e9e de lecture estim\u00e9e":"3 minutes"},"schema":{"@context":"https:\/\/schema.org","@graph":[{"@type":"WebPage","@id":"https:\/\/technikaprint.fr\/index.php\/imprimeur-numerique\/","url":"https:\/\/technikaprint.fr\/index.php\/imprimeur-numerique\/","name":"Imprimeur num\u00e9rique - Stand On Line - Labo d'impression num\u00e9rique","isPartOf":{"@id":"https:\/\/technikaprint.fr\/#website"},"primaryImageOfPage":{"@id":"https:\/\/technikaprint.fr\/index.php\/imprimeur-numerique\/#primaryimage"},"image":{"@id":"https:\/\/technikaprint.fr\/index.php\/imprimeur-numerique\/#primaryimage"},"thumbnailUrl":"https:\/\/technikaprint.fr\/wp-content\/uploads\/2020\/05\/BANNIERE-IMPRESSION-1-1024x276.jpg","datePublished":"2020-04-08T13:39:09+00:00","dateModified":"2026-04-23T09:17:16+00:00","description":"Impression num\u00e9rique au service de la communication visuelle et graphique. Stand On Line, effervescence perp\u00e9tuelle !","breadcrumb":{"@id":"https:\/\/technikaprint.fr\/index.php\/imprimeur-numerique\/#breadcrumb"},"inLanguage":"fr-FR","potentialAction":[{"@type":"ReadAction","target":["https:\/\/technikaprint.fr\/index.php\/imprimeur-numerique\/"]}]},{"@type":"ImageObject","inLanguage":"fr-FR","@id":"https:\/\/technikaprint.fr\/index.php\/imprimeur-numerique\/#primaryimage","url":"https:\/\/technikaprint.fr\/wp-content\/uploads\/2020\/05\/BANNIERE-IMPRESSION-1.jpg","contentUrl":"https:\/\/technikaprint.fr\/wp-content\/uploads\/2020\/05\/BANNIERE-IMPRESSION-1.jpg","width":1260,"height":340},{"@type":"BreadcrumbList","@id":"https:\/\/technikaprint.fr\/index.php\/imprimeur-numerique\/#breadcrumb","itemListElement":[{"@type":"ListItem","position":1,"name":"Accueil","item":"https:\/\/technikaprint.fr\/"},{"@type":"ListItem","position":2,"name":"Impressions"}]},{"@type":"WebSite","@id":"https:\/\/technikaprint.fr\/#website","url":"https:\/\/technikaprint.fr\/","name":"Stand On Line","description":"La boutique du Roll-up","publisher":{"@id":"https:\/\/technikaprint.fr\/#organization"},"potentialAction":[{"@type":"SearchAction","target":{"@type":"EntryPoint","urlTemplate":"https:\/\/technikaprint.fr\/?s={search_term_string}"},"query-input":{"@type":"PropertyValueSpecification","valueRequired":true,"valueName":"search_term_string"}}],"inLanguage":"fr-FR"},{"@type":"Organization","@id":"https:\/\/technikaprint.fr\/#organization","name":"Stand On Line \/ Technika-Print","url":"https:\/\/technikaprint.fr\/","logo":{"@type":"ImageObject","inLanguage":"fr-FR","@id":"https:\/\/technikaprint.fr\/#\/schema\/logo\/image\/","url":"https:\/\/technikaprint.fr\/wp-content\/uploads\/2020\/04\/SOL-AU-CARRE.jpg","contentUrl":"https:\/\/technikaprint.fr\/wp-content\/uploads\/2020\/04\/SOL-AU-CARRE.jpg","width":1705,"height":1705,"caption":"Stand On Line \/ Technika-Print"},"image":{"@id":"https:\/\/technikaprint.fr\/#\/schema\/logo\/image\/"},"sameAs":["https:\/\/www.facebook.com\/technikaprint\/","https:\/\/www.linkedin.com\/in\/yann-phetsanghane-50763315b\/"]}]}},"_links":{"self":[{"href":"https:\/\/technikaprint.fr\/index.php\/wp-json\/wp\/v2\/pages\/232","targetHints":{"allow":["GET"]}}],"collection":[{"href":"https:\/\/technikaprint.fr\/index.php\/wp-json\/wp\/v2\/pages"}],"about":[{"href":"https:\/\/technikaprint.fr\/index.php\/wp-json\/wp\/v2\/types\/page"}],"author":[{"embeddable":true,"href":"https:\/\/technikaprint.fr\/index.php\/wp-json\/wp\/v2\/users\/1"}],"replies":[{"embeddable":true,"href":"https:\/\/technikaprint.fr\/index.php\/wp-json\/wp\/v2\/comments?post=232"}],"version-history":[{"count":13,"href":"https:\/\/technikaprint.fr\/index.php\/wp-json\/wp\/v2\/pages\/232\/revisions"}],"predecessor-version":[{"id":3123,"href":"https:\/\/technikaprint.fr\/index.php\/wp-json\/wp\/v2\/pages\/232\/revisions\/3123"}],"wp:attachment":[{"href":"https:\/\/technikaprint.fr\/index.php\/wp-json\/wp\/v2\/media?parent=232"}],"curies":[{"name":"wp","href":"https:\/\/api.w.org\/{rel}","templated":true}]}}