{"id":234,"date":"2020-04-08T15:39:54","date_gmt":"2020-04-08T13:39:54","guid":{"rendered":"https:\/\/technikaprint.fr\/?page_id=234"},"modified":"2025-02-05T16:44:26","modified_gmt":"2025-02-05T15:44:26","slug":"stand-parapluie","status":"publish","type":"page","link":"https:\/\/technikaprint.fr\/index.php\/stand-parapluie\/","title":{"rendered":"Stand Plastifi\u00e9 Khara"},"content":{"rendered":"\n<figure class=\"wp-block-gallery has-nested-images columns-default is-cropped wp-block-gallery-1 is-layout-flex wp-block-gallery-is-layout-flex\">\n<figure class=\"wp-block-image size-large\"><img fetchpriority=\"high\" decoding=\"async\" width=\"1024\" height=\"273\" data-id=\"2523\" src=\"https:\/\/technikaprint.fr\/wp-content\/uploads\/2024\/01\/ICONE-KHARA-1024x273.jpg\" alt=\"\" class=\"wp-image-2523\" srcset=\"https:\/\/technikaprint.fr\/wp-content\/uploads\/2024\/01\/ICONE-KHARA-1024x273.jpg 1024w, https:\/\/technikaprint.fr\/wp-content\/uploads\/2024\/01\/ICONE-KHARA-300x80.jpg 300w, https:\/\/technikaprint.fr\/wp-content\/uploads\/2024\/01\/ICONE-KHARA-768x205.jpg 768w, https:\/\/technikaprint.fr\/wp-content\/uploads\/2024\/01\/ICONE-KHARA-1536x409.jpg 1536w, https:\/\/technikaprint.fr\/wp-content\/uploads\/2024\/01\/ICONE-KHARA-2048x545.jpg 2048w, https:\/\/technikaprint.fr\/wp-content\/uploads\/2024\/01\/ICONE-KHARA-360x96.jpg 360w\" sizes=\"(max-width: 1024px) 100vw, 1024px\" \/><\/figure>\n<\/figure>\n\n\n\n<ul class=\"wp-block-list\">\n<li>Format 3&#215;3 = 5 l\u00e9s de 673&#215;2225 mm &#8211; Format final : 3365&#215;2225 mm<\/li>\n\n\n\n<li>Format 4&#215;3 = 6 l\u00e9s de 673&#215;2225 mm &#8211; Format final : 4038&#215;2225 mm<\/li>\n<\/ul>\n\n\n\n<figure class=\"wp-block-table\"><table><tbody><tr><td>Stand Khara 3&#215;3 &#8211; Structure + visuel (3 visuels de fa\u00e7ade + 2 retours)<\/td><td class=\"has-text-align-right\" data-align=\"right\"><strong>999.00 \u20ac HT<\/strong><\/td><\/tr><tr><td>Stand Khara 4&#215;3 &#8211; Structure + visuel (4 visuels de fa\u00e7ade + 2 retours)<\/td><td class=\"has-text-align-right\" data-align=\"right\"><strong>1189.00 \u20ac HT<\/strong><\/td><\/tr><tr><td>R\u00e9assort du visuel seul pour un stand 3&#215;3 (3 visuels de fa\u00e7ade + 2 retours)<\/td><td class=\"has-text-align-right\" data-align=\"right\"><strong>620.00 \u20ac HT<\/strong><\/td><\/tr><tr><td>R\u00e9assort du visuel seul pour un stand 4&#215;3 (4 visuels de fa\u00e7ade + 2 retours)<\/td><td class=\"has-text-align-right\" data-align=\"right\"><strong>744.00 \u20ac HT<\/strong><\/td><\/tr><\/tbody><\/table><\/figure>\n\n\n\n<p>Cr\u00e9ez un mur d&rsquo;images pour vous exposer en version grand format ! Le stand pliable appel\u00e9 <a rel=\"noreferrer noopener\" href=\"https:\/\/www.definitions-marketing.com\/definition\/stand-parapluie\/\" target=\"_blank\"><strong><span style=\"color:#1c40ad\" class=\"has-inline-color\">stand parapluie ou Pop-up<\/span><\/strong><\/a> souvent utilis\u00e9 sur les salons ou show-rooms, permet une communication ultra-visible.<\/p>\n\n\n\n<hr class=\"wp-block-separator has-css-opacity\"\/>\n\n\n\n<div class=\"wp-block-file\"><a id=\"wp-block-file--media-65a1f004-efc3-4011-aee8-0492f7f377c9\" href=\"https:\/\/technikaprint.fr\/wp-content\/uploads\/2020\/04\/FT-KHARA.pdf\"><strong>T\u00e9l\u00e9chargez la fiche technique<\/strong><\/a><a href=\"https:\/\/technikaprint.fr\/wp-content\/uploads\/2020\/04\/FT-KHARA.pdf\" class=\"wp-block-file__button wp-element-button\" download aria-describedby=\"wp-block-file--media-65a1f004-efc3-4011-aee8-0492f7f377c9\">T\u00e9l\u00e9charger<\/a><\/div>\n\n\n\n<hr class=\"wp-block-separator has-css-opacity\"\/>\n\n\n\n<figure class=\"wp-block-gallery has-nested-images columns-default is-cropped wp-block-gallery-2 is-layout-flex wp-block-gallery-is-layout-flex\">\n<figure class=\"wp-block-image size-large\"><a href=\"https:\/\/technikaprint.fr\/wp-content\/uploads\/2020\/04\/GAL-KHARA-01.jpg\"><img decoding=\"async\" width=\"887\" height=\"887\" data-id=\"1257\" src=\"https:\/\/technikaprint.fr\/wp-content\/uploads\/2020\/04\/GAL-KHARA-01.jpg\" alt=\"\" class=\"wp-image-1257\" srcset=\"https:\/\/technikaprint.fr\/wp-content\/uploads\/2020\/04\/GAL-KHARA-01.jpg 887w, https:\/\/technikaprint.fr\/wp-content\/uploads\/2020\/04\/GAL-KHARA-01-300x300.jpg 300w, https:\/\/technikaprint.fr\/wp-content\/uploads\/2020\/04\/GAL-KHARA-01-150x150.jpg 150w, https:\/\/technikaprint.fr\/wp-content\/uploads\/2020\/04\/GAL-KHARA-01-768x768.jpg 768w, https:\/\/technikaprint.fr\/wp-content\/uploads\/2020\/04\/GAL-KHARA-01-270x270.jpg 270w\" sizes=\"(max-width: 887px) 100vw, 887px\" \/><\/a><figcaption class=\"wp-element-caption\"><strong>Stand parapluie Khara<\/strong><\/figcaption><\/figure>\n\n\n\n<figure class=\"wp-block-image size-large\"><a href=\"https:\/\/technikaprint.fr\/wp-content\/uploads\/2020\/04\/GAL-KHARA-02.jpg\"><img decoding=\"async\" width=\"887\" height=\"887\" data-id=\"1258\" src=\"https:\/\/technikaprint.fr\/wp-content\/uploads\/2020\/04\/GAL-KHARA-02.jpg\" alt=\"\" class=\"wp-image-1258\" srcset=\"https:\/\/technikaprint.fr\/wp-content\/uploads\/2020\/04\/GAL-KHARA-02.jpg 887w, https:\/\/technikaprint.fr\/wp-content\/uploads\/2020\/04\/GAL-KHARA-02-300x300.jpg 300w, https:\/\/technikaprint.fr\/wp-content\/uploads\/2020\/04\/GAL-KHARA-02-150x150.jpg 150w, https:\/\/technikaprint.fr\/wp-content\/uploads\/2020\/04\/GAL-KHARA-02-768x768.jpg 768w, https:\/\/technikaprint.fr\/wp-content\/uploads\/2020\/04\/GAL-KHARA-02-270x270.jpg 270w\" sizes=\"(max-width: 887px) 100vw, 887px\" \/><\/a><figcaption class=\"wp-element-caption\"><strong>Structure + Visuel<\/strong><\/figcaption><\/figure>\n\n\n\n<figure class=\"wp-block-image size-large\"><a href=\"https:\/\/technikaprint.fr\/wp-content\/uploads\/2020\/04\/GAL-KHARA-04.jpg\"><img loading=\"lazy\" decoding=\"async\" width=\"887\" height=\"887\" data-id=\"1260\" src=\"https:\/\/technikaprint.fr\/wp-content\/uploads\/2020\/04\/GAL-KHARA-04.jpg\" alt=\"\" class=\"wp-image-1260\" srcset=\"https:\/\/technikaprint.fr\/wp-content\/uploads\/2020\/04\/GAL-KHARA-04.jpg 887w, https:\/\/technikaprint.fr\/wp-content\/uploads\/2020\/04\/GAL-KHARA-04-300x300.jpg 300w, https:\/\/technikaprint.fr\/wp-content\/uploads\/2020\/04\/GAL-KHARA-04-150x150.jpg 150w, https:\/\/technikaprint.fr\/wp-content\/uploads\/2020\/04\/GAL-KHARA-04-768x768.jpg 768w, https:\/\/technikaprint.fr\/wp-content\/uploads\/2020\/04\/GAL-KHARA-04-270x270.jpg 270w\" sizes=\"(max-width: 887px) 100vw, 887px\" \/><\/a><figcaption class=\"wp-element-caption\"><strong>Structure \u00ab\u00a0parapluie\u00a0\u00bb<\/strong><\/figcaption><\/figure>\n<\/figure>\n\n\n\n<p>Largement remplac\u00e9 par son rival, le stand tissu qui pr\u00e9sente de nombreux avantages pratiques, le parapluie \u00ab\u00a0classique\u00a0\u00bb n&rsquo;en demeure pas moins une valeur s\u00fbre. En effet, de par sa conception en plusieurs parties visuelles, il est tout \u00e0 fait possible de jouer avec cet propri\u00e9t\u00e9 pour mettre \u00e0 jour une partie de votre message. On peut alors imaginer un ensemble de visuels \u00ab\u00a0g\u00e9n\u00e9riques\u00a0\u00bb et une autre partie variable. <\/p>\n\n\n\n<figure class=\"wp-block-gallery has-nested-images columns-default is-cropped wp-block-gallery-3 is-layout-flex wp-block-gallery-is-layout-flex\">\n<figure class=\"wp-block-image size-large\"><a href=\"https:\/\/technikaprint.fr\/wp-content\/uploads\/2020\/04\/GAL-KHARA-03.jpg\"><img loading=\"lazy\" decoding=\"async\" width=\"887\" height=\"887\" data-id=\"1259\" src=\"https:\/\/technikaprint.fr\/wp-content\/uploads\/2020\/04\/GAL-KHARA-03.jpg\" alt=\"\" class=\"wp-image-1259\" srcset=\"https:\/\/technikaprint.fr\/wp-content\/uploads\/2020\/04\/GAL-KHARA-03.jpg 887w, https:\/\/technikaprint.fr\/wp-content\/uploads\/2020\/04\/GAL-KHARA-03-300x300.jpg 300w, https:\/\/technikaprint.fr\/wp-content\/uploads\/2020\/04\/GAL-KHARA-03-150x150.jpg 150w, https:\/\/technikaprint.fr\/wp-content\/uploads\/2020\/04\/GAL-KHARA-03-768x768.jpg 768w, https:\/\/technikaprint.fr\/wp-content\/uploads\/2020\/04\/GAL-KHARA-03-270x270.jpg 270w\" sizes=\"(max-width: 887px) 100vw, 887px\" \/><\/a><figcaption class=\"wp-element-caption\"><strong>Barres aimant\u00e9es<\/strong><\/figcaption><\/figure>\n\n\n\n<figure class=\"wp-block-image size-large\"><a href=\"https:\/\/technikaprint.fr\/wp-content\/uploads\/2020\/04\/GAL-KHARA-05.jpg\"><img loading=\"lazy\" decoding=\"async\" width=\"887\" height=\"887\" data-id=\"1261\" src=\"https:\/\/technikaprint.fr\/wp-content\/uploads\/2020\/04\/GAL-KHARA-05.jpg\" alt=\"\" class=\"wp-image-1261\" srcset=\"https:\/\/technikaprint.fr\/wp-content\/uploads\/2020\/04\/GAL-KHARA-05.jpg 887w, https:\/\/technikaprint.fr\/wp-content\/uploads\/2020\/04\/GAL-KHARA-05-300x300.jpg 300w, https:\/\/technikaprint.fr\/wp-content\/uploads\/2020\/04\/GAL-KHARA-05-150x150.jpg 150w, https:\/\/technikaprint.fr\/wp-content\/uploads\/2020\/04\/GAL-KHARA-05-768x768.jpg 768w, https:\/\/technikaprint.fr\/wp-content\/uploads\/2020\/04\/GAL-KHARA-05-270x270.jpg 270w\" sizes=\"(max-width: 887px) 100vw, 887px\" \/><\/a><figcaption class=\"wp-element-caption\"><strong>Option Banque h\u00f4tesse<\/strong><\/figcaption><\/figure>\n\n\n\n<figure class=\"wp-block-image size-large\"><a href=\"https:\/\/technikaprint.fr\/wp-content\/uploads\/2020\/04\/GAL-KHARA-06.jpg\"><img loading=\"lazy\" decoding=\"async\" width=\"887\" height=\"887\" data-id=\"1262\" src=\"https:\/\/technikaprint.fr\/wp-content\/uploads\/2020\/04\/GAL-KHARA-06.jpg\" alt=\"\" class=\"wp-image-1262\" srcset=\"https:\/\/technikaprint.fr\/wp-content\/uploads\/2020\/04\/GAL-KHARA-06.jpg 887w, https:\/\/technikaprint.fr\/wp-content\/uploads\/2020\/04\/GAL-KHARA-06-300x300.jpg 300w, https:\/\/technikaprint.fr\/wp-content\/uploads\/2020\/04\/GAL-KHARA-06-150x150.jpg 150w, https:\/\/technikaprint.fr\/wp-content\/uploads\/2020\/04\/GAL-KHARA-06-768x768.jpg 768w, https:\/\/technikaprint.fr\/wp-content\/uploads\/2020\/04\/GAL-KHARA-06-270x270.jpg 270w\" sizes=\"(max-width: 887px) 100vw, 887px\" \/><\/a><figcaption class=\"wp-element-caption\"><strong>Option Spot parapluie<\/strong><\/figcaption><\/figure>\n<\/figure>\n\n\n\n<hr class=\"wp-block-separator has-css-opacity\"\/>\n\n\n\n<figure class=\"wp-block-video aligncenter\"><video height=\"240\" style=\"aspect-ratio: 320 \/ 240;\" width=\"320\" controls src=\"https:\/\/technikaprint.fr\/wp-content\/uploads\/2020\/04\/KHARA-VIDEO.mp4\"><\/video><\/figure>\n\n\n\n<hr class=\"wp-block-separator has-css-opacity\"\/>\n\n\n\n<figure class=\"wp-block-image size-large\"><a href=\"https:\/\/technikaprint.fr\/index.php\/banque-hotesse\/\"><img loading=\"lazy\" decoding=\"async\" width=\"1024\" height=\"171\" src=\"https:\/\/technikaprint.fr\/wp-content\/uploads\/2020\/05\/BANQUE-HOTESSE-1-1024x171.jpg\" alt=\"Banque hotesse, banque accueil, stand, stanonline\" class=\"wp-image-2107\" srcset=\"https:\/\/technikaprint.fr\/wp-content\/uploads\/2020\/05\/BANQUE-HOTESSE-1-1024x171.jpg 1024w, https:\/\/technikaprint.fr\/wp-content\/uploads\/2020\/05\/BANQUE-HOTESSE-1-300x50.jpg 300w, https:\/\/technikaprint.fr\/wp-content\/uploads\/2020\/05\/BANQUE-HOTESSE-1-768x128.jpg 768w, https:\/\/technikaprint.fr\/wp-content\/uploads\/2020\/05\/BANQUE-HOTESSE-1-360x60.jpg 360w, https:\/\/technikaprint.fr\/wp-content\/uploads\/2020\/05\/BANQUE-HOTESSE-1.jpg 1417w\" sizes=\"(max-width: 1024px) 100vw, 1024px\" \/><\/a><\/figure>\n","protected":false},"excerpt":{"rendered":"<p>Stand Khara 3&#215;3 &#8211; Structure + visuel (3 visuels de fa\u00e7ade + 2 retours) 999.00 \u20ac HT Stand Khara 4&#215;3 &#8211; Structure + visuel (4 visuels de fa\u00e7ade + 2 retours) 1189.00 \u20ac HT R\u00e9assort du visuel seul pour un&hellip;&nbsp;<a href=\"https:\/\/technikaprint.fr\/index.php\/stand-parapluie\/\" class=\"more-link\">Lire la suite<\/a><\/p>\n","protected":false},"author":1,"featured_media":0,"parent":0,"menu_order":0,"comment_status":"closed","ping_status":"closed","template":"","meta":{"_monsterinsights_skip_tracking":false,"_monsterinsights_sitenote_active":false,"_monsterinsights_sitenote_note":"","_monsterinsights_sitenote_category":0,"footnotes":""},"class_list":["post-234","page","type-page","status-publish","hentry"],"yoast_head":"<!-- This site is optimized with the Yoast SEO plugin v27.6 - https:\/\/yoast.com\/product\/yoast-seo-wordpress\/ -->\n<title>Stand Parapluie I - Stand On Line - Stand courbe 3x3 - Photocall<\/title>\n<meta name=\"description\" content=\"Un mur d&#039;image. Le stand parapluie Khara pour une visibilit\u00e9 maximum de votre image. Stand PopUp courbe. PopUp Mur Photocall\" \/>\n<meta name=\"robots\" content=\"index, follow, max-snippet:-1, max-image-preview:large, max-video-preview:-1\" \/>\n<link rel=\"canonical\" href=\"https:\/\/technikaprint.fr\/index.php\/stand-parapluie\/\" \/>\n<meta property=\"og:locale\" content=\"fr_FR\" \/>\n<meta property=\"og:type\" content=\"article\" \/>\n<meta property=\"og:title\" content=\"Stand Parapluie I - Stand On Line - Stand courbe 3x3 - Photocall\" \/>\n<meta property=\"og:description\" content=\"Un mur d&#039;image. Le stand parapluie Khara pour une visibilit\u00e9 maximum de votre image. Stand PopUp courbe. PopUp Mur Photocall\" \/>\n<meta property=\"og:url\" content=\"https:\/\/technikaprint.fr\/index.php\/stand-parapluie\/\" \/>\n<meta property=\"og:site_name\" content=\"Stand On Line\" \/>\n<meta property=\"article:publisher\" content=\"https:\/\/www.facebook.com\/technikaprint\/\" \/>\n<meta property=\"article:modified_time\" content=\"2025-02-05T15:44:26+00:00\" \/>\n<meta property=\"og:image\" content=\"https:\/\/technikaprint.fr\/wp-content\/uploads\/2024\/01\/ICONE-KHARA.jpg\" \/>\n\t<meta property=\"og:image:width\" content=\"2358\" \/>\n\t<meta property=\"og:image:height\" content=\"628\" \/>\n\t<meta property=\"og:image:type\" content=\"image\/jpeg\" \/>\n<meta name=\"twitter:card\" content=\"summary_large_image\" \/>\n<meta name=\"twitter:label1\" content=\"Dur\u00e9e de lecture estim\u00e9e\" \/>\n\t<meta name=\"twitter:data1\" content=\"3 minutes\" \/>\n<script type=\"application\/ld+json\" class=\"yoast-schema-graph\">{\"@context\":\"https:\\\/\\\/schema.org\",\"@graph\":[{\"@type\":\"WebPage\",\"@id\":\"https:\\\/\\\/technikaprint.fr\\\/index.php\\\/stand-parapluie\\\/\",\"url\":\"https:\\\/\\\/technikaprint.fr\\\/index.php\\\/stand-parapluie\\\/\",\"name\":\"Stand Parapluie I - Stand On Line - Stand courbe 3x3 - Photocall\",\"isPartOf\":{\"@id\":\"https:\\\/\\\/technikaprint.fr\\\/#website\"},\"primaryImageOfPage\":{\"@id\":\"https:\\\/\\\/technikaprint.fr\\\/index.php\\\/stand-parapluie\\\/#primaryimage\"},\"image\":{\"@id\":\"https:\\\/\\\/technikaprint.fr\\\/index.php\\\/stand-parapluie\\\/#primaryimage\"},\"thumbnailUrl\":\"https:\\\/\\\/technikaprint.fr\\\/wp-content\\\/uploads\\\/2024\\\/01\\\/ICONE-KHARA-1024x273.jpg\",\"datePublished\":\"2020-04-08T13:39:54+00:00\",\"dateModified\":\"2025-02-05T15:44:26+00:00\",\"description\":\"Un mur d'image. Le stand parapluie Khara pour une visibilit\u00e9 maximum de votre image. Stand PopUp courbe. PopUp Mur Photocall\",\"breadcrumb\":{\"@id\":\"https:\\\/\\\/technikaprint.fr\\\/index.php\\\/stand-parapluie\\\/#breadcrumb\"},\"inLanguage\":\"fr-FR\",\"potentialAction\":[{\"@type\":\"ReadAction\",\"target\":[\"https:\\\/\\\/technikaprint.fr\\\/index.php\\\/stand-parapluie\\\/\"]}]},{\"@type\":\"ImageObject\",\"inLanguage\":\"fr-FR\",\"@id\":\"https:\\\/\\\/technikaprint.fr\\\/index.php\\\/stand-parapluie\\\/#primaryimage\",\"url\":\"https:\\\/\\\/technikaprint.fr\\\/wp-content\\\/uploads\\\/2024\\\/01\\\/ICONE-KHARA.jpg\",\"contentUrl\":\"https:\\\/\\\/technikaprint.fr\\\/wp-content\\\/uploads\\\/2024\\\/01\\\/ICONE-KHARA.jpg\",\"width\":2358,\"height\":628},{\"@type\":\"BreadcrumbList\",\"@id\":\"https:\\\/\\\/technikaprint.fr\\\/index.php\\\/stand-parapluie\\\/#breadcrumb\",\"itemListElement\":[{\"@type\":\"ListItem\",\"position\":1,\"name\":\"Accueil\",\"item\":\"https:\\\/\\\/technikaprint.fr\\\/\"},{\"@type\":\"ListItem\",\"position\":2,\"name\":\"Stand Plastifi\u00e9 Khara\"}]},{\"@type\":\"WebSite\",\"@id\":\"https:\\\/\\\/technikaprint.fr\\\/#website\",\"url\":\"https:\\\/\\\/technikaprint.fr\\\/\",\"name\":\"Stand On Line\",\"description\":\"La boutique du Roll-up\",\"publisher\":{\"@id\":\"https:\\\/\\\/technikaprint.fr\\\/#organization\"},\"potentialAction\":[{\"@type\":\"SearchAction\",\"target\":{\"@type\":\"EntryPoint\",\"urlTemplate\":\"https:\\\/\\\/technikaprint.fr\\\/?s={search_term_string}\"},\"query-input\":{\"@type\":\"PropertyValueSpecification\",\"valueRequired\":true,\"valueName\":\"search_term_string\"}}],\"inLanguage\":\"fr-FR\"},{\"@type\":\"Organization\",\"@id\":\"https:\\\/\\\/technikaprint.fr\\\/#organization\",\"name\":\"Stand On Line \\\/ Technika-Print\",\"url\":\"https:\\\/\\\/technikaprint.fr\\\/\",\"logo\":{\"@type\":\"ImageObject\",\"inLanguage\":\"fr-FR\",\"@id\":\"https:\\\/\\\/technikaprint.fr\\\/#\\\/schema\\\/logo\\\/image\\\/\",\"url\":\"https:\\\/\\\/technikaprint.fr\\\/wp-content\\\/uploads\\\/2020\\\/04\\\/SOL-AU-CARRE.jpg\",\"contentUrl\":\"https:\\\/\\\/technikaprint.fr\\\/wp-content\\\/uploads\\\/2020\\\/04\\\/SOL-AU-CARRE.jpg\",\"width\":1705,\"height\":1705,\"caption\":\"Stand On Line \\\/ Technika-Print\"},\"image\":{\"@id\":\"https:\\\/\\\/technikaprint.fr\\\/#\\\/schema\\\/logo\\\/image\\\/\"},\"sameAs\":[\"https:\\\/\\\/www.facebook.com\\\/technikaprint\\\/\",\"https:\\\/\\\/www.linkedin.com\\\/in\\\/yann-phetsanghane-50763315b\\\/\"]}]}<\/script>\n<!-- \/ Yoast SEO plugin. -->","yoast_head_json":{"title":"Stand Parapluie I - Stand On Line - Stand courbe 3x3 - Photocall","description":"Un mur d'image. Le stand parapluie Khara pour une visibilit\u00e9 maximum de votre image. Stand PopUp courbe. PopUp Mur Photocall","robots":{"index":"index","follow":"follow","max-snippet":"max-snippet:-1","max-image-preview":"max-image-preview:large","max-video-preview":"max-video-preview:-1"},"canonical":"https:\/\/technikaprint.fr\/index.php\/stand-parapluie\/","og_locale":"fr_FR","og_type":"article","og_title":"Stand Parapluie I - Stand On Line - Stand courbe 3x3 - Photocall","og_description":"Un mur d'image. Le stand parapluie Khara pour une visibilit\u00e9 maximum de votre image. Stand PopUp courbe. PopUp Mur Photocall","og_url":"https:\/\/technikaprint.fr\/index.php\/stand-parapluie\/","og_site_name":"Stand On Line","article_publisher":"https:\/\/www.facebook.com\/technikaprint\/","article_modified_time":"2025-02-05T15:44:26+00:00","og_image":[{"width":2358,"height":628,"url":"https:\/\/technikaprint.fr\/wp-content\/uploads\/2024\/01\/ICONE-KHARA.jpg","type":"image\/jpeg"}],"twitter_card":"summary_large_image","twitter_misc":{"Dur\u00e9e de lecture estim\u00e9e":"3 minutes"},"schema":{"@context":"https:\/\/schema.org","@graph":[{"@type":"WebPage","@id":"https:\/\/technikaprint.fr\/index.php\/stand-parapluie\/","url":"https:\/\/technikaprint.fr\/index.php\/stand-parapluie\/","name":"Stand Parapluie I - Stand On Line - Stand courbe 3x3 - Photocall","isPartOf":{"@id":"https:\/\/technikaprint.fr\/#website"},"primaryImageOfPage":{"@id":"https:\/\/technikaprint.fr\/index.php\/stand-parapluie\/#primaryimage"},"image":{"@id":"https:\/\/technikaprint.fr\/index.php\/stand-parapluie\/#primaryimage"},"thumbnailUrl":"https:\/\/technikaprint.fr\/wp-content\/uploads\/2024\/01\/ICONE-KHARA-1024x273.jpg","datePublished":"2020-04-08T13:39:54+00:00","dateModified":"2025-02-05T15:44:26+00:00","description":"Un mur d'image. Le stand parapluie Khara pour une visibilit\u00e9 maximum de votre image. Stand PopUp courbe. PopUp Mur Photocall","breadcrumb":{"@id":"https:\/\/technikaprint.fr\/index.php\/stand-parapluie\/#breadcrumb"},"inLanguage":"fr-FR","potentialAction":[{"@type":"ReadAction","target":["https:\/\/technikaprint.fr\/index.php\/stand-parapluie\/"]}]},{"@type":"ImageObject","inLanguage":"fr-FR","@id":"https:\/\/technikaprint.fr\/index.php\/stand-parapluie\/#primaryimage","url":"https:\/\/technikaprint.fr\/wp-content\/uploads\/2024\/01\/ICONE-KHARA.jpg","contentUrl":"https:\/\/technikaprint.fr\/wp-content\/uploads\/2024\/01\/ICONE-KHARA.jpg","width":2358,"height":628},{"@type":"BreadcrumbList","@id":"https:\/\/technikaprint.fr\/index.php\/stand-parapluie\/#breadcrumb","itemListElement":[{"@type":"ListItem","position":1,"name":"Accueil","item":"https:\/\/technikaprint.fr\/"},{"@type":"ListItem","position":2,"name":"Stand Plastifi\u00e9 Khara"}]},{"@type":"WebSite","@id":"https:\/\/technikaprint.fr\/#website","url":"https:\/\/technikaprint.fr\/","name":"Stand On Line","description":"La boutique du Roll-up","publisher":{"@id":"https:\/\/technikaprint.fr\/#organization"},"potentialAction":[{"@type":"SearchAction","target":{"@type":"EntryPoint","urlTemplate":"https:\/\/technikaprint.fr\/?s={search_term_string}"},"query-input":{"@type":"PropertyValueSpecification","valueRequired":true,"valueName":"search_term_string"}}],"inLanguage":"fr-FR"},{"@type":"Organization","@id":"https:\/\/technikaprint.fr\/#organization","name":"Stand On Line \/ Technika-Print","url":"https:\/\/technikaprint.fr\/","logo":{"@type":"ImageObject","inLanguage":"fr-FR","@id":"https:\/\/technikaprint.fr\/#\/schema\/logo\/image\/","url":"https:\/\/technikaprint.fr\/wp-content\/uploads\/2020\/04\/SOL-AU-CARRE.jpg","contentUrl":"https:\/\/technikaprint.fr\/wp-content\/uploads\/2020\/04\/SOL-AU-CARRE.jpg","width":1705,"height":1705,"caption":"Stand On Line \/ Technika-Print"},"image":{"@id":"https:\/\/technikaprint.fr\/#\/schema\/logo\/image\/"},"sameAs":["https:\/\/www.facebook.com\/technikaprint\/","https:\/\/www.linkedin.com\/in\/yann-phetsanghane-50763315b\/"]}]}},"_links":{"self":[{"href":"https:\/\/technikaprint.fr\/index.php\/wp-json\/wp\/v2\/pages\/234","targetHints":{"allow":["GET"]}}],"collection":[{"href":"https:\/\/technikaprint.fr\/index.php\/wp-json\/wp\/v2\/pages"}],"about":[{"href":"https:\/\/technikaprint.fr\/index.php\/wp-json\/wp\/v2\/types\/page"}],"author":[{"embeddable":true,"href":"https:\/\/technikaprint.fr\/index.php\/wp-json\/wp\/v2\/users\/1"}],"replies":[{"embeddable":true,"href":"https:\/\/technikaprint.fr\/index.php\/wp-json\/wp\/v2\/comments?post=234"}],"version-history":[{"count":36,"href":"https:\/\/technikaprint.fr\/index.php\/wp-json\/wp\/v2\/pages\/234\/revisions"}],"predecessor-version":[{"id":2704,"href":"https:\/\/technikaprint.fr\/index.php\/wp-json\/wp\/v2\/pages\/234\/revisions\/2704"}],"wp:attachment":[{"href":"https:\/\/technikaprint.fr\/index.php\/wp-json\/wp\/v2\/media?parent=234"}],"curies":[{"name":"wp","href":"https:\/\/api.w.org\/{rel}","templated":true}]}}