{"id":236,"date":"2020-04-08T15:40:07","date_gmt":"2020-04-08T13:40:07","guid":{"rendered":"https:\/\/technikaprint.fr\/?page_id=236"},"modified":"2025-10-02T14:41:14","modified_gmt":"2025-10-02T12:41:14","slug":"stand-tissu","status":"publish","type":"page","link":"https:\/\/technikaprint.fr\/index.php\/stand-tissu\/","title":{"rendered":"Stand-tissu Atria"},"content":{"rendered":"\n<figure class=\"wp-block-image size-large\"><img fetchpriority=\"high\" decoding=\"async\" width=\"1024\" height=\"273\" src=\"https:\/\/technikaprint.fr\/wp-content\/uploads\/2025\/02\/ICONE-ATRIA-1024x273.jpg\" alt=\"Stand Tissu, Stand Parapluie, Photocall, Stand, Sublimation, Pop-Up\" class=\"wp-image-3034\" srcset=\"https:\/\/technikaprint.fr\/wp-content\/uploads\/2025\/02\/ICONE-ATRIA-1024x273.jpg 1024w, https:\/\/technikaprint.fr\/wp-content\/uploads\/2025\/02\/ICONE-ATRIA-300x80.jpg 300w, https:\/\/technikaprint.fr\/wp-content\/uploads\/2025\/02\/ICONE-ATRIA-768x205.jpg 768w, https:\/\/technikaprint.fr\/wp-content\/uploads\/2025\/02\/ICONE-ATRIA-1536x409.jpg 1536w, https:\/\/technikaprint.fr\/wp-content\/uploads\/2025\/02\/ICONE-ATRIA-2048x545.jpg 2048w, https:\/\/technikaprint.fr\/wp-content\/uploads\/2025\/02\/ICONE-ATRIA-360x96.jpg 360w\" sizes=\"(max-width: 1024px) 100vw, 1024px\" \/><\/figure>\n\n\n\n<hr class=\"wp-block-separator has-alpha-channel-opacity\"\/>\n\n\n\n<figure class=\"wp-block-image size-full\"><a href=\"https:\/\/xpo.center\/3d\/04B9426C02BE35B1\" target=\"_blank\" rel=\" noreferrer noopener\"><img decoding=\"async\" width=\"692\" height=\"692\" src=\"https:\/\/technikaprint.fr\/wp-content\/uploads\/2025\/02\/PHOTO-ATRIA-3X3.jpg\" alt=\"Stand Tissu, Stand Parapluie, Photocall, Stand, Sublimation, Pop-Up\" class=\"wp-image-3038\" srcset=\"https:\/\/technikaprint.fr\/wp-content\/uploads\/2025\/02\/PHOTO-ATRIA-3X3.jpg 692w, https:\/\/technikaprint.fr\/wp-content\/uploads\/2025\/02\/PHOTO-ATRIA-3X3-300x300.jpg 300w, https:\/\/technikaprint.fr\/wp-content\/uploads\/2025\/02\/PHOTO-ATRIA-3X3-150x150.jpg 150w, https:\/\/technikaprint.fr\/wp-content\/uploads\/2025\/02\/PHOTO-ATRIA-3X3-270x270.jpg 270w\" sizes=\"(max-width: 692px) 100vw, 692px\" \/><\/a><\/figure>\n\n\n\n<ul class=\"wp-block-list\">\n<li>Stand-tissu format 3&#215;3 &#8211; Visuel total 2930&#215;2250 mm (dont 2 rabats 330 mm de large)<\/li>\n\n\n\n<li>Stand-tissu format 4&#215;3 &#8211; Visuel total 3660&#215;2250 mm (dont 2 rabats 330 mm de large)<\/li>\n<\/ul>\n\n\n\n<figure class=\"wp-block-table\"><table><tbody><tr><td class=\"has-text-align-left\" data-align=\"left\">Stand-tissu Atria 3&#215;3 &#8211; Structure + visuel + sac de transport<\/td><td class=\"has-text-align-right\" data-align=\"right\"><strong>879.00 \u20ac HT<\/strong><\/td><\/tr><tr><td class=\"has-text-align-left\" data-align=\"left\">Stand-tissu Atria 4&#215;3 &#8211; Structure + visuel + sac de transport<\/td><td class=\"has-text-align-right\" data-align=\"right\"><strong>1050.00 \u20ac HT<\/strong><\/td><\/tr><tr><td class=\"has-text-align-left\" data-align=\"left\">R\u00e9assort du visuel seul format 3&#215;3<\/td><td class=\"has-text-align-right\" data-align=\"right\"><strong>480.00 \u20ac HT<\/strong><\/td><\/tr><tr><td class=\"has-text-align-left\" data-align=\"left\">R\u00e9assort du visuel seul format 4&#215;3<\/td><td class=\"has-text-align-right\" data-align=\"right\"><strong>650.00 \u20ac HT<\/strong><\/td><\/tr><\/tbody><\/table><\/figure>\n\n\n\n<p>Une autre fa\u00e7on de concevoir un mur d&rsquo;image, de part sa fabrication mais \u00e9galement sa facilit\u00e9 de mise en place. On peut difficilement faire plus simple, le visuel tissu en impression par <a rel=\"noreferrer noopener\" href=\"https:\/\/www.rolanddg.fr\/blog\/2017\/09\/28\/ce-que-vous-devez-savoir--propos-de-limpression--sublimation-sur-des-textiles\" target=\"_blank\"><strong><span style=\"color:#1c40ad\" class=\"has-inline-color\">sublimation<\/span><\/strong><\/a> est directement fix\u00e9 sur la structure avec ses bandes Velcros. Le stand se plie et se d\u00e9plie en quelques secondes avec son visuel int\u00e9gr\u00e9. Le r\u00e9assort de visuel est \u00e9galement simplifi\u00e9, changez vous-m\u00eame votre image en 3 minutes !<\/p>\n\n\n\n<p>L&rsquo;avantage face au <a href=\"https:\/\/technikaprint.fr\/index.php\/stand-parapluie\/\"><strong><span style=\"color:#1c40ad\" class=\"has-inline-color\">stand parapluie \u00ab\u00a0classique\u00a0\u00bb<\/span><\/strong><\/a> se r\u00e9sume en quelques points :<\/p>\n\n\n\n<ul class=\"wp-block-list\">\n<li>Le visuel reste en place quand on replie la structure,<\/li>\n\n\n\n<li>Il est facile \u00e0 d\u00e9ployer pour une mise en place plus rapide,<\/li>\n\n\n\n<li>Il est livr\u00e9 avec un sac pour un transport ais\u00e9.<\/li>\n\n\n\n<li>Fabrication Made in France<\/li>\n\n\n\n<li>Impression \u00e9cologique sans PVC<\/li>\n<\/ul>\n\n\n\n<p>Des visuels en impression par sublimation, en haute d\u00e9finition et class\u00e9s au feu \u00e0 la norme europ\u00e9enne <strong><span style=\"color:#1c40ad\" class=\"has-inline-color\"><a href=\"https:\/\/www.actimodul.fr\/photos_site\/GaleriePDF\/Normes-et-reglementations\/Classements-feu-Reflex-60-euroclasses.pdf\" target=\"_blank\" rel=\"noreferrer noopener\">M1<\/a><\/span><\/strong> pour vous permettre une utilisation dans tous les lieux publics.<\/p>\n\n\n\n<div class=\"wp-block-file\"><a id=\"wp-block-file--media-e49f71d8-9ac4-444b-822c-b52e890e86da\" href=\"https:\/\/technikaprint.fr\/wp-content\/uploads\/2025\/10\/FICHE-TECHNIQUE-ATRIA-STAND-ON-LINE-2.pdf\">FICHE TECHNIQUE ATRIA STAND ON LINE<\/a><a href=\"https:\/\/technikaprint.fr\/wp-content\/uploads\/2025\/10\/FICHE-TECHNIQUE-ATRIA-STAND-ON-LINE-2.pdf\" class=\"wp-block-file__button wp-element-button\" download aria-describedby=\"wp-block-file--media-e49f71d8-9ac4-444b-822c-b52e890e86da\">T\u00e9l\u00e9charger<\/a><\/div>\n\n\n\n<hr class=\"wp-block-separator has-css-opacity\"\/>\n\n\n\n<figure class=\"wp-block-gallery has-nested-images columns-default is-cropped wp-block-gallery-1 is-layout-flex wp-block-gallery-is-layout-flex\">\n<figure class=\"wp-block-image size-large\"><a href=\"https:\/\/technikaprint.fr\/wp-content\/uploads\/2020\/05\/GAL-KHARA-01-2.jpg\"><img decoding=\"async\" width=\"887\" height=\"887\" data-id=\"1405\" src=\"https:\/\/technikaprint.fr\/wp-content\/uploads\/2020\/05\/GAL-KHARA-01-2.jpg\" alt=\"Stand Tissu, Stand Parapluie, Photocall, Stand, Sublimation, Pop-Up\" class=\"wp-image-1405\" srcset=\"https:\/\/technikaprint.fr\/wp-content\/uploads\/2020\/05\/GAL-KHARA-01-2.jpg 887w, https:\/\/technikaprint.fr\/wp-content\/uploads\/2020\/05\/GAL-KHARA-01-2-300x300.jpg 300w, https:\/\/technikaprint.fr\/wp-content\/uploads\/2020\/05\/GAL-KHARA-01-2-150x150.jpg 150w, https:\/\/technikaprint.fr\/wp-content\/uploads\/2020\/05\/GAL-KHARA-01-2-768x768.jpg 768w, https:\/\/technikaprint.fr\/wp-content\/uploads\/2020\/05\/GAL-KHARA-01-2-270x270.jpg 270w\" sizes=\"(max-width: 887px) 100vw, 887px\" \/><\/a><figcaption class=\"wp-element-caption\"><strong>Stand parapluie Atria<\/strong><\/figcaption><\/figure>\n\n\n\n<figure class=\"wp-block-image size-large\"><a href=\"https:\/\/technikaprint.fr\/wp-content\/uploads\/2020\/05\/GAL-KHARA-02-2.jpg\"><img loading=\"lazy\" decoding=\"async\" width=\"887\" height=\"887\" data-id=\"1406\" src=\"https:\/\/technikaprint.fr\/wp-content\/uploads\/2020\/05\/GAL-KHARA-02-2.jpg\" alt=\"Stand Tissu, Stand Parapluie, Photocall, Stand, Sublimation, Pop-Up\" class=\"wp-image-1406\" srcset=\"https:\/\/technikaprint.fr\/wp-content\/uploads\/2020\/05\/GAL-KHARA-02-2.jpg 887w, https:\/\/technikaprint.fr\/wp-content\/uploads\/2020\/05\/GAL-KHARA-02-2-300x300.jpg 300w, https:\/\/technikaprint.fr\/wp-content\/uploads\/2020\/05\/GAL-KHARA-02-2-150x150.jpg 150w, https:\/\/technikaprint.fr\/wp-content\/uploads\/2020\/05\/GAL-KHARA-02-2-768x768.jpg 768w, https:\/\/technikaprint.fr\/wp-content\/uploads\/2020\/05\/GAL-KHARA-02-2-270x270.jpg 270w\" sizes=\"(max-width: 887px) 100vw, 887px\" \/><\/a><figcaption class=\"wp-element-caption\"><strong>Visuel tissu M1<\/strong><\/figcaption><\/figure>\n\n\n\n<figure class=\"wp-block-image size-large\"><a href=\"https:\/\/technikaprint.fr\/wp-content\/uploads\/2020\/05\/GAL-KHARA-03-2.jpg\"><img loading=\"lazy\" decoding=\"async\" width=\"887\" height=\"887\" data-id=\"1407\" src=\"https:\/\/technikaprint.fr\/wp-content\/uploads\/2020\/05\/GAL-KHARA-03-2.jpg\" alt=\"Stand Tissu, Stand Parapluie, Photocall, Stand, Sublimation, Pop-Up\" class=\"wp-image-1407\" srcset=\"https:\/\/technikaprint.fr\/wp-content\/uploads\/2020\/05\/GAL-KHARA-03-2.jpg 887w, https:\/\/technikaprint.fr\/wp-content\/uploads\/2020\/05\/GAL-KHARA-03-2-300x300.jpg 300w, https:\/\/technikaprint.fr\/wp-content\/uploads\/2020\/05\/GAL-KHARA-03-2-150x150.jpg 150w, https:\/\/technikaprint.fr\/wp-content\/uploads\/2020\/05\/GAL-KHARA-03-2-768x768.jpg 768w, https:\/\/technikaprint.fr\/wp-content\/uploads\/2020\/05\/GAL-KHARA-03-2-270x270.jpg 270w\" sizes=\"(max-width: 887px) 100vw, 887px\" \/><\/a><figcaption class=\"wp-element-caption\"><strong>Structure pliable<\/strong><\/figcaption><\/figure>\n<\/figure>\n\n\n\n<p>C&rsquo;est le&nbsp;stand parapluie id\u00e9al pour faire la promotion visuelle de votre entreprise, lors d&rsquo;un salon ou d&rsquo;un \u00e9v\u00e9nement professionnel en int\u00e9rieur, comme des s\u00e9minaires ou des congr\u00e8s. Il est aussi souvent utilis\u00e9 dans les galeries des centres commerciaux pour des points de ventes \u00e9ph\u00e9m\u00e8res.<\/p>\n\n\n\n<figure class=\"wp-block-gallery has-nested-images columns-default is-cropped wp-block-gallery-2 is-layout-flex wp-block-gallery-is-layout-flex\">\n<figure class=\"wp-block-image size-large\"><a href=\"https:\/\/technikaprint.fr\/wp-content\/uploads\/2020\/05\/GAL-KHARA-07.jpg\"><img loading=\"lazy\" decoding=\"async\" width=\"887\" height=\"887\" data-id=\"1412\" src=\"https:\/\/technikaprint.fr\/wp-content\/uploads\/2020\/05\/GAL-KHARA-07.jpg\" alt=\"Stand Tissu, Stand Parapluie, Photocall, Stand, Sublimation, Pop-Up\" class=\"wp-image-1412\" srcset=\"https:\/\/technikaprint.fr\/wp-content\/uploads\/2020\/05\/GAL-KHARA-07.jpg 887w, https:\/\/technikaprint.fr\/wp-content\/uploads\/2020\/05\/GAL-KHARA-07-300x300.jpg 300w, https:\/\/technikaprint.fr\/wp-content\/uploads\/2020\/05\/GAL-KHARA-07-150x150.jpg 150w, https:\/\/technikaprint.fr\/wp-content\/uploads\/2020\/05\/GAL-KHARA-07-768x768.jpg 768w, https:\/\/technikaprint.fr\/wp-content\/uploads\/2020\/05\/GAL-KHARA-07-270x270.jpg 270w\" sizes=\"(max-width: 887px) 100vw, 887px\" \/><\/a><figcaption class=\"wp-element-caption\"><strong>Visuel int\u00e9gr\u00e9<\/strong><\/figcaption><\/figure>\n\n\n\n<figure class=\"wp-block-image size-large\"><a href=\"https:\/\/technikaprint.fr\/wp-content\/uploads\/2020\/05\/GAL-KHARA-05-1.jpg\"><img loading=\"lazy\" decoding=\"async\" width=\"887\" height=\"887\" data-id=\"1409\" src=\"https:\/\/technikaprint.fr\/wp-content\/uploads\/2020\/05\/GAL-KHARA-05-1.jpg\" alt=\"Stand Tissu, Stand Parapluie, Photocall, Stand, Sublimation, Pop-Up\" class=\"wp-image-1409\" srcset=\"https:\/\/technikaprint.fr\/wp-content\/uploads\/2020\/05\/GAL-KHARA-05-1.jpg 887w, https:\/\/technikaprint.fr\/wp-content\/uploads\/2020\/05\/GAL-KHARA-05-1-300x300.jpg 300w, https:\/\/technikaprint.fr\/wp-content\/uploads\/2020\/05\/GAL-KHARA-05-1-150x150.jpg 150w, https:\/\/technikaprint.fr\/wp-content\/uploads\/2020\/05\/GAL-KHARA-05-1-768x768.jpg 768w, https:\/\/technikaprint.fr\/wp-content\/uploads\/2020\/05\/GAL-KHARA-05-1-270x270.jpg 270w\" sizes=\"(max-width: 887px) 100vw, 887px\" \/><\/a><figcaption class=\"wp-element-caption\"><strong>Styst\u00e8me auto-bloquant<\/strong><\/figcaption><\/figure>\n\n\n\n<figure class=\"wp-block-image size-large\"><a href=\"https:\/\/technikaprint.fr\/wp-content\/uploads\/2020\/05\/GAL-KHARA-06-1.jpg\"><img loading=\"lazy\" decoding=\"async\" width=\"887\" height=\"887\" data-id=\"1410\" src=\"https:\/\/technikaprint.fr\/wp-content\/uploads\/2020\/05\/GAL-KHARA-06-1.jpg\" alt=\"Stand Tissu, Stand Parapluie, Photocall, Stand, Sublimation, Pop-Up\" class=\"wp-image-1410\" srcset=\"https:\/\/technikaprint.fr\/wp-content\/uploads\/2020\/05\/GAL-KHARA-06-1.jpg 887w, https:\/\/technikaprint.fr\/wp-content\/uploads\/2020\/05\/GAL-KHARA-06-1-300x300.jpg 300w, https:\/\/technikaprint.fr\/wp-content\/uploads\/2020\/05\/GAL-KHARA-06-1-150x150.jpg 150w, https:\/\/technikaprint.fr\/wp-content\/uploads\/2020\/05\/GAL-KHARA-06-1-768x768.jpg 768w, https:\/\/technikaprint.fr\/wp-content\/uploads\/2020\/05\/GAL-KHARA-06-1-270x270.jpg 270w\" sizes=\"(max-width: 887px) 100vw, 887px\" \/><\/a><figcaption class=\"wp-element-caption\"><strong>Sac de transport<\/strong><\/figcaption><\/figure>\n<\/figure>\n\n\n\n<hr class=\"wp-block-separator has-css-opacity\"\/>\n\n\n\n<figure class=\"wp-block-video aligncenter\"><video height=\"240\" style=\"aspect-ratio: 320 \/ 240;\" width=\"320\" controls src=\"https:\/\/technikaprint.fr\/wp-content\/uploads\/2020\/04\/ATRIA-VIDEO.mp4\"><\/video><\/figure>\n\n\n\n<hr class=\"wp-block-separator has-css-opacity\"\/>\n\n\n\n<figure class=\"wp-block-image size-large\"><a href=\"https:\/\/technikaprint.fr\/index.php\/spot\/\"><img loading=\"lazy\" decoding=\"async\" width=\"1024\" height=\"171\" src=\"https:\/\/technikaprint.fr\/wp-content\/uploads\/2020\/05\/SPOT-STAND-1024x171.jpg\" alt=\"Spot, Stand, Parapluie, Popup, 3x3, standonline\" class=\"wp-image-2109\" srcset=\"https:\/\/technikaprint.fr\/wp-content\/uploads\/2020\/05\/SPOT-STAND-1024x171.jpg 1024w, https:\/\/technikaprint.fr\/wp-content\/uploads\/2020\/05\/SPOT-STAND-300x50.jpg 300w, https:\/\/technikaprint.fr\/wp-content\/uploads\/2020\/05\/SPOT-STAND-768x128.jpg 768w, https:\/\/technikaprint.fr\/wp-content\/uploads\/2020\/05\/SPOT-STAND-360x60.jpg 360w, https:\/\/technikaprint.fr\/wp-content\/uploads\/2020\/05\/SPOT-STAND.jpg 1417w\" sizes=\"(max-width: 1024px) 100vw, 1024px\" \/><\/a><\/figure>\n","protected":false},"excerpt":{"rendered":"<p>Stand-tissu Atria 3&#215;3 &#8211; Structure + visuel + sac de transport 879.00 \u20ac HT Stand-tissu Atria 4&#215;3 &#8211; Structure + visuel + sac de transport 1050.00 \u20ac HT R\u00e9assort du visuel seul format 3&#215;3 480.00 \u20ac HT R\u00e9assort du visuel&hellip;&nbsp;<a href=\"https:\/\/technikaprint.fr\/index.php\/stand-tissu\/\" class=\"more-link\">Lire la suite<\/a><\/p>\n","protected":false},"author":1,"featured_media":0,"parent":0,"menu_order":0,"comment_status":"closed","ping_status":"closed","template":"","meta":{"_monsterinsights_skip_tracking":false,"_monsterinsights_sitenote_active":false,"_monsterinsights_sitenote_note":"","_monsterinsights_sitenote_category":0,"footnotes":""},"class_list":["post-236","page","type-page","status-publish","hentry"],"yoast_head":"<!-- This site is optimized with the Yoast SEO plugin v27.4 - https:\/\/yoast.com\/product\/yoast-seo-wordpress\/ -->\n<title>Stand-tissu - Stand On Line - D\u00e9couvrez le stand tissu montage facile<\/title>\n<meta name=\"description\" content=\"Stand-tissu parapluie. Ils sont tr\u00e8s largement pl\u00e9biscit\u00e9s par leur l\u00e9g\u00e8ret\u00e9 et leur facilit\u00e9 d&#039;installation. Facile \u00e0 monter. Made in France\" \/>\n<meta name=\"robots\" content=\"index, follow, max-snippet:-1, max-image-preview:large, max-video-preview:-1\" \/>\n<link rel=\"canonical\" href=\"https:\/\/technikaprint.fr\/index.php\/stand-tissu\/\" \/>\n<meta property=\"og:locale\" content=\"fr_FR\" \/>\n<meta property=\"og:type\" content=\"article\" \/>\n<meta property=\"og:title\" content=\"Stand-tissu - Stand On Line - D\u00e9couvrez le stand tissu montage facile\" \/>\n<meta property=\"og:description\" content=\"Stand-tissu parapluie. Ils sont tr\u00e8s largement pl\u00e9biscit\u00e9s par leur l\u00e9g\u00e8ret\u00e9 et leur facilit\u00e9 d&#039;installation. Facile \u00e0 monter. Made in France\" \/>\n<meta property=\"og:url\" content=\"https:\/\/technikaprint.fr\/index.php\/stand-tissu\/\" \/>\n<meta property=\"og:site_name\" content=\"Stand On Line\" \/>\n<meta property=\"article:publisher\" content=\"https:\/\/www.facebook.com\/technikaprint\/\" \/>\n<meta property=\"article:modified_time\" content=\"2025-10-02T12:41:14+00:00\" \/>\n<meta property=\"og:image\" content=\"https:\/\/technikaprint.fr\/wp-content\/uploads\/2025\/02\/ICONE-ATRIA.jpg\" \/>\n\t<meta property=\"og:image:width\" content=\"2358\" \/>\n\t<meta property=\"og:image:height\" content=\"628\" \/>\n\t<meta property=\"og:image:type\" content=\"image\/jpeg\" \/>\n<meta name=\"twitter:card\" content=\"summary_large_image\" \/>\n<meta name=\"twitter:label1\" content=\"Dur\u00e9e de lecture estim\u00e9e\" \/>\n\t<meta name=\"twitter:data1\" content=\"4 minutes\" \/>\n<script type=\"application\/ld+json\" class=\"yoast-schema-graph\">{\"@context\":\"https:\\\/\\\/schema.org\",\"@graph\":[{\"@type\":\"WebPage\",\"@id\":\"https:\\\/\\\/technikaprint.fr\\\/index.php\\\/stand-tissu\\\/\",\"url\":\"https:\\\/\\\/technikaprint.fr\\\/index.php\\\/stand-tissu\\\/\",\"name\":\"Stand-tissu - Stand On Line - D\u00e9couvrez le stand tissu montage facile\",\"isPartOf\":{\"@id\":\"https:\\\/\\\/technikaprint.fr\\\/#website\"},\"primaryImageOfPage\":{\"@id\":\"https:\\\/\\\/technikaprint.fr\\\/index.php\\\/stand-tissu\\\/#primaryimage\"},\"image\":{\"@id\":\"https:\\\/\\\/technikaprint.fr\\\/index.php\\\/stand-tissu\\\/#primaryimage\"},\"thumbnailUrl\":\"https:\\\/\\\/technikaprint.fr\\\/wp-content\\\/uploads\\\/2025\\\/02\\\/ICONE-ATRIA-1024x273.jpg\",\"datePublished\":\"2020-04-08T13:40:07+00:00\",\"dateModified\":\"2025-10-02T12:41:14+00:00\",\"description\":\"Stand-tissu parapluie. Ils sont tr\u00e8s largement pl\u00e9biscit\u00e9s par leur l\u00e9g\u00e8ret\u00e9 et leur facilit\u00e9 d'installation. Facile \u00e0 monter. Made in France\",\"breadcrumb\":{\"@id\":\"https:\\\/\\\/technikaprint.fr\\\/index.php\\\/stand-tissu\\\/#breadcrumb\"},\"inLanguage\":\"fr-FR\",\"potentialAction\":[{\"@type\":\"ReadAction\",\"target\":[\"https:\\\/\\\/technikaprint.fr\\\/index.php\\\/stand-tissu\\\/\"]}]},{\"@type\":\"ImageObject\",\"inLanguage\":\"fr-FR\",\"@id\":\"https:\\\/\\\/technikaprint.fr\\\/index.php\\\/stand-tissu\\\/#primaryimage\",\"url\":\"https:\\\/\\\/technikaprint.fr\\\/wp-content\\\/uploads\\\/2025\\\/02\\\/ICONE-ATRIA.jpg\",\"contentUrl\":\"https:\\\/\\\/technikaprint.fr\\\/wp-content\\\/uploads\\\/2025\\\/02\\\/ICONE-ATRIA.jpg\",\"width\":2358,\"height\":628},{\"@type\":\"BreadcrumbList\",\"@id\":\"https:\\\/\\\/technikaprint.fr\\\/index.php\\\/stand-tissu\\\/#breadcrumb\",\"itemListElement\":[{\"@type\":\"ListItem\",\"position\":1,\"name\":\"Accueil\",\"item\":\"https:\\\/\\\/technikaprint.fr\\\/\"},{\"@type\":\"ListItem\",\"position\":2,\"name\":\"Stand-tissu Atria\"}]},{\"@type\":\"WebSite\",\"@id\":\"https:\\\/\\\/technikaprint.fr\\\/#website\",\"url\":\"https:\\\/\\\/technikaprint.fr\\\/\",\"name\":\"Stand On Line\",\"description\":\"La boutique du Roll-up\",\"publisher\":{\"@id\":\"https:\\\/\\\/technikaprint.fr\\\/#organization\"},\"potentialAction\":[{\"@type\":\"SearchAction\",\"target\":{\"@type\":\"EntryPoint\",\"urlTemplate\":\"https:\\\/\\\/technikaprint.fr\\\/?s={search_term_string}\"},\"query-input\":{\"@type\":\"PropertyValueSpecification\",\"valueRequired\":true,\"valueName\":\"search_term_string\"}}],\"inLanguage\":\"fr-FR\"},{\"@type\":\"Organization\",\"@id\":\"https:\\\/\\\/technikaprint.fr\\\/#organization\",\"name\":\"Stand On Line \\\/ Technika-Print\",\"url\":\"https:\\\/\\\/technikaprint.fr\\\/\",\"logo\":{\"@type\":\"ImageObject\",\"inLanguage\":\"fr-FR\",\"@id\":\"https:\\\/\\\/technikaprint.fr\\\/#\\\/schema\\\/logo\\\/image\\\/\",\"url\":\"https:\\\/\\\/technikaprint.fr\\\/wp-content\\\/uploads\\\/2020\\\/04\\\/SOL-AU-CARRE.jpg\",\"contentUrl\":\"https:\\\/\\\/technikaprint.fr\\\/wp-content\\\/uploads\\\/2020\\\/04\\\/SOL-AU-CARRE.jpg\",\"width\":1705,\"height\":1705,\"caption\":\"Stand On Line \\\/ Technika-Print\"},\"image\":{\"@id\":\"https:\\\/\\\/technikaprint.fr\\\/#\\\/schema\\\/logo\\\/image\\\/\"},\"sameAs\":[\"https:\\\/\\\/www.facebook.com\\\/technikaprint\\\/\",\"https:\\\/\\\/www.linkedin.com\\\/in\\\/yann-phetsanghane-50763315b\\\/\"]}]}<\/script>\n<!-- \/ Yoast SEO plugin. -->","yoast_head_json":{"title":"Stand-tissu - Stand On Line - D\u00e9couvrez le stand tissu montage facile","description":"Stand-tissu parapluie. Ils sont tr\u00e8s largement pl\u00e9biscit\u00e9s par leur l\u00e9g\u00e8ret\u00e9 et leur facilit\u00e9 d'installation. Facile \u00e0 monter. Made in France","robots":{"index":"index","follow":"follow","max-snippet":"max-snippet:-1","max-image-preview":"max-image-preview:large","max-video-preview":"max-video-preview:-1"},"canonical":"https:\/\/technikaprint.fr\/index.php\/stand-tissu\/","og_locale":"fr_FR","og_type":"article","og_title":"Stand-tissu - Stand On Line - D\u00e9couvrez le stand tissu montage facile","og_description":"Stand-tissu parapluie. Ils sont tr\u00e8s largement pl\u00e9biscit\u00e9s par leur l\u00e9g\u00e8ret\u00e9 et leur facilit\u00e9 d'installation. Facile \u00e0 monter. Made in France","og_url":"https:\/\/technikaprint.fr\/index.php\/stand-tissu\/","og_site_name":"Stand On Line","article_publisher":"https:\/\/www.facebook.com\/technikaprint\/","article_modified_time":"2025-10-02T12:41:14+00:00","og_image":[{"width":2358,"height":628,"url":"https:\/\/technikaprint.fr\/wp-content\/uploads\/2025\/02\/ICONE-ATRIA.jpg","type":"image\/jpeg"}],"twitter_card":"summary_large_image","twitter_misc":{"Dur\u00e9e de lecture estim\u00e9e":"4 minutes"},"schema":{"@context":"https:\/\/schema.org","@graph":[{"@type":"WebPage","@id":"https:\/\/technikaprint.fr\/index.php\/stand-tissu\/","url":"https:\/\/technikaprint.fr\/index.php\/stand-tissu\/","name":"Stand-tissu - Stand On Line - D\u00e9couvrez le stand tissu montage facile","isPartOf":{"@id":"https:\/\/technikaprint.fr\/#website"},"primaryImageOfPage":{"@id":"https:\/\/technikaprint.fr\/index.php\/stand-tissu\/#primaryimage"},"image":{"@id":"https:\/\/technikaprint.fr\/index.php\/stand-tissu\/#primaryimage"},"thumbnailUrl":"https:\/\/technikaprint.fr\/wp-content\/uploads\/2025\/02\/ICONE-ATRIA-1024x273.jpg","datePublished":"2020-04-08T13:40:07+00:00","dateModified":"2025-10-02T12:41:14+00:00","description":"Stand-tissu parapluie. Ils sont tr\u00e8s largement pl\u00e9biscit\u00e9s par leur l\u00e9g\u00e8ret\u00e9 et leur facilit\u00e9 d'installation. Facile \u00e0 monter. Made in France","breadcrumb":{"@id":"https:\/\/technikaprint.fr\/index.php\/stand-tissu\/#breadcrumb"},"inLanguage":"fr-FR","potentialAction":[{"@type":"ReadAction","target":["https:\/\/technikaprint.fr\/index.php\/stand-tissu\/"]}]},{"@type":"ImageObject","inLanguage":"fr-FR","@id":"https:\/\/technikaprint.fr\/index.php\/stand-tissu\/#primaryimage","url":"https:\/\/technikaprint.fr\/wp-content\/uploads\/2025\/02\/ICONE-ATRIA.jpg","contentUrl":"https:\/\/technikaprint.fr\/wp-content\/uploads\/2025\/02\/ICONE-ATRIA.jpg","width":2358,"height":628},{"@type":"BreadcrumbList","@id":"https:\/\/technikaprint.fr\/index.php\/stand-tissu\/#breadcrumb","itemListElement":[{"@type":"ListItem","position":1,"name":"Accueil","item":"https:\/\/technikaprint.fr\/"},{"@type":"ListItem","position":2,"name":"Stand-tissu Atria"}]},{"@type":"WebSite","@id":"https:\/\/technikaprint.fr\/#website","url":"https:\/\/technikaprint.fr\/","name":"Stand On Line","description":"La boutique du Roll-up","publisher":{"@id":"https:\/\/technikaprint.fr\/#organization"},"potentialAction":[{"@type":"SearchAction","target":{"@type":"EntryPoint","urlTemplate":"https:\/\/technikaprint.fr\/?s={search_term_string}"},"query-input":{"@type":"PropertyValueSpecification","valueRequired":true,"valueName":"search_term_string"}}],"inLanguage":"fr-FR"},{"@type":"Organization","@id":"https:\/\/technikaprint.fr\/#organization","name":"Stand On Line \/ Technika-Print","url":"https:\/\/technikaprint.fr\/","logo":{"@type":"ImageObject","inLanguage":"fr-FR","@id":"https:\/\/technikaprint.fr\/#\/schema\/logo\/image\/","url":"https:\/\/technikaprint.fr\/wp-content\/uploads\/2020\/04\/SOL-AU-CARRE.jpg","contentUrl":"https:\/\/technikaprint.fr\/wp-content\/uploads\/2020\/04\/SOL-AU-CARRE.jpg","width":1705,"height":1705,"caption":"Stand On Line \/ Technika-Print"},"image":{"@id":"https:\/\/technikaprint.fr\/#\/schema\/logo\/image\/"},"sameAs":["https:\/\/www.facebook.com\/technikaprint\/","https:\/\/www.linkedin.com\/in\/yann-phetsanghane-50763315b\/"]}]}},"_links":{"self":[{"href":"https:\/\/technikaprint.fr\/index.php\/wp-json\/wp\/v2\/pages\/236","targetHints":{"allow":["GET"]}}],"collection":[{"href":"https:\/\/technikaprint.fr\/index.php\/wp-json\/wp\/v2\/pages"}],"about":[{"href":"https:\/\/technikaprint.fr\/index.php\/wp-json\/wp\/v2\/types\/page"}],"author":[{"embeddable":true,"href":"https:\/\/technikaprint.fr\/index.php\/wp-json\/wp\/v2\/users\/1"}],"replies":[{"embeddable":true,"href":"https:\/\/technikaprint.fr\/index.php\/wp-json\/wp\/v2\/comments?post=236"}],"version-history":[{"count":29,"href":"https:\/\/technikaprint.fr\/index.php\/wp-json\/wp\/v2\/pages\/236\/revisions"}],"predecessor-version":[{"id":3063,"href":"https:\/\/technikaprint.fr\/index.php\/wp-json\/wp\/v2\/pages\/236\/revisions\/3063"}],"wp:attachment":[{"href":"https:\/\/technikaprint.fr\/index.php\/wp-json\/wp\/v2\/media?parent=236"}],"curies":[{"name":"wp","href":"https:\/\/api.w.org\/{rel}","templated":true}]}}