{"id":248,"date":"2020-04-08T15:47:52","date_gmt":"2020-04-08T13:47:52","guid":{"rendered":"https:\/\/technikaprint.fr\/?page_id=248"},"modified":"2026-01-07T16:11:24","modified_gmt":"2026-01-07T15:11:24","slug":"banner-outdoor","status":"publish","type":"page","link":"https:\/\/technikaprint.fr\/index.php\/banner-outdoor\/","title":{"rendered":"Naos"},"content":{"rendered":"\n<figure class=\"wp-block-image\"><img fetchpriority=\"high\" decoding=\"async\" width=\"1024\" height=\"287\" src=\"https:\/\/technikaprint.fr\/wp-content\/uploads\/2020\/04\/ICONE-NAOS-1024x287.jpg\" alt=\"PLV ext\u00e9rieur Publicit\u00e9 Rue Trottoirs Commerce Boutique Outdoor ILV \" class=\"wp-image-433\" srcset=\"https:\/\/technikaprint.fr\/wp-content\/uploads\/2020\/04\/ICONE-NAOS-1024x287.jpg 1024w, https:\/\/technikaprint.fr\/wp-content\/uploads\/2020\/04\/ICONE-NAOS-300x84.jpg 300w, https:\/\/technikaprint.fr\/wp-content\/uploads\/2020\/04\/ICONE-NAOS-768x215.jpg 768w, https:\/\/technikaprint.fr\/wp-content\/uploads\/2020\/04\/ICONE-NAOS-1536x431.jpg 1536w, https:\/\/technikaprint.fr\/wp-content\/uploads\/2020\/04\/ICONE-NAOS-2048x574.jpg 2048w, https:\/\/technikaprint.fr\/wp-content\/uploads\/2020\/04\/ICONE-NAOS-360x101.jpg 360w\" sizes=\"(max-width: 1024px) 100vw, 1024px\" \/><\/figure>\n\n\n\n<figure class=\"wp-block-table\"><table><tbody><tr><td>Banner Outdoor Naos 80&#215;180 cm &#8211; <strong>Structure<em> + <\/em>1<em> <\/em>visuels<\/strong> avec \u0153illets<\/td><td class=\"has-text-align-right\" data-align=\"right\"><strong>Rupture de stock<\/strong><\/td><\/tr><tr><td>Banner Outdoor Naos 80&#215;180 cm &#8211; <strong>Structure + 2 visuels<\/strong> avec \u0153illets<\/td><td class=\"has-text-align-right\" data-align=\"right\"><strong>Rupture de stock<\/strong><\/td><\/tr><tr><td>Visuel seul pour structure Naos 80&#215;180 cm &#8211; R\u00e9assort<\/td><td class=\"has-text-align-right\" data-align=\"right\"><strong>49.50 \u20ac HT<\/strong><\/td><\/tr><\/tbody><\/table><\/figure>\n\n\n\n<p>Voici notre mod\u00e8le Banner Outdoor pour un usage en ext\u00e9rieur. Le Naos, tout en <a rel=\"noreferrer noopener\" href=\"https:\/\/fr.wikipedia.org\/wiki\/Fibre_de_verre\" target=\"_blank\"><strong><span style=\"color:#1c40ad\" class=\"has-inline-color\">fibre de verre<\/span><\/strong><\/a>, est livr\u00e9 dans sa housse de transport renforc\u00e9e. Pour son lestage, il est dot\u00e9 d&rsquo;un r\u00e9servoir d&rsquo;une capacit\u00e9 de 18 litres. Cette structure dite <em>Totem, ou Banner<\/em>, peut \u00eatre \u00e9quip\u00e9e jusqu&rsquo;\u00e0 2 visuels. Faciles \u00e0 poser avec leurs \u0153illets m\u00e9talliques, les visuels sont imprim\u00e9s sur un m\u00e9dia r\u00e9sistant \u00e0 l&rsquo;eau de 510 gr, en impression haute d\u00e9finition, en qualit\u00e9 photo, avec des encres \u00e9co-responsables et class\u00e9s au feu \u00e0 la norme europ\u00e9enne <a href=\"https:\/\/www.actimodul.fr\/photos_site\/GaleriePDF\/Normes-et-reglementations\/Classements-feu-Reflex-60-euroclasses.pdf\" target=\"_blank\" rel=\"noreferrer noopener\"><span style=\"color:#1c40ad\" class=\"has-inline-color\"><strong>M1<\/strong><\/span><\/a> pour vous permettre une utilisation dans tous les lieux publics.<\/p>\n\n\n\n<hr class=\"wp-block-separator has-css-opacity\"\/>\n\n\n\n<figure class=\"wp-block-gallery has-nested-images columns-default is-cropped wp-block-gallery-1 is-layout-flex wp-block-gallery-is-layout-flex\">\n<figure class=\"wp-block-image size-large\"><a href=\"https:\/\/technikaprint.fr\/wp-content\/uploads\/2020\/05\/GAL-NAOS-01.jpg\"><img decoding=\"async\" width=\"887\" height=\"887\" data-id=\"1436\" src=\"https:\/\/technikaprint.fr\/wp-content\/uploads\/2020\/05\/GAL-NAOS-01.jpg\" alt=\"\" class=\"wp-image-1436\" srcset=\"https:\/\/technikaprint.fr\/wp-content\/uploads\/2020\/05\/GAL-NAOS-01.jpg 887w, https:\/\/technikaprint.fr\/wp-content\/uploads\/2020\/05\/GAL-NAOS-01-300x300.jpg 300w, https:\/\/technikaprint.fr\/wp-content\/uploads\/2020\/05\/GAL-NAOS-01-150x150.jpg 150w, https:\/\/technikaprint.fr\/wp-content\/uploads\/2020\/05\/GAL-NAOS-01-768x768.jpg 768w, https:\/\/technikaprint.fr\/wp-content\/uploads\/2020\/05\/GAL-NAOS-01-270x270.jpg 270w\" sizes=\"(max-width: 887px) 100vw, 887px\" \/><\/a><figcaption class=\"wp-element-caption\"><strong>Totem Outdoor Naos<\/strong><\/figcaption><\/figure>\n\n\n\n<figure class=\"wp-block-image size-large\"><a href=\"https:\/\/technikaprint.fr\/wp-content\/uploads\/2020\/05\/GAL-NAOS-02.jpg\"><img decoding=\"async\" width=\"887\" height=\"887\" data-id=\"1437\" src=\"https:\/\/technikaprint.fr\/wp-content\/uploads\/2020\/05\/GAL-NAOS-02.jpg\" alt=\"\" class=\"wp-image-1437\" srcset=\"https:\/\/technikaprint.fr\/wp-content\/uploads\/2020\/05\/GAL-NAOS-02.jpg 887w, https:\/\/technikaprint.fr\/wp-content\/uploads\/2020\/05\/GAL-NAOS-02-300x300.jpg 300w, https:\/\/technikaprint.fr\/wp-content\/uploads\/2020\/05\/GAL-NAOS-02-150x150.jpg 150w, https:\/\/technikaprint.fr\/wp-content\/uploads\/2020\/05\/GAL-NAOS-02-768x768.jpg 768w, https:\/\/technikaprint.fr\/wp-content\/uploads\/2020\/05\/GAL-NAOS-02-270x270.jpg 270w\" sizes=\"(max-width: 887px) 100vw, 887px\" \/><\/a><figcaption class=\"wp-element-caption\"><strong>R\u00e9glable<\/strong><\/figcaption><\/figure>\n\n\n\n<figure class=\"wp-block-image size-large\"><a href=\"https:\/\/technikaprint.fr\/wp-content\/uploads\/2020\/05\/GAL-NAOS-03.jpg\"><img loading=\"lazy\" decoding=\"async\" width=\"887\" height=\"887\" data-id=\"1438\" src=\"https:\/\/technikaprint.fr\/wp-content\/uploads\/2020\/05\/GAL-NAOS-03.jpg\" alt=\"\" class=\"wp-image-1438\" srcset=\"https:\/\/technikaprint.fr\/wp-content\/uploads\/2020\/05\/GAL-NAOS-03.jpg 887w, https:\/\/technikaprint.fr\/wp-content\/uploads\/2020\/05\/GAL-NAOS-03-300x300.jpg 300w, https:\/\/technikaprint.fr\/wp-content\/uploads\/2020\/05\/GAL-NAOS-03-150x150.jpg 150w, https:\/\/technikaprint.fr\/wp-content\/uploads\/2020\/05\/GAL-NAOS-03-768x768.jpg 768w, https:\/\/technikaprint.fr\/wp-content\/uploads\/2020\/05\/GAL-NAOS-03-270x270.jpg 270w\" sizes=\"(max-width: 887px) 100vw, 887px\" \/><\/a><figcaption class=\"wp-element-caption\"><strong>R\u00e9servoir 18 L<\/strong><\/figcaption><\/figure>\n<\/figure>\n\n\n\n<p>Le&nbsp;totem publicitaire ext\u00e9rieur&nbsp;est un stand pliable id\u00e9al en utilisation ext\u00e9rieure et sur les lieux \u00e0 fort passage pour mettre en avant votre communication visuelle. Mont\u00e9 rapidement, ce totem mobile est pratique et d\u2019une grande stabilit\u00e9 gr\u00e2ce \u00e0 son pied lest\u00e9 avec un r\u00e9servoir de 18 litres \u00e0 remplir d\u2019eau ou de sable. Cette&nbsp;signal\u00e9tique publicitaire&nbsp;robuste et polyvalente, vous permet des utilisations r\u00e9p\u00e9t\u00e9es en ext\u00e9rieur ou en int\u00e9rieur sur des lieux de passage importants pour toucher un maximum de prospects.<\/p>\n\n\n\n<figure class=\"wp-block-gallery has-nested-images columns-default is-cropped wp-block-gallery-2 is-layout-flex wp-block-gallery-is-layout-flex\">\n<figure class=\"wp-block-image size-large\"><a href=\"https:\/\/technikaprint.fr\/wp-content\/uploads\/2020\/05\/GAL-NAOS-04.jpg\"><img loading=\"lazy\" decoding=\"async\" width=\"887\" height=\"887\" data-id=\"1440\" src=\"https:\/\/technikaprint.fr\/wp-content\/uploads\/2020\/05\/GAL-NAOS-04.jpg\" alt=\"\" class=\"wp-image-1440\" srcset=\"https:\/\/technikaprint.fr\/wp-content\/uploads\/2020\/05\/GAL-NAOS-04.jpg 887w, https:\/\/technikaprint.fr\/wp-content\/uploads\/2020\/05\/GAL-NAOS-04-300x300.jpg 300w, https:\/\/technikaprint.fr\/wp-content\/uploads\/2020\/05\/GAL-NAOS-04-150x150.jpg 150w, https:\/\/technikaprint.fr\/wp-content\/uploads\/2020\/05\/GAL-NAOS-04-768x768.jpg 768w, https:\/\/technikaprint.fr\/wp-content\/uploads\/2020\/05\/GAL-NAOS-04-270x270.jpg 270w\" sizes=\"(max-width: 887px) 100vw, 887px\" \/><\/a><figcaption class=\"wp-element-caption\"><strong>Visuel \u00e0 \u0153illets<\/strong><\/figcaption><\/figure>\n\n\n\n<figure class=\"wp-block-image size-large\"><a href=\"https:\/\/technikaprint.fr\/wp-content\/uploads\/2020\/05\/GAL-NAOS-05.jpg\"><img loading=\"lazy\" decoding=\"async\" width=\"887\" height=\"887\" data-id=\"1441\" src=\"https:\/\/technikaprint.fr\/wp-content\/uploads\/2020\/05\/GAL-NAOS-05.jpg\" alt=\"\" class=\"wp-image-1441\" srcset=\"https:\/\/technikaprint.fr\/wp-content\/uploads\/2020\/05\/GAL-NAOS-05.jpg 887w, https:\/\/technikaprint.fr\/wp-content\/uploads\/2020\/05\/GAL-NAOS-05-300x300.jpg 300w, https:\/\/technikaprint.fr\/wp-content\/uploads\/2020\/05\/GAL-NAOS-05-150x150.jpg 150w, https:\/\/technikaprint.fr\/wp-content\/uploads\/2020\/05\/GAL-NAOS-05-768x768.jpg 768w, https:\/\/technikaprint.fr\/wp-content\/uploads\/2020\/05\/GAL-NAOS-05-270x270.jpg 270w\" sizes=\"(max-width: 887px) 100vw, 887px\" \/><\/a><figcaption class=\"wp-element-caption\"><strong>Transport facile<\/strong><\/figcaption><\/figure>\n\n\n\n<figure class=\"wp-block-image size-large\"><a href=\"https:\/\/technikaprint.fr\/wp-content\/uploads\/2020\/05\/GAL-NAOS-06.jpg\"><img loading=\"lazy\" decoding=\"async\" width=\"887\" height=\"887\" data-id=\"1442\" src=\"https:\/\/technikaprint.fr\/wp-content\/uploads\/2020\/05\/GAL-NAOS-06.jpg\" alt=\"\" class=\"wp-image-1442\" srcset=\"https:\/\/technikaprint.fr\/wp-content\/uploads\/2020\/05\/GAL-NAOS-06.jpg 887w, https:\/\/technikaprint.fr\/wp-content\/uploads\/2020\/05\/GAL-NAOS-06-300x300.jpg 300w, https:\/\/technikaprint.fr\/wp-content\/uploads\/2020\/05\/GAL-NAOS-06-150x150.jpg 150w, https:\/\/technikaprint.fr\/wp-content\/uploads\/2020\/05\/GAL-NAOS-06-768x768.jpg 768w, https:\/\/technikaprint.fr\/wp-content\/uploads\/2020\/05\/GAL-NAOS-06-270x270.jpg 270w\" sizes=\"(max-width: 887px) 100vw, 887px\" \/><\/a><figcaption class=\"wp-element-caption\"><strong>Sac de transport<\/strong><\/figcaption><\/figure>\n<\/figure>\n\n\n\n<hr class=\"wp-block-separator has-css-opacity\"\/>\n\n\n\n<div class=\"wp-block-file\"><a id=\"wp-block-file--media-8de2eb1a-98dd-4f52-afd1-0ad2dc1631ca\" href=\"https:\/\/technikaprint.fr\/wp-content\/uploads\/2020\/04\/FT-NAOS.pdf\"><strong>T\u00e9l\u00e9chargez la fiche technique<\/strong><\/a><a href=\"https:\/\/technikaprint.fr\/wp-content\/uploads\/2020\/04\/FT-NAOS.pdf\" class=\"wp-block-file__button wp-element-button\" download aria-describedby=\"wp-block-file--media-8de2eb1a-98dd-4f52-afd1-0ad2dc1631ca\">T\u00e9l\u00e9charger<\/a><\/div>\n\n\n\n<figure class=\"wp-block-video aligncenter\"><video height=\"240\" style=\"aspect-ratio: 320 \/ 240;\" width=\"320\" controls src=\"https:\/\/technikaprint.fr\/wp-content\/uploads\/2020\/04\/NAOS-VIDEO.mp4\"><\/video><\/figure>\n\n\n\n<hr class=\"wp-block-separator has-css-opacity\"\/>\n\n\n\n<figure class=\"wp-block-image size-large\"><a href=\"https:\/\/technikaprint.fr\/index.php\/banderole\/\"><img loading=\"lazy\" decoding=\"async\" width=\"1024\" height=\"171\" src=\"https:\/\/technikaprint.fr\/wp-content\/uploads\/2020\/05\/BANDEROLE-BACHE-1-1024x171.jpg\" alt=\"Bache, Banderole, Standonline\" class=\"wp-image-2116\" srcset=\"https:\/\/technikaprint.fr\/wp-content\/uploads\/2020\/05\/BANDEROLE-BACHE-1-1024x171.jpg 1024w, https:\/\/technikaprint.fr\/wp-content\/uploads\/2020\/05\/BANDEROLE-BACHE-1-300x50.jpg 300w, https:\/\/technikaprint.fr\/wp-content\/uploads\/2020\/05\/BANDEROLE-BACHE-1-768x128.jpg 768w, https:\/\/technikaprint.fr\/wp-content\/uploads\/2020\/05\/BANDEROLE-BACHE-1-360x60.jpg 360w, https:\/\/technikaprint.fr\/wp-content\/uploads\/2020\/05\/BANDEROLE-BACHE-1.jpg 1417w\" sizes=\"(max-width: 1024px) 100vw, 1024px\" \/><\/a><\/figure>\n","protected":false},"excerpt":{"rendered":"<p>Banner Outdoor Naos 80&#215;180 cm &#8211; Structure + 1 visuels avec \u0153illets Rupture de stock Banner Outdoor Naos 80&#215;180 cm &#8211; Structure + 2 visuels avec \u0153illets Rupture de stock Visuel seul pour structure Naos 80&#215;180 cm &#8211; R\u00e9assort 49.50&hellip;&nbsp;<a href=\"https:\/\/technikaprint.fr\/index.php\/banner-outdoor\/\" class=\"more-link\">Lire la suite<\/a><\/p>\n","protected":false},"author":1,"featured_media":0,"parent":0,"menu_order":0,"comment_status":"closed","ping_status":"closed","template":"","meta":{"_monsterinsights_skip_tracking":false,"_monsterinsights_sitenote_active":false,"_monsterinsights_sitenote_note":"","_monsterinsights_sitenote_category":0,"footnotes":""},"class_list":["post-248","page","type-page","status-publish","hentry"],"yoast_head":"<!-- This site is optimized with the Yoast SEO plugin v27.4 - https:\/\/yoast.com\/product\/yoast-seo-wordpress\/ -->\n<title>Banner Outdoor - Stand On Line - PLV ou ILV pour l&#039;ext\u00e9rieur - Double-face<\/title>\n<meta name=\"description\" content=\"Le banner-outdoor Naos est livr\u00e9 dans sa housse de transport renforc\u00e9e. Il peut \u00eatre \u00e9quip\u00e9e jusqu\u2019\u00e0 2 visuels. Facile \u00e0 poser - Lestage 18L -\" \/>\n<meta name=\"robots\" content=\"index, follow, max-snippet:-1, max-image-preview:large, max-video-preview:-1\" \/>\n<link rel=\"canonical\" href=\"https:\/\/technikaprint.fr\/index.php\/banner-outdoor\/\" \/>\n<meta property=\"og:locale\" content=\"fr_FR\" \/>\n<meta property=\"og:type\" content=\"article\" \/>\n<meta property=\"og:title\" content=\"Banner Outdoor - Stand On Line - PLV ou ILV pour l&#039;ext\u00e9rieur - Double-face\" \/>\n<meta property=\"og:description\" content=\"Le banner-outdoor Naos est livr\u00e9 dans sa housse de transport renforc\u00e9e. Il peut \u00eatre \u00e9quip\u00e9e jusqu\u2019\u00e0 2 visuels. Facile \u00e0 poser - Lestage 18L -\" \/>\n<meta property=\"og:url\" content=\"https:\/\/technikaprint.fr\/index.php\/banner-outdoor\/\" \/>\n<meta property=\"og:site_name\" content=\"Stand On Line\" \/>\n<meta property=\"article:publisher\" content=\"https:\/\/www.facebook.com\/technikaprint\/\" \/>\n<meta property=\"article:modified_time\" content=\"2026-01-07T15:11:24+00:00\" \/>\n<meta property=\"og:image\" content=\"https:\/\/technikaprint.fr\/wp-content\/uploads\/2020\/04\/ICONE-NAOS.jpg\" \/>\n\t<meta property=\"og:image:width\" content=\"2239\" \/>\n\t<meta property=\"og:image:height\" content=\"628\" \/>\n\t<meta property=\"og:image:type\" content=\"image\/jpeg\" \/>\n<meta name=\"twitter:card\" content=\"summary_large_image\" \/>\n<meta name=\"twitter:label1\" content=\"Dur\u00e9e de lecture estim\u00e9e\" \/>\n\t<meta name=\"twitter:data1\" content=\"3 minutes\" \/>\n<script type=\"application\/ld+json\" class=\"yoast-schema-graph\">{\"@context\":\"https:\\\/\\\/schema.org\",\"@graph\":[{\"@type\":\"WebPage\",\"@id\":\"https:\\\/\\\/technikaprint.fr\\\/index.php\\\/banner-outdoor\\\/\",\"url\":\"https:\\\/\\\/technikaprint.fr\\\/index.php\\\/banner-outdoor\\\/\",\"name\":\"Banner Outdoor - Stand On Line - PLV ou ILV pour l'ext\u00e9rieur - Double-face\",\"isPartOf\":{\"@id\":\"https:\\\/\\\/technikaprint.fr\\\/#website\"},\"primaryImageOfPage\":{\"@id\":\"https:\\\/\\\/technikaprint.fr\\\/index.php\\\/banner-outdoor\\\/#primaryimage\"},\"image\":{\"@id\":\"https:\\\/\\\/technikaprint.fr\\\/index.php\\\/banner-outdoor\\\/#primaryimage\"},\"thumbnailUrl\":\"https:\\\/\\\/technikaprint.fr\\\/wp-content\\\/uploads\\\/2020\\\/04\\\/ICONE-NAOS-1024x287.jpg\",\"datePublished\":\"2020-04-08T13:47:52+00:00\",\"dateModified\":\"2026-01-07T15:11:24+00:00\",\"description\":\"Le banner-outdoor Naos est livr\u00e9 dans sa housse de transport renforc\u00e9e. Il peut \u00eatre \u00e9quip\u00e9e jusqu\u2019\u00e0 2 visuels. Facile \u00e0 poser - Lestage 18L -\",\"breadcrumb\":{\"@id\":\"https:\\\/\\\/technikaprint.fr\\\/index.php\\\/banner-outdoor\\\/#breadcrumb\"},\"inLanguage\":\"fr-FR\",\"potentialAction\":[{\"@type\":\"ReadAction\",\"target\":[\"https:\\\/\\\/technikaprint.fr\\\/index.php\\\/banner-outdoor\\\/\"]}]},{\"@type\":\"ImageObject\",\"inLanguage\":\"fr-FR\",\"@id\":\"https:\\\/\\\/technikaprint.fr\\\/index.php\\\/banner-outdoor\\\/#primaryimage\",\"url\":\"https:\\\/\\\/technikaprint.fr\\\/wp-content\\\/uploads\\\/2020\\\/04\\\/ICONE-NAOS.jpg\",\"contentUrl\":\"https:\\\/\\\/technikaprint.fr\\\/wp-content\\\/uploads\\\/2020\\\/04\\\/ICONE-NAOS.jpg\",\"width\":2239,\"height\":628},{\"@type\":\"BreadcrumbList\",\"@id\":\"https:\\\/\\\/technikaprint.fr\\\/index.php\\\/banner-outdoor\\\/#breadcrumb\",\"itemListElement\":[{\"@type\":\"ListItem\",\"position\":1,\"name\":\"Accueil\",\"item\":\"https:\\\/\\\/technikaprint.fr\\\/\"},{\"@type\":\"ListItem\",\"position\":2,\"name\":\"Naos\"}]},{\"@type\":\"WebSite\",\"@id\":\"https:\\\/\\\/technikaprint.fr\\\/#website\",\"url\":\"https:\\\/\\\/technikaprint.fr\\\/\",\"name\":\"Stand On Line\",\"description\":\"La boutique du Roll-up\",\"publisher\":{\"@id\":\"https:\\\/\\\/technikaprint.fr\\\/#organization\"},\"potentialAction\":[{\"@type\":\"SearchAction\",\"target\":{\"@type\":\"EntryPoint\",\"urlTemplate\":\"https:\\\/\\\/technikaprint.fr\\\/?s={search_term_string}\"},\"query-input\":{\"@type\":\"PropertyValueSpecification\",\"valueRequired\":true,\"valueName\":\"search_term_string\"}}],\"inLanguage\":\"fr-FR\"},{\"@type\":\"Organization\",\"@id\":\"https:\\\/\\\/technikaprint.fr\\\/#organization\",\"name\":\"Stand On Line \\\/ Technika-Print\",\"url\":\"https:\\\/\\\/technikaprint.fr\\\/\",\"logo\":{\"@type\":\"ImageObject\",\"inLanguage\":\"fr-FR\",\"@id\":\"https:\\\/\\\/technikaprint.fr\\\/#\\\/schema\\\/logo\\\/image\\\/\",\"url\":\"https:\\\/\\\/technikaprint.fr\\\/wp-content\\\/uploads\\\/2020\\\/04\\\/SOL-AU-CARRE.jpg\",\"contentUrl\":\"https:\\\/\\\/technikaprint.fr\\\/wp-content\\\/uploads\\\/2020\\\/04\\\/SOL-AU-CARRE.jpg\",\"width\":1705,\"height\":1705,\"caption\":\"Stand On Line \\\/ Technika-Print\"},\"image\":{\"@id\":\"https:\\\/\\\/technikaprint.fr\\\/#\\\/schema\\\/logo\\\/image\\\/\"},\"sameAs\":[\"https:\\\/\\\/www.facebook.com\\\/technikaprint\\\/\",\"https:\\\/\\\/www.linkedin.com\\\/in\\\/yann-phetsanghane-50763315b\\\/\"]}]}<\/script>\n<!-- \/ Yoast SEO plugin. -->","yoast_head_json":{"title":"Banner Outdoor - Stand On Line - PLV ou ILV pour l'ext\u00e9rieur - Double-face","description":"Le banner-outdoor Naos est livr\u00e9 dans sa housse de transport renforc\u00e9e. Il peut \u00eatre \u00e9quip\u00e9e jusqu\u2019\u00e0 2 visuels. Facile \u00e0 poser - Lestage 18L -","robots":{"index":"index","follow":"follow","max-snippet":"max-snippet:-1","max-image-preview":"max-image-preview:large","max-video-preview":"max-video-preview:-1"},"canonical":"https:\/\/technikaprint.fr\/index.php\/banner-outdoor\/","og_locale":"fr_FR","og_type":"article","og_title":"Banner Outdoor - Stand On Line - PLV ou ILV pour l'ext\u00e9rieur - Double-face","og_description":"Le banner-outdoor Naos est livr\u00e9 dans sa housse de transport renforc\u00e9e. Il peut \u00eatre \u00e9quip\u00e9e jusqu\u2019\u00e0 2 visuels. Facile \u00e0 poser - Lestage 18L -","og_url":"https:\/\/technikaprint.fr\/index.php\/banner-outdoor\/","og_site_name":"Stand On Line","article_publisher":"https:\/\/www.facebook.com\/technikaprint\/","article_modified_time":"2026-01-07T15:11:24+00:00","og_image":[{"width":2239,"height":628,"url":"https:\/\/technikaprint.fr\/wp-content\/uploads\/2020\/04\/ICONE-NAOS.jpg","type":"image\/jpeg"}],"twitter_card":"summary_large_image","twitter_misc":{"Dur\u00e9e de lecture estim\u00e9e":"3 minutes"},"schema":{"@context":"https:\/\/schema.org","@graph":[{"@type":"WebPage","@id":"https:\/\/technikaprint.fr\/index.php\/banner-outdoor\/","url":"https:\/\/technikaprint.fr\/index.php\/banner-outdoor\/","name":"Banner Outdoor - Stand On Line - PLV ou ILV pour l'ext\u00e9rieur - Double-face","isPartOf":{"@id":"https:\/\/technikaprint.fr\/#website"},"primaryImageOfPage":{"@id":"https:\/\/technikaprint.fr\/index.php\/banner-outdoor\/#primaryimage"},"image":{"@id":"https:\/\/technikaprint.fr\/index.php\/banner-outdoor\/#primaryimage"},"thumbnailUrl":"https:\/\/technikaprint.fr\/wp-content\/uploads\/2020\/04\/ICONE-NAOS-1024x287.jpg","datePublished":"2020-04-08T13:47:52+00:00","dateModified":"2026-01-07T15:11:24+00:00","description":"Le banner-outdoor Naos est livr\u00e9 dans sa housse de transport renforc\u00e9e. Il peut \u00eatre \u00e9quip\u00e9e jusqu\u2019\u00e0 2 visuels. Facile \u00e0 poser - Lestage 18L -","breadcrumb":{"@id":"https:\/\/technikaprint.fr\/index.php\/banner-outdoor\/#breadcrumb"},"inLanguage":"fr-FR","potentialAction":[{"@type":"ReadAction","target":["https:\/\/technikaprint.fr\/index.php\/banner-outdoor\/"]}]},{"@type":"ImageObject","inLanguage":"fr-FR","@id":"https:\/\/technikaprint.fr\/index.php\/banner-outdoor\/#primaryimage","url":"https:\/\/technikaprint.fr\/wp-content\/uploads\/2020\/04\/ICONE-NAOS.jpg","contentUrl":"https:\/\/technikaprint.fr\/wp-content\/uploads\/2020\/04\/ICONE-NAOS.jpg","width":2239,"height":628},{"@type":"BreadcrumbList","@id":"https:\/\/technikaprint.fr\/index.php\/banner-outdoor\/#breadcrumb","itemListElement":[{"@type":"ListItem","position":1,"name":"Accueil","item":"https:\/\/technikaprint.fr\/"},{"@type":"ListItem","position":2,"name":"Naos"}]},{"@type":"WebSite","@id":"https:\/\/technikaprint.fr\/#website","url":"https:\/\/technikaprint.fr\/","name":"Stand On Line","description":"La boutique du Roll-up","publisher":{"@id":"https:\/\/technikaprint.fr\/#organization"},"potentialAction":[{"@type":"SearchAction","target":{"@type":"EntryPoint","urlTemplate":"https:\/\/technikaprint.fr\/?s={search_term_string}"},"query-input":{"@type":"PropertyValueSpecification","valueRequired":true,"valueName":"search_term_string"}}],"inLanguage":"fr-FR"},{"@type":"Organization","@id":"https:\/\/technikaprint.fr\/#organization","name":"Stand On Line \/ Technika-Print","url":"https:\/\/technikaprint.fr\/","logo":{"@type":"ImageObject","inLanguage":"fr-FR","@id":"https:\/\/technikaprint.fr\/#\/schema\/logo\/image\/","url":"https:\/\/technikaprint.fr\/wp-content\/uploads\/2020\/04\/SOL-AU-CARRE.jpg","contentUrl":"https:\/\/technikaprint.fr\/wp-content\/uploads\/2020\/04\/SOL-AU-CARRE.jpg","width":1705,"height":1705,"caption":"Stand On Line \/ Technika-Print"},"image":{"@id":"https:\/\/technikaprint.fr\/#\/schema\/logo\/image\/"},"sameAs":["https:\/\/www.facebook.com\/technikaprint\/","https:\/\/www.linkedin.com\/in\/yann-phetsanghane-50763315b\/"]}]}},"_links":{"self":[{"href":"https:\/\/technikaprint.fr\/index.php\/wp-json\/wp\/v2\/pages\/248","targetHints":{"allow":["GET"]}}],"collection":[{"href":"https:\/\/technikaprint.fr\/index.php\/wp-json\/wp\/v2\/pages"}],"about":[{"href":"https:\/\/technikaprint.fr\/index.php\/wp-json\/wp\/v2\/types\/page"}],"author":[{"embeddable":true,"href":"https:\/\/technikaprint.fr\/index.php\/wp-json\/wp\/v2\/users\/1"}],"replies":[{"embeddable":true,"href":"https:\/\/technikaprint.fr\/index.php\/wp-json\/wp\/v2\/comments?post=248"}],"version-history":[{"count":30,"href":"https:\/\/technikaprint.fr\/index.php\/wp-json\/wp\/v2\/pages\/248\/revisions"}],"predecessor-version":[{"id":3070,"href":"https:\/\/technikaprint.fr\/index.php\/wp-json\/wp\/v2\/pages\/248\/revisions\/3070"}],"wp:attachment":[{"href":"https:\/\/technikaprint.fr\/index.php\/wp-json\/wp\/v2\/media?parent=248"}],"curies":[{"name":"wp","href":"https:\/\/api.w.org\/{rel}","templated":true}]}}