{"id":252,"date":"2020-04-08T15:49:34","date_gmt":"2020-04-08T13:49:34","guid":{"rendered":"https:\/\/technikaprint.fr\/?page_id=252"},"modified":"2026-01-07T16:25:16","modified_gmt":"2026-01-07T15:25:16","slug":"plv","status":"publish","type":"page","link":"https:\/\/technikaprint.fr\/index.php\/plv\/","title":{"rendered":"Street Board"},"content":{"rendered":"\n<figure class=\"wp-block-image\"><img fetchpriority=\"high\" decoding=\"async\" width=\"1024\" height=\"287\" src=\"https:\/\/technikaprint.fr\/wp-content\/uploads\/2020\/04\/ICONE-STREET-BOARD-1024x287.jpg\" alt=\"PLV ext\u00e9rieur Publicit\u00e9 Rue Trottoirs Commerce Boutique Outdoor ILV  Street Board\" class=\"wp-image-429\" srcset=\"https:\/\/technikaprint.fr\/wp-content\/uploads\/2020\/04\/ICONE-STREET-BOARD-1024x287.jpg 1024w, https:\/\/technikaprint.fr\/wp-content\/uploads\/2020\/04\/ICONE-STREET-BOARD-300x84.jpg 300w, https:\/\/technikaprint.fr\/wp-content\/uploads\/2020\/04\/ICONE-STREET-BOARD-768x215.jpg 768w, https:\/\/technikaprint.fr\/wp-content\/uploads\/2020\/04\/ICONE-STREET-BOARD-1536x431.jpg 1536w, https:\/\/technikaprint.fr\/wp-content\/uploads\/2020\/04\/ICONE-STREET-BOARD-2048x574.jpg 2048w, https:\/\/technikaprint.fr\/wp-content\/uploads\/2020\/04\/ICONE-STREET-BOARD-360x101.jpg 360w\" sizes=\"(max-width: 1024px) 100vw, 1024px\" \/><\/figure>\n\n\n\n<figure class=\"wp-block-table\"><table><tbody><tr><td>PLV A1 Street Board complet &#8211; <strong>Structure + 2 visuels<\/strong> 594&#215;841 mm<\/td><td class=\"has-text-align-right\" data-align=\"right\"><strong>280.00 \u20ac HT<\/strong><\/td><\/tr><tr><td>Visuel A1 Street Board pour r\u00e9assort (Prix d&rsquo;un visuel)<\/td><td class=\"has-text-align-right\" data-align=\"right\"><strong>26.00 \u20ac HT<\/strong><\/td><\/tr><tr><td>Structure A1 PLV Street Board <strong>seule sans visuel<\/strong><\/td><td class=\"has-text-align-right\" data-align=\"right\"><strong>242.00 \u20ac HT<\/strong><\/td><\/tr><tr><td>PLV A0 Street Board complet &#8211; <strong>Structure + 2 visuels<\/strong> 841&#215;1189 mm<\/td><td class=\"has-text-align-right\" data-align=\"right\"><strong>415.00 \u20ac HT<\/strong><\/td><\/tr><tr><td>Visuel A0 Street Board pour r\u00e9assort (Prix d&rsquo;un visuel)<\/td><td class=\"has-text-align-right\" data-align=\"right\"><strong>40.00 \u20ac HT<\/strong><\/td><\/tr><tr><td>Structure A0 PLV Street Board <strong>seule sans visuel<\/strong><\/td><td class=\"has-text-align-right\" data-align=\"right\"><strong>463.50 \u20ac HT<\/strong><\/td><\/tr><\/tbody><\/table><\/figure>\n\n\n\n<p>Cette structure de rue ou PLV s&rsquo;est largement r\u00e9pandue dans nos villes. Les restaurants, les sandwicheries, les r\u00e9parateurs ont tous appr\u00e9ci\u00e9 sa facilit\u00e9 d&rsquo;utilisation et d&rsquo;installation. Son syst\u00e8me de cadre \u00e0 clipser permet le changement de visuel en quelques minutes. Ces visuels sont prot\u00e9g\u00e9s par un <a rel=\"noreferrer noopener\" href=\"https:\/\/www.alsol.fr\/informations\/19-quest-ce-que-le-polycarbonate\" target=\"_blank\"><strong><span style=\"color:#1c40ad\" class=\"has-inline-color\">polycarbonate<\/span><\/strong><\/a> transparent r\u00e9sistant aux intemp\u00e9ries. Le Street Board est muni d&rsquo;un r\u00e9servoir de lestage d&rsquo;une capacit\u00e9 de 32 litres, et de 2 roulettes qui facilitent son d\u00e9placement.<\/p>\n\n\n\n<div class=\"wp-block-file\"><a id=\"wp-block-file--media-d89281aa-3140-48ce-b866-4ab08467c23a\" href=\"https:\/\/technikaprint.fr\/wp-content\/uploads\/2020\/04\/FT-STREET-BOARD.pdf\"><strong>T\u00e9l\u00e9chargez la fiche technique<\/strong><\/a><a href=\"https:\/\/technikaprint.fr\/wp-content\/uploads\/2020\/04\/FT-STREET-BOARD.pdf\" class=\"wp-block-file__button wp-element-button\" download aria-describedby=\"wp-block-file--media-d89281aa-3140-48ce-b866-4ab08467c23a\">T\u00e9l\u00e9charger<\/a><\/div>\n\n\n\n<hr class=\"wp-block-separator has-css-opacity\"\/>\n\n\n\n<figure class=\"wp-block-gallery has-nested-images columns-default is-cropped wp-block-gallery-1 is-layout-flex wp-block-gallery-is-layout-flex\">\n<figure class=\"wp-block-image size-large\"><a href=\"https:\/\/technikaprint.fr\/wp-content\/uploads\/2020\/05\/GAL-DRAPEAU-01-2.jpg\"><img decoding=\"async\" width=\"887\" height=\"887\" data-id=\"1427\" src=\"https:\/\/technikaprint.fr\/wp-content\/uploads\/2020\/05\/GAL-DRAPEAU-01-2.jpg\" alt=\"\" class=\"wp-image-1427\" srcset=\"https:\/\/technikaprint.fr\/wp-content\/uploads\/2020\/05\/GAL-DRAPEAU-01-2.jpg 887w, https:\/\/technikaprint.fr\/wp-content\/uploads\/2020\/05\/GAL-DRAPEAU-01-2-300x300.jpg 300w, https:\/\/technikaprint.fr\/wp-content\/uploads\/2020\/05\/GAL-DRAPEAU-01-2-150x150.jpg 150w, https:\/\/technikaprint.fr\/wp-content\/uploads\/2020\/05\/GAL-DRAPEAU-01-2-768x768.jpg 768w, https:\/\/technikaprint.fr\/wp-content\/uploads\/2020\/05\/GAL-DRAPEAU-01-2-270x270.jpg 270w\" sizes=\"(max-width: 887px) 100vw, 887px\" \/><\/a><figcaption class=\"wp-element-caption\"><strong>Street Board<\/strong><\/figcaption><\/figure>\n\n\n\n<figure class=\"wp-block-image size-large\"><a href=\"https:\/\/technikaprint.fr\/wp-content\/uploads\/2020\/05\/GAL-DRAPEAU-02-2.jpg\"><img decoding=\"async\" width=\"887\" height=\"887\" data-id=\"1428\" src=\"https:\/\/technikaprint.fr\/wp-content\/uploads\/2020\/05\/GAL-DRAPEAU-02-2.jpg\" alt=\"\" class=\"wp-image-1428\" srcset=\"https:\/\/technikaprint.fr\/wp-content\/uploads\/2020\/05\/GAL-DRAPEAU-02-2.jpg 887w, https:\/\/technikaprint.fr\/wp-content\/uploads\/2020\/05\/GAL-DRAPEAU-02-2-300x300.jpg 300w, https:\/\/technikaprint.fr\/wp-content\/uploads\/2020\/05\/GAL-DRAPEAU-02-2-150x150.jpg 150w, https:\/\/technikaprint.fr\/wp-content\/uploads\/2020\/05\/GAL-DRAPEAU-02-2-768x768.jpg 768w, https:\/\/technikaprint.fr\/wp-content\/uploads\/2020\/05\/GAL-DRAPEAU-02-2-270x270.jpg 270w\" sizes=\"(max-width: 887px) 100vw, 887px\" \/><\/a><figcaption class=\"wp-element-caption\"><strong>Double-faces<\/strong><\/figcaption><\/figure>\n\n\n\n<figure class=\"wp-block-image size-large\"><a href=\"https:\/\/technikaprint.fr\/wp-content\/uploads\/2020\/05\/GAL-DRAPEAU-03-2.jpg\"><img loading=\"lazy\" decoding=\"async\" width=\"887\" height=\"887\" data-id=\"1429\" src=\"https:\/\/technikaprint.fr\/wp-content\/uploads\/2020\/05\/GAL-DRAPEAU-03-2.jpg\" alt=\"\" class=\"wp-image-1429\" srcset=\"https:\/\/technikaprint.fr\/wp-content\/uploads\/2020\/05\/GAL-DRAPEAU-03-2.jpg 887w, https:\/\/technikaprint.fr\/wp-content\/uploads\/2020\/05\/GAL-DRAPEAU-03-2-300x300.jpg 300w, https:\/\/technikaprint.fr\/wp-content\/uploads\/2020\/05\/GAL-DRAPEAU-03-2-150x150.jpg 150w, https:\/\/technikaprint.fr\/wp-content\/uploads\/2020\/05\/GAL-DRAPEAU-03-2-768x768.jpg 768w, https:\/\/technikaprint.fr\/wp-content\/uploads\/2020\/05\/GAL-DRAPEAU-03-2-270x270.jpg 270w\" sizes=\"(max-width: 887px) 100vw, 887px\" \/><\/a><figcaption class=\"wp-element-caption\"><strong>R\u00e9servoir 32L<\/strong><\/figcaption><\/figure>\n<\/figure>\n\n\n\n<p>Ces produits d&rsquo;exposition ou de signalisation ext\u00e9rieurs sont \u00e9tudi\u00e9s pour traverser les \u00e9preuves du temps. Que ce soit le vent, la pluie, le soleil, nous avons une r\u00e9ponse adapt\u00e9e aux contraintes des \u00e9l\u00e9ments. Tous nos produits personnalis\u00e9s sont imprim\u00e9s avec des encres qui vous garantissent la meilleure protection contre les <strong><span style=\"color:#1c40ad\" class=\"has-inline-color\"><a href=\"https:\/\/www.futura-sciences.com\/sciences\/definitions\/physique-ultraviolet-1003\/\" target=\"_blank\" rel=\"noreferrer noopener\">UV<\/a><\/span><\/strong> ainsi que des supports r\u00e9sistants au vent et aux intemp\u00e9ries. Parfois appel\u00e9 <em>\u00ab\u00a0Stop-Trottoir\u00a0\u00bb<\/em>, ce que l&rsquo;on appr\u00e9cie, c&rsquo;est sa capacit\u00e9 \u00e0 se plier au vent gr\u00e2ce \u00e0 ses 2 ressorts qui donnent une grande flexibilit\u00e9 au panneau.<\/p>\n\n\n\n<figure class=\"wp-block-gallery has-nested-images columns-default is-cropped wp-block-gallery-2 is-layout-flex wp-block-gallery-is-layout-flex\">\n<figure class=\"wp-block-image size-large\"><a href=\"https:\/\/technikaprint.fr\/wp-content\/uploads\/2020\/05\/GAL-DRAPEAU-04-1.jpg\"><img loading=\"lazy\" decoding=\"async\" width=\"887\" height=\"887\" data-id=\"1430\" src=\"https:\/\/technikaprint.fr\/wp-content\/uploads\/2020\/05\/GAL-DRAPEAU-04-1.jpg\" alt=\"\" class=\"wp-image-1430\" srcset=\"https:\/\/technikaprint.fr\/wp-content\/uploads\/2020\/05\/GAL-DRAPEAU-04-1.jpg 887w, https:\/\/technikaprint.fr\/wp-content\/uploads\/2020\/05\/GAL-DRAPEAU-04-1-300x300.jpg 300w, https:\/\/technikaprint.fr\/wp-content\/uploads\/2020\/05\/GAL-DRAPEAU-04-1-150x150.jpg 150w, https:\/\/technikaprint.fr\/wp-content\/uploads\/2020\/05\/GAL-DRAPEAU-04-1-768x768.jpg 768w, https:\/\/technikaprint.fr\/wp-content\/uploads\/2020\/05\/GAL-DRAPEAU-04-1-270x270.jpg 270w\" sizes=\"(max-width: 887px) 100vw, 887px\" \/><\/a><figcaption class=\"wp-element-caption\"><strong>Cadre clippant<\/strong><\/figcaption><\/figure>\n\n\n\n<figure class=\"wp-block-image size-large\"><a href=\"https:\/\/technikaprint.fr\/wp-content\/uploads\/2020\/05\/GAL-DRAPEAU-05-1.jpg\"><img loading=\"lazy\" decoding=\"async\" width=\"887\" height=\"887\" data-id=\"1431\" src=\"https:\/\/technikaprint.fr\/wp-content\/uploads\/2020\/05\/GAL-DRAPEAU-05-1.jpg\" alt=\"\" class=\"wp-image-1431\" srcset=\"https:\/\/technikaprint.fr\/wp-content\/uploads\/2020\/05\/GAL-DRAPEAU-05-1.jpg 887w, https:\/\/technikaprint.fr\/wp-content\/uploads\/2020\/05\/GAL-DRAPEAU-05-1-300x300.jpg 300w, https:\/\/technikaprint.fr\/wp-content\/uploads\/2020\/05\/GAL-DRAPEAU-05-1-150x150.jpg 150w, https:\/\/technikaprint.fr\/wp-content\/uploads\/2020\/05\/GAL-DRAPEAU-05-1-768x768.jpg 768w, https:\/\/technikaprint.fr\/wp-content\/uploads\/2020\/05\/GAL-DRAPEAU-05-1-270x270.jpg 270w\" sizes=\"(max-width: 887px) 100vw, 887px\" \/><\/a><figcaption class=\"wp-element-caption\"><strong>R\u00e9siste au vent<\/strong><\/figcaption><\/figure>\n\n\n\n<figure class=\"wp-block-image size-large\"><a href=\"https:\/\/technikaprint.fr\/wp-content\/uploads\/2020\/05\/GAL-DRAPEAU-07.jpg\"><img loading=\"lazy\" decoding=\"async\" width=\"887\" height=\"887\" data-id=\"1434\" src=\"https:\/\/technikaprint.fr\/wp-content\/uploads\/2020\/05\/GAL-DRAPEAU-07.jpg\" alt=\"\" class=\"wp-image-1434\" srcset=\"https:\/\/technikaprint.fr\/wp-content\/uploads\/2020\/05\/GAL-DRAPEAU-07.jpg 887w, https:\/\/technikaprint.fr\/wp-content\/uploads\/2020\/05\/GAL-DRAPEAU-07-300x300.jpg 300w, https:\/\/technikaprint.fr\/wp-content\/uploads\/2020\/05\/GAL-DRAPEAU-07-150x150.jpg 150w, https:\/\/technikaprint.fr\/wp-content\/uploads\/2020\/05\/GAL-DRAPEAU-07-768x768.jpg 768w, https:\/\/technikaprint.fr\/wp-content\/uploads\/2020\/05\/GAL-DRAPEAU-07-270x270.jpg 270w\" sizes=\"(max-width: 887px) 100vw, 887px\" \/><\/a><figcaption class=\"wp-element-caption\"><strong>Transport facile<\/strong><\/figcaption><\/figure>\n<\/figure>\n\n\n\n<hr class=\"wp-block-separator has-css-opacity\"\/>\n\n\n\n<figure class=\"wp-block-video aligncenter\"><video height=\"240\" style=\"aspect-ratio: 320 \/ 240;\" width=\"320\" controls src=\"https:\/\/technikaprint.fr\/wp-content\/uploads\/2020\/04\/STREETBOARD-VIDEO.mp4\"><\/video><\/figure>\n\n\n\n<hr class=\"wp-block-separator has-css-opacity\"\/>\n\n\n\n<figure class=\"wp-block-image size-large\"><a href=\"https:\/\/technikaprint.fr\/index.php\/roll-up\/\"><img loading=\"lazy\" decoding=\"async\" width=\"1024\" height=\"171\" src=\"https:\/\/technikaprint.fr\/wp-content\/uploads\/2020\/05\/ROLLUP-KAKEMONO-2-1024x171.jpg\" alt=\"Roll-up, Kakemono, Stand parapluie, Totem, Standonline\" class=\"wp-image-2131\" srcset=\"https:\/\/technikaprint.fr\/wp-content\/uploads\/2020\/05\/ROLLUP-KAKEMONO-2-1024x171.jpg 1024w, https:\/\/technikaprint.fr\/wp-content\/uploads\/2020\/05\/ROLLUP-KAKEMONO-2-300x50.jpg 300w, https:\/\/technikaprint.fr\/wp-content\/uploads\/2020\/05\/ROLLUP-KAKEMONO-2-768x128.jpg 768w, https:\/\/technikaprint.fr\/wp-content\/uploads\/2020\/05\/ROLLUP-KAKEMONO-2-360x60.jpg 360w, https:\/\/technikaprint.fr\/wp-content\/uploads\/2020\/05\/ROLLUP-KAKEMONO-2.jpg 1417w\" sizes=\"(max-width: 1024px) 100vw, 1024px\" \/><\/a><\/figure>\n\n\n\n<p><\/p>\n","protected":false},"excerpt":{"rendered":"<p>PLV A1 Street Board complet &#8211; Structure + 2 visuels 594&#215;841 mm 280.00 \u20ac HT Visuel A1 Street Board pour r\u00e9assort (Prix d&rsquo;un visuel) 26.00 \u20ac HT Structure A1 PLV Street Board seule sans visuel 242.00 \u20ac HT PLV A0&hellip;&nbsp;<a href=\"https:\/\/technikaprint.fr\/index.php\/plv\/\" class=\"more-link\">Lire la suite<\/a><\/p>\n","protected":false},"author":1,"featured_media":0,"parent":0,"menu_order":0,"comment_status":"closed","ping_status":"closed","template":"","meta":{"_monsterinsights_skip_tracking":false,"_monsterinsights_sitenote_active":false,"_monsterinsights_sitenote_note":"","_monsterinsights_sitenote_category":0,"footnotes":""},"class_list":["post-252","page","type-page","status-publish","hentry"],"yoast_head":"<!-- This site is optimized with the Yoast SEO plugin v27.5 - https:\/\/yoast.com\/product\/yoast-seo-wordpress\/ -->\n<title>PLV - Street Board - Stand On Line - Id\u00e9al pour communiquer dans la rue<\/title>\n<meta name=\"description\" content=\"PLV largement r\u00e9pandue dans nos villes. Les restaurants, les sandwicheries, les commer\u00e7ants ont tous appr\u00e9ci\u00e9 sa facilit\u00e9 d\u2019installation.\" \/>\n<meta name=\"robots\" content=\"index, follow, max-snippet:-1, max-image-preview:large, max-video-preview:-1\" \/>\n<link rel=\"canonical\" href=\"https:\/\/technikaprint.fr\/index.php\/plv\/\" \/>\n<meta property=\"og:locale\" content=\"fr_FR\" \/>\n<meta property=\"og:type\" content=\"article\" \/>\n<meta property=\"og:title\" content=\"PLV - Street Board - Stand On Line - Id\u00e9al pour communiquer dans la rue\" \/>\n<meta property=\"og:description\" content=\"PLV largement r\u00e9pandue dans nos villes. Les restaurants, les sandwicheries, les commer\u00e7ants ont tous appr\u00e9ci\u00e9 sa facilit\u00e9 d\u2019installation.\" \/>\n<meta property=\"og:url\" content=\"https:\/\/technikaprint.fr\/index.php\/plv\/\" \/>\n<meta property=\"og:site_name\" content=\"Stand On Line\" \/>\n<meta property=\"article:publisher\" content=\"https:\/\/www.facebook.com\/technikaprint\/\" \/>\n<meta property=\"article:modified_time\" content=\"2026-01-07T15:25:16+00:00\" \/>\n<meta property=\"og:image\" content=\"https:\/\/technikaprint.fr\/wp-content\/uploads\/2020\/04\/ICONE-STREET-BOARD.jpg\" \/>\n\t<meta property=\"og:image:width\" content=\"2239\" \/>\n\t<meta property=\"og:image:height\" content=\"628\" \/>\n\t<meta property=\"og:image:type\" content=\"image\/jpeg\" \/>\n<meta name=\"twitter:card\" content=\"summary_large_image\" \/>\n<meta name=\"twitter:label1\" content=\"Dur\u00e9e de lecture estim\u00e9e\" \/>\n\t<meta name=\"twitter:data1\" content=\"3 minutes\" \/>\n<script type=\"application\/ld+json\" class=\"yoast-schema-graph\">{\"@context\":\"https:\\\/\\\/schema.org\",\"@graph\":[{\"@type\":\"WebPage\",\"@id\":\"https:\\\/\\\/technikaprint.fr\\\/index.php\\\/plv\\\/\",\"url\":\"https:\\\/\\\/technikaprint.fr\\\/index.php\\\/plv\\\/\",\"name\":\"PLV - Street Board - Stand On Line - Id\u00e9al pour communiquer dans la rue\",\"isPartOf\":{\"@id\":\"https:\\\/\\\/technikaprint.fr\\\/#website\"},\"primaryImageOfPage\":{\"@id\":\"https:\\\/\\\/technikaprint.fr\\\/index.php\\\/plv\\\/#primaryimage\"},\"image\":{\"@id\":\"https:\\\/\\\/technikaprint.fr\\\/index.php\\\/plv\\\/#primaryimage\"},\"thumbnailUrl\":\"https:\\\/\\\/technikaprint.fr\\\/wp-content\\\/uploads\\\/2020\\\/04\\\/ICONE-STREET-BOARD-1024x287.jpg\",\"datePublished\":\"2020-04-08T13:49:34+00:00\",\"dateModified\":\"2026-01-07T15:25:16+00:00\",\"description\":\"PLV largement r\u00e9pandue dans nos villes. Les restaurants, les sandwicheries, les commer\u00e7ants ont tous appr\u00e9ci\u00e9 sa facilit\u00e9 d\u2019installation.\",\"breadcrumb\":{\"@id\":\"https:\\\/\\\/technikaprint.fr\\\/index.php\\\/plv\\\/#breadcrumb\"},\"inLanguage\":\"fr-FR\",\"potentialAction\":[{\"@type\":\"ReadAction\",\"target\":[\"https:\\\/\\\/technikaprint.fr\\\/index.php\\\/plv\\\/\"]}]},{\"@type\":\"ImageObject\",\"inLanguage\":\"fr-FR\",\"@id\":\"https:\\\/\\\/technikaprint.fr\\\/index.php\\\/plv\\\/#primaryimage\",\"url\":\"https:\\\/\\\/technikaprint.fr\\\/wp-content\\\/uploads\\\/2020\\\/04\\\/ICONE-STREET-BOARD.jpg\",\"contentUrl\":\"https:\\\/\\\/technikaprint.fr\\\/wp-content\\\/uploads\\\/2020\\\/04\\\/ICONE-STREET-BOARD.jpg\",\"width\":2239,\"height\":628},{\"@type\":\"BreadcrumbList\",\"@id\":\"https:\\\/\\\/technikaprint.fr\\\/index.php\\\/plv\\\/#breadcrumb\",\"itemListElement\":[{\"@type\":\"ListItem\",\"position\":1,\"name\":\"Accueil\",\"item\":\"https:\\\/\\\/technikaprint.fr\\\/\"},{\"@type\":\"ListItem\",\"position\":2,\"name\":\"Street Board\"}]},{\"@type\":\"WebSite\",\"@id\":\"https:\\\/\\\/technikaprint.fr\\\/#website\",\"url\":\"https:\\\/\\\/technikaprint.fr\\\/\",\"name\":\"Stand On Line\",\"description\":\"La boutique du Roll-up\",\"publisher\":{\"@id\":\"https:\\\/\\\/technikaprint.fr\\\/#organization\"},\"potentialAction\":[{\"@type\":\"SearchAction\",\"target\":{\"@type\":\"EntryPoint\",\"urlTemplate\":\"https:\\\/\\\/technikaprint.fr\\\/?s={search_term_string}\"},\"query-input\":{\"@type\":\"PropertyValueSpecification\",\"valueRequired\":true,\"valueName\":\"search_term_string\"}}],\"inLanguage\":\"fr-FR\"},{\"@type\":\"Organization\",\"@id\":\"https:\\\/\\\/technikaprint.fr\\\/#organization\",\"name\":\"Stand On Line \\\/ Technika-Print\",\"url\":\"https:\\\/\\\/technikaprint.fr\\\/\",\"logo\":{\"@type\":\"ImageObject\",\"inLanguage\":\"fr-FR\",\"@id\":\"https:\\\/\\\/technikaprint.fr\\\/#\\\/schema\\\/logo\\\/image\\\/\",\"url\":\"https:\\\/\\\/technikaprint.fr\\\/wp-content\\\/uploads\\\/2020\\\/04\\\/SOL-AU-CARRE.jpg\",\"contentUrl\":\"https:\\\/\\\/technikaprint.fr\\\/wp-content\\\/uploads\\\/2020\\\/04\\\/SOL-AU-CARRE.jpg\",\"width\":1705,\"height\":1705,\"caption\":\"Stand On Line \\\/ Technika-Print\"},\"image\":{\"@id\":\"https:\\\/\\\/technikaprint.fr\\\/#\\\/schema\\\/logo\\\/image\\\/\"},\"sameAs\":[\"https:\\\/\\\/www.facebook.com\\\/technikaprint\\\/\",\"https:\\\/\\\/www.linkedin.com\\\/in\\\/yann-phetsanghane-50763315b\\\/\"]}]}<\/script>\n<!-- \/ Yoast SEO plugin. -->","yoast_head_json":{"title":"PLV - Street Board - Stand On Line - Id\u00e9al pour communiquer dans la rue","description":"PLV largement r\u00e9pandue dans nos villes. Les restaurants, les sandwicheries, les commer\u00e7ants ont tous appr\u00e9ci\u00e9 sa facilit\u00e9 d\u2019installation.","robots":{"index":"index","follow":"follow","max-snippet":"max-snippet:-1","max-image-preview":"max-image-preview:large","max-video-preview":"max-video-preview:-1"},"canonical":"https:\/\/technikaprint.fr\/index.php\/plv\/","og_locale":"fr_FR","og_type":"article","og_title":"PLV - Street Board - Stand On Line - Id\u00e9al pour communiquer dans la rue","og_description":"PLV largement r\u00e9pandue dans nos villes. Les restaurants, les sandwicheries, les commer\u00e7ants ont tous appr\u00e9ci\u00e9 sa facilit\u00e9 d\u2019installation.","og_url":"https:\/\/technikaprint.fr\/index.php\/plv\/","og_site_name":"Stand On Line","article_publisher":"https:\/\/www.facebook.com\/technikaprint\/","article_modified_time":"2026-01-07T15:25:16+00:00","og_image":[{"width":2239,"height":628,"url":"https:\/\/technikaprint.fr\/wp-content\/uploads\/2020\/04\/ICONE-STREET-BOARD.jpg","type":"image\/jpeg"}],"twitter_card":"summary_large_image","twitter_misc":{"Dur\u00e9e de lecture estim\u00e9e":"3 minutes"},"schema":{"@context":"https:\/\/schema.org","@graph":[{"@type":"WebPage","@id":"https:\/\/technikaprint.fr\/index.php\/plv\/","url":"https:\/\/technikaprint.fr\/index.php\/plv\/","name":"PLV - Street Board - Stand On Line - Id\u00e9al pour communiquer dans la rue","isPartOf":{"@id":"https:\/\/technikaprint.fr\/#website"},"primaryImageOfPage":{"@id":"https:\/\/technikaprint.fr\/index.php\/plv\/#primaryimage"},"image":{"@id":"https:\/\/technikaprint.fr\/index.php\/plv\/#primaryimage"},"thumbnailUrl":"https:\/\/technikaprint.fr\/wp-content\/uploads\/2020\/04\/ICONE-STREET-BOARD-1024x287.jpg","datePublished":"2020-04-08T13:49:34+00:00","dateModified":"2026-01-07T15:25:16+00:00","description":"PLV largement r\u00e9pandue dans nos villes. Les restaurants, les sandwicheries, les commer\u00e7ants ont tous appr\u00e9ci\u00e9 sa facilit\u00e9 d\u2019installation.","breadcrumb":{"@id":"https:\/\/technikaprint.fr\/index.php\/plv\/#breadcrumb"},"inLanguage":"fr-FR","potentialAction":[{"@type":"ReadAction","target":["https:\/\/technikaprint.fr\/index.php\/plv\/"]}]},{"@type":"ImageObject","inLanguage":"fr-FR","@id":"https:\/\/technikaprint.fr\/index.php\/plv\/#primaryimage","url":"https:\/\/technikaprint.fr\/wp-content\/uploads\/2020\/04\/ICONE-STREET-BOARD.jpg","contentUrl":"https:\/\/technikaprint.fr\/wp-content\/uploads\/2020\/04\/ICONE-STREET-BOARD.jpg","width":2239,"height":628},{"@type":"BreadcrumbList","@id":"https:\/\/technikaprint.fr\/index.php\/plv\/#breadcrumb","itemListElement":[{"@type":"ListItem","position":1,"name":"Accueil","item":"https:\/\/technikaprint.fr\/"},{"@type":"ListItem","position":2,"name":"Street Board"}]},{"@type":"WebSite","@id":"https:\/\/technikaprint.fr\/#website","url":"https:\/\/technikaprint.fr\/","name":"Stand On Line","description":"La boutique du Roll-up","publisher":{"@id":"https:\/\/technikaprint.fr\/#organization"},"potentialAction":[{"@type":"SearchAction","target":{"@type":"EntryPoint","urlTemplate":"https:\/\/technikaprint.fr\/?s={search_term_string}"},"query-input":{"@type":"PropertyValueSpecification","valueRequired":true,"valueName":"search_term_string"}}],"inLanguage":"fr-FR"},{"@type":"Organization","@id":"https:\/\/technikaprint.fr\/#organization","name":"Stand On Line \/ Technika-Print","url":"https:\/\/technikaprint.fr\/","logo":{"@type":"ImageObject","inLanguage":"fr-FR","@id":"https:\/\/technikaprint.fr\/#\/schema\/logo\/image\/","url":"https:\/\/technikaprint.fr\/wp-content\/uploads\/2020\/04\/SOL-AU-CARRE.jpg","contentUrl":"https:\/\/technikaprint.fr\/wp-content\/uploads\/2020\/04\/SOL-AU-CARRE.jpg","width":1705,"height":1705,"caption":"Stand On Line \/ Technika-Print"},"image":{"@id":"https:\/\/technikaprint.fr\/#\/schema\/logo\/image\/"},"sameAs":["https:\/\/www.facebook.com\/technikaprint\/","https:\/\/www.linkedin.com\/in\/yann-phetsanghane-50763315b\/"]}]}},"_links":{"self":[{"href":"https:\/\/technikaprint.fr\/index.php\/wp-json\/wp\/v2\/pages\/252","targetHints":{"allow":["GET"]}}],"collection":[{"href":"https:\/\/technikaprint.fr\/index.php\/wp-json\/wp\/v2\/pages"}],"about":[{"href":"https:\/\/technikaprint.fr\/index.php\/wp-json\/wp\/v2\/types\/page"}],"author":[{"embeddable":true,"href":"https:\/\/technikaprint.fr\/index.php\/wp-json\/wp\/v2\/users\/1"}],"replies":[{"embeddable":true,"href":"https:\/\/technikaprint.fr\/index.php\/wp-json\/wp\/v2\/comments?post=252"}],"version-history":[{"count":26,"href":"https:\/\/technikaprint.fr\/index.php\/wp-json\/wp\/v2\/pages\/252\/revisions"}],"predecessor-version":[{"id":3082,"href":"https:\/\/technikaprint.fr\/index.php\/wp-json\/wp\/v2\/pages\/252\/revisions\/3082"}],"wp:attachment":[{"href":"https:\/\/technikaprint.fr\/index.php\/wp-json\/wp\/v2\/media?parent=252"}],"curies":[{"name":"wp","href":"https:\/\/api.w.org\/{rel}","templated":true}]}}