{"id":254,"date":"2020-04-08T15:50:04","date_gmt":"2020-04-08T13:50:04","guid":{"rendered":"https:\/\/technikaprint.fr\/?page_id=254"},"modified":"2026-04-23T16:52:55","modified_gmt":"2026-04-23T14:52:55","slug":"roll-up-de-table","status":"publish","type":"page","link":"https:\/\/technikaprint.fr\/index.php\/roll-up-de-table\/","title":{"rendered":"Roll-Up de table"},"content":{"rendered":"\n<div class=\"wp-block-media-text alignwide is-stacked-on-mobile\" style=\"grid-template-columns:56% auto\"><figure class=\"wp-block-media-text__media\"><img fetchpriority=\"high\" decoding=\"async\" width=\"1024\" height=\"1024\" src=\"https:\/\/technikaprint.fr\/wp-content\/uploads\/2020\/04\/CARRE-ROLL-MINI-1024x1024.jpg\" alt=\"Roll-up de table Mini roll-up Objet promotionnel Goodies Cadeau\" class=\"wp-image-609 size-full\" srcset=\"https:\/\/technikaprint.fr\/wp-content\/uploads\/2020\/04\/CARRE-ROLL-MINI-1024x1024.jpg 1024w, https:\/\/technikaprint.fr\/wp-content\/uploads\/2020\/04\/CARRE-ROLL-MINI-300x300.jpg 300w, https:\/\/technikaprint.fr\/wp-content\/uploads\/2020\/04\/CARRE-ROLL-MINI-150x150.jpg 150w, https:\/\/technikaprint.fr\/wp-content\/uploads\/2020\/04\/CARRE-ROLL-MINI-768x768.jpg 768w, https:\/\/technikaprint.fr\/wp-content\/uploads\/2020\/04\/CARRE-ROLL-MINI-270x270.jpg 270w, https:\/\/technikaprint.fr\/wp-content\/uploads\/2020\/04\/CARRE-ROLL-MINI.jpg 1144w\" sizes=\"(max-width: 1024px) 100vw, 1024px\" \/><\/figure><div class=\"wp-block-media-text__content\">\n<h3 class=\"wp-block-heading\"><strong><span style=\"color:#1c40ad\" class=\"has-inline-color\">Le mini Roll-Up de table<\/span><\/strong> <\/h3>\n\n\n\n<p>Utilis\u00e9 comme support promotionnel, le mini roll-up de table est id\u00e9al pour mettre en avant vos produits, votre logo ou vos messages cl\u00e9s. Compact et pratique, il trouve facilement sa place sur un bureau, un <a href=\"https:\/\/technikaprint.fr\/index.php\/banque-hotesse\/\">comptoir d&rsquo;accueil<\/a>. Tr\u00e8s appr\u00e9ci\u00e9 lors des salons et \u00e9v\u00e9nements, il permet de diffuser des informations utiles sur des points strat\u00e9giques. Il apporte \u00e9galement une touche soign\u00e9e et professionnelle \u00e0 votre espace, que ce soit lors d\u2019une foire, d\u2019une exposition ou dans un showroom.<\/p>\n\n\n\n<p>Accessible et original, ce support b\u00e9n\u00e9ficie d\u2019une impression de haute qualit\u00e9, parfaite pour attirer l\u2019attention et valoriser un message ou un produit sp\u00e9cifique.<\/p>\n<\/div><\/div>\n\n\n\n<figure class=\"wp-block-table\"><table><tbody><tr><td>Mini Roll-Up avec visuel <a href=\"https:\/\/www.mdm.fr\/fr\/qu-est-ce-polypropylene_16.html\" target=\"_blank\" rel=\"noreferrer noopener\">polypropyl\u00e8ne<\/a> inclus<br><strong>Format A4 210&#215;297 mm<\/strong> &#8211; En petit carton individuel<\/td><td class=\"has-text-align-right\" data-align=\"right\"><strong>30.00 \u20ac HT<\/strong><\/td><\/tr><tr><td>Mini Roll-Up avec visuel polypropyl\u00e8ne inclus<br><strong>Format A3 297&#215;420 mm<\/strong> &#8211; En petit carton individuel<\/td><td class=\"has-text-align-right\" data-align=\"right\"><strong>37.00 \u20ac HT<\/strong><\/td><\/tr><\/tbody><\/table><\/figure>\n\n\n\n<figure class=\"wp-block-video\"><video height=\"240\" style=\"aspect-ratio: 320 \/ 240;\" width=\"320\" controls src=\"https:\/\/technikaprint.fr\/wp-content\/uploads\/2020\/04\/ROLL-TABLE-VIDEO.mp4\"><\/video><\/figure>\n\n\n\n<h2 class=\"wp-block-heading\"><br><strong><span style=\"color:#1c40ad\" class=\"has-inline-color\">Offrir un cadeau promotionnel<\/span><\/strong><\/h2>\n\n\n\n<p>\u00c0 l\u2019occasion d\u2019\u00e9v\u00e9nements ou des f\u00eates de fin d\u2019ann\u00e9e, offrir des cadeaux d\u2019entreprise \u00e0 vos clients, fournisseurs ou collaborateurs est une attention toujours appr\u00e9ci\u00e9e. C\u2019est un excellent moyen de renforcer vos relations et de valoriser vos partenariats.<\/p>\n\n\n\n<p>Le cadeau d\u2019entreprise pr\u00e9sente un avantage unique : c\u2019est l\u2019une des rares formes de communication pour lesquelles votre message est accueilli positivement\u2026 et m\u00eame remerci\u00e9. En associant votre image \u00e0 une attention agr\u00e9able, vous marquez durablement les esprits.<\/p>\n\n\n\n<p>Les objets publicitaires permettent ainsi de capter l\u2019attention de vos prospects et clients tout en ma\u00eetrisant votre budget. En choisissant des cadeaux en coh\u00e9rence avec vos valeurs, vous renforcez votre image et votre impact.<\/p>\n\n\n\n<hr class=\"wp-block-separator has-css-opacity\"\/>\n\n\n\n<figure class=\"wp-block-image size-large\"><a href=\"https:\/\/technikaprint.fr\/index.php\/mugs\/\"><img decoding=\"async\" width=\"1024\" height=\"171\" src=\"https:\/\/technikaprint.fr\/wp-content\/uploads\/2020\/05\/MUG-1024x171.jpg\" alt=\"Mug, Mugs, personnalisation, Standonline\" class=\"wp-image-2123\" srcset=\"https:\/\/technikaprint.fr\/wp-content\/uploads\/2020\/05\/MUG-1024x171.jpg 1024w, https:\/\/technikaprint.fr\/wp-content\/uploads\/2020\/05\/MUG-300x50.jpg 300w, https:\/\/technikaprint.fr\/wp-content\/uploads\/2020\/05\/MUG-768x128.jpg 768w, https:\/\/technikaprint.fr\/wp-content\/uploads\/2020\/05\/MUG-360x60.jpg 360w, https:\/\/technikaprint.fr\/wp-content\/uploads\/2020\/05\/MUG.jpg 1417w\" sizes=\"(max-width: 1024px) 100vw, 1024px\" \/><\/a><\/figure>\n","protected":false},"excerpt":{"rendered":"<p>Le mini Roll-Up de table Utilis\u00e9 comme support promotionnel, le mini roll-up de table est id\u00e9al pour mettre en avant vos produits, votre logo ou vos messages cl\u00e9s. Compact et pratique, il trouve facilement sa place sur un bureau, un&hellip;&nbsp;<a href=\"https:\/\/technikaprint.fr\/index.php\/roll-up-de-table\/\" class=\"more-link\">Lire la suite<\/a><\/p>\n","protected":false},"author":1,"featured_media":0,"parent":0,"menu_order":0,"comment_status":"closed","ping_status":"closed","template":"","meta":{"_monsterinsights_skip_tracking":false,"_monsterinsights_sitenote_active":false,"_monsterinsights_sitenote_note":"","_monsterinsights_sitenote_category":0,"footnotes":""},"class_list":["post-254","page","type-page","status-publish","hentry"],"yoast_head":"<!-- This site is optimized with the Yoast SEO plugin v27.5 - https:\/\/yoast.com\/product\/yoast-seo-wordpress\/ -->\n<title>Roll-Up de table - Stand On Line - Cadeau promotionnel, pour vos clients<\/title>\n<meta name=\"description\" content=\"Roll-Up de table. Le mini Roll-Up s\u2019int\u00e8gre facilement sur votre bureau ou votre comptoir d\u2019accueil. Utlisez le en cadeau promotionnel !\" \/>\n<meta name=\"robots\" content=\"index, follow, max-snippet:-1, max-image-preview:large, max-video-preview:-1\" \/>\n<link rel=\"canonical\" href=\"https:\/\/technikaprint.fr\/index.php\/roll-up-de-table\/\" \/>\n<meta property=\"og:locale\" content=\"fr_FR\" \/>\n<meta property=\"og:type\" content=\"article\" \/>\n<meta property=\"og:title\" content=\"Roll-Up de table - Stand On Line - Cadeau promotionnel, pour vos clients\" \/>\n<meta property=\"og:description\" content=\"Roll-Up de table. Le mini Roll-Up s\u2019int\u00e8gre facilement sur votre bureau ou votre comptoir d\u2019accueil. Utlisez le en cadeau promotionnel !\" \/>\n<meta property=\"og:url\" content=\"https:\/\/technikaprint.fr\/index.php\/roll-up-de-table\/\" \/>\n<meta property=\"og:site_name\" content=\"Stand On Line\" \/>\n<meta property=\"article:publisher\" content=\"https:\/\/www.facebook.com\/technikaprint\/\" \/>\n<meta property=\"article:modified_time\" content=\"2026-04-23T14:52:55+00:00\" \/>\n<meta property=\"og:image\" content=\"https:\/\/technikaprint.fr\/wp-content\/uploads\/2020\/04\/CARRE-ROLL-MINI.jpg\" \/>\n\t<meta property=\"og:image:width\" content=\"1144\" \/>\n\t<meta property=\"og:image:height\" content=\"1144\" \/>\n\t<meta property=\"og:image:type\" content=\"image\/jpeg\" \/>\n<meta name=\"twitter:card\" content=\"summary_large_image\" \/>\n<meta name=\"twitter:label1\" content=\"Dur\u00e9e de lecture estim\u00e9e\" \/>\n\t<meta name=\"twitter:data1\" content=\"2 minutes\" \/>\n<script type=\"application\/ld+json\" class=\"yoast-schema-graph\">{\"@context\":\"https:\\\/\\\/schema.org\",\"@graph\":[{\"@type\":\"WebPage\",\"@id\":\"https:\\\/\\\/technikaprint.fr\\\/index.php\\\/roll-up-de-table\\\/\",\"url\":\"https:\\\/\\\/technikaprint.fr\\\/index.php\\\/roll-up-de-table\\\/\",\"name\":\"Roll-Up de table - Stand On Line - Cadeau promotionnel, pour vos clients\",\"isPartOf\":{\"@id\":\"https:\\\/\\\/technikaprint.fr\\\/#website\"},\"primaryImageOfPage\":{\"@id\":\"https:\\\/\\\/technikaprint.fr\\\/index.php\\\/roll-up-de-table\\\/#primaryimage\"},\"image\":{\"@id\":\"https:\\\/\\\/technikaprint.fr\\\/index.php\\\/roll-up-de-table\\\/#primaryimage\"},\"thumbnailUrl\":\"https:\\\/\\\/technikaprint.fr\\\/wp-content\\\/uploads\\\/2020\\\/04\\\/CARRE-ROLL-MINI-1024x1024.jpg\",\"datePublished\":\"2020-04-08T13:50:04+00:00\",\"dateModified\":\"2026-04-23T14:52:55+00:00\",\"description\":\"Roll-Up de table. Le mini Roll-Up s\u2019int\u00e8gre facilement sur votre bureau ou votre comptoir d\u2019accueil. Utlisez le en cadeau promotionnel !\",\"breadcrumb\":{\"@id\":\"https:\\\/\\\/technikaprint.fr\\\/index.php\\\/roll-up-de-table\\\/#breadcrumb\"},\"inLanguage\":\"fr-FR\",\"potentialAction\":[{\"@type\":\"ReadAction\",\"target\":[\"https:\\\/\\\/technikaprint.fr\\\/index.php\\\/roll-up-de-table\\\/\"]}]},{\"@type\":\"ImageObject\",\"inLanguage\":\"fr-FR\",\"@id\":\"https:\\\/\\\/technikaprint.fr\\\/index.php\\\/roll-up-de-table\\\/#primaryimage\",\"url\":\"https:\\\/\\\/technikaprint.fr\\\/wp-content\\\/uploads\\\/2020\\\/04\\\/CARRE-ROLL-MINI.jpg\",\"contentUrl\":\"https:\\\/\\\/technikaprint.fr\\\/wp-content\\\/uploads\\\/2020\\\/04\\\/CARRE-ROLL-MINI.jpg\",\"width\":1144,\"height\":1144},{\"@type\":\"BreadcrumbList\",\"@id\":\"https:\\\/\\\/technikaprint.fr\\\/index.php\\\/roll-up-de-table\\\/#breadcrumb\",\"itemListElement\":[{\"@type\":\"ListItem\",\"position\":1,\"name\":\"Accueil\",\"item\":\"https:\\\/\\\/technikaprint.fr\\\/\"},{\"@type\":\"ListItem\",\"position\":2,\"name\":\"Roll-Up de table\"}]},{\"@type\":\"WebSite\",\"@id\":\"https:\\\/\\\/technikaprint.fr\\\/#website\",\"url\":\"https:\\\/\\\/technikaprint.fr\\\/\",\"name\":\"Stand On Line\",\"description\":\"La boutique du Roll-up\",\"publisher\":{\"@id\":\"https:\\\/\\\/technikaprint.fr\\\/#organization\"},\"potentialAction\":[{\"@type\":\"SearchAction\",\"target\":{\"@type\":\"EntryPoint\",\"urlTemplate\":\"https:\\\/\\\/technikaprint.fr\\\/?s={search_term_string}\"},\"query-input\":{\"@type\":\"PropertyValueSpecification\",\"valueRequired\":true,\"valueName\":\"search_term_string\"}}],\"inLanguage\":\"fr-FR\"},{\"@type\":\"Organization\",\"@id\":\"https:\\\/\\\/technikaprint.fr\\\/#organization\",\"name\":\"Stand On Line \\\/ Technika-Print\",\"url\":\"https:\\\/\\\/technikaprint.fr\\\/\",\"logo\":{\"@type\":\"ImageObject\",\"inLanguage\":\"fr-FR\",\"@id\":\"https:\\\/\\\/technikaprint.fr\\\/#\\\/schema\\\/logo\\\/image\\\/\",\"url\":\"https:\\\/\\\/technikaprint.fr\\\/wp-content\\\/uploads\\\/2020\\\/04\\\/SOL-AU-CARRE.jpg\",\"contentUrl\":\"https:\\\/\\\/technikaprint.fr\\\/wp-content\\\/uploads\\\/2020\\\/04\\\/SOL-AU-CARRE.jpg\",\"width\":1705,\"height\":1705,\"caption\":\"Stand On Line \\\/ Technika-Print\"},\"image\":{\"@id\":\"https:\\\/\\\/technikaprint.fr\\\/#\\\/schema\\\/logo\\\/image\\\/\"},\"sameAs\":[\"https:\\\/\\\/www.facebook.com\\\/technikaprint\\\/\",\"https:\\\/\\\/www.linkedin.com\\\/in\\\/yann-phetsanghane-50763315b\\\/\"]}]}<\/script>\n<!-- \/ Yoast SEO plugin. -->","yoast_head_json":{"title":"Roll-Up de table - Stand On Line - Cadeau promotionnel, pour vos clients","description":"Roll-Up de table. Le mini Roll-Up s\u2019int\u00e8gre facilement sur votre bureau ou votre comptoir d\u2019accueil. Utlisez le en cadeau promotionnel !","robots":{"index":"index","follow":"follow","max-snippet":"max-snippet:-1","max-image-preview":"max-image-preview:large","max-video-preview":"max-video-preview:-1"},"canonical":"https:\/\/technikaprint.fr\/index.php\/roll-up-de-table\/","og_locale":"fr_FR","og_type":"article","og_title":"Roll-Up de table - Stand On Line - Cadeau promotionnel, pour vos clients","og_description":"Roll-Up de table. Le mini Roll-Up s\u2019int\u00e8gre facilement sur votre bureau ou votre comptoir d\u2019accueil. Utlisez le en cadeau promotionnel !","og_url":"https:\/\/technikaprint.fr\/index.php\/roll-up-de-table\/","og_site_name":"Stand On Line","article_publisher":"https:\/\/www.facebook.com\/technikaprint\/","article_modified_time":"2026-04-23T14:52:55+00:00","og_image":[{"width":1144,"height":1144,"url":"https:\/\/technikaprint.fr\/wp-content\/uploads\/2020\/04\/CARRE-ROLL-MINI.jpg","type":"image\/jpeg"}],"twitter_card":"summary_large_image","twitter_misc":{"Dur\u00e9e de lecture estim\u00e9e":"2 minutes"},"schema":{"@context":"https:\/\/schema.org","@graph":[{"@type":"WebPage","@id":"https:\/\/technikaprint.fr\/index.php\/roll-up-de-table\/","url":"https:\/\/technikaprint.fr\/index.php\/roll-up-de-table\/","name":"Roll-Up de table - Stand On Line - Cadeau promotionnel, pour vos clients","isPartOf":{"@id":"https:\/\/technikaprint.fr\/#website"},"primaryImageOfPage":{"@id":"https:\/\/technikaprint.fr\/index.php\/roll-up-de-table\/#primaryimage"},"image":{"@id":"https:\/\/technikaprint.fr\/index.php\/roll-up-de-table\/#primaryimage"},"thumbnailUrl":"https:\/\/technikaprint.fr\/wp-content\/uploads\/2020\/04\/CARRE-ROLL-MINI-1024x1024.jpg","datePublished":"2020-04-08T13:50:04+00:00","dateModified":"2026-04-23T14:52:55+00:00","description":"Roll-Up de table. Le mini Roll-Up s\u2019int\u00e8gre facilement sur votre bureau ou votre comptoir d\u2019accueil. Utlisez le en cadeau promotionnel !","breadcrumb":{"@id":"https:\/\/technikaprint.fr\/index.php\/roll-up-de-table\/#breadcrumb"},"inLanguage":"fr-FR","potentialAction":[{"@type":"ReadAction","target":["https:\/\/technikaprint.fr\/index.php\/roll-up-de-table\/"]}]},{"@type":"ImageObject","inLanguage":"fr-FR","@id":"https:\/\/technikaprint.fr\/index.php\/roll-up-de-table\/#primaryimage","url":"https:\/\/technikaprint.fr\/wp-content\/uploads\/2020\/04\/CARRE-ROLL-MINI.jpg","contentUrl":"https:\/\/technikaprint.fr\/wp-content\/uploads\/2020\/04\/CARRE-ROLL-MINI.jpg","width":1144,"height":1144},{"@type":"BreadcrumbList","@id":"https:\/\/technikaprint.fr\/index.php\/roll-up-de-table\/#breadcrumb","itemListElement":[{"@type":"ListItem","position":1,"name":"Accueil","item":"https:\/\/technikaprint.fr\/"},{"@type":"ListItem","position":2,"name":"Roll-Up de table"}]},{"@type":"WebSite","@id":"https:\/\/technikaprint.fr\/#website","url":"https:\/\/technikaprint.fr\/","name":"Stand On Line","description":"La boutique du Roll-up","publisher":{"@id":"https:\/\/technikaprint.fr\/#organization"},"potentialAction":[{"@type":"SearchAction","target":{"@type":"EntryPoint","urlTemplate":"https:\/\/technikaprint.fr\/?s={search_term_string}"},"query-input":{"@type":"PropertyValueSpecification","valueRequired":true,"valueName":"search_term_string"}}],"inLanguage":"fr-FR"},{"@type":"Organization","@id":"https:\/\/technikaprint.fr\/#organization","name":"Stand On Line \/ Technika-Print","url":"https:\/\/technikaprint.fr\/","logo":{"@type":"ImageObject","inLanguage":"fr-FR","@id":"https:\/\/technikaprint.fr\/#\/schema\/logo\/image\/","url":"https:\/\/technikaprint.fr\/wp-content\/uploads\/2020\/04\/SOL-AU-CARRE.jpg","contentUrl":"https:\/\/technikaprint.fr\/wp-content\/uploads\/2020\/04\/SOL-AU-CARRE.jpg","width":1705,"height":1705,"caption":"Stand On Line \/ Technika-Print"},"image":{"@id":"https:\/\/technikaprint.fr\/#\/schema\/logo\/image\/"},"sameAs":["https:\/\/www.facebook.com\/technikaprint\/","https:\/\/www.linkedin.com\/in\/yann-phetsanghane-50763315b\/"]}]}},"_links":{"self":[{"href":"https:\/\/technikaprint.fr\/index.php\/wp-json\/wp\/v2\/pages\/254","targetHints":{"allow":["GET"]}}],"collection":[{"href":"https:\/\/technikaprint.fr\/index.php\/wp-json\/wp\/v2\/pages"}],"about":[{"href":"https:\/\/technikaprint.fr\/index.php\/wp-json\/wp\/v2\/types\/page"}],"author":[{"embeddable":true,"href":"https:\/\/technikaprint.fr\/index.php\/wp-json\/wp\/v2\/users\/1"}],"replies":[{"embeddable":true,"href":"https:\/\/technikaprint.fr\/index.php\/wp-json\/wp\/v2\/comments?post=254"}],"version-history":[{"count":43,"href":"https:\/\/technikaprint.fr\/index.php\/wp-json\/wp\/v2\/pages\/254\/revisions"}],"predecessor-version":[{"id":3144,"href":"https:\/\/technikaprint.fr\/index.php\/wp-json\/wp\/v2\/pages\/254\/revisions\/3144"}],"wp:attachment":[{"href":"https:\/\/technikaprint.fr\/index.php\/wp-json\/wp\/v2\/media?parent=254"}],"curies":[{"name":"wp","href":"https:\/\/api.w.org\/{rel}","templated":true}]}}