{"id":2568,"date":"2025-02-04T18:33:16","date_gmt":"2025-02-04T17:33:16","guid":{"rendered":"https:\/\/technikaprint.fr\/?page_id=2568"},"modified":"2025-02-21T09:49:22","modified_gmt":"2025-02-21T08:49:22","slug":"stands-portables","status":"publish","type":"page","link":"https:\/\/technikaprint.fr\/index.php\/stands-portables\/","title":{"rendered":"Stands portables"},"content":{"rendered":"\n<h2 class=\"wp-block-heading\"><mark style=\"background-color:rgba(0, 0, 0, 0);color:#2046a7\" class=\"has-inline-color\">Stand tubulaire \u00ab\u00a0Contour\u00a0\u00bb<\/mark><\/h2>\n\n\n\n<figure class=\"wp-block-image size-large\"><a href=\"https:\/\/xpo.center\/3d\/047C457A018D08B0-ps3d\" target=\"_blank\" rel=\" noreferrer noopener\"><img fetchpriority=\"high\" decoding=\"async\" width=\"1024\" height=\"719\" src=\"https:\/\/technikaprint.fr\/wp-content\/uploads\/2025\/02\/HOME-PAGE-STAND-TUBULAIRE-3D-1024x719.jpg\" alt=\"stand modulaire, stand, stand nomade, stand tissu, expo, imprimerie, stand 6m2, stand 9m2, stand on line, spot, spots, cadre, structure aluminium\" class=\"wp-image-2921\" srcset=\"https:\/\/technikaprint.fr\/wp-content\/uploads\/2025\/02\/HOME-PAGE-STAND-TUBULAIRE-3D-1024x719.jpg 1024w, https:\/\/technikaprint.fr\/wp-content\/uploads\/2025\/02\/HOME-PAGE-STAND-TUBULAIRE-3D-300x211.jpg 300w, https:\/\/technikaprint.fr\/wp-content\/uploads\/2025\/02\/HOME-PAGE-STAND-TUBULAIRE-3D-768x539.jpg 768w, https:\/\/technikaprint.fr\/wp-content\/uploads\/2025\/02\/HOME-PAGE-STAND-TUBULAIRE-3D-1536x1078.jpg 1536w, https:\/\/technikaprint.fr\/wp-content\/uploads\/2025\/02\/HOME-PAGE-STAND-TUBULAIRE-3D-2048x1437.jpg 2048w, https:\/\/technikaprint.fr\/wp-content\/uploads\/2025\/02\/HOME-PAGE-STAND-TUBULAIRE-3D-360x253.jpg 360w\" sizes=\"(max-width: 1024px) 100vw, 1024px\" \/><\/a><\/figure>\n\n\n\n<p>Les <strong><mark style=\"background-color:rgba(0, 0, 0, 0);color:#2046a7\" class=\"has-inline-color\">stands tubulaires \u00ab\u00a0Contour\u00a0\u00bb<\/mark><\/strong> sont l\u2019incarnation parfaite d\u2019une communication visuelle efficace et moderne. Leur conception l\u00e9g\u00e8re et leur format compact en font des outils indispensables pour les entreprises, commerces et collectivit\u00e9s souhaitant maximiser leur visibilit\u00e9 tout en facilitant leur installation.<\/p>\n\n\n<div class=\"wp-block-image\">\n<figure data-wp-context=\"{&quot;imageId&quot;:&quot;69e62afca28dc&quot;}\" data-wp-interactive=\"core\/image\" data-wp-key=\"69e62afca28dc\" class=\"alignleft size-large wp-lightbox-container\"><img decoding=\"async\" width=\"1024\" height=\"572\" data-wp-class--hide=\"state.isContentHidden\" data-wp-class--show=\"state.isContentVisible\" data-wp-init=\"callbacks.setButtonStyles\" data-wp-on--click=\"actions.showLightbox\" data-wp-on--load=\"callbacks.setButtonStyles\" data-wp-on-window--resize=\"callbacks.setButtonStyles\" src=\"https:\/\/technikaprint.fr\/wp-content\/uploads\/2025\/02\/HOMA-PAGE-CONTOUR-2-1024x572.jpg\" alt=\"stand modulaire, stand, stand nomade, stand tissu, expo, imprimerie, stand 6m2, stand 9m2, stand on line, spot, spots, cadre, structure aluminium\" class=\"wp-image-2628\" srcset=\"https:\/\/technikaprint.fr\/wp-content\/uploads\/2025\/02\/HOMA-PAGE-CONTOUR-2-1024x572.jpg 1024w, https:\/\/technikaprint.fr\/wp-content\/uploads\/2025\/02\/HOMA-PAGE-CONTOUR-2-300x168.jpg 300w, https:\/\/technikaprint.fr\/wp-content\/uploads\/2025\/02\/HOMA-PAGE-CONTOUR-2-768x429.jpg 768w, https:\/\/technikaprint.fr\/wp-content\/uploads\/2025\/02\/HOMA-PAGE-CONTOUR-2-1536x858.jpg 1536w, https:\/\/technikaprint.fr\/wp-content\/uploads\/2025\/02\/HOMA-PAGE-CONTOUR-2-2048x1144.jpg 2048w, https:\/\/technikaprint.fr\/wp-content\/uploads\/2025\/02\/HOMA-PAGE-CONTOUR-2-360x201.jpg 360w\" sizes=\"(max-width: 1024px) 100vw, 1024px\" \/><button\n\t\t\tclass=\"lightbox-trigger\"\n\t\t\ttype=\"button\"\n\t\t\taria-haspopup=\"dialog\"\n\t\t\taria-label=\"Agrandir\"\n\t\t\tdata-wp-init=\"callbacks.initTriggerButton\"\n\t\t\tdata-wp-on--click=\"actions.showLightbox\"\n\t\t\tdata-wp-style--right=\"state.imageButtonRight\"\n\t\t\tdata-wp-style--top=\"state.imageButtonTop\"\n\t\t>\n\t\t\t<svg xmlns=\"http:\/\/www.w3.org\/2000\/svg\" width=\"12\" height=\"12\" fill=\"none\" viewBox=\"0 0 12 12\">\n\t\t\t\t<path fill=\"#fff\" d=\"M2 0a2 2 0 0 0-2 2v2h1.5V2a.5.5 0 0 1 .5-.5h2V0H2Zm2 10.5H2a.5.5 0 0 1-.5-.5V8H0v2a2 2 0 0 0 2 2h2v-1.5ZM8 12v-1.5h2a.5.5 0 0 0 .5-.5V8H12v2a2 2 0 0 1-2 2H8Zm2-12a2 2 0 0 1 2 2v2h-1.5V2a.5.5 0 0 0-.5-.5H8V0h2Z\" \/>\n\t\t\t<\/svg>\n\t\t<\/button><\/figure>\n<\/div>\n\n\n<p>Ces structures innovantes conjuguent l\u00e9g\u00e8ret\u00e9 et pr\u00e9sence visuelle marquante. <strong><mark style=\"background-color:rgba(0, 0, 0, 0);color:#2046a7\" class=\"has-inline-color\">Faciles \u00e0 transporter, elles se montent et se d\u00e9montent en un clin d\u2019\u0153il,<\/mark><\/strong> garantissant une mise en place rapide sans compromis sur l\u2019impact visuel.<\/p>\n\n\n\n<p>Imaginez pouvoir d\u00e9ployer votre identit\u00e9 en quelques gestes et capter instantan\u00e9ment l\u2019attention de votre audience. Adaptables \u00e0 tous types d\u2019environnements, ces stands trouvent naturellement leur place dans les salons professionnels, les showrooms ou les espaces d\u2019accueil, assurant une pr\u00e9sence \u00e9l\u00e9gante et percutante.<\/p>\n\n\n\n<p><strong>Alliant praticit\u00e9, esth\u00e9tisme et efficacit\u00e9, les stands tubulaires sont des alli\u00e9s strat\u00e9giques pour toute entreprise souhaitant se d\u00e9marquer et marquer durablement les esprits.<\/strong><\/p>\n\n\n\n<figure class=\"wp-block-image size-full\"><a href=\"https:\/\/technikaprint.fr\/index.php\/contour-8x8\/\"><img decoding=\"async\" width=\"255\" height=\"88\" src=\"https:\/\/technikaprint.fr\/wp-content\/uploads\/2025\/02\/BOUTTON-8X8.png\" alt=\"\" class=\"wp-image-2680\"\/><\/a><\/figure>\n\n\n\n<figure class=\"wp-block-image size-full\"><a href=\"https:\/\/technikaprint.fr\/index.php\/contour-10x8\/\"><img loading=\"lazy\" decoding=\"async\" width=\"255\" height=\"88\" src=\"https:\/\/technikaprint.fr\/wp-content\/uploads\/2025\/02\/BOUTTON-10X8.png\" alt=\"\" class=\"wp-image-2683\"\/><\/a><\/figure>\n\n\n\n<div class=\"wp-block-buttons is-layout-flex wp-block-buttons-is-layout-flex\"><\/div>\n\n\n\n<div class=\"wp-block-buttons is-layout-flex wp-block-buttons-is-layout-flex\"><\/div>\n\n\n\n<p><mark style=\"background-color:rgba(0, 0, 0, 0)\" class=\"has-inline-color has-white-color\">dd<\/mark><\/p>\n\n\n\n<div class=\"wp-block-buttons is-layout-flex wp-block-buttons-is-layout-flex\"><\/div>\n\n\n\n<hr class=\"wp-block-separator has-alpha-channel-opacity\"\/>\n\n\n\n<figure class=\"wp-block-video\"><video height=\"720\" style=\"aspect-ratio: 1280 \/ 720;\" width=\"1280\" controls src=\"https:\/\/technikaprint.fr\/wp-content\/uploads\/2025\/02\/VIDEO-CONTOUR-SOL.mp4\"><\/video><\/figure>\n\n\n\n<p><\/p>\n","protected":false},"excerpt":{"rendered":"<p>Stand tubulaire \u00ab\u00a0Contour\u00a0\u00bb Les stands tubulaires \u00ab\u00a0Contour\u00a0\u00bb sont l\u2019incarnation parfaite d\u2019une communication visuelle efficace et moderne. Leur conception l\u00e9g\u00e8re et leur format compact en font des outils indispensables pour les entreprises, commerces et collectivit\u00e9s souhaitant maximiser leur visibilit\u00e9 tout en&hellip;&nbsp;<a href=\"https:\/\/technikaprint.fr\/index.php\/stands-portables\/\" class=\"more-link\">Lire la suite<\/a><\/p>\n","protected":false},"author":1,"featured_media":0,"parent":0,"menu_order":0,"comment_status":"closed","ping_status":"closed","template":"","meta":{"_monsterinsights_skip_tracking":false,"_monsterinsights_sitenote_active":false,"_monsterinsights_sitenote_note":"","_monsterinsights_sitenote_category":0,"footnotes":""},"class_list":["post-2568","page","type-page","status-publish","hentry"],"yoast_head":"<!-- This site is optimized with the Yoast SEO plugin v27.4 - https:\/\/yoast.com\/product\/yoast-seo-wordpress\/ -->\n<title>Stands portables - Stand On Line<\/title>\n<meta name=\"description\" content=\"Stand tubulaire &quot;Contour&quot; Les stands tubulaires &quot;Contour&quot; sont l\u2019incarnation parfaite d\u2019une communication visuelle efficace et moderne. Leur conception\" \/>\n<meta name=\"robots\" content=\"index, follow, max-snippet:-1, max-image-preview:large, max-video-preview:-1\" \/>\n<link rel=\"canonical\" href=\"https:\/\/technikaprint.fr\/index.php\/stands-portables\/\" \/>\n<meta property=\"og:locale\" content=\"fr_FR\" \/>\n<meta property=\"og:type\" content=\"article\" \/>\n<meta property=\"og:title\" content=\"Stands portables - Stand On Line\" \/>\n<meta property=\"og:description\" content=\"Stand tubulaire &quot;Contour&quot; Les stands tubulaires &quot;Contour&quot; sont l\u2019incarnation parfaite d\u2019une communication visuelle efficace et moderne. Leur conception\" \/>\n<meta property=\"og:url\" content=\"https:\/\/technikaprint.fr\/index.php\/stands-portables\/\" \/>\n<meta property=\"og:site_name\" content=\"Stand On Line\" \/>\n<meta property=\"article:publisher\" content=\"https:\/\/www.facebook.com\/technikaprint\/\" \/>\n<meta property=\"article:modified_time\" content=\"2025-02-21T08:49:22+00:00\" \/>\n<meta property=\"og:image\" content=\"https:\/\/technikaprint.fr\/wp-content\/uploads\/2025\/02\/HOME-PAGE-STAND-TUBULAIRE-3D.jpg\" \/>\n\t<meta property=\"og:image:width\" content=\"2357\" \/>\n\t<meta property=\"og:image:height\" content=\"1654\" \/>\n\t<meta property=\"og:image:type\" content=\"image\/jpeg\" \/>\n<meta name=\"twitter:card\" content=\"summary_large_image\" \/>\n<meta name=\"twitter:label1\" content=\"Dur\u00e9e de lecture estim\u00e9e\" \/>\n\t<meta name=\"twitter:data1\" content=\"2 minutes\" \/>\n<script type=\"application\/ld+json\" class=\"yoast-schema-graph\">{\"@context\":\"https:\\\/\\\/schema.org\",\"@graph\":[{\"@type\":\"WebPage\",\"@id\":\"https:\\\/\\\/technikaprint.fr\\\/index.php\\\/stands-portables\\\/\",\"url\":\"https:\\\/\\\/technikaprint.fr\\\/index.php\\\/stands-portables\\\/\",\"name\":\"Stands portables - Stand On Line\",\"isPartOf\":{\"@id\":\"https:\\\/\\\/technikaprint.fr\\\/#website\"},\"primaryImageOfPage\":{\"@id\":\"https:\\\/\\\/technikaprint.fr\\\/index.php\\\/stands-portables\\\/#primaryimage\"},\"image\":{\"@id\":\"https:\\\/\\\/technikaprint.fr\\\/index.php\\\/stands-portables\\\/#primaryimage\"},\"thumbnailUrl\":\"https:\\\/\\\/technikaprint.fr\\\/wp-content\\\/uploads\\\/2025\\\/02\\\/HOME-PAGE-STAND-TUBULAIRE-3D-1024x719.jpg\",\"datePublished\":\"2025-02-04T17:33:16+00:00\",\"dateModified\":\"2025-02-21T08:49:22+00:00\",\"description\":\"Stand tubulaire \\\"Contour\\\" Les stands tubulaires \\\"Contour\\\" sont l\u2019incarnation parfaite d\u2019une communication visuelle efficace et moderne. Leur conception\",\"breadcrumb\":{\"@id\":\"https:\\\/\\\/technikaprint.fr\\\/index.php\\\/stands-portables\\\/#breadcrumb\"},\"inLanguage\":\"fr-FR\",\"potentialAction\":[{\"@type\":\"ReadAction\",\"target\":[\"https:\\\/\\\/technikaprint.fr\\\/index.php\\\/stands-portables\\\/\"]}]},{\"@type\":\"ImageObject\",\"inLanguage\":\"fr-FR\",\"@id\":\"https:\\\/\\\/technikaprint.fr\\\/index.php\\\/stands-portables\\\/#primaryimage\",\"url\":\"https:\\\/\\\/technikaprint.fr\\\/wp-content\\\/uploads\\\/2025\\\/02\\\/HOME-PAGE-STAND-TUBULAIRE-3D.jpg\",\"contentUrl\":\"https:\\\/\\\/technikaprint.fr\\\/wp-content\\\/uploads\\\/2025\\\/02\\\/HOME-PAGE-STAND-TUBULAIRE-3D.jpg\",\"width\":2357,\"height\":1654},{\"@type\":\"BreadcrumbList\",\"@id\":\"https:\\\/\\\/technikaprint.fr\\\/index.php\\\/stands-portables\\\/#breadcrumb\",\"itemListElement\":[{\"@type\":\"ListItem\",\"position\":1,\"name\":\"Accueil\",\"item\":\"https:\\\/\\\/technikaprint.fr\\\/\"},{\"@type\":\"ListItem\",\"position\":2,\"name\":\"Stands portables\"}]},{\"@type\":\"WebSite\",\"@id\":\"https:\\\/\\\/technikaprint.fr\\\/#website\",\"url\":\"https:\\\/\\\/technikaprint.fr\\\/\",\"name\":\"Stand On Line\",\"description\":\"La boutique du Roll-up\",\"publisher\":{\"@id\":\"https:\\\/\\\/technikaprint.fr\\\/#organization\"},\"potentialAction\":[{\"@type\":\"SearchAction\",\"target\":{\"@type\":\"EntryPoint\",\"urlTemplate\":\"https:\\\/\\\/technikaprint.fr\\\/?s={search_term_string}\"},\"query-input\":{\"@type\":\"PropertyValueSpecification\",\"valueRequired\":true,\"valueName\":\"search_term_string\"}}],\"inLanguage\":\"fr-FR\"},{\"@type\":\"Organization\",\"@id\":\"https:\\\/\\\/technikaprint.fr\\\/#organization\",\"name\":\"Stand On Line \\\/ Technika-Print\",\"url\":\"https:\\\/\\\/technikaprint.fr\\\/\",\"logo\":{\"@type\":\"ImageObject\",\"inLanguage\":\"fr-FR\",\"@id\":\"https:\\\/\\\/technikaprint.fr\\\/#\\\/schema\\\/logo\\\/image\\\/\",\"url\":\"https:\\\/\\\/technikaprint.fr\\\/wp-content\\\/uploads\\\/2020\\\/04\\\/SOL-AU-CARRE.jpg\",\"contentUrl\":\"https:\\\/\\\/technikaprint.fr\\\/wp-content\\\/uploads\\\/2020\\\/04\\\/SOL-AU-CARRE.jpg\",\"width\":1705,\"height\":1705,\"caption\":\"Stand On Line \\\/ Technika-Print\"},\"image\":{\"@id\":\"https:\\\/\\\/technikaprint.fr\\\/#\\\/schema\\\/logo\\\/image\\\/\"},\"sameAs\":[\"https:\\\/\\\/www.facebook.com\\\/technikaprint\\\/\",\"https:\\\/\\\/www.linkedin.com\\\/in\\\/yann-phetsanghane-50763315b\\\/\"]}]}<\/script>\n<!-- \/ Yoast SEO plugin. -->","yoast_head_json":{"title":"Stands portables - Stand On Line","description":"Stand tubulaire \"Contour\" Les stands tubulaires \"Contour\" sont l\u2019incarnation parfaite d\u2019une communication visuelle efficace et moderne. Leur conception","robots":{"index":"index","follow":"follow","max-snippet":"max-snippet:-1","max-image-preview":"max-image-preview:large","max-video-preview":"max-video-preview:-1"},"canonical":"https:\/\/technikaprint.fr\/index.php\/stands-portables\/","og_locale":"fr_FR","og_type":"article","og_title":"Stands portables - Stand On Line","og_description":"Stand tubulaire \"Contour\" Les stands tubulaires \"Contour\" sont l\u2019incarnation parfaite d\u2019une communication visuelle efficace et moderne. Leur conception","og_url":"https:\/\/technikaprint.fr\/index.php\/stands-portables\/","og_site_name":"Stand On Line","article_publisher":"https:\/\/www.facebook.com\/technikaprint\/","article_modified_time":"2025-02-21T08:49:22+00:00","og_image":[{"width":2357,"height":1654,"url":"https:\/\/technikaprint.fr\/wp-content\/uploads\/2025\/02\/HOME-PAGE-STAND-TUBULAIRE-3D.jpg","type":"image\/jpeg"}],"twitter_card":"summary_large_image","twitter_misc":{"Dur\u00e9e de lecture estim\u00e9e":"2 minutes"},"schema":{"@context":"https:\/\/schema.org","@graph":[{"@type":"WebPage","@id":"https:\/\/technikaprint.fr\/index.php\/stands-portables\/","url":"https:\/\/technikaprint.fr\/index.php\/stands-portables\/","name":"Stands portables - Stand On Line","isPartOf":{"@id":"https:\/\/technikaprint.fr\/#website"},"primaryImageOfPage":{"@id":"https:\/\/technikaprint.fr\/index.php\/stands-portables\/#primaryimage"},"image":{"@id":"https:\/\/technikaprint.fr\/index.php\/stands-portables\/#primaryimage"},"thumbnailUrl":"https:\/\/technikaprint.fr\/wp-content\/uploads\/2025\/02\/HOME-PAGE-STAND-TUBULAIRE-3D-1024x719.jpg","datePublished":"2025-02-04T17:33:16+00:00","dateModified":"2025-02-21T08:49:22+00:00","description":"Stand tubulaire \"Contour\" Les stands tubulaires \"Contour\" sont l\u2019incarnation parfaite d\u2019une communication visuelle efficace et moderne. Leur conception","breadcrumb":{"@id":"https:\/\/technikaprint.fr\/index.php\/stands-portables\/#breadcrumb"},"inLanguage":"fr-FR","potentialAction":[{"@type":"ReadAction","target":["https:\/\/technikaprint.fr\/index.php\/stands-portables\/"]}]},{"@type":"ImageObject","inLanguage":"fr-FR","@id":"https:\/\/technikaprint.fr\/index.php\/stands-portables\/#primaryimage","url":"https:\/\/technikaprint.fr\/wp-content\/uploads\/2025\/02\/HOME-PAGE-STAND-TUBULAIRE-3D.jpg","contentUrl":"https:\/\/technikaprint.fr\/wp-content\/uploads\/2025\/02\/HOME-PAGE-STAND-TUBULAIRE-3D.jpg","width":2357,"height":1654},{"@type":"BreadcrumbList","@id":"https:\/\/technikaprint.fr\/index.php\/stands-portables\/#breadcrumb","itemListElement":[{"@type":"ListItem","position":1,"name":"Accueil","item":"https:\/\/technikaprint.fr\/"},{"@type":"ListItem","position":2,"name":"Stands portables"}]},{"@type":"WebSite","@id":"https:\/\/technikaprint.fr\/#website","url":"https:\/\/technikaprint.fr\/","name":"Stand On Line","description":"La boutique du Roll-up","publisher":{"@id":"https:\/\/technikaprint.fr\/#organization"},"potentialAction":[{"@type":"SearchAction","target":{"@type":"EntryPoint","urlTemplate":"https:\/\/technikaprint.fr\/?s={search_term_string}"},"query-input":{"@type":"PropertyValueSpecification","valueRequired":true,"valueName":"search_term_string"}}],"inLanguage":"fr-FR"},{"@type":"Organization","@id":"https:\/\/technikaprint.fr\/#organization","name":"Stand On Line \/ Technika-Print","url":"https:\/\/technikaprint.fr\/","logo":{"@type":"ImageObject","inLanguage":"fr-FR","@id":"https:\/\/technikaprint.fr\/#\/schema\/logo\/image\/","url":"https:\/\/technikaprint.fr\/wp-content\/uploads\/2020\/04\/SOL-AU-CARRE.jpg","contentUrl":"https:\/\/technikaprint.fr\/wp-content\/uploads\/2020\/04\/SOL-AU-CARRE.jpg","width":1705,"height":1705,"caption":"Stand On Line \/ Technika-Print"},"image":{"@id":"https:\/\/technikaprint.fr\/#\/schema\/logo\/image\/"},"sameAs":["https:\/\/www.facebook.com\/technikaprint\/","https:\/\/www.linkedin.com\/in\/yann-phetsanghane-50763315b\/"]}]}},"_links":{"self":[{"href":"https:\/\/technikaprint.fr\/index.php\/wp-json\/wp\/v2\/pages\/2568","targetHints":{"allow":["GET"]}}],"collection":[{"href":"https:\/\/technikaprint.fr\/index.php\/wp-json\/wp\/v2\/pages"}],"about":[{"href":"https:\/\/technikaprint.fr\/index.php\/wp-json\/wp\/v2\/types\/page"}],"author":[{"embeddable":true,"href":"https:\/\/technikaprint.fr\/index.php\/wp-json\/wp\/v2\/users\/1"}],"replies":[{"embeddable":true,"href":"https:\/\/technikaprint.fr\/index.php\/wp-json\/wp\/v2\/comments?post=2568"}],"version-history":[{"count":22,"href":"https:\/\/technikaprint.fr\/index.php\/wp-json\/wp\/v2\/pages\/2568\/revisions"}],"predecessor-version":[{"id":2924,"href":"https:\/\/technikaprint.fr\/index.php\/wp-json\/wp\/v2\/pages\/2568\/revisions\/2924"}],"wp:attachment":[{"href":"https:\/\/technikaprint.fr\/index.php\/wp-json\/wp\/v2\/media?parent=2568"}],"curies":[{"name":"wp","href":"https:\/\/api.w.org\/{rel}","templated":true}]}}