{"id":2579,"date":"2025-02-04T18:56:18","date_gmt":"2025-02-04T17:56:18","guid":{"rendered":"https:\/\/technikaprint.fr\/?page_id=2579"},"modified":"2025-02-21T15:52:01","modified_gmt":"2025-02-21T14:52:01","slug":"contour-10x8","status":"publish","type":"page","link":"https:\/\/technikaprint.fr\/index.php\/contour-10x8\/","title":{"rendered":"Contour 10&#215;8"},"content":{"rendered":"\n<h2 class=\"wp-block-heading\"><mark style=\"background-color:rgba(0, 0, 0, 0);color:#2046a7\" class=\"has-inline-color\">Contour : mod\u00e8le 10&#215;8+<\/mark><\/h2>\n\n\n\n<p>En optant pour le mod\u00e8le&nbsp;<strong><mark style=\"background-color:rgba(0, 0, 0, 0);color:#2046a7\" class=\"has-inline-color\">10&#215;8+<\/mark><\/strong>, vous communiquez en grand angle. Gr\u00e2ce \u00e0 un syst\u00e8me de connexion astucieux, il associe deux structures pour offrir un double affichage. Son principal atout ?&nbsp;<strong><mark style=\"background-color:rgba(0, 0, 0, 0);color:#2046a7\" class=\"has-inline-color\">c&rsquo;est son angle,<\/mark><\/strong>&nbsp;apportant \u00e0 la fois \u00e9l\u00e9gance et praticit\u00e9. R\u00e9sultat : deux visuels grand format de 2,90 m de large sur 2,34 m de haut.<\/p>\n\n\n\n<p><mark style=\"background-color:rgba(0, 0, 0, 0)\" class=\"has-inline-color has-white-color\">GGGG<\/mark><\/p>\n\n\n\n<figure class=\"wp-block-image size-large\"><a href=\"https:\/\/xpo.center\/3d\/033BCBAE03660E6E-ps3d\" target=\"_blank\" rel=\" noreferrer noopener\"><img fetchpriority=\"high\" decoding=\"async\" width=\"1024\" height=\"1024\" src=\"https:\/\/technikaprint.fr\/wp-content\/uploads\/2025\/02\/HOME-PAGE-10X8-2-PANNEAU-3D-1-1024x1024.jpg\" alt=\"stand modulaire, stand, stand nomade, stand tissu, expo, imprimerie, stand 6m2, stand 9m2, stand on line, spot, spots, cadre, structure aluminium\" class=\"wp-image-2989\" srcset=\"https:\/\/technikaprint.fr\/wp-content\/uploads\/2025\/02\/HOME-PAGE-10X8-2-PANNEAU-3D-1-1024x1024.jpg 1024w, https:\/\/technikaprint.fr\/wp-content\/uploads\/2025\/02\/HOME-PAGE-10X8-2-PANNEAU-3D-1-300x300.jpg 300w, https:\/\/technikaprint.fr\/wp-content\/uploads\/2025\/02\/HOME-PAGE-10X8-2-PANNEAU-3D-1-150x150.jpg 150w, https:\/\/technikaprint.fr\/wp-content\/uploads\/2025\/02\/HOME-PAGE-10X8-2-PANNEAU-3D-1-768x768.jpg 768w, https:\/\/technikaprint.fr\/wp-content\/uploads\/2025\/02\/HOME-PAGE-10X8-2-PANNEAU-3D-1-1536x1536.jpg 1536w, https:\/\/technikaprint.fr\/wp-content\/uploads\/2025\/02\/HOME-PAGE-10X8-2-PANNEAU-3D-1-2048x2048.jpg 2048w, https:\/\/technikaprint.fr\/wp-content\/uploads\/2025\/02\/HOME-PAGE-10X8-2-PANNEAU-3D-1-270x270.jpg 270w\" sizes=\"(max-width: 1024px) 100vw, 1024px\" \/><\/a><\/figure>\n\n\n\n<hr class=\"wp-block-separator has-alpha-channel-opacity\"\/>\n\n\n\n<h2 class=\"wp-block-heading\"><mark style=\"background-color:rgba(0, 0, 0, 0)\" class=\"has-inline-color has-white-color\">GGG<\/mark><\/h2>\n\n\n\n<h2 class=\"wp-block-heading\"><mark style=\"background-color:rgba(0, 0, 0, 0);color:#2046a7\" class=\"has-inline-color\">Contour : mod\u00e8le 10&#215;8++<\/mark><\/h2>\n\n\n\n<p>Avec le mod\u00e8le&nbsp;<strong><mark style=\"background-color:rgba(0, 0, 0, 0);color:#2046a7\" class=\"has-inline-color\">10&#215;8++<\/mark><\/strong>, ce sont 3 visuels grand format de 2,90 m de large sur 2,34 m de haut qui ne laisseront pas indiff\u00e9rents !<\/p>\n\n\n\n<figure class=\"wp-block-image size-large\"><a href=\"https:\/\/xpo.center\/3d\/0551E5C9000F9072-ps3d\" target=\"_blank\" rel=\" noreferrer noopener\"><img decoding=\"async\" width=\"1024\" height=\"1024\" src=\"https:\/\/technikaprint.fr\/wp-content\/uploads\/2025\/02\/HOME-PAGE-10X8-3-PANNEAU-3D-2-1024x1024.jpg\" alt=\"stand modulaire, stand, stand nomade, stand tissu, expo, imprimerie, stand 6m2, stand 9m2, stand on line, spot, spots, cadre, structure aluminium\" class=\"wp-image-2992\" srcset=\"https:\/\/technikaprint.fr\/wp-content\/uploads\/2025\/02\/HOME-PAGE-10X8-3-PANNEAU-3D-2-1024x1024.jpg 1024w, https:\/\/technikaprint.fr\/wp-content\/uploads\/2025\/02\/HOME-PAGE-10X8-3-PANNEAU-3D-2-300x300.jpg 300w, https:\/\/technikaprint.fr\/wp-content\/uploads\/2025\/02\/HOME-PAGE-10X8-3-PANNEAU-3D-2-150x150.jpg 150w, https:\/\/technikaprint.fr\/wp-content\/uploads\/2025\/02\/HOME-PAGE-10X8-3-PANNEAU-3D-2-768x768.jpg 768w, https:\/\/technikaprint.fr\/wp-content\/uploads\/2025\/02\/HOME-PAGE-10X8-3-PANNEAU-3D-2-1536x1536.jpg 1536w, https:\/\/technikaprint.fr\/wp-content\/uploads\/2025\/02\/HOME-PAGE-10X8-3-PANNEAU-3D-2-2048x2048.jpg 2048w, https:\/\/technikaprint.fr\/wp-content\/uploads\/2025\/02\/HOME-PAGE-10X8-3-PANNEAU-3D-2-270x270.jpg 270w\" sizes=\"(max-width: 1024px) 100vw, 1024px\" \/><\/a><\/figure>\n\n\n\n<p><mark style=\"background-color:rgba(0, 0, 0, 0)\" class=\"has-inline-color has-white-color\">.<\/mark><\/p>\n\n\n\n<h2 class=\"wp-block-heading\"><mark style=\"background-color:rgba(0, 0, 0, 0);color:#2046a7\" class=\"has-inline-color\">La solution d\u00e9taill\u00e9e du stand Contour<\/mark><\/h2>\n\n\n\n<figure class=\"wp-block-image size-large\"><a href=\"https:\/\/technikaprint.fr\/wp-content\/uploads\/2025\/02\/DETAILS-QUI-COMPTENT.jpg\"><img decoding=\"async\" width=\"1024\" height=\"1024\" src=\"https:\/\/technikaprint.fr\/wp-content\/uploads\/2025\/02\/DETAILS-QUI-COMPTENT-1024x1024.jpg\" alt=\"stand modulaire, stand, stand nomade, stand tissu, expo, imprimerie, stand 6m2, stand 9m2, stand on line, spot, spots, cadre, structure aluminium\" class=\"wp-image-2607\" srcset=\"https:\/\/technikaprint.fr\/wp-content\/uploads\/2025\/02\/DETAILS-QUI-COMPTENT-1024x1024.jpg 1024w, https:\/\/technikaprint.fr\/wp-content\/uploads\/2025\/02\/DETAILS-QUI-COMPTENT-300x300.jpg 300w, https:\/\/technikaprint.fr\/wp-content\/uploads\/2025\/02\/DETAILS-QUI-COMPTENT-150x150.jpg 150w, https:\/\/technikaprint.fr\/wp-content\/uploads\/2025\/02\/DETAILS-QUI-COMPTENT-768x768.jpg 768w, https:\/\/technikaprint.fr\/wp-content\/uploads\/2025\/02\/DETAILS-QUI-COMPTENT-1536x1536.jpg 1536w, https:\/\/technikaprint.fr\/wp-content\/uploads\/2025\/02\/DETAILS-QUI-COMPTENT-2048x2048.jpg 2048w, https:\/\/technikaprint.fr\/wp-content\/uploads\/2025\/02\/DETAILS-QUI-COMPTENT-270x270.jpg 270w\" sizes=\"(max-width: 1024px) 100vw, 1024px\" \/><\/a><\/figure>\n\n\n\n<h2 class=\"wp-block-heading\"><mark style=\"background-color:rgba(0, 0, 0, 0)\" class=\"has-inline-color has-white-color\">GGG<\/mark><\/h2>\n\n\n\n<figure class=\"wp-block-image size-full\"><a href=\"https:\/\/technikaprint.fr\/index.php\/contour-8x8\/\"><img loading=\"lazy\" decoding=\"async\" width=\"255\" height=\"88\" src=\"https:\/\/technikaprint.fr\/wp-content\/uploads\/2025\/02\/BOUTTON-8X8-1.png\" alt=\"\" class=\"wp-image-2690\"\/><\/a><\/figure>\n\n\n\n<p><strong><mark style=\"background-color:rgba(0, 0, 0, 0);color:#2046a7\" class=\"has-inline-color\">Le Contour 10&#215;8 ne rentre pas dans votre espace ? Passez au format inf\u00e9rieur !<\/mark><\/strong><\/p>\n\n\n\n<p><mark style=\"background-color:rgba(0, 0, 0, 0)\" class=\"has-inline-color has-white-color\">ddd<\/mark><\/p>\n\n\n\n<hr class=\"wp-block-separator has-alpha-channel-opacity\"\/>\n\n\n\n<h2 class=\"wp-block-heading\"><mark style=\"background-color:rgba(0, 0, 0, 0);color:#2046a7\" class=\"has-inline-color\">Le montage&#8230; c&rsquo;est Easy !<\/mark><\/h2>\n\n\n\n<p>La force du CONTOUR, c&rsquo;est ind\u00e9niablement sa facilite de montage et sa l\u00e9g\u00e8ret\u00e9. Voyez par vous-m\u00eame avec cette vid\u00e9o qui se passe de d&rsquo;explications ! <strong><a href=\"https:\/\/technikaprint.fr\/wp-content\/uploads\/2025\/02\/VIDEO-CONTOUR-SOL.mp4\">Cliquez ici<\/a><\/strong><\/p>\n\n\n\n<p><\/p>\n","protected":false},"excerpt":{"rendered":"<p>Contour : mod\u00e8le 10&#215;8+ En optant pour le mod\u00e8le&nbsp;10&#215;8+, vous communiquez en grand angle. Gr\u00e2ce \u00e0 un syst\u00e8me de connexion astucieux, il associe deux structures pour offrir un double affichage. Son principal atout ?&nbsp;c&rsquo;est son angle,&nbsp;apportant \u00e0 la fois \u00e9l\u00e9gance&hellip;&nbsp;<a href=\"https:\/\/technikaprint.fr\/index.php\/contour-10x8\/\" class=\"more-link\">Lire la suite<\/a><\/p>\n","protected":false},"author":1,"featured_media":0,"parent":0,"menu_order":0,"comment_status":"closed","ping_status":"closed","template":"","meta":{"_monsterinsights_skip_tracking":false,"_monsterinsights_sitenote_active":false,"_monsterinsights_sitenote_note":"","_monsterinsights_sitenote_category":0,"footnotes":""},"class_list":["post-2579","page","type-page","status-publish","hentry"],"yoast_head":"<!-- This site is optimized with the Yoast SEO plugin v27.3 - https:\/\/yoast.com\/product\/yoast-seo-wordpress\/ -->\n<title>Contour 10x8 - Stand On Line<\/title>\n<meta name=\"description\" content=\"Contour : mod\u00e8le 10x8+ En optant pour le mod\u00e8le&nbsp;10x8+, vous communiquez en grand angle. Gr\u00e2ce \u00e0 un syst\u00e8me de connexion astucieux, il associe deux\" \/>\n<meta name=\"robots\" content=\"index, follow, max-snippet:-1, max-image-preview:large, max-video-preview:-1\" \/>\n<link rel=\"canonical\" href=\"https:\/\/technikaprint.fr\/index.php\/contour-10x8\/\" \/>\n<meta property=\"og:locale\" content=\"fr_FR\" \/>\n<meta property=\"og:type\" content=\"article\" \/>\n<meta property=\"og:title\" content=\"Contour 10x8 - Stand On Line\" \/>\n<meta property=\"og:description\" content=\"Contour : mod\u00e8le 10x8+ En optant pour le mod\u00e8le&nbsp;10x8+, vous communiquez en grand angle. Gr\u00e2ce \u00e0 un syst\u00e8me de connexion astucieux, il associe deux\" \/>\n<meta property=\"og:url\" content=\"https:\/\/technikaprint.fr\/index.php\/contour-10x8\/\" \/>\n<meta property=\"og:site_name\" content=\"Stand On Line\" \/>\n<meta property=\"article:publisher\" content=\"https:\/\/www.facebook.com\/technikaprint\/\" \/>\n<meta property=\"article:modified_time\" content=\"2025-02-21T14:52:01+00:00\" \/>\n<meta property=\"og:image\" content=\"https:\/\/technikaprint.fr\/wp-content\/uploads\/2025\/02\/HOME-PAGE-10X8-2-PANNEAU-3D-1.jpg\" \/>\n\t<meta property=\"og:image:width\" content=\"2362\" \/>\n\t<meta property=\"og:image:height\" content=\"2362\" \/>\n\t<meta property=\"og:image:type\" content=\"image\/jpeg\" \/>\n<meta name=\"twitter:card\" content=\"summary_large_image\" \/>\n<meta name=\"twitter:label1\" content=\"Dur\u00e9e de lecture estim\u00e9e\" \/>\n\t<meta name=\"twitter:data1\" content=\"2 minutes\" \/>\n<script type=\"application\/ld+json\" class=\"yoast-schema-graph\">{\"@context\":\"https:\\\/\\\/schema.org\",\"@graph\":[{\"@type\":\"WebPage\",\"@id\":\"https:\\\/\\\/technikaprint.fr\\\/index.php\\\/contour-10x8\\\/\",\"url\":\"https:\\\/\\\/technikaprint.fr\\\/index.php\\\/contour-10x8\\\/\",\"name\":\"Contour 10x8 - Stand On Line\",\"isPartOf\":{\"@id\":\"https:\\\/\\\/technikaprint.fr\\\/#website\"},\"primaryImageOfPage\":{\"@id\":\"https:\\\/\\\/technikaprint.fr\\\/index.php\\\/contour-10x8\\\/#primaryimage\"},\"image\":{\"@id\":\"https:\\\/\\\/technikaprint.fr\\\/index.php\\\/contour-10x8\\\/#primaryimage\"},\"thumbnailUrl\":\"https:\\\/\\\/technikaprint.fr\\\/wp-content\\\/uploads\\\/2025\\\/02\\\/HOME-PAGE-10X8-2-PANNEAU-3D-1-1024x1024.jpg\",\"datePublished\":\"2025-02-04T17:56:18+00:00\",\"dateModified\":\"2025-02-21T14:52:01+00:00\",\"description\":\"Contour : mod\u00e8le 10x8+ En optant pour le mod\u00e8le&nbsp;10x8+, vous communiquez en grand angle. Gr\u00e2ce \u00e0 un syst\u00e8me de connexion astucieux, il associe deux\",\"breadcrumb\":{\"@id\":\"https:\\\/\\\/technikaprint.fr\\\/index.php\\\/contour-10x8\\\/#breadcrumb\"},\"inLanguage\":\"fr-FR\",\"potentialAction\":[{\"@type\":\"ReadAction\",\"target\":[\"https:\\\/\\\/technikaprint.fr\\\/index.php\\\/contour-10x8\\\/\"]}]},{\"@type\":\"ImageObject\",\"inLanguage\":\"fr-FR\",\"@id\":\"https:\\\/\\\/technikaprint.fr\\\/index.php\\\/contour-10x8\\\/#primaryimage\",\"url\":\"https:\\\/\\\/technikaprint.fr\\\/wp-content\\\/uploads\\\/2025\\\/02\\\/HOME-PAGE-10X8-2-PANNEAU-3D-1.jpg\",\"contentUrl\":\"https:\\\/\\\/technikaprint.fr\\\/wp-content\\\/uploads\\\/2025\\\/02\\\/HOME-PAGE-10X8-2-PANNEAU-3D-1.jpg\",\"width\":2362,\"height\":2362},{\"@type\":\"BreadcrumbList\",\"@id\":\"https:\\\/\\\/technikaprint.fr\\\/index.php\\\/contour-10x8\\\/#breadcrumb\",\"itemListElement\":[{\"@type\":\"ListItem\",\"position\":1,\"name\":\"Accueil\",\"item\":\"https:\\\/\\\/technikaprint.fr\\\/\"},{\"@type\":\"ListItem\",\"position\":2,\"name\":\"Contour 10&#215;8\"}]},{\"@type\":\"WebSite\",\"@id\":\"https:\\\/\\\/technikaprint.fr\\\/#website\",\"url\":\"https:\\\/\\\/technikaprint.fr\\\/\",\"name\":\"Stand On Line\",\"description\":\"La boutique du Roll-up\",\"publisher\":{\"@id\":\"https:\\\/\\\/technikaprint.fr\\\/#organization\"},\"potentialAction\":[{\"@type\":\"SearchAction\",\"target\":{\"@type\":\"EntryPoint\",\"urlTemplate\":\"https:\\\/\\\/technikaprint.fr\\\/?s={search_term_string}\"},\"query-input\":{\"@type\":\"PropertyValueSpecification\",\"valueRequired\":true,\"valueName\":\"search_term_string\"}}],\"inLanguage\":\"fr-FR\"},{\"@type\":\"Organization\",\"@id\":\"https:\\\/\\\/technikaprint.fr\\\/#organization\",\"name\":\"Stand On Line \\\/ Technika-Print\",\"url\":\"https:\\\/\\\/technikaprint.fr\\\/\",\"logo\":{\"@type\":\"ImageObject\",\"inLanguage\":\"fr-FR\",\"@id\":\"https:\\\/\\\/technikaprint.fr\\\/#\\\/schema\\\/logo\\\/image\\\/\",\"url\":\"https:\\\/\\\/technikaprint.fr\\\/wp-content\\\/uploads\\\/2020\\\/04\\\/SOL-AU-CARRE.jpg\",\"contentUrl\":\"https:\\\/\\\/technikaprint.fr\\\/wp-content\\\/uploads\\\/2020\\\/04\\\/SOL-AU-CARRE.jpg\",\"width\":1705,\"height\":1705,\"caption\":\"Stand On Line \\\/ Technika-Print\"},\"image\":{\"@id\":\"https:\\\/\\\/technikaprint.fr\\\/#\\\/schema\\\/logo\\\/image\\\/\"},\"sameAs\":[\"https:\\\/\\\/www.facebook.com\\\/technikaprint\\\/\",\"https:\\\/\\\/www.linkedin.com\\\/in\\\/yann-phetsanghane-50763315b\\\/\"]}]}<\/script>\n<!-- \/ Yoast SEO plugin. -->","yoast_head_json":{"title":"Contour 10x8 - Stand On Line","description":"Contour : mod\u00e8le 10x8+ En optant pour le mod\u00e8le&nbsp;10x8+, vous communiquez en grand angle. Gr\u00e2ce \u00e0 un syst\u00e8me de connexion astucieux, il associe deux","robots":{"index":"index","follow":"follow","max-snippet":"max-snippet:-1","max-image-preview":"max-image-preview:large","max-video-preview":"max-video-preview:-1"},"canonical":"https:\/\/technikaprint.fr\/index.php\/contour-10x8\/","og_locale":"fr_FR","og_type":"article","og_title":"Contour 10x8 - Stand On Line","og_description":"Contour : mod\u00e8le 10x8+ En optant pour le mod\u00e8le&nbsp;10x8+, vous communiquez en grand angle. Gr\u00e2ce \u00e0 un syst\u00e8me de connexion astucieux, il associe deux","og_url":"https:\/\/technikaprint.fr\/index.php\/contour-10x8\/","og_site_name":"Stand On Line","article_publisher":"https:\/\/www.facebook.com\/technikaprint\/","article_modified_time":"2025-02-21T14:52:01+00:00","og_image":[{"width":2362,"height":2362,"url":"https:\/\/technikaprint.fr\/wp-content\/uploads\/2025\/02\/HOME-PAGE-10X8-2-PANNEAU-3D-1.jpg","type":"image\/jpeg"}],"twitter_card":"summary_large_image","twitter_misc":{"Dur\u00e9e de lecture estim\u00e9e":"2 minutes"},"schema":{"@context":"https:\/\/schema.org","@graph":[{"@type":"WebPage","@id":"https:\/\/technikaprint.fr\/index.php\/contour-10x8\/","url":"https:\/\/technikaprint.fr\/index.php\/contour-10x8\/","name":"Contour 10x8 - Stand On Line","isPartOf":{"@id":"https:\/\/technikaprint.fr\/#website"},"primaryImageOfPage":{"@id":"https:\/\/technikaprint.fr\/index.php\/contour-10x8\/#primaryimage"},"image":{"@id":"https:\/\/technikaprint.fr\/index.php\/contour-10x8\/#primaryimage"},"thumbnailUrl":"https:\/\/technikaprint.fr\/wp-content\/uploads\/2025\/02\/HOME-PAGE-10X8-2-PANNEAU-3D-1-1024x1024.jpg","datePublished":"2025-02-04T17:56:18+00:00","dateModified":"2025-02-21T14:52:01+00:00","description":"Contour : mod\u00e8le 10x8+ En optant pour le mod\u00e8le&nbsp;10x8+, vous communiquez en grand angle. Gr\u00e2ce \u00e0 un syst\u00e8me de connexion astucieux, il associe deux","breadcrumb":{"@id":"https:\/\/technikaprint.fr\/index.php\/contour-10x8\/#breadcrumb"},"inLanguage":"fr-FR","potentialAction":[{"@type":"ReadAction","target":["https:\/\/technikaprint.fr\/index.php\/contour-10x8\/"]}]},{"@type":"ImageObject","inLanguage":"fr-FR","@id":"https:\/\/technikaprint.fr\/index.php\/contour-10x8\/#primaryimage","url":"https:\/\/technikaprint.fr\/wp-content\/uploads\/2025\/02\/HOME-PAGE-10X8-2-PANNEAU-3D-1.jpg","contentUrl":"https:\/\/technikaprint.fr\/wp-content\/uploads\/2025\/02\/HOME-PAGE-10X8-2-PANNEAU-3D-1.jpg","width":2362,"height":2362},{"@type":"BreadcrumbList","@id":"https:\/\/technikaprint.fr\/index.php\/contour-10x8\/#breadcrumb","itemListElement":[{"@type":"ListItem","position":1,"name":"Accueil","item":"https:\/\/technikaprint.fr\/"},{"@type":"ListItem","position":2,"name":"Contour 10&#215;8"}]},{"@type":"WebSite","@id":"https:\/\/technikaprint.fr\/#website","url":"https:\/\/technikaprint.fr\/","name":"Stand On Line","description":"La boutique du Roll-up","publisher":{"@id":"https:\/\/technikaprint.fr\/#organization"},"potentialAction":[{"@type":"SearchAction","target":{"@type":"EntryPoint","urlTemplate":"https:\/\/technikaprint.fr\/?s={search_term_string}"},"query-input":{"@type":"PropertyValueSpecification","valueRequired":true,"valueName":"search_term_string"}}],"inLanguage":"fr-FR"},{"@type":"Organization","@id":"https:\/\/technikaprint.fr\/#organization","name":"Stand On Line \/ Technika-Print","url":"https:\/\/technikaprint.fr\/","logo":{"@type":"ImageObject","inLanguage":"fr-FR","@id":"https:\/\/technikaprint.fr\/#\/schema\/logo\/image\/","url":"https:\/\/technikaprint.fr\/wp-content\/uploads\/2020\/04\/SOL-AU-CARRE.jpg","contentUrl":"https:\/\/technikaprint.fr\/wp-content\/uploads\/2020\/04\/SOL-AU-CARRE.jpg","width":1705,"height":1705,"caption":"Stand On Line \/ Technika-Print"},"image":{"@id":"https:\/\/technikaprint.fr\/#\/schema\/logo\/image\/"},"sameAs":["https:\/\/www.facebook.com\/technikaprint\/","https:\/\/www.linkedin.com\/in\/yann-phetsanghane-50763315b\/"]}]}},"_links":{"self":[{"href":"https:\/\/technikaprint.fr\/index.php\/wp-json\/wp\/v2\/pages\/2579","targetHints":{"allow":["GET"]}}],"collection":[{"href":"https:\/\/technikaprint.fr\/index.php\/wp-json\/wp\/v2\/pages"}],"about":[{"href":"https:\/\/technikaprint.fr\/index.php\/wp-json\/wp\/v2\/types\/page"}],"author":[{"embeddable":true,"href":"https:\/\/technikaprint.fr\/index.php\/wp-json\/wp\/v2\/users\/1"}],"replies":[{"embeddable":true,"href":"https:\/\/technikaprint.fr\/index.php\/wp-json\/wp\/v2\/comments?post=2579"}],"version-history":[{"count":18,"href":"https:\/\/technikaprint.fr\/index.php\/wp-json\/wp\/v2\/pages\/2579\/revisions"}],"predecessor-version":[{"id":2994,"href":"https:\/\/technikaprint.fr\/index.php\/wp-json\/wp\/v2\/pages\/2579\/revisions\/2994"}],"wp:attachment":[{"href":"https:\/\/technikaprint.fr\/index.php\/wp-json\/wp\/v2\/media?parent=2579"}],"curies":[{"name":"wp","href":"https:\/\/api.w.org\/{rel}","templated":true}]}}