{"id":268,"date":"2020-04-08T16:00:44","date_gmt":"2020-04-08T14:00:44","guid":{"rendered":"https:\/\/technikaprint.fr\/?page_id=268"},"modified":"2026-04-23T10:43:10","modified_gmt":"2026-04-23T08:43:10","slug":"banque-hotesse","status":"publish","type":"page","link":"https:\/\/technikaprint.fr\/index.php\/banque-hotesse\/","title":{"rendered":"Banque h\u00f4tesse"},"content":{"rendered":"\n<figure class=\"wp-block-image\"><img fetchpriority=\"high\" decoding=\"async\" width=\"1024\" height=\"287\" src=\"https:\/\/technikaprint.fr\/wp-content\/uploads\/2020\/04\/ICONE-SIRIUS-1024x287.jpg\" alt=\"Banque h\u00f4tesse Banque accueil Comptoir Zeus Container Stand Parapluie Nomade Salon\" class=\"wp-image-545\" srcset=\"https:\/\/technikaprint.fr\/wp-content\/uploads\/2020\/04\/ICONE-SIRIUS-1024x287.jpg 1024w, https:\/\/technikaprint.fr\/wp-content\/uploads\/2020\/04\/ICONE-SIRIUS-300x84.jpg 300w, https:\/\/technikaprint.fr\/wp-content\/uploads\/2020\/04\/ICONE-SIRIUS-768x215.jpg 768w, https:\/\/technikaprint.fr\/wp-content\/uploads\/2020\/04\/ICONE-SIRIUS-1536x431.jpg 1536w, https:\/\/technikaprint.fr\/wp-content\/uploads\/2020\/04\/ICONE-SIRIUS-2048x574.jpg 2048w, https:\/\/technikaprint.fr\/wp-content\/uploads\/2020\/04\/ICONE-SIRIUS-360x101.jpg 360w\" sizes=\"(max-width: 1024px) 100vw, 1024px\" \/><\/figure>\n\n\n\n<figure class=\"wp-block-table\"><table><tbody><tr><td>Banque Sirius &#8211; Container sans visuel, sans plateau<\/td><td class=\"has-text-align-right\" data-align=\"right\"><strong>388.00 \u20ac HT<\/strong><\/td><\/tr><tr><td>Visuel seul, pour votre banque Sirius<\/td><td class=\"has-text-align-right\" data-align=\"right\"><strong>101.00 \u20ac HT<\/strong><\/td><\/tr><tr><td>Plateau seul, pour votre banque Sirius<\/td><td class=\"has-text-align-right\" data-align=\"right\"><strong>69.00 \u20ac HT<\/strong><\/td><\/tr><tr><td>Banque h\u00f4tesse Sirius <strong>compl\u00e8te<\/strong> <strong>(La totale)<\/strong> &#8211; Container + visuel + plateau<\/td><td class=\"has-text-align-right\" data-align=\"right\"><strong>523.00 \u20ac HT<\/strong><\/td><\/tr><\/tbody><\/table><\/figure>\n\n\n\n<p>Indispensable pour le transport de votre mat\u00e9riel (<a href=\"https:\/\/technikaprint.fr\/index.php\/enrouleur\/\">Totems, Roll-up<\/a>, <a href=\"https:\/\/technikaprint.fr\/index.php\/parapluie-2\/\">stand parapluie<\/a>&#8230;), ce container \u00e0 roulettes vous accompagne facilement sur tous vos \u00e9v\u00e9nements. Pratique et polyvalent, il se transforme en quelques minutes en v\u00e9ritable banque d\u2019accueil : il suffit d\u2019y ajouter un visuel personnalis\u00e9 et un plateau de finition pour recevoir vos clients dans les meilleures conditions.<\/p>\n\n\n\n<p>Fabriqu\u00e9 par <a href=\"https:\/\/fr.wikipedia.org\/wiki\/Rotomoulage\" target=\"_blank\" rel=\"noreferrer noopener\">rotomoulage<\/a> un proc\u00e9d\u00e9 de mise en forme \u00e0 chaud \u2014 ce container se distingue par sa grande robustesse, garantissant un transport et une exp\u00e9dition en toute s\u00e9curit\u00e9.<\/p>\n\n\n\n<p>Le visuel personnalis\u00e9 est imprim\u00e9 en France sur un support \u00e9co-con\u00e7u, sans PVC, avec des encres \u00e9cologiques. Il est enti\u00e8rement recyclable.<\/p>\n\n\n\n<hr class=\"wp-block-separator has-css-opacity\"\/>\n\n\n\n<div class=\"wp-block-file\"><a id=\"wp-block-file--media-d77963ba-f247-48e7-9169-23767f711e8d\" href=\"https:\/\/technikaprint.fr\/wp-content\/uploads\/2020\/04\/FT-SIRIUS.pdf\"><strong>T\u00e9l\u00e9chargez la fiche technique<\/strong><\/a><a href=\"https:\/\/technikaprint.fr\/wp-content\/uploads\/2020\/04\/FT-SIRIUS.pdf\" class=\"wp-block-file__button wp-element-button\" download aria-describedby=\"wp-block-file--media-d77963ba-f247-48e7-9169-23767f711e8d\">T\u00e9l\u00e9charger<\/a><\/div>\n\n\n\n<hr class=\"wp-block-separator has-css-opacity\"\/>\n\n\n\n<h2 class=\"wp-block-heading\"><br><span style=\"color:#1c40ad\" class=\"has-inline-color\"><strong>Premier visage, premier contact,<br>l&rsquo;accueil fait l&rsquo;objet de toutes les attentions\u2026<\/strong><\/span><\/h2>\n\n\n\n<p>N\u2019oubliez jamais qu\u2019une relation commerciale repose avant tout sur une rencontre humaine. Et naturellement, chacun pr\u00e9f\u00e8re \u00e9changer avec des personnes souriantes, accueillantes et agr\u00e9ables.<\/p>\n\n\n\n<p>La premi\u00e8re impression est d\u00e9cisive\u2026 et unique. Pour la r\u00e9ussir, il est essentiel de poser d\u00e8s le d\u00e9part les bases d\u2019un \u00e9change de qualit\u00e9. Ce premier contact ne se limite pas au moment o\u00f9 un visiteur arrive sur votre stand : il commence bien avant. L\u2019esth\u00e9tique, la convivialit\u00e9, le confort et la propret\u00e9 de votre espace comptent autant que votre attitude, votre \u00e9coute et votre aisance relationnelle tout au long de l\u2019\u00e9change.<br><br>V\u00e9ritable reflet de votre professionnalisme, cette premi\u00e8re rencontre donne envie d\u2019en savoir plus sur votre entreprise, vos produits et vos services\u2026 et surtout, d\u2019y revenir.<\/p>\n\n\n\n<blockquote class=\"wp-block-quote is-layout-flow wp-block-quote-is-layout-flow\">\n<p><strong>Vous n&rsquo;avez jamais une deuxi\u00e8me chance de faire bonne premi\u00e8re impression ! <\/strong><\/p>\n<cite><a href=\"https:\/\/citations.ouest-france.fr\/citations-mark-twain-865.html\" target=\"_blank\" rel=\"noreferrer noopener\">Mark Twain<\/a><\/cite><\/blockquote>\n\n\n\n<p><br><br><\/p>\n\n\n\n<figure class=\"wp-block-video\"><video height=\"240\" style=\"aspect-ratio: 320 \/ 240;\" width=\"320\" controls src=\"https:\/\/technikaprint.fr\/wp-content\/uploads\/2020\/04\/SIRIUS-VIDEO.mp4\"><\/video><\/figure>\n\n\n\n<hr class=\"wp-block-separator has-css-opacity\"\/>\n\n\n\n<figure class=\"wp-block-image size-large\"><a href=\"https:\/\/technikaprint.fr\/index.php\/kakemono\/\"><img decoding=\"async\" width=\"1024\" height=\"171\" src=\"https:\/\/technikaprint.fr\/wp-content\/uploads\/2020\/05\/ROLLUP-ECO-1-1024x171.jpg\" alt=\"Roll-up, Kakemono, Stand parapluie, Totem, Standonline\" class=\"wp-image-2092\" srcset=\"https:\/\/technikaprint.fr\/wp-content\/uploads\/2020\/05\/ROLLUP-ECO-1-1024x171.jpg 1024w, https:\/\/technikaprint.fr\/wp-content\/uploads\/2020\/05\/ROLLUP-ECO-1-300x50.jpg 300w, https:\/\/technikaprint.fr\/wp-content\/uploads\/2020\/05\/ROLLUP-ECO-1-768x128.jpg 768w, https:\/\/technikaprint.fr\/wp-content\/uploads\/2020\/05\/ROLLUP-ECO-1-360x60.jpg 360w, https:\/\/technikaprint.fr\/wp-content\/uploads\/2020\/05\/ROLLUP-ECO-1.jpg 1417w\" sizes=\"(max-width: 1024px) 100vw, 1024px\" \/><\/a><\/figure>\n","protected":false},"excerpt":{"rendered":"<p>Banque Sirius &#8211; Container sans visuel, sans plateau 388.00 \u20ac HT Visuel seul, pour votre banque Sirius 101.00 \u20ac HT Plateau seul, pour votre banque Sirius 69.00 \u20ac HT Banque h\u00f4tesse Sirius compl\u00e8te (La totale) &#8211; Container + visuel +&hellip;&nbsp;<a href=\"https:\/\/technikaprint.fr\/index.php\/banque-hotesse\/\" class=\"more-link\">Lire la suite<\/a><\/p>\n","protected":false},"author":1,"featured_media":0,"parent":0,"menu_order":0,"comment_status":"closed","ping_status":"closed","template":"","meta":{"_monsterinsights_skip_tracking":false,"_monsterinsights_sitenote_active":false,"_monsterinsights_sitenote_note":"","_monsterinsights_sitenote_category":0,"footnotes":""},"class_list":["post-268","page","type-page","status-publish","hentry"],"yoast_head":"<!-- This site is optimized with the Yoast SEO plugin v27.5 - https:\/\/yoast.com\/product\/yoast-seo-wordpress\/ -->\n<title>Banque h\u00f4tesse - Stand On Line - Pour le transport de vos stands et roll-up<\/title>\n<meta name=\"description\" content=\"Banque h\u00f4tesse SIRIUS, ce container \u00e0 roulettes vous permettra d\u2019emmener partout votre mat\u00e9riel d\u2019expo. Transformez-l\u00e0 en point d&#039;accueil !\" \/>\n<meta name=\"robots\" content=\"index, follow, max-snippet:-1, max-image-preview:large, max-video-preview:-1\" \/>\n<link rel=\"canonical\" href=\"https:\/\/technikaprint.fr\/index.php\/banque-hotesse\/\" \/>\n<meta property=\"og:locale\" content=\"fr_FR\" \/>\n<meta property=\"og:type\" content=\"article\" \/>\n<meta property=\"og:title\" content=\"Banque h\u00f4tesse - Stand On Line - Pour le transport de vos stands et roll-up\" \/>\n<meta property=\"og:description\" content=\"Banque h\u00f4tesse SIRIUS, ce container \u00e0 roulettes vous permettra d\u2019emmener partout votre mat\u00e9riel d\u2019expo. Transformez-l\u00e0 en point d&#039;accueil !\" \/>\n<meta property=\"og:url\" content=\"https:\/\/technikaprint.fr\/index.php\/banque-hotesse\/\" \/>\n<meta property=\"og:site_name\" content=\"Stand On Line\" \/>\n<meta property=\"article:publisher\" content=\"https:\/\/www.facebook.com\/technikaprint\/\" \/>\n<meta property=\"article:modified_time\" content=\"2026-04-23T08:43:10+00:00\" \/>\n<meta property=\"og:image\" content=\"https:\/\/technikaprint.fr\/wp-content\/uploads\/2020\/04\/ICONE-SIRIUS.jpg\" \/>\n\t<meta property=\"og:image:width\" content=\"2239\" \/>\n\t<meta property=\"og:image:height\" content=\"628\" \/>\n\t<meta property=\"og:image:type\" content=\"image\/jpeg\" \/>\n<meta name=\"twitter:card\" content=\"summary_large_image\" \/>\n<meta name=\"twitter:label1\" content=\"Dur\u00e9e de lecture estim\u00e9e\" \/>\n\t<meta name=\"twitter:data1\" content=\"2 minutes\" \/>\n<script type=\"application\/ld+json\" class=\"yoast-schema-graph\">{\"@context\":\"https:\\\/\\\/schema.org\",\"@graph\":[{\"@type\":\"WebPage\",\"@id\":\"https:\\\/\\\/technikaprint.fr\\\/index.php\\\/banque-hotesse\\\/\",\"url\":\"https:\\\/\\\/technikaprint.fr\\\/index.php\\\/banque-hotesse\\\/\",\"name\":\"Banque h\u00f4tesse - Stand On Line - Pour le transport de vos stands et roll-up\",\"isPartOf\":{\"@id\":\"https:\\\/\\\/technikaprint.fr\\\/#website\"},\"primaryImageOfPage\":{\"@id\":\"https:\\\/\\\/technikaprint.fr\\\/index.php\\\/banque-hotesse\\\/#primaryimage\"},\"image\":{\"@id\":\"https:\\\/\\\/technikaprint.fr\\\/index.php\\\/banque-hotesse\\\/#primaryimage\"},\"thumbnailUrl\":\"https:\\\/\\\/technikaprint.fr\\\/wp-content\\\/uploads\\\/2020\\\/04\\\/ICONE-SIRIUS-1024x287.jpg\",\"datePublished\":\"2020-04-08T14:00:44+00:00\",\"dateModified\":\"2026-04-23T08:43:10+00:00\",\"description\":\"Banque h\u00f4tesse SIRIUS, ce container \u00e0 roulettes vous permettra d\u2019emmener partout votre mat\u00e9riel d\u2019expo. Transformez-l\u00e0 en point d'accueil !\",\"breadcrumb\":{\"@id\":\"https:\\\/\\\/technikaprint.fr\\\/index.php\\\/banque-hotesse\\\/#breadcrumb\"},\"inLanguage\":\"fr-FR\",\"potentialAction\":[{\"@type\":\"ReadAction\",\"target\":[\"https:\\\/\\\/technikaprint.fr\\\/index.php\\\/banque-hotesse\\\/\"]}]},{\"@type\":\"ImageObject\",\"inLanguage\":\"fr-FR\",\"@id\":\"https:\\\/\\\/technikaprint.fr\\\/index.php\\\/banque-hotesse\\\/#primaryimage\",\"url\":\"https:\\\/\\\/technikaprint.fr\\\/wp-content\\\/uploads\\\/2020\\\/04\\\/ICONE-SIRIUS.jpg\",\"contentUrl\":\"https:\\\/\\\/technikaprint.fr\\\/wp-content\\\/uploads\\\/2020\\\/04\\\/ICONE-SIRIUS.jpg\",\"width\":2239,\"height\":628},{\"@type\":\"BreadcrumbList\",\"@id\":\"https:\\\/\\\/technikaprint.fr\\\/index.php\\\/banque-hotesse\\\/#breadcrumb\",\"itemListElement\":[{\"@type\":\"ListItem\",\"position\":1,\"name\":\"Accueil\",\"item\":\"https:\\\/\\\/technikaprint.fr\\\/\"},{\"@type\":\"ListItem\",\"position\":2,\"name\":\"Banque h\u00f4tesse\"}]},{\"@type\":\"WebSite\",\"@id\":\"https:\\\/\\\/technikaprint.fr\\\/#website\",\"url\":\"https:\\\/\\\/technikaprint.fr\\\/\",\"name\":\"Stand On Line\",\"description\":\"La boutique du Roll-up\",\"publisher\":{\"@id\":\"https:\\\/\\\/technikaprint.fr\\\/#organization\"},\"potentialAction\":[{\"@type\":\"SearchAction\",\"target\":{\"@type\":\"EntryPoint\",\"urlTemplate\":\"https:\\\/\\\/technikaprint.fr\\\/?s={search_term_string}\"},\"query-input\":{\"@type\":\"PropertyValueSpecification\",\"valueRequired\":true,\"valueName\":\"search_term_string\"}}],\"inLanguage\":\"fr-FR\"},{\"@type\":\"Organization\",\"@id\":\"https:\\\/\\\/technikaprint.fr\\\/#organization\",\"name\":\"Stand On Line \\\/ Technika-Print\",\"url\":\"https:\\\/\\\/technikaprint.fr\\\/\",\"logo\":{\"@type\":\"ImageObject\",\"inLanguage\":\"fr-FR\",\"@id\":\"https:\\\/\\\/technikaprint.fr\\\/#\\\/schema\\\/logo\\\/image\\\/\",\"url\":\"https:\\\/\\\/technikaprint.fr\\\/wp-content\\\/uploads\\\/2020\\\/04\\\/SOL-AU-CARRE.jpg\",\"contentUrl\":\"https:\\\/\\\/technikaprint.fr\\\/wp-content\\\/uploads\\\/2020\\\/04\\\/SOL-AU-CARRE.jpg\",\"width\":1705,\"height\":1705,\"caption\":\"Stand On Line \\\/ Technika-Print\"},\"image\":{\"@id\":\"https:\\\/\\\/technikaprint.fr\\\/#\\\/schema\\\/logo\\\/image\\\/\"},\"sameAs\":[\"https:\\\/\\\/www.facebook.com\\\/technikaprint\\\/\",\"https:\\\/\\\/www.linkedin.com\\\/in\\\/yann-phetsanghane-50763315b\\\/\"]}]}<\/script>\n<!-- \/ Yoast SEO plugin. -->","yoast_head_json":{"title":"Banque h\u00f4tesse - Stand On Line - Pour le transport de vos stands et roll-up","description":"Banque h\u00f4tesse SIRIUS, ce container \u00e0 roulettes vous permettra d\u2019emmener partout votre mat\u00e9riel d\u2019expo. Transformez-l\u00e0 en point d'accueil !","robots":{"index":"index","follow":"follow","max-snippet":"max-snippet:-1","max-image-preview":"max-image-preview:large","max-video-preview":"max-video-preview:-1"},"canonical":"https:\/\/technikaprint.fr\/index.php\/banque-hotesse\/","og_locale":"fr_FR","og_type":"article","og_title":"Banque h\u00f4tesse - Stand On Line - Pour le transport de vos stands et roll-up","og_description":"Banque h\u00f4tesse SIRIUS, ce container \u00e0 roulettes vous permettra d\u2019emmener partout votre mat\u00e9riel d\u2019expo. Transformez-l\u00e0 en point d'accueil !","og_url":"https:\/\/technikaprint.fr\/index.php\/banque-hotesse\/","og_site_name":"Stand On Line","article_publisher":"https:\/\/www.facebook.com\/technikaprint\/","article_modified_time":"2026-04-23T08:43:10+00:00","og_image":[{"width":2239,"height":628,"url":"https:\/\/technikaprint.fr\/wp-content\/uploads\/2020\/04\/ICONE-SIRIUS.jpg","type":"image\/jpeg"}],"twitter_card":"summary_large_image","twitter_misc":{"Dur\u00e9e de lecture estim\u00e9e":"2 minutes"},"schema":{"@context":"https:\/\/schema.org","@graph":[{"@type":"WebPage","@id":"https:\/\/technikaprint.fr\/index.php\/banque-hotesse\/","url":"https:\/\/technikaprint.fr\/index.php\/banque-hotesse\/","name":"Banque h\u00f4tesse - Stand On Line - Pour le transport de vos stands et roll-up","isPartOf":{"@id":"https:\/\/technikaprint.fr\/#website"},"primaryImageOfPage":{"@id":"https:\/\/technikaprint.fr\/index.php\/banque-hotesse\/#primaryimage"},"image":{"@id":"https:\/\/technikaprint.fr\/index.php\/banque-hotesse\/#primaryimage"},"thumbnailUrl":"https:\/\/technikaprint.fr\/wp-content\/uploads\/2020\/04\/ICONE-SIRIUS-1024x287.jpg","datePublished":"2020-04-08T14:00:44+00:00","dateModified":"2026-04-23T08:43:10+00:00","description":"Banque h\u00f4tesse SIRIUS, ce container \u00e0 roulettes vous permettra d\u2019emmener partout votre mat\u00e9riel d\u2019expo. Transformez-l\u00e0 en point d'accueil !","breadcrumb":{"@id":"https:\/\/technikaprint.fr\/index.php\/banque-hotesse\/#breadcrumb"},"inLanguage":"fr-FR","potentialAction":[{"@type":"ReadAction","target":["https:\/\/technikaprint.fr\/index.php\/banque-hotesse\/"]}]},{"@type":"ImageObject","inLanguage":"fr-FR","@id":"https:\/\/technikaprint.fr\/index.php\/banque-hotesse\/#primaryimage","url":"https:\/\/technikaprint.fr\/wp-content\/uploads\/2020\/04\/ICONE-SIRIUS.jpg","contentUrl":"https:\/\/technikaprint.fr\/wp-content\/uploads\/2020\/04\/ICONE-SIRIUS.jpg","width":2239,"height":628},{"@type":"BreadcrumbList","@id":"https:\/\/technikaprint.fr\/index.php\/banque-hotesse\/#breadcrumb","itemListElement":[{"@type":"ListItem","position":1,"name":"Accueil","item":"https:\/\/technikaprint.fr\/"},{"@type":"ListItem","position":2,"name":"Banque h\u00f4tesse"}]},{"@type":"WebSite","@id":"https:\/\/technikaprint.fr\/#website","url":"https:\/\/technikaprint.fr\/","name":"Stand On Line","description":"La boutique du Roll-up","publisher":{"@id":"https:\/\/technikaprint.fr\/#organization"},"potentialAction":[{"@type":"SearchAction","target":{"@type":"EntryPoint","urlTemplate":"https:\/\/technikaprint.fr\/?s={search_term_string}"},"query-input":{"@type":"PropertyValueSpecification","valueRequired":true,"valueName":"search_term_string"}}],"inLanguage":"fr-FR"},{"@type":"Organization","@id":"https:\/\/technikaprint.fr\/#organization","name":"Stand On Line \/ Technika-Print","url":"https:\/\/technikaprint.fr\/","logo":{"@type":"ImageObject","inLanguage":"fr-FR","@id":"https:\/\/technikaprint.fr\/#\/schema\/logo\/image\/","url":"https:\/\/technikaprint.fr\/wp-content\/uploads\/2020\/04\/SOL-AU-CARRE.jpg","contentUrl":"https:\/\/technikaprint.fr\/wp-content\/uploads\/2020\/04\/SOL-AU-CARRE.jpg","width":1705,"height":1705,"caption":"Stand On Line \/ Technika-Print"},"image":{"@id":"https:\/\/technikaprint.fr\/#\/schema\/logo\/image\/"},"sameAs":["https:\/\/www.facebook.com\/technikaprint\/","https:\/\/www.linkedin.com\/in\/yann-phetsanghane-50763315b\/"]}]}},"_links":{"self":[{"href":"https:\/\/technikaprint.fr\/index.php\/wp-json\/wp\/v2\/pages\/268","targetHints":{"allow":["GET"]}}],"collection":[{"href":"https:\/\/technikaprint.fr\/index.php\/wp-json\/wp\/v2\/pages"}],"about":[{"href":"https:\/\/technikaprint.fr\/index.php\/wp-json\/wp\/v2\/types\/page"}],"author":[{"embeddable":true,"href":"https:\/\/technikaprint.fr\/index.php\/wp-json\/wp\/v2\/users\/1"}],"replies":[{"embeddable":true,"href":"https:\/\/technikaprint.fr\/index.php\/wp-json\/wp\/v2\/comments?post=268"}],"version-history":[{"count":37,"href":"https:\/\/technikaprint.fr\/index.php\/wp-json\/wp\/v2\/pages\/268\/revisions"}],"predecessor-version":[{"id":3109,"href":"https:\/\/technikaprint.fr\/index.php\/wp-json\/wp\/v2\/pages\/268\/revisions\/3109"}],"wp:attachment":[{"href":"https:\/\/technikaprint.fr\/index.php\/wp-json\/wp\/v2\/media?parent=268"}],"curies":[{"name":"wp","href":"https:\/\/api.w.org\/{rel}","templated":true}]}}