{"id":278,"date":"2020-04-08T16:06:41","date_gmt":"2020-04-08T14:06:41","guid":{"rendered":"https:\/\/technikaprint.fr\/?page_id=278"},"modified":"2026-04-23T12:49:27","modified_gmt":"2026-04-23T10:49:27","slug":"stickers","status":"publish","type":"page","link":"https:\/\/technikaprint.fr\/index.php\/stickers\/","title":{"rendered":"Petits stickers"},"content":{"rendered":"\n<p>Nos autocollants sur mesure, \u00e9galement appel\u00e9s stickers, sont imprim\u00e9s sur des vinyles de haute qualit\u00e9, s\u00e9lectionn\u00e9s selon vos besoins. Adapt\u00e9s \u00e0 de nombreux supports, ils attirent naturellement le regard et constituent un excellent moyen de valoriser votre message.<\/p>\n\n\n\n<p>Gr\u00e2ce \u00e0 la <a href=\"https:\/\/www.mimaki.fr\/products\/traceurs-de-decoupe\/serie-cg\/\" target=\"_blank\" rel=\"noreferrer noopener\">d\u00e9coupe num\u00e9rique<\/a>, os stickers prennent la forme de votre choix, pour un rendu parfaitement adapt\u00e9 \u00e0 votre identit\u00e9 et \u00e0 votre cr\u00e9ativit\u00e9.<br><\/p>\n\n\n\n<figure class=\"wp-block-image size-large is-resized\"><img fetchpriority=\"high\" decoding=\"async\" width=\"1024\" height=\"842\" src=\"https:\/\/technikaprint.fr\/wp-content\/uploads\/2020\/05\/STICKERS-DECOUPE-1024x842.jpg\" alt=\"Stickers, adh\u00e9sif, vinyle, Lettrage, Covering, Vitrine, D\u00e9coration, Int\u00e9rieur, V\u00e9hicule\" class=\"wp-image-2270\" style=\"width:810px;height:665px\" srcset=\"https:\/\/technikaprint.fr\/wp-content\/uploads\/2020\/05\/STICKERS-DECOUPE-1024x842.jpg 1024w, https:\/\/technikaprint.fr\/wp-content\/uploads\/2020\/05\/STICKERS-DECOUPE-300x247.jpg 300w, https:\/\/technikaprint.fr\/wp-content\/uploads\/2020\/05\/STICKERS-DECOUPE-768x632.jpg 768w, https:\/\/technikaprint.fr\/wp-content\/uploads\/2020\/05\/STICKERS-DECOUPE-328x270.jpg 328w, https:\/\/technikaprint.fr\/wp-content\/uploads\/2020\/05\/STICKERS-DECOUPE.jpg 1268w\" sizes=\"(max-width: 1024px) 100vw, 1024px\" \/><\/figure>\n\n\n\n<p>Il existe une large vari\u00e9t\u00e9 de vinyles et de finitions, \u00e0 choisir en fonction de votre usage : application temporaire ou permanente, en int\u00e9rieur, en ext\u00e9rieur ou les deux. Pose au sol, sur mur, besoins sp\u00e9cifiques en r\u00e9sistance m\u00e9canique ou aux UV\u2026 chaque projet a sa solution.<\/p>\n\n\n\n<p>Nous sommes l\u00e0 pour vous accompagner et vous conseiller dans votre choix. N\u2019h\u00e9sitez pas \u00e0 nous contacter au 01 72 88 38 93 !<\/p>\n\n\n\n<hr class=\"wp-block-separator has-css-opacity\"\/>\n\n\n\n<p><strong>Ci-dessous : quelques exemples des prestations propos\u00e9es<\/strong><\/p>\n\n\n\n<p>Les tarifs varient en fonction des mat\u00e9riaux, des dimensions et des quantit\u00e9s souhait\u00e9es.<br>Obtenez votre devis sur simple demande via notre<em> <a href=\"https:\/\/technikaprint.fr\/index.php\/contact\/\">formulaire de contact<\/a> ou par t\u00e9l\u00e9phone au 01 72 88 38 93.<\/em><\/p>\n\n\n\n<figure class=\"wp-block-table\"><table><tbody><tr><td>Stickers sur vinyle temporaire enlevable sans traces <em>(avec ou sans plastification).<\/em><\/td><\/tr><tr><td>Stickers sur vinyle permanent colle grise pour recouvrement <em>(avec ou sans plastification).<\/em><\/td><\/tr><tr><td>Bande de marquage au sol <em>(zone de s\u00e9curit\u00e9, de confidentialit\u00e9, de distance).<\/em><\/td><\/tr><tr><td>Stickers sur vinyle transparent <em>(effet translucide pour vitrine).<\/em><\/td><\/tr><tr><td>D\u00e9coration sp\u00e9ciale pour le sol avec plastification RC10 <em>(Norme Anti d\u00e9rapant europ\u00e9enne).<\/em><\/td><\/tr><tr><td>Autocollant \u00e0 usage promotionnel, goodies, cadeaux <em>(Finition mat ou brillant).<\/em><\/td><\/tr><\/tbody><\/table><\/figure>\n\n\n\n<p><\/p>\n","protected":false},"excerpt":{"rendered":"<p>Nos autocollants sur mesure, \u00e9galement appel\u00e9s stickers, sont imprim\u00e9s sur des vinyles de haute qualit\u00e9, s\u00e9lectionn\u00e9s selon vos besoins. Adapt\u00e9s \u00e0 de nombreux supports, ils attirent naturellement le regard et constituent un excellent moyen de valoriser votre message. Gr\u00e2ce \u00e0&hellip;&nbsp;<a href=\"https:\/\/technikaprint.fr\/index.php\/stickers\/\" class=\"more-link\">Lire la suite<\/a><\/p>\n","protected":false},"author":1,"featured_media":0,"parent":0,"menu_order":0,"comment_status":"closed","ping_status":"closed","template":"","meta":{"_monsterinsights_skip_tracking":false,"_monsterinsights_sitenote_active":false,"_monsterinsights_sitenote_note":"","_monsterinsights_sitenote_category":0,"footnotes":""},"class_list":["post-278","page","type-page","status-publish","hentry"],"yoast_head":"<!-- This site is optimized with the Yoast SEO plugin v27.5 - https:\/\/yoast.com\/product\/yoast-seo-wordpress\/ -->\n<title>Stickers - Stand On Line - Des autocollants sur mesure toutes tailles<\/title>\n<meta name=\"description\" content=\"Stickers en veux-tu, en voil\u00e0 ! D\u00e9couvrez toutes les possibilit\u00e9s. Du simple stickers \u00e0 la d\u00e9coration de votre int\u00e9rieur !\" \/>\n<meta name=\"robots\" content=\"index, follow, max-snippet:-1, max-image-preview:large, max-video-preview:-1\" \/>\n<link rel=\"canonical\" href=\"https:\/\/technikaprint.fr\/index.php\/stickers\/\" \/>\n<meta property=\"og:locale\" content=\"fr_FR\" \/>\n<meta property=\"og:type\" content=\"article\" \/>\n<meta property=\"og:title\" content=\"Stickers - Stand On Line - Des autocollants sur mesure toutes tailles\" \/>\n<meta property=\"og:description\" content=\"Stickers en veux-tu, en voil\u00e0 ! D\u00e9couvrez toutes les possibilit\u00e9s. Du simple stickers \u00e0 la d\u00e9coration de votre int\u00e9rieur !\" \/>\n<meta property=\"og:url\" content=\"https:\/\/technikaprint.fr\/index.php\/stickers\/\" \/>\n<meta property=\"og:site_name\" content=\"Stand On Line\" \/>\n<meta property=\"article:publisher\" content=\"https:\/\/www.facebook.com\/technikaprint\/\" \/>\n<meta property=\"article:modified_time\" content=\"2026-04-23T10:49:27+00:00\" \/>\n<meta property=\"og:image\" content=\"https:\/\/technikaprint.fr\/wp-content\/uploads\/2020\/05\/STICKERS-DECOUPE.jpg\" \/>\n\t<meta property=\"og:image:width\" content=\"1268\" \/>\n\t<meta property=\"og:image:height\" content=\"1043\" \/>\n\t<meta property=\"og:image:type\" content=\"image\/jpeg\" \/>\n<meta name=\"twitter:card\" content=\"summary_large_image\" \/>\n<meta name=\"twitter:label1\" content=\"Dur\u00e9e de lecture estim\u00e9e\" \/>\n\t<meta name=\"twitter:data1\" content=\"2 minutes\" \/>\n<script type=\"application\/ld+json\" class=\"yoast-schema-graph\">{\"@context\":\"https:\\\/\\\/schema.org\",\"@graph\":[{\"@type\":\"WebPage\",\"@id\":\"https:\\\/\\\/technikaprint.fr\\\/index.php\\\/stickers\\\/\",\"url\":\"https:\\\/\\\/technikaprint.fr\\\/index.php\\\/stickers\\\/\",\"name\":\"Stickers - Stand On Line - Des autocollants sur mesure toutes tailles\",\"isPartOf\":{\"@id\":\"https:\\\/\\\/technikaprint.fr\\\/#website\"},\"primaryImageOfPage\":{\"@id\":\"https:\\\/\\\/technikaprint.fr\\\/index.php\\\/stickers\\\/#primaryimage\"},\"image\":{\"@id\":\"https:\\\/\\\/technikaprint.fr\\\/index.php\\\/stickers\\\/#primaryimage\"},\"thumbnailUrl\":\"https:\\\/\\\/technikaprint.fr\\\/wp-content\\\/uploads\\\/2020\\\/05\\\/STICKERS-DECOUPE-1024x842.jpg\",\"datePublished\":\"2020-04-08T14:06:41+00:00\",\"dateModified\":\"2026-04-23T10:49:27+00:00\",\"description\":\"Stickers en veux-tu, en voil\u00e0 ! D\u00e9couvrez toutes les possibilit\u00e9s. Du simple stickers \u00e0 la d\u00e9coration de votre int\u00e9rieur !\",\"breadcrumb\":{\"@id\":\"https:\\\/\\\/technikaprint.fr\\\/index.php\\\/stickers\\\/#breadcrumb\"},\"inLanguage\":\"fr-FR\",\"potentialAction\":[{\"@type\":\"ReadAction\",\"target\":[\"https:\\\/\\\/technikaprint.fr\\\/index.php\\\/stickers\\\/\"]}]},{\"@type\":\"ImageObject\",\"inLanguage\":\"fr-FR\",\"@id\":\"https:\\\/\\\/technikaprint.fr\\\/index.php\\\/stickers\\\/#primaryimage\",\"url\":\"https:\\\/\\\/technikaprint.fr\\\/wp-content\\\/uploads\\\/2020\\\/05\\\/STICKERS-DECOUPE.jpg\",\"contentUrl\":\"https:\\\/\\\/technikaprint.fr\\\/wp-content\\\/uploads\\\/2020\\\/05\\\/STICKERS-DECOUPE.jpg\",\"width\":1268,\"height\":1043},{\"@type\":\"BreadcrumbList\",\"@id\":\"https:\\\/\\\/technikaprint.fr\\\/index.php\\\/stickers\\\/#breadcrumb\",\"itemListElement\":[{\"@type\":\"ListItem\",\"position\":1,\"name\":\"Accueil\",\"item\":\"https:\\\/\\\/technikaprint.fr\\\/\"},{\"@type\":\"ListItem\",\"position\":2,\"name\":\"Petits stickers\"}]},{\"@type\":\"WebSite\",\"@id\":\"https:\\\/\\\/technikaprint.fr\\\/#website\",\"url\":\"https:\\\/\\\/technikaprint.fr\\\/\",\"name\":\"Stand On Line\",\"description\":\"La boutique du Roll-up\",\"publisher\":{\"@id\":\"https:\\\/\\\/technikaprint.fr\\\/#organization\"},\"potentialAction\":[{\"@type\":\"SearchAction\",\"target\":{\"@type\":\"EntryPoint\",\"urlTemplate\":\"https:\\\/\\\/technikaprint.fr\\\/?s={search_term_string}\"},\"query-input\":{\"@type\":\"PropertyValueSpecification\",\"valueRequired\":true,\"valueName\":\"search_term_string\"}}],\"inLanguage\":\"fr-FR\"},{\"@type\":\"Organization\",\"@id\":\"https:\\\/\\\/technikaprint.fr\\\/#organization\",\"name\":\"Stand On Line \\\/ Technika-Print\",\"url\":\"https:\\\/\\\/technikaprint.fr\\\/\",\"logo\":{\"@type\":\"ImageObject\",\"inLanguage\":\"fr-FR\",\"@id\":\"https:\\\/\\\/technikaprint.fr\\\/#\\\/schema\\\/logo\\\/image\\\/\",\"url\":\"https:\\\/\\\/technikaprint.fr\\\/wp-content\\\/uploads\\\/2020\\\/04\\\/SOL-AU-CARRE.jpg\",\"contentUrl\":\"https:\\\/\\\/technikaprint.fr\\\/wp-content\\\/uploads\\\/2020\\\/04\\\/SOL-AU-CARRE.jpg\",\"width\":1705,\"height\":1705,\"caption\":\"Stand On Line \\\/ Technika-Print\"},\"image\":{\"@id\":\"https:\\\/\\\/technikaprint.fr\\\/#\\\/schema\\\/logo\\\/image\\\/\"},\"sameAs\":[\"https:\\\/\\\/www.facebook.com\\\/technikaprint\\\/\",\"https:\\\/\\\/www.linkedin.com\\\/in\\\/yann-phetsanghane-50763315b\\\/\"]}]}<\/script>\n<!-- \/ Yoast SEO plugin. -->","yoast_head_json":{"title":"Stickers - Stand On Line - Des autocollants sur mesure toutes tailles","description":"Stickers en veux-tu, en voil\u00e0 ! D\u00e9couvrez toutes les possibilit\u00e9s. Du simple stickers \u00e0 la d\u00e9coration de votre int\u00e9rieur !","robots":{"index":"index","follow":"follow","max-snippet":"max-snippet:-1","max-image-preview":"max-image-preview:large","max-video-preview":"max-video-preview:-1"},"canonical":"https:\/\/technikaprint.fr\/index.php\/stickers\/","og_locale":"fr_FR","og_type":"article","og_title":"Stickers - Stand On Line - Des autocollants sur mesure toutes tailles","og_description":"Stickers en veux-tu, en voil\u00e0 ! D\u00e9couvrez toutes les possibilit\u00e9s. Du simple stickers \u00e0 la d\u00e9coration de votre int\u00e9rieur !","og_url":"https:\/\/technikaprint.fr\/index.php\/stickers\/","og_site_name":"Stand On Line","article_publisher":"https:\/\/www.facebook.com\/technikaprint\/","article_modified_time":"2026-04-23T10:49:27+00:00","og_image":[{"width":1268,"height":1043,"url":"https:\/\/technikaprint.fr\/wp-content\/uploads\/2020\/05\/STICKERS-DECOUPE.jpg","type":"image\/jpeg"}],"twitter_card":"summary_large_image","twitter_misc":{"Dur\u00e9e de lecture estim\u00e9e":"2 minutes"},"schema":{"@context":"https:\/\/schema.org","@graph":[{"@type":"WebPage","@id":"https:\/\/technikaprint.fr\/index.php\/stickers\/","url":"https:\/\/technikaprint.fr\/index.php\/stickers\/","name":"Stickers - Stand On Line - Des autocollants sur mesure toutes tailles","isPartOf":{"@id":"https:\/\/technikaprint.fr\/#website"},"primaryImageOfPage":{"@id":"https:\/\/technikaprint.fr\/index.php\/stickers\/#primaryimage"},"image":{"@id":"https:\/\/technikaprint.fr\/index.php\/stickers\/#primaryimage"},"thumbnailUrl":"https:\/\/technikaprint.fr\/wp-content\/uploads\/2020\/05\/STICKERS-DECOUPE-1024x842.jpg","datePublished":"2020-04-08T14:06:41+00:00","dateModified":"2026-04-23T10:49:27+00:00","description":"Stickers en veux-tu, en voil\u00e0 ! D\u00e9couvrez toutes les possibilit\u00e9s. Du simple stickers \u00e0 la d\u00e9coration de votre int\u00e9rieur !","breadcrumb":{"@id":"https:\/\/technikaprint.fr\/index.php\/stickers\/#breadcrumb"},"inLanguage":"fr-FR","potentialAction":[{"@type":"ReadAction","target":["https:\/\/technikaprint.fr\/index.php\/stickers\/"]}]},{"@type":"ImageObject","inLanguage":"fr-FR","@id":"https:\/\/technikaprint.fr\/index.php\/stickers\/#primaryimage","url":"https:\/\/technikaprint.fr\/wp-content\/uploads\/2020\/05\/STICKERS-DECOUPE.jpg","contentUrl":"https:\/\/technikaprint.fr\/wp-content\/uploads\/2020\/05\/STICKERS-DECOUPE.jpg","width":1268,"height":1043},{"@type":"BreadcrumbList","@id":"https:\/\/technikaprint.fr\/index.php\/stickers\/#breadcrumb","itemListElement":[{"@type":"ListItem","position":1,"name":"Accueil","item":"https:\/\/technikaprint.fr\/"},{"@type":"ListItem","position":2,"name":"Petits stickers"}]},{"@type":"WebSite","@id":"https:\/\/technikaprint.fr\/#website","url":"https:\/\/technikaprint.fr\/","name":"Stand On Line","description":"La boutique du Roll-up","publisher":{"@id":"https:\/\/technikaprint.fr\/#organization"},"potentialAction":[{"@type":"SearchAction","target":{"@type":"EntryPoint","urlTemplate":"https:\/\/technikaprint.fr\/?s={search_term_string}"},"query-input":{"@type":"PropertyValueSpecification","valueRequired":true,"valueName":"search_term_string"}}],"inLanguage":"fr-FR"},{"@type":"Organization","@id":"https:\/\/technikaprint.fr\/#organization","name":"Stand On Line \/ Technika-Print","url":"https:\/\/technikaprint.fr\/","logo":{"@type":"ImageObject","inLanguage":"fr-FR","@id":"https:\/\/technikaprint.fr\/#\/schema\/logo\/image\/","url":"https:\/\/technikaprint.fr\/wp-content\/uploads\/2020\/04\/SOL-AU-CARRE.jpg","contentUrl":"https:\/\/technikaprint.fr\/wp-content\/uploads\/2020\/04\/SOL-AU-CARRE.jpg","width":1705,"height":1705,"caption":"Stand On Line \/ Technika-Print"},"image":{"@id":"https:\/\/technikaprint.fr\/#\/schema\/logo\/image\/"},"sameAs":["https:\/\/www.facebook.com\/technikaprint\/","https:\/\/www.linkedin.com\/in\/yann-phetsanghane-50763315b\/"]}]}},"_links":{"self":[{"href":"https:\/\/technikaprint.fr\/index.php\/wp-json\/wp\/v2\/pages\/278","targetHints":{"allow":["GET"]}}],"collection":[{"href":"https:\/\/technikaprint.fr\/index.php\/wp-json\/wp\/v2\/pages"}],"about":[{"href":"https:\/\/technikaprint.fr\/index.php\/wp-json\/wp\/v2\/types\/page"}],"author":[{"embeddable":true,"href":"https:\/\/technikaprint.fr\/index.php\/wp-json\/wp\/v2\/users\/1"}],"replies":[{"embeddable":true,"href":"https:\/\/technikaprint.fr\/index.php\/wp-json\/wp\/v2\/comments?post=278"}],"version-history":[{"count":19,"href":"https:\/\/technikaprint.fr\/index.php\/wp-json\/wp\/v2\/pages\/278\/revisions"}],"predecessor-version":[{"id":3140,"href":"https:\/\/technikaprint.fr\/index.php\/wp-json\/wp\/v2\/pages\/278\/revisions\/3140"}],"wp:attachment":[{"href":"https:\/\/technikaprint.fr\/index.php\/wp-json\/wp\/v2\/media?parent=278"}],"curies":[{"name":"wp","href":"https:\/\/api.w.org\/{rel}","templated":true}]}}