{"id":282,"date":"2020-04-08T16:08:07","date_gmt":"2020-04-08T14:08:07","guid":{"rendered":"https:\/\/technikaprint.fr\/?page_id=282"},"modified":"2020-05-12T13:45:28","modified_gmt":"2020-05-12T11:45:28","slug":"vitrine-vitrophanie","status":"publish","type":"page","link":"https:\/\/technikaprint.fr\/index.php\/vitrine-vitrophanie\/","title":{"rendered":"Vitrine &#8211; Vitrophanie"},"content":{"rendered":"\n<h2 class=\"wp-block-heading\"><span style=\"color:#1c40ad\" class=\"has-inline-color\"><strong>La d\u00e9coration de vos vitrines \u00e0 votre image !<\/strong><\/span> <span style=\"color:#ffffff\" class=\"has-inline-color\">vitrine-vitrophanie<\/span><\/h2>\n\n\n\n<p>Il s&rsquo;agit d&rsquo;un excellent support publicitaire et de communication puisqu&rsquo;il participe activement \u00e0 faire conna\u00eetre votre marque. On trouve ce marquage publicitaire sur toute surface vitr\u00e9e. L&rsquo;utilisation de la <a rel=\"noreferrer noopener\" href=\"https:\/\/fr.wikipedia.org\/wiki\/Vitrauphanie\" target=\"_blank\">vitrophanie<\/a> convient parfaitement dans la cr\u00e9ation d&rsquo;une offre ponctuelle (les soldes, par exemple) ou pour habiller une vitrine \u00e9v\u00e9nementielle. La vitrophanie est aussi utilis\u00e9e dans les bureaux vitr\u00e9s pour pr\u00e9server la confidentialit\u00e9 du lieu tout en conservant la lumi\u00e8re (des bandes ou de stickers laissant passer la lumi\u00e8re).<\/p>\n\n\n\n<figure class=\"wp-block-image size-large\"><img fetchpriority=\"high\" decoding=\"async\" width=\"512\" height=\"341\" src=\"https:\/\/technikaprint.fr\/wp-content\/uploads\/2020\/04\/VITRINE-DECO.jpg\" alt=\"Vitrine, Vitrophanie, D\u00e9coration, Flocage, Autocollant, D\u00e9poli, Fa\u00e7ade, Boutique\" class=\"wp-image-1074\" srcset=\"https:\/\/technikaprint.fr\/wp-content\/uploads\/2020\/04\/VITRINE-DECO.jpg 512w, https:\/\/technikaprint.fr\/wp-content\/uploads\/2020\/04\/VITRINE-DECO-300x200.jpg 300w, https:\/\/technikaprint.fr\/wp-content\/uploads\/2020\/04\/VITRINE-DECO-360x240.jpg 360w\" sizes=\"(max-width: 512px) 100vw, 512px\" \/><\/figure>\n\n\n\n<hr class=\"wp-block-separator\"\/>\n\n\n\n<p><strong>Quelques exemples de vinyles propos\u00e9s<\/strong><\/p>\n\n\n\n<p><em>Les prix varient selon le type de mati\u00e8re, des dimensions des vitrines et des quantit\u00e9s souhait\u00e9es. Devis sur simple demande via notre <a href=\"https:\/\/technikaprint.fr\/index.php\/contact\/\">formulaire de contact<\/a> ou par t\u00e9l\u00e9phone au 01 72 88 38 93.<\/em><\/p>\n\n\n\n<figure class=\"wp-block-table\"><table><tbody><tr><td>Vinyle blanc imprim\u00e9, en recouvrement total ou partiel.<\/td><\/tr><tr><td>Vinyle blanc imprim\u00e9, en recouvrement total ou partiel avec d\u00e9coupe \u00e0 la forme.<\/td><\/tr><tr><td>Vinyle d\u00e9poli pour laisser entrer la lumi\u00e8re mais pr\u00e9server la confidentialit\u00e9.<\/td><\/tr><tr><td>Vinyle micro-perfor\u00e9 pour occulter mais laisser la visibilit\u00e9 de l&rsquo;int\u00e9rieur vers l&rsquo;ext\u00e9rieur.<\/td><\/tr><\/tbody><\/table><\/figure>\n\n\n\n<h2 class=\"wp-block-heading\"><br><br><strong><span style=\"color:#1c40ad\" class=\"has-inline-color\">La vitrine&#8230; v\u00e9ritable carte de visite de votre magasin<\/span><\/strong><\/h2>\n\n\n\n<p><strong>Deux ou trois secondes :<\/strong> c&rsquo;est le temps mis par un pi\u00e9ton pour passer devant un magasin. C&rsquo;est court, mais cela lui suffit \u00e0 saisir le message induit par une vitrine. <br>La r\u00e8gle de base est claire : <strong>Une vitrine = un message !<\/strong><br>D&rsquo;un seul coup d\u2019\u0153il, le chaland doit non seulement comprendre ce qu&rsquo;on lui vend, mais aussi comment on lui vend<em> <\/em>(libre-service ou vente assist\u00e9e) et \u00e0 quel prix. <strong>Il est difficile d&rsquo;en dire autant dans une publicit\u00e9 !<\/strong> La vitrine est le principal outil de communication d&rsquo;un commer\u00e7ant.<br><br>Les commer\u00e7ants ne peuvent \u00e9videmment pas mobiliser les m\u00eames moyens que les grands magasins, pour r\u00e9ussir leurs vitrines. Mais ils peuvent toujours s&rsquo;inspirer de leur ambiance ou de leurs astuces de pr\u00e9sentation. <strong>\u00c0 condition de respecter quatre r\u00e8gles d&rsquo;or. <\/strong><br><br>La premi\u00e8re est de <strong>se concentrer sur un message pertinent :<\/strong> ne pas chercher \u00e0 montrer toute l&rsquo;\u00e9tendue de la collection. 100 m\u00e8tres de lin\u00e9aires n&rsquo;y suffiraient pas. Il faut se fixer un objectif &#8211; cr\u00e9er l&rsquo;\u00e9v\u00e9nement avec une vitrine spectacle, booster les ventes avec une vitrine promotion, lancer une nouvelle collection avec une vitrine produits&#8230; &#8211; et concevoir la vitrine en cons\u00e9quence.<br><br>La deuxi\u00e8me consiste \u00e0 <strong>s\u00e9lectionner les bons produits :<\/strong> en entr\u00e9e de saison, il faut montrer diff\u00e9rents aspects de la collection en d\u00e9clinant chaque ligne sur une vitrine. Le reste du temps, il faut choisir les produits expos\u00e9s en fonction des \u00e9v\u00e9nements commerciaux, mais aussi de l&rsquo;\u00e9tat des stocks (pour d\u00e9stocker un produit qui s&rsquo;est mal vendu, une bonne vitrine vaut une promotion !). <br><br>La troisi\u00e8me est de <strong>suivre les quelques r\u00e8gles<\/strong> bien connues de l&rsquo;organisation et de l&rsquo;esth\u00e9tique des vitrines. (Accordez une attention particuli\u00e8re \u00e0 l&rsquo;\u00e9clairage, renouvelez votre vitrine tous les mois, soignez les couleurs&#8230;)<br><br>Enfin, derni\u00e8re cl\u00e9, <strong>mettez en sc\u00e8ne une histoire :<\/strong> d\u00e9terminez un th\u00e8me et un message \u00e0 faire passer en fonction de la saison, de la sp\u00e9cialit\u00e9 de la maison\u2026 Votre vitrine doit devenir le vecteur qui permet aux clients de se projeter dans un univers. En dehors des th\u00e8mes commerciaux r\u00e9currents que sont No\u00ebl, P\u00e2ques, la F\u00eate des m\u00e8res, etc., la vitrine doit raconter une histoire. C\u2019est l\u2019occasion de th\u00e9\u00e2traliser vos produits ! Si vous r\u00e9alisez une vitrine s\u00e9ductrice, le chaland en oubliera sa dimension commerciale.<\/p>\n\n\n\n<hr class=\"wp-block-separator\"\/>\n\n\n\n<figure class=\"wp-block-image size-large\"><img decoding=\"async\" width=\"1024\" height=\"171\" src=\"https:\/\/technikaprint.fr\/wp-content\/uploads\/2020\/05\/ROLLUP-ECO-1024x171.jpg\" alt=\"Roll-up, kakemono, standonline, Impression numerique\" class=\"wp-image-2091\" srcset=\"https:\/\/technikaprint.fr\/wp-content\/uploads\/2020\/05\/ROLLUP-ECO-1024x171.jpg 1024w, https:\/\/technikaprint.fr\/wp-content\/uploads\/2020\/05\/ROLLUP-ECO-300x50.jpg 300w, https:\/\/technikaprint.fr\/wp-content\/uploads\/2020\/05\/ROLLUP-ECO-768x128.jpg 768w, https:\/\/technikaprint.fr\/wp-content\/uploads\/2020\/05\/ROLLUP-ECO-360x60.jpg 360w, https:\/\/technikaprint.fr\/wp-content\/uploads\/2020\/05\/ROLLUP-ECO.jpg 1417w\" sizes=\"(max-width: 1024px) 100vw, 1024px\" \/><\/figure>\n\n\n\n<p><br><\/p>\n","protected":false},"excerpt":{"rendered":"<p>La d\u00e9coration de vos vitrines \u00e0 votre image ! vitrine-vitrophanie Il s&rsquo;agit d&rsquo;un excellent support publicitaire et de communication puisqu&rsquo;il participe activement \u00e0 faire conna\u00eetre votre marque. On trouve ce marquage publicitaire sur toute surface vitr\u00e9e. L&rsquo;utilisation de la vitrophanie&hellip;&nbsp;<a href=\"https:\/\/technikaprint.fr\/index.php\/vitrine-vitrophanie\/\" class=\"more-link\">Lire la suite<\/a><\/p>\n","protected":false},"author":1,"featured_media":0,"parent":0,"menu_order":0,"comment_status":"closed","ping_status":"closed","template":"","meta":{"_monsterinsights_skip_tracking":false,"_monsterinsights_sitenote_active":false,"_monsterinsights_sitenote_note":"","_monsterinsights_sitenote_category":0,"footnotes":""},"class_list":["post-282","page","type-page","status-publish","hentry"],"yoast_head":"<!-- This site is optimized with the Yoast SEO plugin v27.5 - https:\/\/yoast.com\/product\/yoast-seo-wordpress\/ -->\n<title>Vitrophanie vitrine - Stand On Line -<\/title>\n<meta name=\"description\" content=\"Vitrine vitrophanie : de nombreuses solutions : stickers, effet d\u00e9poli, adh\u00e9sifs. Toute votre communication pour sublimer vos vitrines\" \/>\n<meta name=\"robots\" content=\"index, follow, max-snippet:-1, max-image-preview:large, max-video-preview:-1\" \/>\n<link rel=\"canonical\" href=\"https:\/\/technikaprint.fr\/index.php\/vitrine-vitrophanie\/\" \/>\n<meta property=\"og:locale\" content=\"fr_FR\" \/>\n<meta property=\"og:type\" content=\"article\" \/>\n<meta property=\"og:title\" content=\"Vitrophanie vitrine - Stand On Line -\" \/>\n<meta property=\"og:description\" content=\"Vitrine vitrophanie : de nombreuses solutions : stickers, effet d\u00e9poli, adh\u00e9sifs. Toute votre communication pour sublimer vos vitrines\" \/>\n<meta property=\"og:url\" content=\"https:\/\/technikaprint.fr\/index.php\/vitrine-vitrophanie\/\" \/>\n<meta property=\"og:site_name\" content=\"Stand On Line\" \/>\n<meta property=\"article:publisher\" content=\"https:\/\/www.facebook.com\/technikaprint\/\" \/>\n<meta property=\"article:modified_time\" content=\"2020-05-12T11:45:28+00:00\" \/>\n<meta property=\"og:image\" content=\"https:\/\/technikaprint.fr\/wp-content\/uploads\/2020\/04\/VITRINE-DECO.jpg\" \/>\n<meta name=\"twitter:card\" content=\"summary_large_image\" \/>\n<meta name=\"twitter:label1\" content=\"Dur\u00e9e de lecture estim\u00e9e\" \/>\n\t<meta name=\"twitter:data1\" content=\"3 minutes\" \/>\n<script type=\"application\/ld+json\" class=\"yoast-schema-graph\">{\"@context\":\"https:\\\/\\\/schema.org\",\"@graph\":[{\"@type\":\"WebPage\",\"@id\":\"https:\\\/\\\/technikaprint.fr\\\/index.php\\\/vitrine-vitrophanie\\\/\",\"url\":\"https:\\\/\\\/technikaprint.fr\\\/index.php\\\/vitrine-vitrophanie\\\/\",\"name\":\"Vitrophanie vitrine - Stand On Line -\",\"isPartOf\":{\"@id\":\"https:\\\/\\\/technikaprint.fr\\\/#website\"},\"primaryImageOfPage\":{\"@id\":\"https:\\\/\\\/technikaprint.fr\\\/index.php\\\/vitrine-vitrophanie\\\/#primaryimage\"},\"image\":{\"@id\":\"https:\\\/\\\/technikaprint.fr\\\/index.php\\\/vitrine-vitrophanie\\\/#primaryimage\"},\"thumbnailUrl\":\"https:\\\/\\\/technikaprint.fr\\\/wp-content\\\/uploads\\\/2020\\\/04\\\/VITRINE-DECO.jpg\",\"datePublished\":\"2020-04-08T14:08:07+00:00\",\"dateModified\":\"2020-05-12T11:45:28+00:00\",\"description\":\"Vitrine vitrophanie : de nombreuses solutions : stickers, effet d\u00e9poli, adh\u00e9sifs. Toute votre communication pour sublimer vos vitrines\",\"breadcrumb\":{\"@id\":\"https:\\\/\\\/technikaprint.fr\\\/index.php\\\/vitrine-vitrophanie\\\/#breadcrumb\"},\"inLanguage\":\"fr-FR\",\"potentialAction\":[{\"@type\":\"ReadAction\",\"target\":[\"https:\\\/\\\/technikaprint.fr\\\/index.php\\\/vitrine-vitrophanie\\\/\"]}]},{\"@type\":\"ImageObject\",\"inLanguage\":\"fr-FR\",\"@id\":\"https:\\\/\\\/technikaprint.fr\\\/index.php\\\/vitrine-vitrophanie\\\/#primaryimage\",\"url\":\"https:\\\/\\\/technikaprint.fr\\\/wp-content\\\/uploads\\\/2020\\\/04\\\/VITRINE-DECO.jpg\",\"contentUrl\":\"https:\\\/\\\/technikaprint.fr\\\/wp-content\\\/uploads\\\/2020\\\/04\\\/VITRINE-DECO.jpg\",\"width\":512,\"height\":341},{\"@type\":\"BreadcrumbList\",\"@id\":\"https:\\\/\\\/technikaprint.fr\\\/index.php\\\/vitrine-vitrophanie\\\/#breadcrumb\",\"itemListElement\":[{\"@type\":\"ListItem\",\"position\":1,\"name\":\"Accueil\",\"item\":\"https:\\\/\\\/technikaprint.fr\\\/\"},{\"@type\":\"ListItem\",\"position\":2,\"name\":\"Vitrine &#8211; Vitrophanie\"}]},{\"@type\":\"WebSite\",\"@id\":\"https:\\\/\\\/technikaprint.fr\\\/#website\",\"url\":\"https:\\\/\\\/technikaprint.fr\\\/\",\"name\":\"Stand On Line\",\"description\":\"La boutique du Roll-up\",\"publisher\":{\"@id\":\"https:\\\/\\\/technikaprint.fr\\\/#organization\"},\"potentialAction\":[{\"@type\":\"SearchAction\",\"target\":{\"@type\":\"EntryPoint\",\"urlTemplate\":\"https:\\\/\\\/technikaprint.fr\\\/?s={search_term_string}\"},\"query-input\":{\"@type\":\"PropertyValueSpecification\",\"valueRequired\":true,\"valueName\":\"search_term_string\"}}],\"inLanguage\":\"fr-FR\"},{\"@type\":\"Organization\",\"@id\":\"https:\\\/\\\/technikaprint.fr\\\/#organization\",\"name\":\"Stand On Line \\\/ Technika-Print\",\"url\":\"https:\\\/\\\/technikaprint.fr\\\/\",\"logo\":{\"@type\":\"ImageObject\",\"inLanguage\":\"fr-FR\",\"@id\":\"https:\\\/\\\/technikaprint.fr\\\/#\\\/schema\\\/logo\\\/image\\\/\",\"url\":\"https:\\\/\\\/technikaprint.fr\\\/wp-content\\\/uploads\\\/2020\\\/04\\\/SOL-AU-CARRE.jpg\",\"contentUrl\":\"https:\\\/\\\/technikaprint.fr\\\/wp-content\\\/uploads\\\/2020\\\/04\\\/SOL-AU-CARRE.jpg\",\"width\":1705,\"height\":1705,\"caption\":\"Stand On Line \\\/ Technika-Print\"},\"image\":{\"@id\":\"https:\\\/\\\/technikaprint.fr\\\/#\\\/schema\\\/logo\\\/image\\\/\"},\"sameAs\":[\"https:\\\/\\\/www.facebook.com\\\/technikaprint\\\/\",\"https:\\\/\\\/www.linkedin.com\\\/in\\\/yann-phetsanghane-50763315b\\\/\"]}]}<\/script>\n<!-- \/ Yoast SEO plugin. -->","yoast_head_json":{"title":"Vitrophanie vitrine - Stand On Line -","description":"Vitrine vitrophanie : de nombreuses solutions : stickers, effet d\u00e9poli, adh\u00e9sifs. Toute votre communication pour sublimer vos vitrines","robots":{"index":"index","follow":"follow","max-snippet":"max-snippet:-1","max-image-preview":"max-image-preview:large","max-video-preview":"max-video-preview:-1"},"canonical":"https:\/\/technikaprint.fr\/index.php\/vitrine-vitrophanie\/","og_locale":"fr_FR","og_type":"article","og_title":"Vitrophanie vitrine - Stand On Line -","og_description":"Vitrine vitrophanie : de nombreuses solutions : stickers, effet d\u00e9poli, adh\u00e9sifs. Toute votre communication pour sublimer vos vitrines","og_url":"https:\/\/technikaprint.fr\/index.php\/vitrine-vitrophanie\/","og_site_name":"Stand On Line","article_publisher":"https:\/\/www.facebook.com\/technikaprint\/","article_modified_time":"2020-05-12T11:45:28+00:00","og_image":[{"url":"https:\/\/technikaprint.fr\/wp-content\/uploads\/2020\/04\/VITRINE-DECO.jpg","type":"","width":"","height":""}],"twitter_card":"summary_large_image","twitter_misc":{"Dur\u00e9e de lecture estim\u00e9e":"3 minutes"},"schema":{"@context":"https:\/\/schema.org","@graph":[{"@type":"WebPage","@id":"https:\/\/technikaprint.fr\/index.php\/vitrine-vitrophanie\/","url":"https:\/\/technikaprint.fr\/index.php\/vitrine-vitrophanie\/","name":"Vitrophanie vitrine - Stand On Line -","isPartOf":{"@id":"https:\/\/technikaprint.fr\/#website"},"primaryImageOfPage":{"@id":"https:\/\/technikaprint.fr\/index.php\/vitrine-vitrophanie\/#primaryimage"},"image":{"@id":"https:\/\/technikaprint.fr\/index.php\/vitrine-vitrophanie\/#primaryimage"},"thumbnailUrl":"https:\/\/technikaprint.fr\/wp-content\/uploads\/2020\/04\/VITRINE-DECO.jpg","datePublished":"2020-04-08T14:08:07+00:00","dateModified":"2020-05-12T11:45:28+00:00","description":"Vitrine vitrophanie : de nombreuses solutions : stickers, effet d\u00e9poli, adh\u00e9sifs. Toute votre communication pour sublimer vos vitrines","breadcrumb":{"@id":"https:\/\/technikaprint.fr\/index.php\/vitrine-vitrophanie\/#breadcrumb"},"inLanguage":"fr-FR","potentialAction":[{"@type":"ReadAction","target":["https:\/\/technikaprint.fr\/index.php\/vitrine-vitrophanie\/"]}]},{"@type":"ImageObject","inLanguage":"fr-FR","@id":"https:\/\/technikaprint.fr\/index.php\/vitrine-vitrophanie\/#primaryimage","url":"https:\/\/technikaprint.fr\/wp-content\/uploads\/2020\/04\/VITRINE-DECO.jpg","contentUrl":"https:\/\/technikaprint.fr\/wp-content\/uploads\/2020\/04\/VITRINE-DECO.jpg","width":512,"height":341},{"@type":"BreadcrumbList","@id":"https:\/\/technikaprint.fr\/index.php\/vitrine-vitrophanie\/#breadcrumb","itemListElement":[{"@type":"ListItem","position":1,"name":"Accueil","item":"https:\/\/technikaprint.fr\/"},{"@type":"ListItem","position":2,"name":"Vitrine &#8211; Vitrophanie"}]},{"@type":"WebSite","@id":"https:\/\/technikaprint.fr\/#website","url":"https:\/\/technikaprint.fr\/","name":"Stand On Line","description":"La boutique du Roll-up","publisher":{"@id":"https:\/\/technikaprint.fr\/#organization"},"potentialAction":[{"@type":"SearchAction","target":{"@type":"EntryPoint","urlTemplate":"https:\/\/technikaprint.fr\/?s={search_term_string}"},"query-input":{"@type":"PropertyValueSpecification","valueRequired":true,"valueName":"search_term_string"}}],"inLanguage":"fr-FR"},{"@type":"Organization","@id":"https:\/\/technikaprint.fr\/#organization","name":"Stand On Line \/ Technika-Print","url":"https:\/\/technikaprint.fr\/","logo":{"@type":"ImageObject","inLanguage":"fr-FR","@id":"https:\/\/technikaprint.fr\/#\/schema\/logo\/image\/","url":"https:\/\/technikaprint.fr\/wp-content\/uploads\/2020\/04\/SOL-AU-CARRE.jpg","contentUrl":"https:\/\/technikaprint.fr\/wp-content\/uploads\/2020\/04\/SOL-AU-CARRE.jpg","width":1705,"height":1705,"caption":"Stand On Line \/ Technika-Print"},"image":{"@id":"https:\/\/technikaprint.fr\/#\/schema\/logo\/image\/"},"sameAs":["https:\/\/www.facebook.com\/technikaprint\/","https:\/\/www.linkedin.com\/in\/yann-phetsanghane-50763315b\/"]}]}},"_links":{"self":[{"href":"https:\/\/technikaprint.fr\/index.php\/wp-json\/wp\/v2\/pages\/282","targetHints":{"allow":["GET"]}}],"collection":[{"href":"https:\/\/technikaprint.fr\/index.php\/wp-json\/wp\/v2\/pages"}],"about":[{"href":"https:\/\/technikaprint.fr\/index.php\/wp-json\/wp\/v2\/types\/page"}],"author":[{"embeddable":true,"href":"https:\/\/technikaprint.fr\/index.php\/wp-json\/wp\/v2\/users\/1"}],"replies":[{"embeddable":true,"href":"https:\/\/technikaprint.fr\/index.php\/wp-json\/wp\/v2\/comments?post=282"}],"version-history":[{"count":22,"href":"https:\/\/technikaprint.fr\/index.php\/wp-json\/wp\/v2\/pages\/282\/revisions"}],"predecessor-version":[{"id":2145,"href":"https:\/\/technikaprint.fr\/index.php\/wp-json\/wp\/v2\/pages\/282\/revisions\/2145"}],"wp:attachment":[{"href":"https:\/\/technikaprint.fr\/index.php\/wp-json\/wp\/v2\/media?parent=282"}],"curies":[{"name":"wp","href":"https:\/\/api.w.org\/{rel}","templated":true}]}}