{"id":284,"date":"2020-04-08T16:08:29","date_gmt":"2020-04-08T14:08:29","guid":{"rendered":"https:\/\/technikaprint.fr\/?page_id=284"},"modified":"2026-04-23T11:12:40","modified_gmt":"2026-04-23T09:12:40","slug":"decoupe-de-lettre","status":"publish","type":"page","link":"https:\/\/technikaprint.fr\/index.php\/decoupe-de-lettre\/","title":{"rendered":"D\u00e9coupe de lettre"},"content":{"rendered":"\n<h2 class=\"wp-block-heading\"><span style=\"color:#1c40ad\" class=\"has-inline-color\"><strong>D\u00e9coupe de lettre num\u00e9rique<\/strong><\/span><\/h2>\n\n\n\n<p>Vous souhaitez habiller votre vitrine, votre enseigne ou mettre en valeur un produit ou un service ? La d\u00e9coupe num\u00e9rique vous permet de cr\u00e9er librement lettres, mots et visuels selon vos envies.<\/p>\n\n\n\n<p>\u00c0 partir d&rsquo;un fichier <a href=\"https:\/\/fr.wikipedia.org\/wiki\/Image_vectorielle\" target=\"_blank\" rel=\"noreferrer noopener\">vectoriel<\/a> <em>(Fichier <a href=\"https:\/\/www.adobe.com\/fr\/products\/illustrator.html?gclid=Cj0KCQjw7qn1BRDqARIsAKMbHDYv5Usi6IeSIqFGstptOzhx3imRHKqI_KICEMIMKzm0KnZv2QeczSwaAjP1EALw_wcB&amp;sdid=88X75SL1&amp;mv=search&amp;ef_id=Cj0KCQjw7qn1BRDqARIsAKMbHDYv5Usi6IeSIqFGstptOzhx3imRHKqI_KICEMIMKzm0KnZv2QeczSwaAjP1EALw_wcB:G:s&amp;s_kwcid=AL!3085!3!341240860994!e!!g!!adobe%20illustrator\" target=\"_blank\" rel=\"noreferrer noopener\">Illustrator<\/a>)<\/em> notre plotter de d\u00e9coupe r\u00e9alise avec pr\u00e9cision la d\u00e9coupe de l\u2019adh\u00e9sif. Une fois cette \u00e9tape effectu\u00e9e, nous proc\u00e9dons \u00e0 l\u2019\u00e9chenillage, qui consiste \u00e0 retirer les parties inutiles pour ne conserver que le visuel final.<\/p>\n\n\n\n<p>Nous appliquons ensuite un film de transfert (appel\u00e9 tape), qui facilite la pose en permettant de repositionner facilement les \u00e9l\u00e9ments d\u00e9coup\u00e9s sur leur support d\u00e9finitif.<\/p>\n\n\n\n<p>Une solution pr\u00e9cise, propre et id\u00e9ale pour une communication visuelle soign\u00e9e.<\/p>\n\n\n\n<figure class=\"wp-block-image size-large\"><img fetchpriority=\"high\" decoding=\"async\" width=\"512\" height=\"341\" src=\"https:\/\/technikaprint.fr\/wp-content\/uploads\/2020\/04\/VITRINE-DECO-DECOUPE.jpg\" alt=\"D\u00e9coupe de lettre, Lettrage, Stickers, adh\u00e9sif, vinyle, Lettrage, Covering, Vitrine, D\u00e9coration, Int\u00e9rieur, V\u00e9hicule\" class=\"wp-image-1033\" srcset=\"https:\/\/technikaprint.fr\/wp-content\/uploads\/2020\/04\/VITRINE-DECO-DECOUPE.jpg 512w, https:\/\/technikaprint.fr\/wp-content\/uploads\/2020\/04\/VITRINE-DECO-DECOUPE-300x200.jpg 300w, https:\/\/technikaprint.fr\/wp-content\/uploads\/2020\/04\/VITRINE-DECO-DECOUPE-360x240.jpg 360w\" sizes=\"(max-width: 512px) 100vw, 512px\" \/><\/figure>\n\n\n\n<hr class=\"wp-block-separator has-css-opacity\"\/>\n\n\n\n<p><strong>Ci-dessous : quelques exemples des prestations propos\u00e9es<\/strong><\/p>\n\n\n\n<p><em>Les prix varient selon le type de mati\u00e8re, des dimensions et des quantit\u00e9s. Devis pour d\u00e9coupe de lettre sur simple demande via notre <a href=\"https:\/\/technikaprint.fr\/index.php\/contact\/\">formulaire de contact<\/a> ou par t\u00e9l\u00e9phone au 01 72 88 38 93.<\/em><\/p>\n\n\n\n<figure class=\"wp-block-table\"><table><tbody><tr><td>Lettrage en d\u00e9coupe num\u00e9rique sur vinyle noir teint\u00e9 masse (Mat ou brillant).<\/td><\/tr><tr><td>Lettrage en d\u00e9coupe num\u00e9rique sur vinyle blanc teint\u00e9 masse (Mat ou brillant).<\/td><\/tr><tr><td>Lettrage en d\u00e9coupe num\u00e9rique sur vinyle teint\u00e9 masse (Mactac, 3M, Avery&#8230;).<\/td><\/tr><tr><td>Lettrage en d\u00e9coupe num\u00e9rique sur vinyle imprim\u00e9 quadri (Mat ou brillant).<\/td><\/tr><tr><td>Lettrage en d\u00e9coupe num\u00e9rique sur vinyle imprim\u00e9 quadri + plastification (Mat ou brillant).<\/td><\/tr><tr><td>Lettrage en d\u00e9coupe num\u00e9rique sur vinyle d\u00e9poli (Vinyle \u00ab\u00a0Bubble-Free\u00a0\u00bb pose facile.<\/td><\/tr><tr><td>Lettrage en d\u00e9coupe num\u00e9rique sur vinyle temporaire pour r\u00e9alisation de pochoirs.<\/td><\/tr><\/tbody><\/table><\/figure>\n\n\n\n<hr class=\"wp-block-separator has-css-opacity\"\/>\n\n\n\n<figure class=\"wp-block-image size-large\"><a href=\"https:\/\/technikaprint.fr\/index.php\/panneaux-publicitaires\/\"><img decoding=\"async\" width=\"1024\" height=\"171\" src=\"https:\/\/technikaprint.fr\/wp-content\/uploads\/2020\/05\/PANNEAU-PUBLICITAIRE-1024x171.jpg\" alt=\"Panneau, PVC, Dibond, Enseigne, Kapa Mount, Standonline\" class=\"wp-image-2138\" srcset=\"https:\/\/technikaprint.fr\/wp-content\/uploads\/2020\/05\/PANNEAU-PUBLICITAIRE-1024x171.jpg 1024w, https:\/\/technikaprint.fr\/wp-content\/uploads\/2020\/05\/PANNEAU-PUBLICITAIRE-300x50.jpg 300w, https:\/\/technikaprint.fr\/wp-content\/uploads\/2020\/05\/PANNEAU-PUBLICITAIRE-768x128.jpg 768w, https:\/\/technikaprint.fr\/wp-content\/uploads\/2020\/05\/PANNEAU-PUBLICITAIRE-360x60.jpg 360w, https:\/\/technikaprint.fr\/wp-content\/uploads\/2020\/05\/PANNEAU-PUBLICITAIRE.jpg 1417w\" sizes=\"(max-width: 1024px) 100vw, 1024px\" \/><\/a><\/figure>\n","protected":false},"excerpt":{"rendered":"<p>D\u00e9coupe de lettre num\u00e9rique Vous souhaitez habiller votre vitrine, votre enseigne ou mettre en valeur un produit ou un service ? La d\u00e9coupe num\u00e9rique vous permet de cr\u00e9er librement lettres, mots et visuels selon vos envies. \u00c0 partir d&rsquo;un fichier&hellip;&nbsp;<a href=\"https:\/\/technikaprint.fr\/index.php\/decoupe-de-lettre\/\" class=\"more-link\">Lire la suite<\/a><\/p>\n","protected":false},"author":1,"featured_media":0,"parent":0,"menu_order":0,"comment_status":"closed","ping_status":"closed","template":"","meta":{"_monsterinsights_skip_tracking":false,"_monsterinsights_sitenote_active":false,"_monsterinsights_sitenote_note":"","_monsterinsights_sitenote_category":0,"footnotes":""},"class_list":["post-284","page","type-page","status-publish","hentry"],"yoast_head":"<!-- This site is optimized with the Yoast SEO plugin v27.6 - https:\/\/yoast.com\/product\/yoast-seo-wordpress\/ -->\n<title>D\u00e9coupe de lettre - Stand On Line - Nous r\u00e9alisons tous vos lettrages<\/title>\n<meta name=\"description\" content=\"D\u00e9coupe de lettre sur plotter de d\u00e9coupe num\u00e9rique. Teint\u00e9 masse ou en impression quadri. Adh\u00e9sif permanent ou temporaire.\" \/>\n<meta name=\"robots\" content=\"index, follow, max-snippet:-1, max-image-preview:large, max-video-preview:-1\" \/>\n<link rel=\"canonical\" href=\"https:\/\/technikaprint.fr\/index.php\/decoupe-de-lettre\/\" \/>\n<meta property=\"og:locale\" content=\"fr_FR\" \/>\n<meta property=\"og:type\" content=\"article\" \/>\n<meta property=\"og:title\" content=\"D\u00e9coupe de lettre - Stand On Line - Nous r\u00e9alisons tous vos lettrages\" \/>\n<meta property=\"og:description\" content=\"D\u00e9coupe de lettre sur plotter de d\u00e9coupe num\u00e9rique. Teint\u00e9 masse ou en impression quadri. Adh\u00e9sif permanent ou temporaire.\" \/>\n<meta property=\"og:url\" content=\"https:\/\/technikaprint.fr\/index.php\/decoupe-de-lettre\/\" \/>\n<meta property=\"og:site_name\" content=\"Stand On Line\" \/>\n<meta property=\"article:publisher\" content=\"https:\/\/www.facebook.com\/technikaprint\/\" \/>\n<meta property=\"article:modified_time\" content=\"2026-04-23T09:12:40+00:00\" \/>\n<meta property=\"og:image\" content=\"https:\/\/technikaprint.fr\/wp-content\/uploads\/2020\/04\/VITRINE-DECO-DECOUPE.jpg\" \/>\n\t<meta property=\"og:image:width\" content=\"512\" \/>\n\t<meta property=\"og:image:height\" content=\"341\" \/>\n\t<meta property=\"og:image:type\" content=\"image\/jpeg\" \/>\n<meta name=\"twitter:card\" content=\"summary_large_image\" \/>\n<meta name=\"twitter:label1\" content=\"Dur\u00e9e de lecture estim\u00e9e\" \/>\n\t<meta name=\"twitter:data1\" content=\"2 minutes\" \/>\n<script type=\"application\/ld+json\" class=\"yoast-schema-graph\">{\"@context\":\"https:\\\/\\\/schema.org\",\"@graph\":[{\"@type\":\"WebPage\",\"@id\":\"https:\\\/\\\/technikaprint.fr\\\/index.php\\\/decoupe-de-lettre\\\/\",\"url\":\"https:\\\/\\\/technikaprint.fr\\\/index.php\\\/decoupe-de-lettre\\\/\",\"name\":\"D\u00e9coupe de lettre - Stand On Line - Nous r\u00e9alisons tous vos lettrages\",\"isPartOf\":{\"@id\":\"https:\\\/\\\/technikaprint.fr\\\/#website\"},\"primaryImageOfPage\":{\"@id\":\"https:\\\/\\\/technikaprint.fr\\\/index.php\\\/decoupe-de-lettre\\\/#primaryimage\"},\"image\":{\"@id\":\"https:\\\/\\\/technikaprint.fr\\\/index.php\\\/decoupe-de-lettre\\\/#primaryimage\"},\"thumbnailUrl\":\"https:\\\/\\\/technikaprint.fr\\\/wp-content\\\/uploads\\\/2020\\\/04\\\/VITRINE-DECO-DECOUPE.jpg\",\"datePublished\":\"2020-04-08T14:08:29+00:00\",\"dateModified\":\"2026-04-23T09:12:40+00:00\",\"description\":\"D\u00e9coupe de lettre sur plotter de d\u00e9coupe num\u00e9rique. Teint\u00e9 masse ou en impression quadri. Adh\u00e9sif permanent ou temporaire.\",\"breadcrumb\":{\"@id\":\"https:\\\/\\\/technikaprint.fr\\\/index.php\\\/decoupe-de-lettre\\\/#breadcrumb\"},\"inLanguage\":\"fr-FR\",\"potentialAction\":[{\"@type\":\"ReadAction\",\"target\":[\"https:\\\/\\\/technikaprint.fr\\\/index.php\\\/decoupe-de-lettre\\\/\"]}]},{\"@type\":\"ImageObject\",\"inLanguage\":\"fr-FR\",\"@id\":\"https:\\\/\\\/technikaprint.fr\\\/index.php\\\/decoupe-de-lettre\\\/#primaryimage\",\"url\":\"https:\\\/\\\/technikaprint.fr\\\/wp-content\\\/uploads\\\/2020\\\/04\\\/VITRINE-DECO-DECOUPE.jpg\",\"contentUrl\":\"https:\\\/\\\/technikaprint.fr\\\/wp-content\\\/uploads\\\/2020\\\/04\\\/VITRINE-DECO-DECOUPE.jpg\",\"width\":512,\"height\":341},{\"@type\":\"BreadcrumbList\",\"@id\":\"https:\\\/\\\/technikaprint.fr\\\/index.php\\\/decoupe-de-lettre\\\/#breadcrumb\",\"itemListElement\":[{\"@type\":\"ListItem\",\"position\":1,\"name\":\"Accueil\",\"item\":\"https:\\\/\\\/technikaprint.fr\\\/\"},{\"@type\":\"ListItem\",\"position\":2,\"name\":\"D\u00e9coupe de lettre\"}]},{\"@type\":\"WebSite\",\"@id\":\"https:\\\/\\\/technikaprint.fr\\\/#website\",\"url\":\"https:\\\/\\\/technikaprint.fr\\\/\",\"name\":\"Stand On Line\",\"description\":\"La boutique du Roll-up\",\"publisher\":{\"@id\":\"https:\\\/\\\/technikaprint.fr\\\/#organization\"},\"potentialAction\":[{\"@type\":\"SearchAction\",\"target\":{\"@type\":\"EntryPoint\",\"urlTemplate\":\"https:\\\/\\\/technikaprint.fr\\\/?s={search_term_string}\"},\"query-input\":{\"@type\":\"PropertyValueSpecification\",\"valueRequired\":true,\"valueName\":\"search_term_string\"}}],\"inLanguage\":\"fr-FR\"},{\"@type\":\"Organization\",\"@id\":\"https:\\\/\\\/technikaprint.fr\\\/#organization\",\"name\":\"Stand On Line \\\/ Technika-Print\",\"url\":\"https:\\\/\\\/technikaprint.fr\\\/\",\"logo\":{\"@type\":\"ImageObject\",\"inLanguage\":\"fr-FR\",\"@id\":\"https:\\\/\\\/technikaprint.fr\\\/#\\\/schema\\\/logo\\\/image\\\/\",\"url\":\"https:\\\/\\\/technikaprint.fr\\\/wp-content\\\/uploads\\\/2020\\\/04\\\/SOL-AU-CARRE.jpg\",\"contentUrl\":\"https:\\\/\\\/technikaprint.fr\\\/wp-content\\\/uploads\\\/2020\\\/04\\\/SOL-AU-CARRE.jpg\",\"width\":1705,\"height\":1705,\"caption\":\"Stand On Line \\\/ Technika-Print\"},\"image\":{\"@id\":\"https:\\\/\\\/technikaprint.fr\\\/#\\\/schema\\\/logo\\\/image\\\/\"},\"sameAs\":[\"https:\\\/\\\/www.facebook.com\\\/technikaprint\\\/\",\"https:\\\/\\\/www.linkedin.com\\\/in\\\/yann-phetsanghane-50763315b\\\/\"]}]}<\/script>\n<!-- \/ Yoast SEO plugin. -->","yoast_head_json":{"title":"D\u00e9coupe de lettre - Stand On Line - Nous r\u00e9alisons tous vos lettrages","description":"D\u00e9coupe de lettre sur plotter de d\u00e9coupe num\u00e9rique. Teint\u00e9 masse ou en impression quadri. Adh\u00e9sif permanent ou temporaire.","robots":{"index":"index","follow":"follow","max-snippet":"max-snippet:-1","max-image-preview":"max-image-preview:large","max-video-preview":"max-video-preview:-1"},"canonical":"https:\/\/technikaprint.fr\/index.php\/decoupe-de-lettre\/","og_locale":"fr_FR","og_type":"article","og_title":"D\u00e9coupe de lettre - Stand On Line - Nous r\u00e9alisons tous vos lettrages","og_description":"D\u00e9coupe de lettre sur plotter de d\u00e9coupe num\u00e9rique. Teint\u00e9 masse ou en impression quadri. Adh\u00e9sif permanent ou temporaire.","og_url":"https:\/\/technikaprint.fr\/index.php\/decoupe-de-lettre\/","og_site_name":"Stand On Line","article_publisher":"https:\/\/www.facebook.com\/technikaprint\/","article_modified_time":"2026-04-23T09:12:40+00:00","og_image":[{"width":512,"height":341,"url":"https:\/\/technikaprint.fr\/wp-content\/uploads\/2020\/04\/VITRINE-DECO-DECOUPE.jpg","type":"image\/jpeg"}],"twitter_card":"summary_large_image","twitter_misc":{"Dur\u00e9e de lecture estim\u00e9e":"2 minutes"},"schema":{"@context":"https:\/\/schema.org","@graph":[{"@type":"WebPage","@id":"https:\/\/technikaprint.fr\/index.php\/decoupe-de-lettre\/","url":"https:\/\/technikaprint.fr\/index.php\/decoupe-de-lettre\/","name":"D\u00e9coupe de lettre - Stand On Line - Nous r\u00e9alisons tous vos lettrages","isPartOf":{"@id":"https:\/\/technikaprint.fr\/#website"},"primaryImageOfPage":{"@id":"https:\/\/technikaprint.fr\/index.php\/decoupe-de-lettre\/#primaryimage"},"image":{"@id":"https:\/\/technikaprint.fr\/index.php\/decoupe-de-lettre\/#primaryimage"},"thumbnailUrl":"https:\/\/technikaprint.fr\/wp-content\/uploads\/2020\/04\/VITRINE-DECO-DECOUPE.jpg","datePublished":"2020-04-08T14:08:29+00:00","dateModified":"2026-04-23T09:12:40+00:00","description":"D\u00e9coupe de lettre sur plotter de d\u00e9coupe num\u00e9rique. Teint\u00e9 masse ou en impression quadri. Adh\u00e9sif permanent ou temporaire.","breadcrumb":{"@id":"https:\/\/technikaprint.fr\/index.php\/decoupe-de-lettre\/#breadcrumb"},"inLanguage":"fr-FR","potentialAction":[{"@type":"ReadAction","target":["https:\/\/technikaprint.fr\/index.php\/decoupe-de-lettre\/"]}]},{"@type":"ImageObject","inLanguage":"fr-FR","@id":"https:\/\/technikaprint.fr\/index.php\/decoupe-de-lettre\/#primaryimage","url":"https:\/\/technikaprint.fr\/wp-content\/uploads\/2020\/04\/VITRINE-DECO-DECOUPE.jpg","contentUrl":"https:\/\/technikaprint.fr\/wp-content\/uploads\/2020\/04\/VITRINE-DECO-DECOUPE.jpg","width":512,"height":341},{"@type":"BreadcrumbList","@id":"https:\/\/technikaprint.fr\/index.php\/decoupe-de-lettre\/#breadcrumb","itemListElement":[{"@type":"ListItem","position":1,"name":"Accueil","item":"https:\/\/technikaprint.fr\/"},{"@type":"ListItem","position":2,"name":"D\u00e9coupe de lettre"}]},{"@type":"WebSite","@id":"https:\/\/technikaprint.fr\/#website","url":"https:\/\/technikaprint.fr\/","name":"Stand On Line","description":"La boutique du Roll-up","publisher":{"@id":"https:\/\/technikaprint.fr\/#organization"},"potentialAction":[{"@type":"SearchAction","target":{"@type":"EntryPoint","urlTemplate":"https:\/\/technikaprint.fr\/?s={search_term_string}"},"query-input":{"@type":"PropertyValueSpecification","valueRequired":true,"valueName":"search_term_string"}}],"inLanguage":"fr-FR"},{"@type":"Organization","@id":"https:\/\/technikaprint.fr\/#organization","name":"Stand On Line \/ Technika-Print","url":"https:\/\/technikaprint.fr\/","logo":{"@type":"ImageObject","inLanguage":"fr-FR","@id":"https:\/\/technikaprint.fr\/#\/schema\/logo\/image\/","url":"https:\/\/technikaprint.fr\/wp-content\/uploads\/2020\/04\/SOL-AU-CARRE.jpg","contentUrl":"https:\/\/technikaprint.fr\/wp-content\/uploads\/2020\/04\/SOL-AU-CARRE.jpg","width":1705,"height":1705,"caption":"Stand On Line \/ Technika-Print"},"image":{"@id":"https:\/\/technikaprint.fr\/#\/schema\/logo\/image\/"},"sameAs":["https:\/\/www.facebook.com\/technikaprint\/","https:\/\/www.linkedin.com\/in\/yann-phetsanghane-50763315b\/"]}]}},"_links":{"self":[{"href":"https:\/\/technikaprint.fr\/index.php\/wp-json\/wp\/v2\/pages\/284","targetHints":{"allow":["GET"]}}],"collection":[{"href":"https:\/\/technikaprint.fr\/index.php\/wp-json\/wp\/v2\/pages"}],"about":[{"href":"https:\/\/technikaprint.fr\/index.php\/wp-json\/wp\/v2\/types\/page"}],"author":[{"embeddable":true,"href":"https:\/\/technikaprint.fr\/index.php\/wp-json\/wp\/v2\/users\/1"}],"replies":[{"embeddable":true,"href":"https:\/\/technikaprint.fr\/index.php\/wp-json\/wp\/v2\/comments?post=284"}],"version-history":[{"count":19,"href":"https:\/\/technikaprint.fr\/index.php\/wp-json\/wp\/v2\/pages\/284\/revisions"}],"predecessor-version":[{"id":3121,"href":"https:\/\/technikaprint.fr\/index.php\/wp-json\/wp\/v2\/pages\/284\/revisions\/3121"}],"wp:attachment":[{"href":"https:\/\/technikaprint.fr\/index.php\/wp-json\/wp\/v2\/media?parent=284"}],"curies":[{"name":"wp","href":"https:\/\/api.w.org\/{rel}","templated":true}]}}