{"id":293,"date":"2020-04-08T16:10:35","date_gmt":"2020-04-08T14:10:35","guid":{"rendered":"https:\/\/technikaprint.fr\/?page_id=293"},"modified":"2026-04-23T11:22:03","modified_gmt":"2026-04-23T09:22:03","slug":"kakemono-suspendu","status":"publish","type":"page","link":"https:\/\/technikaprint.fr\/index.php\/kakemono-suspendu\/","title":{"rendered":"Kakemono suspendu"},"content":{"rendered":"\n<figure class=\"wp-block-image size-large is-resized\"><img fetchpriority=\"high\" decoding=\"async\" width=\"1024\" height=\"384\" src=\"https:\/\/technikaprint.fr\/wp-content\/uploads\/2020\/05\/BANNIERE-KAKEMONO-1024x384.jpg\" alt=\"Kakemono, calicot, suspendu, PLV, Affiche, Visuel\" class=\"wp-image-1468\" srcset=\"https:\/\/technikaprint.fr\/wp-content\/uploads\/2020\/05\/BANNIERE-KAKEMONO-1024x384.jpg 1024w, https:\/\/technikaprint.fr\/wp-content\/uploads\/2020\/05\/BANNIERE-KAKEMONO-300x112.jpg 300w, https:\/\/technikaprint.fr\/wp-content\/uploads\/2020\/05\/BANNIERE-KAKEMONO-768x288.jpg 768w, https:\/\/technikaprint.fr\/wp-content\/uploads\/2020\/05\/BANNIERE-KAKEMONO-360x135.jpg 360w, https:\/\/technikaprint.fr\/wp-content\/uploads\/2020\/05\/BANNIERE-KAKEMONO.jpg 1403w\" sizes=\"(max-width: 1024px) 100vw, 1024px\" \/><\/figure>\n\n\n\n<p>Kakemono suspendu<\/p>\n\n\n\n<p>\u00c0 l\u2019origine, le <a href=\"https:\/\/shinryu.fr\/1131-kakemono.html\" target=\"_blank\" rel=\"noreferrer noopener\"><strong><span style=\"color:#1c40ad\" class=\"has-inline-color\">kakemono<\/span><\/strong><\/a> japonais d\u00e9signe une peinture ou une calligraphie verticale, r\u00e9alis\u00e9e sur soie ou sur papier. Litt\u00e9ralement, le terme signifie \u00ab objet accroch\u00e9 \u00bb. Si l\u2019orthographe correcte est kakemono (sans accent), on le retrouve parfois \u00e9crit avec un accent aigu, voire sous la forme kakimono.<\/p>\n\n\n\n<p>Aujourd\u2019hui, le kakemono suspendu est un support de communication vertical, pr\u00e9sent\u00e9 sous forme de rouleau. Comme son nom l\u2019indique, il est con\u00e7u pour \u00eatre accroch\u00e9 : au mur, sur une vitre ou suspendu au plafond.<\/p>\n\n\n\n<p>Tr\u00e8s appr\u00e9ci\u00e9 lors des salons, foires et \u00e9v\u00e9nements en int\u00e9rieur, il offre une excellente visibilit\u00e9 gr\u00e2ce \u00e0 sa position en hauteur. Autre avantage non n\u00e9gligeable : contrairement aux <a href=\"https:\/\/technikaprint.fr\/index.php\/kakemono\/\"><strong><span style=\"color:#1c40ad\" class=\"has-inline-color\">roll-up<\/span><\/strong><\/a>, il n\u2019occupe aucun espace au sol, ce qui en fait une solution id\u00e9ale pour optimiser votre surface d\u2019exposition.<\/p>\n\n\n\n<hr class=\"wp-block-separator has-css-opacity\"\/>\n\n\n\n<figure class=\"wp-block-gallery has-nested-images columns-default is-cropped wp-block-gallery-1 is-layout-flex wp-block-gallery-is-layout-flex\">\n<figure class=\"wp-block-image size-large\"><a href=\"https:\/\/technikaprint.fr\/wp-content\/uploads\/2020\/05\/GAL-KAKEMONO-01.jpg\"><img decoding=\"async\" width=\"709\" height=\"709\" data-id=\"1476\" src=\"https:\/\/technikaprint.fr\/wp-content\/uploads\/2020\/05\/GAL-KAKEMONO-01.jpg\" alt=\"\" class=\"wp-image-1476\" srcset=\"https:\/\/technikaprint.fr\/wp-content\/uploads\/2020\/05\/GAL-KAKEMONO-01.jpg 709w, https:\/\/technikaprint.fr\/wp-content\/uploads\/2020\/05\/GAL-KAKEMONO-01-300x300.jpg 300w, https:\/\/technikaprint.fr\/wp-content\/uploads\/2020\/05\/GAL-KAKEMONO-01-150x150.jpg 150w, https:\/\/technikaprint.fr\/wp-content\/uploads\/2020\/05\/GAL-KAKEMONO-01-270x270.jpg 270w\" sizes=\"(max-width: 709px) 100vw, 709px\" \/><\/a><figcaption class=\"wp-element-caption\"><strong>Kakemono suspendu<\/strong><\/figcaption><\/figure>\n\n\n\n<figure class=\"wp-block-image size-large\"><a href=\"https:\/\/technikaprint.fr\/wp-content\/uploads\/2020\/05\/GAL-KAKEMONO-02-1.jpg\"><img decoding=\"async\" width=\"709\" height=\"709\" data-id=\"1479\" src=\"https:\/\/technikaprint.fr\/wp-content\/uploads\/2020\/05\/GAL-KAKEMONO-02-1.jpg\" alt=\"\" class=\"wp-image-1479\" srcset=\"https:\/\/technikaprint.fr\/wp-content\/uploads\/2020\/05\/GAL-KAKEMONO-02-1.jpg 709w, https:\/\/technikaprint.fr\/wp-content\/uploads\/2020\/05\/GAL-KAKEMONO-02-1-300x300.jpg 300w, https:\/\/technikaprint.fr\/wp-content\/uploads\/2020\/05\/GAL-KAKEMONO-02-1-150x150.jpg 150w, https:\/\/technikaprint.fr\/wp-content\/uploads\/2020\/05\/GAL-KAKEMONO-02-1-270x270.jpg 270w\" sizes=\"(max-width: 709px) 100vw, 709px\" \/><\/a><figcaption class=\"wp-element-caption\"><strong>Rail clippant<\/strong><\/figcaption><\/figure>\n\n\n\n<figure class=\"wp-block-image size-large\"><a href=\"https:\/\/technikaprint.fr\/wp-content\/uploads\/2020\/05\/GAL-KAKEMONO-03.jpg\"><img loading=\"lazy\" decoding=\"async\" width=\"709\" height=\"709\" data-id=\"1478\" src=\"https:\/\/technikaprint.fr\/wp-content\/uploads\/2020\/05\/GAL-KAKEMONO-03.jpg\" alt=\"\" class=\"wp-image-1478\" srcset=\"https:\/\/technikaprint.fr\/wp-content\/uploads\/2020\/05\/GAL-KAKEMONO-03.jpg 709w, https:\/\/technikaprint.fr\/wp-content\/uploads\/2020\/05\/GAL-KAKEMONO-03-300x300.jpg 300w, https:\/\/technikaprint.fr\/wp-content\/uploads\/2020\/05\/GAL-KAKEMONO-03-150x150.jpg 150w, https:\/\/technikaprint.fr\/wp-content\/uploads\/2020\/05\/GAL-KAKEMONO-03-270x270.jpg 270w\" sizes=\"(max-width: 709px) 100vw, 709px\" \/><\/a><figcaption class=\"wp-element-caption\"><strong>Fixation facile<\/strong><\/figcaption><\/figure>\n<\/figure>\n\n\n\n<p>Les visuels sont imprim\u00e9s en haute d\u00e9finition, en qualit\u00e9 photo, avec des encres \u00e9co-responsables, et sont class\u00e9s au feu selon la norme\u00a0<a href=\"https:\/\/www.actimodul.fr\/photos_site\/GaleriePDF\/Normes-et-reglementations\/Classements-feu-Reflex-60-euroclasses.pdf\" target=\"_blank\" rel=\"noreferrer noopener\"><strong><span style=\"color:#1c40ad\" class=\"has-inline-color\">M1<\/span><\/strong><\/a>\u00a0afin de permettre une utilisation dans les lieux publics en toute s\u00e9curit\u00e9 et l\u00e9galit\u00e9.<\/p>\n\n\n\n<figure class=\"wp-block-gallery has-nested-images columns-default is-cropped wp-block-gallery-2 is-layout-flex wp-block-gallery-is-layout-flex\">\n<figure class=\"wp-block-image size-large\"><a href=\"https:\/\/technikaprint.fr\/wp-content\/uploads\/2020\/05\/GAL-KAKEMONO-04.jpg\"><img loading=\"lazy\" decoding=\"async\" width=\"709\" height=\"709\" data-id=\"1480\" src=\"https:\/\/technikaprint.fr\/wp-content\/uploads\/2020\/05\/GAL-KAKEMONO-04.jpg\" alt=\"\" class=\"wp-image-1480\" srcset=\"https:\/\/technikaprint.fr\/wp-content\/uploads\/2020\/05\/GAL-KAKEMONO-04.jpg 709w, https:\/\/technikaprint.fr\/wp-content\/uploads\/2020\/05\/GAL-KAKEMONO-04-300x300.jpg 300w, https:\/\/technikaprint.fr\/wp-content\/uploads\/2020\/05\/GAL-KAKEMONO-04-150x150.jpg 150w, https:\/\/technikaprint.fr\/wp-content\/uploads\/2020\/05\/GAL-KAKEMONO-04-270x270.jpg 270w\" sizes=\"(max-width: 709px) 100vw, 709px\" \/><\/a><figcaption class=\"wp-element-caption\"><strong>Embouts et crochets<\/strong><\/figcaption><\/figure>\n\n\n\n<figure class=\"wp-block-image size-large\"><a href=\"https:\/\/technikaprint.fr\/wp-content\/uploads\/2020\/05\/GAL-KAKEMONO-05.jpg\"><img loading=\"lazy\" decoding=\"async\" width=\"709\" height=\"709\" data-id=\"1481\" src=\"https:\/\/technikaprint.fr\/wp-content\/uploads\/2020\/05\/GAL-KAKEMONO-05.jpg\" alt=\"\" class=\"wp-image-1481\" srcset=\"https:\/\/technikaprint.fr\/wp-content\/uploads\/2020\/05\/GAL-KAKEMONO-05.jpg 709w, https:\/\/technikaprint.fr\/wp-content\/uploads\/2020\/05\/GAL-KAKEMONO-05-300x300.jpg 300w, https:\/\/technikaprint.fr\/wp-content\/uploads\/2020\/05\/GAL-KAKEMONO-05-150x150.jpg 150w, https:\/\/technikaprint.fr\/wp-content\/uploads\/2020\/05\/GAL-KAKEMONO-05-270x270.jpg 270w\" sizes=\"(max-width: 709px) 100vw, 709px\" \/><\/a><figcaption class=\"wp-element-caption\"><strong>Tailles sur mesure<\/strong><\/figcaption><\/figure>\n\n\n\n<figure class=\"wp-block-image size-large\"><a href=\"https:\/\/technikaprint.fr\/wp-content\/uploads\/2020\/05\/GAL-KAKEMONO-06.jpg\"><img loading=\"lazy\" decoding=\"async\" width=\"709\" height=\"709\" data-id=\"1482\" src=\"https:\/\/technikaprint.fr\/wp-content\/uploads\/2020\/05\/GAL-KAKEMONO-06.jpg\" alt=\"\" class=\"wp-image-1482\" srcset=\"https:\/\/technikaprint.fr\/wp-content\/uploads\/2020\/05\/GAL-KAKEMONO-06.jpg 709w, https:\/\/technikaprint.fr\/wp-content\/uploads\/2020\/05\/GAL-KAKEMONO-06-300x300.jpg 300w, https:\/\/technikaprint.fr\/wp-content\/uploads\/2020\/05\/GAL-KAKEMONO-06-150x150.jpg 150w, https:\/\/technikaprint.fr\/wp-content\/uploads\/2020\/05\/GAL-KAKEMONO-06-270x270.jpg 270w\" sizes=\"(max-width: 709px) 100vw, 709px\" \/><\/a><figcaption class=\"wp-element-caption\"><strong>Profil\u00e9s\/Lestage Alu<\/strong><\/figcaption><\/figure>\n<\/figure>\n\n\n\n<hr class=\"wp-block-separator has-css-opacity\"\/>\n\n\n\n<p>Tous nos visuels sont imprim\u00e9s sur une toile en tissu 100 % polyester avec enduction PVC de 420 g, ignifug\u00e9e M1 dans la masse. Retrouvez ci-dessous une liste de kakemonos aux formats les plus demand\u00e9s. Nous pouvons les adapter aux dimensions qui vous conviennent. Demandez votre devis via notre\u00a0<a href=\"https:\/\/technikaprint.fr\/index.php\/contact\/\"><strong><span style=\"color:#1c40ad\" class=\"has-inline-color\">formulaire de contact<\/span><\/strong><\/a>\u00a0ou par t\u00e9l\u00e9phone au 01 72 88 38 93.<\/p>\n\n\n\n<hr class=\"wp-block-separator has-css-opacity\"\/>\n\n\n\n<figure class=\"wp-block-image size-large\"><a href=\"https:\/\/technikaprint.fr\/index.php\/porte-document\/\"><img loading=\"lazy\" decoding=\"async\" width=\"1024\" height=\"171\" src=\"https:\/\/technikaprint.fr\/wp-content\/uploads\/2020\/05\/PORTE-DOCUMENT-1024x171.jpg\" alt=\"\" class=\"wp-image-2099\" srcset=\"https:\/\/technikaprint.fr\/wp-content\/uploads\/2020\/05\/PORTE-DOCUMENT-1024x171.jpg 1024w, https:\/\/technikaprint.fr\/wp-content\/uploads\/2020\/05\/PORTE-DOCUMENT-300x50.jpg 300w, https:\/\/technikaprint.fr\/wp-content\/uploads\/2020\/05\/PORTE-DOCUMENT-768x128.jpg 768w, https:\/\/technikaprint.fr\/wp-content\/uploads\/2020\/05\/PORTE-DOCUMENT-360x60.jpg 360w, https:\/\/technikaprint.fr\/wp-content\/uploads\/2020\/05\/PORTE-DOCUMENT.jpg 1417w\" sizes=\"(max-width: 1024px) 100vw, 1024px\" \/><\/a><\/figure>\n","protected":false},"excerpt":{"rendered":"<p>Kakemono suspendu \u00c0 l\u2019origine, le kakemono japonais d\u00e9signe une peinture ou une calligraphie verticale, r\u00e9alis\u00e9e sur soie ou sur papier. Litt\u00e9ralement, le terme signifie \u00ab objet accroch\u00e9 \u00bb. Si l\u2019orthographe correcte est kakemono (sans accent), on le retrouve parfois \u00e9crit&hellip;&nbsp;<a href=\"https:\/\/technikaprint.fr\/index.php\/kakemono-suspendu\/\" class=\"more-link\">Lire la suite<\/a><\/p>\n","protected":false},"author":1,"featured_media":0,"parent":0,"menu_order":0,"comment_status":"closed","ping_status":"closed","template":"","meta":{"_monsterinsights_skip_tracking":false,"_monsterinsights_sitenote_active":false,"_monsterinsights_sitenote_note":"","_monsterinsights_sitenote_category":0,"footnotes":""},"class_list":["post-293","page","type-page","status-publish","hentry"],"yoast_head":"<!-- This site is optimized with the Yoast SEO plugin v27.5 - https:\/\/yoast.com\/product\/yoast-seo-wordpress\/ -->\n<title>Kakemono suspendu - Stand On Line - Multiples formats - Visuel suspendu<\/title>\n<meta name=\"description\" content=\"Kakemono suspendu, tr\u00e8s appr\u00e9ci\u00e9 des exposants sur salon, foire, ou tout autre \u00e9v\u00e9nement. Livr\u00e9 avec suspentes haute et basse.\" \/>\n<meta name=\"robots\" content=\"index, follow, max-snippet:-1, max-image-preview:large, max-video-preview:-1\" \/>\n<link rel=\"canonical\" href=\"https:\/\/technikaprint.fr\/index.php\/kakemono-suspendu\/\" \/>\n<meta property=\"og:locale\" content=\"fr_FR\" \/>\n<meta property=\"og:type\" content=\"article\" \/>\n<meta property=\"og:title\" content=\"Kakemono suspendu - Stand On Line - Multiples formats - Visuel suspendu\" \/>\n<meta property=\"og:description\" content=\"Kakemono suspendu, tr\u00e8s appr\u00e9ci\u00e9 des exposants sur salon, foire, ou tout autre \u00e9v\u00e9nement. Livr\u00e9 avec suspentes haute et basse.\" \/>\n<meta property=\"og:url\" content=\"https:\/\/technikaprint.fr\/index.php\/kakemono-suspendu\/\" \/>\n<meta property=\"og:site_name\" content=\"Stand On Line\" \/>\n<meta property=\"article:publisher\" content=\"https:\/\/www.facebook.com\/technikaprint\/\" \/>\n<meta property=\"article:modified_time\" content=\"2026-04-23T09:22:03+00:00\" \/>\n<meta property=\"og:image\" content=\"https:\/\/technikaprint.fr\/wp-content\/uploads\/2020\/05\/BANNIERE-KAKEMONO.jpg\" \/>\n\t<meta property=\"og:image:width\" content=\"1403\" \/>\n\t<meta property=\"og:image:height\" content=\"526\" \/>\n\t<meta property=\"og:image:type\" content=\"image\/jpeg\" \/>\n<meta name=\"twitter:card\" content=\"summary_large_image\" \/>\n<meta name=\"twitter:label1\" content=\"Dur\u00e9e de lecture estim\u00e9e\" \/>\n\t<meta name=\"twitter:data1\" content=\"3 minutes\" \/>\n<script type=\"application\/ld+json\" class=\"yoast-schema-graph\">{\"@context\":\"https:\\\/\\\/schema.org\",\"@graph\":[{\"@type\":\"WebPage\",\"@id\":\"https:\\\/\\\/technikaprint.fr\\\/index.php\\\/kakemono-suspendu\\\/\",\"url\":\"https:\\\/\\\/technikaprint.fr\\\/index.php\\\/kakemono-suspendu\\\/\",\"name\":\"Kakemono suspendu - Stand On Line - Multiples formats - Visuel suspendu\",\"isPartOf\":{\"@id\":\"https:\\\/\\\/technikaprint.fr\\\/#website\"},\"primaryImageOfPage\":{\"@id\":\"https:\\\/\\\/technikaprint.fr\\\/index.php\\\/kakemono-suspendu\\\/#primaryimage\"},\"image\":{\"@id\":\"https:\\\/\\\/technikaprint.fr\\\/index.php\\\/kakemono-suspendu\\\/#primaryimage\"},\"thumbnailUrl\":\"https:\\\/\\\/technikaprint.fr\\\/wp-content\\\/uploads\\\/2020\\\/05\\\/BANNIERE-KAKEMONO-1024x384.jpg\",\"datePublished\":\"2020-04-08T14:10:35+00:00\",\"dateModified\":\"2026-04-23T09:22:03+00:00\",\"description\":\"Kakemono suspendu, tr\u00e8s appr\u00e9ci\u00e9 des exposants sur salon, foire, ou tout autre \u00e9v\u00e9nement. Livr\u00e9 avec suspentes haute et basse.\",\"breadcrumb\":{\"@id\":\"https:\\\/\\\/technikaprint.fr\\\/index.php\\\/kakemono-suspendu\\\/#breadcrumb\"},\"inLanguage\":\"fr-FR\",\"potentialAction\":[{\"@type\":\"ReadAction\",\"target\":[\"https:\\\/\\\/technikaprint.fr\\\/index.php\\\/kakemono-suspendu\\\/\"]}]},{\"@type\":\"ImageObject\",\"inLanguage\":\"fr-FR\",\"@id\":\"https:\\\/\\\/technikaprint.fr\\\/index.php\\\/kakemono-suspendu\\\/#primaryimage\",\"url\":\"https:\\\/\\\/technikaprint.fr\\\/wp-content\\\/uploads\\\/2020\\\/05\\\/BANNIERE-KAKEMONO.jpg\",\"contentUrl\":\"https:\\\/\\\/technikaprint.fr\\\/wp-content\\\/uploads\\\/2020\\\/05\\\/BANNIERE-KAKEMONO.jpg\",\"width\":1403,\"height\":526},{\"@type\":\"BreadcrumbList\",\"@id\":\"https:\\\/\\\/technikaprint.fr\\\/index.php\\\/kakemono-suspendu\\\/#breadcrumb\",\"itemListElement\":[{\"@type\":\"ListItem\",\"position\":1,\"name\":\"Accueil\",\"item\":\"https:\\\/\\\/technikaprint.fr\\\/\"},{\"@type\":\"ListItem\",\"position\":2,\"name\":\"Kakemono suspendu\"}]},{\"@type\":\"WebSite\",\"@id\":\"https:\\\/\\\/technikaprint.fr\\\/#website\",\"url\":\"https:\\\/\\\/technikaprint.fr\\\/\",\"name\":\"Stand On Line\",\"description\":\"La boutique du Roll-up\",\"publisher\":{\"@id\":\"https:\\\/\\\/technikaprint.fr\\\/#organization\"},\"potentialAction\":[{\"@type\":\"SearchAction\",\"target\":{\"@type\":\"EntryPoint\",\"urlTemplate\":\"https:\\\/\\\/technikaprint.fr\\\/?s={search_term_string}\"},\"query-input\":{\"@type\":\"PropertyValueSpecification\",\"valueRequired\":true,\"valueName\":\"search_term_string\"}}],\"inLanguage\":\"fr-FR\"},{\"@type\":\"Organization\",\"@id\":\"https:\\\/\\\/technikaprint.fr\\\/#organization\",\"name\":\"Stand On Line \\\/ Technika-Print\",\"url\":\"https:\\\/\\\/technikaprint.fr\\\/\",\"logo\":{\"@type\":\"ImageObject\",\"inLanguage\":\"fr-FR\",\"@id\":\"https:\\\/\\\/technikaprint.fr\\\/#\\\/schema\\\/logo\\\/image\\\/\",\"url\":\"https:\\\/\\\/technikaprint.fr\\\/wp-content\\\/uploads\\\/2020\\\/04\\\/SOL-AU-CARRE.jpg\",\"contentUrl\":\"https:\\\/\\\/technikaprint.fr\\\/wp-content\\\/uploads\\\/2020\\\/04\\\/SOL-AU-CARRE.jpg\",\"width\":1705,\"height\":1705,\"caption\":\"Stand On Line \\\/ Technika-Print\"},\"image\":{\"@id\":\"https:\\\/\\\/technikaprint.fr\\\/#\\\/schema\\\/logo\\\/image\\\/\"},\"sameAs\":[\"https:\\\/\\\/www.facebook.com\\\/technikaprint\\\/\",\"https:\\\/\\\/www.linkedin.com\\\/in\\\/yann-phetsanghane-50763315b\\\/\"]}]}<\/script>\n<!-- \/ Yoast SEO plugin. -->","yoast_head_json":{"title":"Kakemono suspendu - Stand On Line - Multiples formats - Visuel suspendu","description":"Kakemono suspendu, tr\u00e8s appr\u00e9ci\u00e9 des exposants sur salon, foire, ou tout autre \u00e9v\u00e9nement. Livr\u00e9 avec suspentes haute et basse.","robots":{"index":"index","follow":"follow","max-snippet":"max-snippet:-1","max-image-preview":"max-image-preview:large","max-video-preview":"max-video-preview:-1"},"canonical":"https:\/\/technikaprint.fr\/index.php\/kakemono-suspendu\/","og_locale":"fr_FR","og_type":"article","og_title":"Kakemono suspendu - Stand On Line - Multiples formats - Visuel suspendu","og_description":"Kakemono suspendu, tr\u00e8s appr\u00e9ci\u00e9 des exposants sur salon, foire, ou tout autre \u00e9v\u00e9nement. Livr\u00e9 avec suspentes haute et basse.","og_url":"https:\/\/technikaprint.fr\/index.php\/kakemono-suspendu\/","og_site_name":"Stand On Line","article_publisher":"https:\/\/www.facebook.com\/technikaprint\/","article_modified_time":"2026-04-23T09:22:03+00:00","og_image":[{"width":1403,"height":526,"url":"https:\/\/technikaprint.fr\/wp-content\/uploads\/2020\/05\/BANNIERE-KAKEMONO.jpg","type":"image\/jpeg"}],"twitter_card":"summary_large_image","twitter_misc":{"Dur\u00e9e de lecture estim\u00e9e":"3 minutes"},"schema":{"@context":"https:\/\/schema.org","@graph":[{"@type":"WebPage","@id":"https:\/\/technikaprint.fr\/index.php\/kakemono-suspendu\/","url":"https:\/\/technikaprint.fr\/index.php\/kakemono-suspendu\/","name":"Kakemono suspendu - Stand On Line - Multiples formats - Visuel suspendu","isPartOf":{"@id":"https:\/\/technikaprint.fr\/#website"},"primaryImageOfPage":{"@id":"https:\/\/technikaprint.fr\/index.php\/kakemono-suspendu\/#primaryimage"},"image":{"@id":"https:\/\/technikaprint.fr\/index.php\/kakemono-suspendu\/#primaryimage"},"thumbnailUrl":"https:\/\/technikaprint.fr\/wp-content\/uploads\/2020\/05\/BANNIERE-KAKEMONO-1024x384.jpg","datePublished":"2020-04-08T14:10:35+00:00","dateModified":"2026-04-23T09:22:03+00:00","description":"Kakemono suspendu, tr\u00e8s appr\u00e9ci\u00e9 des exposants sur salon, foire, ou tout autre \u00e9v\u00e9nement. Livr\u00e9 avec suspentes haute et basse.","breadcrumb":{"@id":"https:\/\/technikaprint.fr\/index.php\/kakemono-suspendu\/#breadcrumb"},"inLanguage":"fr-FR","potentialAction":[{"@type":"ReadAction","target":["https:\/\/technikaprint.fr\/index.php\/kakemono-suspendu\/"]}]},{"@type":"ImageObject","inLanguage":"fr-FR","@id":"https:\/\/technikaprint.fr\/index.php\/kakemono-suspendu\/#primaryimage","url":"https:\/\/technikaprint.fr\/wp-content\/uploads\/2020\/05\/BANNIERE-KAKEMONO.jpg","contentUrl":"https:\/\/technikaprint.fr\/wp-content\/uploads\/2020\/05\/BANNIERE-KAKEMONO.jpg","width":1403,"height":526},{"@type":"BreadcrumbList","@id":"https:\/\/technikaprint.fr\/index.php\/kakemono-suspendu\/#breadcrumb","itemListElement":[{"@type":"ListItem","position":1,"name":"Accueil","item":"https:\/\/technikaprint.fr\/"},{"@type":"ListItem","position":2,"name":"Kakemono suspendu"}]},{"@type":"WebSite","@id":"https:\/\/technikaprint.fr\/#website","url":"https:\/\/technikaprint.fr\/","name":"Stand On Line","description":"La boutique du Roll-up","publisher":{"@id":"https:\/\/technikaprint.fr\/#organization"},"potentialAction":[{"@type":"SearchAction","target":{"@type":"EntryPoint","urlTemplate":"https:\/\/technikaprint.fr\/?s={search_term_string}"},"query-input":{"@type":"PropertyValueSpecification","valueRequired":true,"valueName":"search_term_string"}}],"inLanguage":"fr-FR"},{"@type":"Organization","@id":"https:\/\/technikaprint.fr\/#organization","name":"Stand On Line \/ Technika-Print","url":"https:\/\/technikaprint.fr\/","logo":{"@type":"ImageObject","inLanguage":"fr-FR","@id":"https:\/\/technikaprint.fr\/#\/schema\/logo\/image\/","url":"https:\/\/technikaprint.fr\/wp-content\/uploads\/2020\/04\/SOL-AU-CARRE.jpg","contentUrl":"https:\/\/technikaprint.fr\/wp-content\/uploads\/2020\/04\/SOL-AU-CARRE.jpg","width":1705,"height":1705,"caption":"Stand On Line \/ Technika-Print"},"image":{"@id":"https:\/\/technikaprint.fr\/#\/schema\/logo\/image\/"},"sameAs":["https:\/\/www.facebook.com\/technikaprint\/","https:\/\/www.linkedin.com\/in\/yann-phetsanghane-50763315b\/"]}]}},"_links":{"self":[{"href":"https:\/\/technikaprint.fr\/index.php\/wp-json\/wp\/v2\/pages\/293","targetHints":{"allow":["GET"]}}],"collection":[{"href":"https:\/\/technikaprint.fr\/index.php\/wp-json\/wp\/v2\/pages"}],"about":[{"href":"https:\/\/technikaprint.fr\/index.php\/wp-json\/wp\/v2\/types\/page"}],"author":[{"embeddable":true,"href":"https:\/\/technikaprint.fr\/index.php\/wp-json\/wp\/v2\/users\/1"}],"replies":[{"embeddable":true,"href":"https:\/\/technikaprint.fr\/index.php\/wp-json\/wp\/v2\/comments?post=293"}],"version-history":[{"count":23,"href":"https:\/\/technikaprint.fr\/index.php\/wp-json\/wp\/v2\/pages\/293\/revisions"}],"predecessor-version":[{"id":3125,"href":"https:\/\/technikaprint.fr\/index.php\/wp-json\/wp\/v2\/pages\/293\/revisions\/3125"}],"wp:attachment":[{"href":"https:\/\/technikaprint.fr\/index.php\/wp-json\/wp\/v2\/media?parent=293"}],"curies":[{"name":"wp","href":"https:\/\/api.w.org\/{rel}","templated":true}]}}