{"id":2955,"date":"2025-02-21T12:34:42","date_gmt":"2025-02-21T11:34:42","guid":{"rendered":"https:\/\/technikaprint.fr\/?page_id=2955"},"modified":"2025-02-21T15:56:08","modified_gmt":"2025-02-21T14:56:08","slug":"contour-20x8","status":"publish","type":"page","link":"https:\/\/technikaprint.fr\/index.php\/contour-20x8\/","title":{"rendered":"Contour 20&#215;8+"},"content":{"rendered":"\n<h2 class=\"wp-block-heading\"><mark style=\"background-color:rgba(0, 0, 0, 0);color:#2046a7\" class=\"has-inline-color\">Contour mod\u00e8le : 20&#215;8+<\/mark><\/h2>\n\n\n\n<p>Un projet avec 6m de disponible ? Le mod\u00e8le <strong><mark style=\"background-color:rgba(0, 0, 0, 0);color:#2046a7\" class=\"has-inline-color\">20&#215;8+<\/mark><\/strong> va vous permettre d&rsquo;en mettre plein les yeux ! Un mur total de 5.8 m\u00e8tres de long raccord\u00e9 \u00e0 un angle de 2.9 m\u00e8tres feront la diff\u00e9rence.<\/p>\n\n\n\n<figure class=\"wp-block-image size-large\"><a href=\"https:\/\/xpo.center\/3d\/01168346000F906C-ps3d\" target=\"_blank\" rel=\" noreferrer noopener\"><img fetchpriority=\"high\" decoding=\"async\" width=\"1024\" height=\"1024\" src=\"https:\/\/technikaprint.fr\/wp-content\/uploads\/2025\/02\/HOME-PAGE-20X8-2-PANNEAU-3D-1-1024x1024.jpg\" alt=\"stand modulaire, stand, stand nomade, stand tissu, expo, imprimerie, stand 6m2, stand 9m2, stand on line, spot, spots, cadre, structure aluminium\" class=\"wp-image-2995\" srcset=\"https:\/\/technikaprint.fr\/wp-content\/uploads\/2025\/02\/HOME-PAGE-20X8-2-PANNEAU-3D-1-1024x1024.jpg 1024w, https:\/\/technikaprint.fr\/wp-content\/uploads\/2025\/02\/HOME-PAGE-20X8-2-PANNEAU-3D-1-300x300.jpg 300w, https:\/\/technikaprint.fr\/wp-content\/uploads\/2025\/02\/HOME-PAGE-20X8-2-PANNEAU-3D-1-150x150.jpg 150w, https:\/\/technikaprint.fr\/wp-content\/uploads\/2025\/02\/HOME-PAGE-20X8-2-PANNEAU-3D-1-768x768.jpg 768w, https:\/\/technikaprint.fr\/wp-content\/uploads\/2025\/02\/HOME-PAGE-20X8-2-PANNEAU-3D-1-1536x1536.jpg 1536w, https:\/\/technikaprint.fr\/wp-content\/uploads\/2025\/02\/HOME-PAGE-20X8-2-PANNEAU-3D-1-2048x2048.jpg 2048w, https:\/\/technikaprint.fr\/wp-content\/uploads\/2025\/02\/HOME-PAGE-20X8-2-PANNEAU-3D-1-270x270.jpg 270w\" sizes=\"(max-width: 1024px) 100vw, 1024px\" \/><\/a><\/figure>\n\n\n\n<hr class=\"wp-block-separator has-alpha-channel-opacity\"\/>\n\n\n\n<h2 class=\"wp-block-heading\"><mark style=\"background-color:rgba(0, 0, 0, 0);color:#2046a7\" class=\"has-inline-color\">La solution d\u00e9taill\u00e9e du stand Contour<\/mark><\/h2>\n\n\n\n<figure class=\"wp-block-image size-large\"><img decoding=\"async\" width=\"1024\" height=\"1024\" src=\"https:\/\/technikaprint.fr\/wp-content\/uploads\/2025\/02\/DETAILS-QUI-COMPTENT-1024x1024.jpg\" alt=\"stand modulaire, stand, stand nomade, stand tissu, expo, imprimerie, stand 6m2, stand 9m2, stand on line, spot, spots, cadre, structure aluminium\" class=\"wp-image-2607\" srcset=\"https:\/\/technikaprint.fr\/wp-content\/uploads\/2025\/02\/DETAILS-QUI-COMPTENT-1024x1024.jpg 1024w, https:\/\/technikaprint.fr\/wp-content\/uploads\/2025\/02\/DETAILS-QUI-COMPTENT-300x300.jpg 300w, https:\/\/technikaprint.fr\/wp-content\/uploads\/2025\/02\/DETAILS-QUI-COMPTENT-150x150.jpg 150w, https:\/\/technikaprint.fr\/wp-content\/uploads\/2025\/02\/DETAILS-QUI-COMPTENT-768x768.jpg 768w, https:\/\/technikaprint.fr\/wp-content\/uploads\/2025\/02\/DETAILS-QUI-COMPTENT-1536x1536.jpg 1536w, https:\/\/technikaprint.fr\/wp-content\/uploads\/2025\/02\/DETAILS-QUI-COMPTENT-2048x2048.jpg 2048w, https:\/\/technikaprint.fr\/wp-content\/uploads\/2025\/02\/DETAILS-QUI-COMPTENT-270x270.jpg 270w\" sizes=\"(max-width: 1024px) 100vw, 1024px\" \/><\/figure>\n\n\n\n<hr class=\"wp-block-separator has-alpha-channel-opacity\"\/>\n\n\n\n<h2 class=\"wp-block-heading\"><mark style=\"background-color:rgba(0, 0, 0, 0);color:#2046a7\" class=\"has-inline-color\">Le montage&#8230; c&rsquo;est Easy !<\/mark><\/h2>\n\n\n\n<p>La force du CONTOUR, c&rsquo;est ind\u00e9niablement sa facilite de montage et sa l\u00e9g\u00e8ret\u00e9. Voyez par vous-m\u00eame avec cette vid\u00e9o qui se passe de d&rsquo;explications ! <strong><a href=\"https:\/\/technikaprint.fr\/wp-content\/uploads\/2025\/02\/VIDEO-CONTOUR-SOL.mp4\">Cliquez ici<\/a><\/strong><\/p>\n","protected":false},"excerpt":{"rendered":"<p>Contour mod\u00e8le : 20&#215;8+ Un projet avec 6m de disponible ? Le mod\u00e8le 20&#215;8+ va vous permettre d&rsquo;en mettre plein les yeux ! Un mur total de 5.8 m\u00e8tres de long raccord\u00e9 \u00e0 un angle de 2.9 m\u00e8tres feront la&hellip;&nbsp;<a href=\"https:\/\/technikaprint.fr\/index.php\/contour-20x8\/\" class=\"more-link\">Lire la suite<\/a><\/p>\n","protected":false},"author":1,"featured_media":0,"parent":0,"menu_order":0,"comment_status":"closed","ping_status":"closed","template":"","meta":{"_monsterinsights_skip_tracking":false,"_monsterinsights_sitenote_active":false,"_monsterinsights_sitenote_note":"","_monsterinsights_sitenote_category":0,"footnotes":""},"class_list":["post-2955","page","type-page","status-publish","hentry"],"yoast_head":"<!-- This site is optimized with the Yoast SEO plugin v27.5 - https:\/\/yoast.com\/product\/yoast-seo-wordpress\/ -->\n<title>Contour 20x8+ - Stand On Line<\/title>\n<meta name=\"description\" content=\"Contour mod\u00e8le : 20x8+ Un projet avec 6m de disponible ? Le mod\u00e8le 20x8+ va vous permettre d&#039;en mettre plein les yeux ! Un mur total de 5.8 m\u00e8tres de long\" \/>\n<meta name=\"robots\" content=\"index, follow, max-snippet:-1, max-image-preview:large, max-video-preview:-1\" \/>\n<link rel=\"canonical\" href=\"https:\/\/technikaprint.fr\/index.php\/contour-20x8\/\" \/>\n<meta property=\"og:locale\" content=\"fr_FR\" \/>\n<meta property=\"og:type\" content=\"article\" \/>\n<meta property=\"og:title\" content=\"Contour 20x8+ - Stand On Line\" \/>\n<meta property=\"og:description\" content=\"Contour mod\u00e8le : 20x8+ Un projet avec 6m de disponible ? Le mod\u00e8le 20x8+ va vous permettre d&#039;en mettre plein les yeux ! Un mur total de 5.8 m\u00e8tres de long\" \/>\n<meta property=\"og:url\" content=\"https:\/\/technikaprint.fr\/index.php\/contour-20x8\/\" \/>\n<meta property=\"og:site_name\" content=\"Stand On Line\" \/>\n<meta property=\"article:publisher\" content=\"https:\/\/www.facebook.com\/technikaprint\/\" \/>\n<meta property=\"article:modified_time\" content=\"2025-02-21T14:56:08+00:00\" \/>\n<meta property=\"og:image\" content=\"https:\/\/technikaprint.fr\/wp-content\/uploads\/2025\/02\/HOME-PAGE-20X8-2-PANNEAU-3D-1.jpg\" \/>\n\t<meta property=\"og:image:width\" content=\"2362\" \/>\n\t<meta property=\"og:image:height\" content=\"2362\" \/>\n\t<meta property=\"og:image:type\" content=\"image\/jpeg\" \/>\n<meta name=\"twitter:card\" content=\"summary_large_image\" \/>\n<meta name=\"twitter:label1\" content=\"Dur\u00e9e de lecture estim\u00e9e\" \/>\n\t<meta name=\"twitter:data1\" content=\"1 minute\" \/>\n<script type=\"application\/ld+json\" class=\"yoast-schema-graph\">{\"@context\":\"https:\\\/\\\/schema.org\",\"@graph\":[{\"@type\":\"WebPage\",\"@id\":\"https:\\\/\\\/technikaprint.fr\\\/index.php\\\/contour-20x8\\\/\",\"url\":\"https:\\\/\\\/technikaprint.fr\\\/index.php\\\/contour-20x8\\\/\",\"name\":\"Contour 20x8+ - Stand On Line\",\"isPartOf\":{\"@id\":\"https:\\\/\\\/technikaprint.fr\\\/#website\"},\"primaryImageOfPage\":{\"@id\":\"https:\\\/\\\/technikaprint.fr\\\/index.php\\\/contour-20x8\\\/#primaryimage\"},\"image\":{\"@id\":\"https:\\\/\\\/technikaprint.fr\\\/index.php\\\/contour-20x8\\\/#primaryimage\"},\"thumbnailUrl\":\"https:\\\/\\\/technikaprint.fr\\\/wp-content\\\/uploads\\\/2025\\\/02\\\/HOME-PAGE-20X8-2-PANNEAU-3D-1-1024x1024.jpg\",\"datePublished\":\"2025-02-21T11:34:42+00:00\",\"dateModified\":\"2025-02-21T14:56:08+00:00\",\"description\":\"Contour mod\u00e8le : 20x8+ Un projet avec 6m de disponible ? Le mod\u00e8le 20x8+ va vous permettre d'en mettre plein les yeux ! Un mur total de 5.8 m\u00e8tres de long\",\"breadcrumb\":{\"@id\":\"https:\\\/\\\/technikaprint.fr\\\/index.php\\\/contour-20x8\\\/#breadcrumb\"},\"inLanguage\":\"fr-FR\",\"potentialAction\":[{\"@type\":\"ReadAction\",\"target\":[\"https:\\\/\\\/technikaprint.fr\\\/index.php\\\/contour-20x8\\\/\"]}]},{\"@type\":\"ImageObject\",\"inLanguage\":\"fr-FR\",\"@id\":\"https:\\\/\\\/technikaprint.fr\\\/index.php\\\/contour-20x8\\\/#primaryimage\",\"url\":\"https:\\\/\\\/technikaprint.fr\\\/wp-content\\\/uploads\\\/2025\\\/02\\\/HOME-PAGE-20X8-2-PANNEAU-3D-1.jpg\",\"contentUrl\":\"https:\\\/\\\/technikaprint.fr\\\/wp-content\\\/uploads\\\/2025\\\/02\\\/HOME-PAGE-20X8-2-PANNEAU-3D-1.jpg\",\"width\":2362,\"height\":2362},{\"@type\":\"BreadcrumbList\",\"@id\":\"https:\\\/\\\/technikaprint.fr\\\/index.php\\\/contour-20x8\\\/#breadcrumb\",\"itemListElement\":[{\"@type\":\"ListItem\",\"position\":1,\"name\":\"Accueil\",\"item\":\"https:\\\/\\\/technikaprint.fr\\\/\"},{\"@type\":\"ListItem\",\"position\":2,\"name\":\"Contour 20&#215;8+\"}]},{\"@type\":\"WebSite\",\"@id\":\"https:\\\/\\\/technikaprint.fr\\\/#website\",\"url\":\"https:\\\/\\\/technikaprint.fr\\\/\",\"name\":\"Stand On Line\",\"description\":\"La boutique du Roll-up\",\"publisher\":{\"@id\":\"https:\\\/\\\/technikaprint.fr\\\/#organization\"},\"potentialAction\":[{\"@type\":\"SearchAction\",\"target\":{\"@type\":\"EntryPoint\",\"urlTemplate\":\"https:\\\/\\\/technikaprint.fr\\\/?s={search_term_string}\"},\"query-input\":{\"@type\":\"PropertyValueSpecification\",\"valueRequired\":true,\"valueName\":\"search_term_string\"}}],\"inLanguage\":\"fr-FR\"},{\"@type\":\"Organization\",\"@id\":\"https:\\\/\\\/technikaprint.fr\\\/#organization\",\"name\":\"Stand On Line \\\/ Technika-Print\",\"url\":\"https:\\\/\\\/technikaprint.fr\\\/\",\"logo\":{\"@type\":\"ImageObject\",\"inLanguage\":\"fr-FR\",\"@id\":\"https:\\\/\\\/technikaprint.fr\\\/#\\\/schema\\\/logo\\\/image\\\/\",\"url\":\"https:\\\/\\\/technikaprint.fr\\\/wp-content\\\/uploads\\\/2020\\\/04\\\/SOL-AU-CARRE.jpg\",\"contentUrl\":\"https:\\\/\\\/technikaprint.fr\\\/wp-content\\\/uploads\\\/2020\\\/04\\\/SOL-AU-CARRE.jpg\",\"width\":1705,\"height\":1705,\"caption\":\"Stand On Line \\\/ Technika-Print\"},\"image\":{\"@id\":\"https:\\\/\\\/technikaprint.fr\\\/#\\\/schema\\\/logo\\\/image\\\/\"},\"sameAs\":[\"https:\\\/\\\/www.facebook.com\\\/technikaprint\\\/\",\"https:\\\/\\\/www.linkedin.com\\\/in\\\/yann-phetsanghane-50763315b\\\/\"]}]}<\/script>\n<!-- \/ Yoast SEO plugin. -->","yoast_head_json":{"title":"Contour 20x8+ - Stand On Line","description":"Contour mod\u00e8le : 20x8+ Un projet avec 6m de disponible ? Le mod\u00e8le 20x8+ va vous permettre d'en mettre plein les yeux ! Un mur total de 5.8 m\u00e8tres de long","robots":{"index":"index","follow":"follow","max-snippet":"max-snippet:-1","max-image-preview":"max-image-preview:large","max-video-preview":"max-video-preview:-1"},"canonical":"https:\/\/technikaprint.fr\/index.php\/contour-20x8\/","og_locale":"fr_FR","og_type":"article","og_title":"Contour 20x8+ - Stand On Line","og_description":"Contour mod\u00e8le : 20x8+ Un projet avec 6m de disponible ? Le mod\u00e8le 20x8+ va vous permettre d'en mettre plein les yeux ! Un mur total de 5.8 m\u00e8tres de long","og_url":"https:\/\/technikaprint.fr\/index.php\/contour-20x8\/","og_site_name":"Stand On Line","article_publisher":"https:\/\/www.facebook.com\/technikaprint\/","article_modified_time":"2025-02-21T14:56:08+00:00","og_image":[{"width":2362,"height":2362,"url":"https:\/\/technikaprint.fr\/wp-content\/uploads\/2025\/02\/HOME-PAGE-20X8-2-PANNEAU-3D-1.jpg","type":"image\/jpeg"}],"twitter_card":"summary_large_image","twitter_misc":{"Dur\u00e9e de lecture estim\u00e9e":"1 minute"},"schema":{"@context":"https:\/\/schema.org","@graph":[{"@type":"WebPage","@id":"https:\/\/technikaprint.fr\/index.php\/contour-20x8\/","url":"https:\/\/technikaprint.fr\/index.php\/contour-20x8\/","name":"Contour 20x8+ - Stand On Line","isPartOf":{"@id":"https:\/\/technikaprint.fr\/#website"},"primaryImageOfPage":{"@id":"https:\/\/technikaprint.fr\/index.php\/contour-20x8\/#primaryimage"},"image":{"@id":"https:\/\/technikaprint.fr\/index.php\/contour-20x8\/#primaryimage"},"thumbnailUrl":"https:\/\/technikaprint.fr\/wp-content\/uploads\/2025\/02\/HOME-PAGE-20X8-2-PANNEAU-3D-1-1024x1024.jpg","datePublished":"2025-02-21T11:34:42+00:00","dateModified":"2025-02-21T14:56:08+00:00","description":"Contour mod\u00e8le : 20x8+ Un projet avec 6m de disponible ? Le mod\u00e8le 20x8+ va vous permettre d'en mettre plein les yeux ! Un mur total de 5.8 m\u00e8tres de long","breadcrumb":{"@id":"https:\/\/technikaprint.fr\/index.php\/contour-20x8\/#breadcrumb"},"inLanguage":"fr-FR","potentialAction":[{"@type":"ReadAction","target":["https:\/\/technikaprint.fr\/index.php\/contour-20x8\/"]}]},{"@type":"ImageObject","inLanguage":"fr-FR","@id":"https:\/\/technikaprint.fr\/index.php\/contour-20x8\/#primaryimage","url":"https:\/\/technikaprint.fr\/wp-content\/uploads\/2025\/02\/HOME-PAGE-20X8-2-PANNEAU-3D-1.jpg","contentUrl":"https:\/\/technikaprint.fr\/wp-content\/uploads\/2025\/02\/HOME-PAGE-20X8-2-PANNEAU-3D-1.jpg","width":2362,"height":2362},{"@type":"BreadcrumbList","@id":"https:\/\/technikaprint.fr\/index.php\/contour-20x8\/#breadcrumb","itemListElement":[{"@type":"ListItem","position":1,"name":"Accueil","item":"https:\/\/technikaprint.fr\/"},{"@type":"ListItem","position":2,"name":"Contour 20&#215;8+"}]},{"@type":"WebSite","@id":"https:\/\/technikaprint.fr\/#website","url":"https:\/\/technikaprint.fr\/","name":"Stand On Line","description":"La boutique du Roll-up","publisher":{"@id":"https:\/\/technikaprint.fr\/#organization"},"potentialAction":[{"@type":"SearchAction","target":{"@type":"EntryPoint","urlTemplate":"https:\/\/technikaprint.fr\/?s={search_term_string}"},"query-input":{"@type":"PropertyValueSpecification","valueRequired":true,"valueName":"search_term_string"}}],"inLanguage":"fr-FR"},{"@type":"Organization","@id":"https:\/\/technikaprint.fr\/#organization","name":"Stand On Line \/ Technika-Print","url":"https:\/\/technikaprint.fr\/","logo":{"@type":"ImageObject","inLanguage":"fr-FR","@id":"https:\/\/technikaprint.fr\/#\/schema\/logo\/image\/","url":"https:\/\/technikaprint.fr\/wp-content\/uploads\/2020\/04\/SOL-AU-CARRE.jpg","contentUrl":"https:\/\/technikaprint.fr\/wp-content\/uploads\/2020\/04\/SOL-AU-CARRE.jpg","width":1705,"height":1705,"caption":"Stand On Line \/ Technika-Print"},"image":{"@id":"https:\/\/technikaprint.fr\/#\/schema\/logo\/image\/"},"sameAs":["https:\/\/www.facebook.com\/technikaprint\/","https:\/\/www.linkedin.com\/in\/yann-phetsanghane-50763315b\/"]}]}},"_links":{"self":[{"href":"https:\/\/technikaprint.fr\/index.php\/wp-json\/wp\/v2\/pages\/2955","targetHints":{"allow":["GET"]}}],"collection":[{"href":"https:\/\/technikaprint.fr\/index.php\/wp-json\/wp\/v2\/pages"}],"about":[{"href":"https:\/\/technikaprint.fr\/index.php\/wp-json\/wp\/v2\/types\/page"}],"author":[{"embeddable":true,"href":"https:\/\/technikaprint.fr\/index.php\/wp-json\/wp\/v2\/users\/1"}],"replies":[{"embeddable":true,"href":"https:\/\/technikaprint.fr\/index.php\/wp-json\/wp\/v2\/comments?post=2955"}],"version-history":[{"count":7,"href":"https:\/\/technikaprint.fr\/index.php\/wp-json\/wp\/v2\/pages\/2955\/revisions"}],"predecessor-version":[{"id":3008,"href":"https:\/\/technikaprint.fr\/index.php\/wp-json\/wp\/v2\/pages\/2955\/revisions\/3008"}],"wp:attachment":[{"href":"https:\/\/technikaprint.fr\/index.php\/wp-json\/wp\/v2\/media?parent=2955"}],"curies":[{"name":"wp","href":"https:\/\/api.w.org\/{rel}","templated":true}]}}