{"id":2967,"date":"2025-02-21T17:34:04","date_gmt":"2025-02-21T16:34:04","guid":{"rendered":"https:\/\/technikaprint.fr\/?page_id=2967"},"modified":"2025-02-21T17:34:05","modified_gmt":"2025-02-21T16:34:05","slug":"contour-courbe","status":"publish","type":"page","link":"https:\/\/technikaprint.fr\/index.php\/contour-courbe\/","title":{"rendered":"Contour Courbe"},"content":{"rendered":"\n<h2 class=\"wp-block-heading\"><mark style=\"background-color:rgba(0, 0, 0, 0);color:#2046a7\" class=\"has-inline-color\">Contour courbe mod\u00e8le : 8&#215;8<\/mark><\/h2>\n\n\n\n<p>Afin de varier les plaisirs, ils existent des mod\u00e8les courbes. Laissez aller votre imagination et profitez du syst\u00e8me Contour pour assembler d&rsquo;autres structures courbes ou droites. Avec ce mod\u00e8le, vous obtenez un mur \u00ab\u00a0vague\u00a0\u00bb d&rsquo;une largeur de 2382 mm avec une hauteur de 2340 mm.<\/p>\n\n\n\n<p><strong>A noter :<\/strong> il est tout \u00e0 fait possible sur le mod\u00e8le 8&#215;8 courbe, d&rsquo;imprimer en recto\/verso, cependant il y aura une l\u00e9g\u00e8re d\u00e9formation sur le visuel au verso, cette d\u00e9formation est due \u00e0 la courbure de la structure.<\/p>\n\n\n\n<figure class=\"wp-block-image size-full\"><a href=\"https:\/\/xpo.center\/3d\/058EF24D03EF62B2-ps3d\" target=\"_blank\" rel=\" noreferrer noopener\"><img fetchpriority=\"high\" decoding=\"async\" width=\"2362\" height=\"2362\" src=\"https:\/\/technikaprint.fr\/wp-content\/uploads\/2025\/02\/HOME-PAGE-8X8-COURBE-3D-1.jpg\" alt=\"stand modulaire, stand, stand nomade, stand tissu, expo, imprimerie, stand 6m2, stand 9m2, stand on line, spot, spots, cadre, structure aluminium\" class=\"wp-image-3002\" srcset=\"https:\/\/technikaprint.fr\/wp-content\/uploads\/2025\/02\/HOME-PAGE-8X8-COURBE-3D-1.jpg 2362w, https:\/\/technikaprint.fr\/wp-content\/uploads\/2025\/02\/HOME-PAGE-8X8-COURBE-3D-1-300x300.jpg 300w, https:\/\/technikaprint.fr\/wp-content\/uploads\/2025\/02\/HOME-PAGE-8X8-COURBE-3D-1-1024x1024.jpg 1024w, https:\/\/technikaprint.fr\/wp-content\/uploads\/2025\/02\/HOME-PAGE-8X8-COURBE-3D-1-150x150.jpg 150w, https:\/\/technikaprint.fr\/wp-content\/uploads\/2025\/02\/HOME-PAGE-8X8-COURBE-3D-1-768x768.jpg 768w, https:\/\/technikaprint.fr\/wp-content\/uploads\/2025\/02\/HOME-PAGE-8X8-COURBE-3D-1-1536x1536.jpg 1536w, https:\/\/technikaprint.fr\/wp-content\/uploads\/2025\/02\/HOME-PAGE-8X8-COURBE-3D-1-2048x2048.jpg 2048w, https:\/\/technikaprint.fr\/wp-content\/uploads\/2025\/02\/HOME-PAGE-8X8-COURBE-3D-1-270x270.jpg 270w\" sizes=\"(max-width: 2362px) 100vw, 2362px\" \/><\/a><\/figure>\n\n\n\n<hr class=\"wp-block-separator has-alpha-channel-opacity\"\/>\n\n\n\n<h2 class=\"wp-block-heading\"><mark style=\"background-color:rgba(0, 0, 0, 0);color:#2046a7\" class=\"has-inline-color\">Contour courbe mod\u00e8le : 10&#215;8<\/mark><\/h2>\n\n\n\n<p>Sur le m\u00eame principe que le mod\u00e8le 8&#215;8 courbe, le 10&#215;8 en impose un peu plus. Gr\u00e2ce \u00e0 ce mod\u00e8le, vous obtenez un mur \u00ab\u00a0vague\u00a0\u00bb d&rsquo;une largeur de presque 3 m et toujours avec une hauteur de 2,34 m.<\/p>\n\n\n\n<p><strong>A noter :<\/strong> Tout comme son petit fr\u00e8re, avec ce mod\u00e8le, il est tout \u00e0 fait possible d&rsquo;imprimer cette version en recto\/verso, cependant il y aura une l\u00e9g\u00e8re d\u00e9formation sur le visuel au verso, cette d\u00e9formation est due \u00e0 la courbure de la structure.<\/p>\n\n\n\n<figure class=\"wp-block-image size-large\"><a href=\"https:\/\/xpo.center\/3d\/05AD6B1501BACF6F-ps3d\" target=\"_blank\" rel=\" noreferrer noopener\"><img decoding=\"async\" width=\"1024\" height=\"1024\" src=\"https:\/\/technikaprint.fr\/wp-content\/uploads\/2025\/02\/HOME-PAGE-10X8-COURBE-3D-1024x1024.jpg\" alt=\"stand modulaire, stand, stand nomade, stand tissu, expo, imprimerie, stand 6m2, stand 9m2, stand on line, spot, spots, cadre, structure aluminium\" class=\"wp-image-3006\" srcset=\"https:\/\/technikaprint.fr\/wp-content\/uploads\/2025\/02\/HOME-PAGE-10X8-COURBE-3D-1024x1024.jpg 1024w, https:\/\/technikaprint.fr\/wp-content\/uploads\/2025\/02\/HOME-PAGE-10X8-COURBE-3D-300x300.jpg 300w, https:\/\/technikaprint.fr\/wp-content\/uploads\/2025\/02\/HOME-PAGE-10X8-COURBE-3D-150x150.jpg 150w, https:\/\/technikaprint.fr\/wp-content\/uploads\/2025\/02\/HOME-PAGE-10X8-COURBE-3D-768x768.jpg 768w, https:\/\/technikaprint.fr\/wp-content\/uploads\/2025\/02\/HOME-PAGE-10X8-COURBE-3D-1536x1536.jpg 1536w, https:\/\/technikaprint.fr\/wp-content\/uploads\/2025\/02\/HOME-PAGE-10X8-COURBE-3D-2048x2048.jpg 2048w, https:\/\/technikaprint.fr\/wp-content\/uploads\/2025\/02\/HOME-PAGE-10X8-COURBE-3D-270x270.jpg 270w\" sizes=\"(max-width: 1024px) 100vw, 1024px\" \/><\/a><\/figure>\n\n\n\n<hr class=\"wp-block-separator has-alpha-channel-opacity\"\/>\n\n\n\n<h2 class=\"wp-block-heading\"><mark style=\"background-color:rgba(0, 0, 0, 0);color:#2046a7\" class=\"has-inline-color\">Contour Vague mod\u00e8le : 8&#215;8 \u00ab\u00a0S\u00a0\u00bb<\/mark><\/h2>\n\n\n\n<p>Et pourquoi pas surfer sur la vague ? Si le jeu de mot est un peu facile (je vous l&rsquo;accorde), il n&rsquo;en demeure pas moins que la version dite \u00ab\u00a0S\u00a0\u00bb, donnera un relief agr\u00e9able \u00e0 regarder. <strong>Un effet Whaou ! pour tous ceux qui passeront devant.<\/strong><\/p>\n\n\n\n<figure class=\"wp-block-image size-full\"><a href=\"https:\/\/xpo.center\/3d\/00F7FC1102BE35AE-ps3d\" target=\"_blank\" rel=\" noreferrer noopener\"><img decoding=\"async\" width=\"2362\" height=\"2362\" src=\"https:\/\/technikaprint.fr\/wp-content\/uploads\/2025\/02\/HOME-PAGE-8X8-S-3D.jpg\" alt=\"stand modulaire, stand, stand nomade, stand tissu, expo, imprimerie, stand 6m2, stand 9m2, stand on line, spot, spots, cadre, structure aluminium\" class=\"wp-image-3011\" srcset=\"https:\/\/technikaprint.fr\/wp-content\/uploads\/2025\/02\/HOME-PAGE-8X8-S-3D.jpg 2362w, https:\/\/technikaprint.fr\/wp-content\/uploads\/2025\/02\/HOME-PAGE-8X8-S-3D-300x300.jpg 300w, https:\/\/technikaprint.fr\/wp-content\/uploads\/2025\/02\/HOME-PAGE-8X8-S-3D-1024x1024.jpg 1024w, https:\/\/technikaprint.fr\/wp-content\/uploads\/2025\/02\/HOME-PAGE-8X8-S-3D-150x150.jpg 150w, https:\/\/technikaprint.fr\/wp-content\/uploads\/2025\/02\/HOME-PAGE-8X8-S-3D-768x768.jpg 768w, https:\/\/technikaprint.fr\/wp-content\/uploads\/2025\/02\/HOME-PAGE-8X8-S-3D-1536x1536.jpg 1536w, https:\/\/technikaprint.fr\/wp-content\/uploads\/2025\/02\/HOME-PAGE-8X8-S-3D-2048x2048.jpg 2048w, https:\/\/technikaprint.fr\/wp-content\/uploads\/2025\/02\/HOME-PAGE-8X8-S-3D-270x270.jpg 270w\" sizes=\"(max-width: 2362px) 100vw, 2362px\" \/><\/a><\/figure>\n\n\n\n<hr class=\"wp-block-separator has-alpha-channel-opacity\"\/>\n\n\n\n<p><mark style=\"background-color:rgba(0, 0, 0, 0)\" class=\"has-inline-color has-white-color\">.<\/mark><\/p>\n\n\n\n<h2 class=\"wp-block-heading\"><mark style=\"background-color:rgba(0, 0, 0, 0);color:#2046a7\" class=\"has-inline-color\">La solution d\u00e9taill\u00e9e du stand Contour<\/mark><\/h2>\n\n\n\n<figure class=\"wp-block-image size-large\"><img loading=\"lazy\" decoding=\"async\" width=\"1024\" height=\"1024\" src=\"https:\/\/technikaprint.fr\/wp-content\/uploads\/2025\/02\/DETAILS-QUI-COMPTENT-1024x1024.jpg\" alt=\"stand modulaire, stand, stand nomade, stand tissu, expo, imprimerie, stand 6m2, stand 9m2, stand on line, spot, spots, cadre, structure aluminium\" class=\"wp-image-2607\" srcset=\"https:\/\/technikaprint.fr\/wp-content\/uploads\/2025\/02\/DETAILS-QUI-COMPTENT-1024x1024.jpg 1024w, https:\/\/technikaprint.fr\/wp-content\/uploads\/2025\/02\/DETAILS-QUI-COMPTENT-300x300.jpg 300w, https:\/\/technikaprint.fr\/wp-content\/uploads\/2025\/02\/DETAILS-QUI-COMPTENT-150x150.jpg 150w, https:\/\/technikaprint.fr\/wp-content\/uploads\/2025\/02\/DETAILS-QUI-COMPTENT-768x768.jpg 768w, https:\/\/technikaprint.fr\/wp-content\/uploads\/2025\/02\/DETAILS-QUI-COMPTENT-1536x1536.jpg 1536w, https:\/\/technikaprint.fr\/wp-content\/uploads\/2025\/02\/DETAILS-QUI-COMPTENT-2048x2048.jpg 2048w, https:\/\/technikaprint.fr\/wp-content\/uploads\/2025\/02\/DETAILS-QUI-COMPTENT-270x270.jpg 270w\" sizes=\"(max-width: 1024px) 100vw, 1024px\" \/><\/figure>\n\n\n\n<hr class=\"wp-block-separator has-alpha-channel-opacity\"\/>\n\n\n\n<h2 class=\"wp-block-heading\"><mark style=\"background-color:rgba(0, 0, 0, 0);color:#2046a7\" class=\"has-inline-color\">Le montage&#8230; c&rsquo;est Easy !<\/mark><\/h2>\n\n\n\n<p>La force du CONTOUR, c&rsquo;est ind\u00e9niablement sa facilite de montage et sa l\u00e9g\u00e8ret\u00e9. Voyez par vous-m\u00eame avec cette vid\u00e9o qui se passe de d&rsquo;explications ! <strong><a href=\"https:\/\/technikaprint.fr\/wp-content\/uploads\/2025\/02\/VIDEO-CONTOUR-SOL.mp4\">Cliquez ici<\/a><\/strong><\/p>\n","protected":false},"excerpt":{"rendered":"<p>Contour courbe mod\u00e8le : 8&#215;8 Afin de varier les plaisirs, ils existent des mod\u00e8les courbes. Laissez aller votre imagination et profitez du syst\u00e8me Contour pour assembler d&rsquo;autres structures courbes ou droites. Avec ce mod\u00e8le, vous obtenez un mur \u00ab\u00a0vague\u00a0\u00bb d&rsquo;une&hellip;&nbsp;<a href=\"https:\/\/technikaprint.fr\/index.php\/contour-courbe\/\" class=\"more-link\">Lire la suite<\/a><\/p>\n","protected":false},"author":1,"featured_media":0,"parent":0,"menu_order":0,"comment_status":"closed","ping_status":"closed","template":"","meta":{"_monsterinsights_skip_tracking":false,"_monsterinsights_sitenote_active":false,"_monsterinsights_sitenote_note":"","_monsterinsights_sitenote_category":0,"footnotes":""},"class_list":["post-2967","page","type-page","status-publish","hentry"],"yoast_head":"<!-- This site is optimized with the Yoast SEO plugin v27.5 - https:\/\/yoast.com\/product\/yoast-seo-wordpress\/ -->\n<title>Contour Courbe - Stand On Line<\/title>\n<meta name=\"description\" content=\"Contour courbe mod\u00e8le : 8x8 Afin de varier les plaisirs, ils existent des mod\u00e8les courbes. Laissez aller votre imagination et profitez du syst\u00e8me Contour\" \/>\n<meta name=\"robots\" content=\"index, follow, max-snippet:-1, max-image-preview:large, max-video-preview:-1\" \/>\n<link rel=\"canonical\" href=\"https:\/\/technikaprint.fr\/index.php\/contour-courbe\/\" \/>\n<meta property=\"og:locale\" content=\"fr_FR\" \/>\n<meta property=\"og:type\" content=\"article\" \/>\n<meta property=\"og:title\" content=\"Contour Courbe - Stand On Line\" \/>\n<meta property=\"og:description\" content=\"Contour courbe mod\u00e8le : 8x8 Afin de varier les plaisirs, ils existent des mod\u00e8les courbes. Laissez aller votre imagination et profitez du syst\u00e8me Contour\" \/>\n<meta property=\"og:url\" content=\"https:\/\/technikaprint.fr\/index.php\/contour-courbe\/\" \/>\n<meta property=\"og:site_name\" content=\"Stand On Line\" \/>\n<meta property=\"article:publisher\" content=\"https:\/\/www.facebook.com\/technikaprint\/\" \/>\n<meta property=\"article:modified_time\" content=\"2025-02-21T16:34:05+00:00\" \/>\n<meta property=\"og:image\" content=\"https:\/\/technikaprint.fr\/wp-content\/uploads\/2025\/02\/HOME-PAGE-8X8-COURBE-3D-1.jpg\" \/>\n\t<meta property=\"og:image:width\" content=\"2362\" \/>\n\t<meta property=\"og:image:height\" content=\"2362\" \/>\n\t<meta property=\"og:image:type\" content=\"image\/jpeg\" \/>\n<meta name=\"twitter:card\" content=\"summary_large_image\" \/>\n<meta name=\"twitter:label1\" content=\"Dur\u00e9e de lecture estim\u00e9e\" \/>\n\t<meta name=\"twitter:data1\" content=\"3 minutes\" \/>\n<script type=\"application\/ld+json\" class=\"yoast-schema-graph\">{\"@context\":\"https:\\\/\\\/schema.org\",\"@graph\":[{\"@type\":\"WebPage\",\"@id\":\"https:\\\/\\\/technikaprint.fr\\\/index.php\\\/contour-courbe\\\/\",\"url\":\"https:\\\/\\\/technikaprint.fr\\\/index.php\\\/contour-courbe\\\/\",\"name\":\"Contour Courbe - Stand On Line\",\"isPartOf\":{\"@id\":\"https:\\\/\\\/technikaprint.fr\\\/#website\"},\"primaryImageOfPage\":{\"@id\":\"https:\\\/\\\/technikaprint.fr\\\/index.php\\\/contour-courbe\\\/#primaryimage\"},\"image\":{\"@id\":\"https:\\\/\\\/technikaprint.fr\\\/index.php\\\/contour-courbe\\\/#primaryimage\"},\"thumbnailUrl\":\"https:\\\/\\\/technikaprint.fr\\\/wp-content\\\/uploads\\\/2025\\\/02\\\/HOME-PAGE-8X8-COURBE-3D-1.jpg\",\"datePublished\":\"2025-02-21T16:34:04+00:00\",\"dateModified\":\"2025-02-21T16:34:05+00:00\",\"description\":\"Contour courbe mod\u00e8le : 8x8 Afin de varier les plaisirs, ils existent des mod\u00e8les courbes. Laissez aller votre imagination et profitez du syst\u00e8me Contour\",\"breadcrumb\":{\"@id\":\"https:\\\/\\\/technikaprint.fr\\\/index.php\\\/contour-courbe\\\/#breadcrumb\"},\"inLanguage\":\"fr-FR\",\"potentialAction\":[{\"@type\":\"ReadAction\",\"target\":[\"https:\\\/\\\/technikaprint.fr\\\/index.php\\\/contour-courbe\\\/\"]}]},{\"@type\":\"ImageObject\",\"inLanguage\":\"fr-FR\",\"@id\":\"https:\\\/\\\/technikaprint.fr\\\/index.php\\\/contour-courbe\\\/#primaryimage\",\"url\":\"https:\\\/\\\/technikaprint.fr\\\/wp-content\\\/uploads\\\/2025\\\/02\\\/HOME-PAGE-8X8-COURBE-3D-1.jpg\",\"contentUrl\":\"https:\\\/\\\/technikaprint.fr\\\/wp-content\\\/uploads\\\/2025\\\/02\\\/HOME-PAGE-8X8-COURBE-3D-1.jpg\",\"width\":2362,\"height\":2362},{\"@type\":\"BreadcrumbList\",\"@id\":\"https:\\\/\\\/technikaprint.fr\\\/index.php\\\/contour-courbe\\\/#breadcrumb\",\"itemListElement\":[{\"@type\":\"ListItem\",\"position\":1,\"name\":\"Accueil\",\"item\":\"https:\\\/\\\/technikaprint.fr\\\/\"},{\"@type\":\"ListItem\",\"position\":2,\"name\":\"Contour Courbe\"}]},{\"@type\":\"WebSite\",\"@id\":\"https:\\\/\\\/technikaprint.fr\\\/#website\",\"url\":\"https:\\\/\\\/technikaprint.fr\\\/\",\"name\":\"Stand On Line\",\"description\":\"La boutique du Roll-up\",\"publisher\":{\"@id\":\"https:\\\/\\\/technikaprint.fr\\\/#organization\"},\"potentialAction\":[{\"@type\":\"SearchAction\",\"target\":{\"@type\":\"EntryPoint\",\"urlTemplate\":\"https:\\\/\\\/technikaprint.fr\\\/?s={search_term_string}\"},\"query-input\":{\"@type\":\"PropertyValueSpecification\",\"valueRequired\":true,\"valueName\":\"search_term_string\"}}],\"inLanguage\":\"fr-FR\"},{\"@type\":\"Organization\",\"@id\":\"https:\\\/\\\/technikaprint.fr\\\/#organization\",\"name\":\"Stand On Line \\\/ Technika-Print\",\"url\":\"https:\\\/\\\/technikaprint.fr\\\/\",\"logo\":{\"@type\":\"ImageObject\",\"inLanguage\":\"fr-FR\",\"@id\":\"https:\\\/\\\/technikaprint.fr\\\/#\\\/schema\\\/logo\\\/image\\\/\",\"url\":\"https:\\\/\\\/technikaprint.fr\\\/wp-content\\\/uploads\\\/2020\\\/04\\\/SOL-AU-CARRE.jpg\",\"contentUrl\":\"https:\\\/\\\/technikaprint.fr\\\/wp-content\\\/uploads\\\/2020\\\/04\\\/SOL-AU-CARRE.jpg\",\"width\":1705,\"height\":1705,\"caption\":\"Stand On Line \\\/ Technika-Print\"},\"image\":{\"@id\":\"https:\\\/\\\/technikaprint.fr\\\/#\\\/schema\\\/logo\\\/image\\\/\"},\"sameAs\":[\"https:\\\/\\\/www.facebook.com\\\/technikaprint\\\/\",\"https:\\\/\\\/www.linkedin.com\\\/in\\\/yann-phetsanghane-50763315b\\\/\"]}]}<\/script>\n<!-- \/ Yoast SEO plugin. -->","yoast_head_json":{"title":"Contour Courbe - Stand On Line","description":"Contour courbe mod\u00e8le : 8x8 Afin de varier les plaisirs, ils existent des mod\u00e8les courbes. Laissez aller votre imagination et profitez du syst\u00e8me Contour","robots":{"index":"index","follow":"follow","max-snippet":"max-snippet:-1","max-image-preview":"max-image-preview:large","max-video-preview":"max-video-preview:-1"},"canonical":"https:\/\/technikaprint.fr\/index.php\/contour-courbe\/","og_locale":"fr_FR","og_type":"article","og_title":"Contour Courbe - Stand On Line","og_description":"Contour courbe mod\u00e8le : 8x8 Afin de varier les plaisirs, ils existent des mod\u00e8les courbes. Laissez aller votre imagination et profitez du syst\u00e8me Contour","og_url":"https:\/\/technikaprint.fr\/index.php\/contour-courbe\/","og_site_name":"Stand On Line","article_publisher":"https:\/\/www.facebook.com\/technikaprint\/","article_modified_time":"2025-02-21T16:34:05+00:00","og_image":[{"width":2362,"height":2362,"url":"https:\/\/technikaprint.fr\/wp-content\/uploads\/2025\/02\/HOME-PAGE-8X8-COURBE-3D-1.jpg","type":"image\/jpeg"}],"twitter_card":"summary_large_image","twitter_misc":{"Dur\u00e9e de lecture estim\u00e9e":"3 minutes"},"schema":{"@context":"https:\/\/schema.org","@graph":[{"@type":"WebPage","@id":"https:\/\/technikaprint.fr\/index.php\/contour-courbe\/","url":"https:\/\/technikaprint.fr\/index.php\/contour-courbe\/","name":"Contour Courbe - Stand On Line","isPartOf":{"@id":"https:\/\/technikaprint.fr\/#website"},"primaryImageOfPage":{"@id":"https:\/\/technikaprint.fr\/index.php\/contour-courbe\/#primaryimage"},"image":{"@id":"https:\/\/technikaprint.fr\/index.php\/contour-courbe\/#primaryimage"},"thumbnailUrl":"https:\/\/technikaprint.fr\/wp-content\/uploads\/2025\/02\/HOME-PAGE-8X8-COURBE-3D-1.jpg","datePublished":"2025-02-21T16:34:04+00:00","dateModified":"2025-02-21T16:34:05+00:00","description":"Contour courbe mod\u00e8le : 8x8 Afin de varier les plaisirs, ils existent des mod\u00e8les courbes. Laissez aller votre imagination et profitez du syst\u00e8me Contour","breadcrumb":{"@id":"https:\/\/technikaprint.fr\/index.php\/contour-courbe\/#breadcrumb"},"inLanguage":"fr-FR","potentialAction":[{"@type":"ReadAction","target":["https:\/\/technikaprint.fr\/index.php\/contour-courbe\/"]}]},{"@type":"ImageObject","inLanguage":"fr-FR","@id":"https:\/\/technikaprint.fr\/index.php\/contour-courbe\/#primaryimage","url":"https:\/\/technikaprint.fr\/wp-content\/uploads\/2025\/02\/HOME-PAGE-8X8-COURBE-3D-1.jpg","contentUrl":"https:\/\/technikaprint.fr\/wp-content\/uploads\/2025\/02\/HOME-PAGE-8X8-COURBE-3D-1.jpg","width":2362,"height":2362},{"@type":"BreadcrumbList","@id":"https:\/\/technikaprint.fr\/index.php\/contour-courbe\/#breadcrumb","itemListElement":[{"@type":"ListItem","position":1,"name":"Accueil","item":"https:\/\/technikaprint.fr\/"},{"@type":"ListItem","position":2,"name":"Contour Courbe"}]},{"@type":"WebSite","@id":"https:\/\/technikaprint.fr\/#website","url":"https:\/\/technikaprint.fr\/","name":"Stand On Line","description":"La boutique du Roll-up","publisher":{"@id":"https:\/\/technikaprint.fr\/#organization"},"potentialAction":[{"@type":"SearchAction","target":{"@type":"EntryPoint","urlTemplate":"https:\/\/technikaprint.fr\/?s={search_term_string}"},"query-input":{"@type":"PropertyValueSpecification","valueRequired":true,"valueName":"search_term_string"}}],"inLanguage":"fr-FR"},{"@type":"Organization","@id":"https:\/\/technikaprint.fr\/#organization","name":"Stand On Line \/ Technika-Print","url":"https:\/\/technikaprint.fr\/","logo":{"@type":"ImageObject","inLanguage":"fr-FR","@id":"https:\/\/technikaprint.fr\/#\/schema\/logo\/image\/","url":"https:\/\/technikaprint.fr\/wp-content\/uploads\/2020\/04\/SOL-AU-CARRE.jpg","contentUrl":"https:\/\/technikaprint.fr\/wp-content\/uploads\/2020\/04\/SOL-AU-CARRE.jpg","width":1705,"height":1705,"caption":"Stand On Line \/ Technika-Print"},"image":{"@id":"https:\/\/technikaprint.fr\/#\/schema\/logo\/image\/"},"sameAs":["https:\/\/www.facebook.com\/technikaprint\/","https:\/\/www.linkedin.com\/in\/yann-phetsanghane-50763315b\/"]}]}},"_links":{"self":[{"href":"https:\/\/technikaprint.fr\/index.php\/wp-json\/wp\/v2\/pages\/2967","targetHints":{"allow":["GET"]}}],"collection":[{"href":"https:\/\/technikaprint.fr\/index.php\/wp-json\/wp\/v2\/pages"}],"about":[{"href":"https:\/\/technikaprint.fr\/index.php\/wp-json\/wp\/v2\/types\/page"}],"author":[{"embeddable":true,"href":"https:\/\/technikaprint.fr\/index.php\/wp-json\/wp\/v2\/users\/1"}],"replies":[{"embeddable":true,"href":"https:\/\/technikaprint.fr\/index.php\/wp-json\/wp\/v2\/comments?post=2967"}],"version-history":[{"count":9,"href":"https:\/\/technikaprint.fr\/index.php\/wp-json\/wp\/v2\/pages\/2967\/revisions"}],"predecessor-version":[{"id":3012,"href":"https:\/\/technikaprint.fr\/index.php\/wp-json\/wp\/v2\/pages\/2967\/revisions\/3012"}],"wp:attachment":[{"href":"https:\/\/technikaprint.fr\/index.php\/wp-json\/wp\/v2\/media?parent=2967"}],"curies":[{"name":"wp","href":"https:\/\/api.w.org\/{rel}","templated":true}]}}