{"id":297,"date":"2020-04-08T16:11:43","date_gmt":"2020-04-08T14:11:43","guid":{"rendered":"https:\/\/technikaprint.fr\/?page_id=297"},"modified":"2026-04-23T12:57:07","modified_gmt":"2026-04-23T10:57:07","slug":"photo-poster","status":"publish","type":"page","link":"https:\/\/technikaprint.fr\/index.php\/photo-poster\/","title":{"rendered":"Photo, Poster"},"content":{"rendered":"\n<h2 class=\"wp-block-heading\"><span style=\"color:#1c40ad\" class=\"has-inline-color\"><strong>Des photos et des posters !<\/strong><\/span><\/h2>\n\n\n\n<p>Qui n\u2019a jamais accroch\u00e9 un poster dans sa chambre ? Un chanteur, une actrice, un footballeur, une moto de r\u00eave ou encore une affiche de cin\u00e9ma marquante\u2026 Sans oublier ces posters que l\u2019on d\u00e9coupait soigneusement dans les pages de magazines comme <em><strong><a href=\"https:\/\/actu.fr\/occitanie\/toulouse_31555\/le-jour-claude-francois-rachete-petit-magazine-toulouse-booster-carriere_17538381.html\" target=\"_blank\" rel=\"noreferrer noopener\">Podium<\/a><\/strong>, <strong><a href=\"https:\/\/www.cadenceinfo.com\/salut-les-copains-et-son-magazine-pour-ados.htm\" target=\"_blank\" rel=\"noreferrer noopener\">Salut les Copains<\/a><\/strong>&#8230;<\/em> Des souvenirs qui nous font sourire aujourd\u2019hui\u2026 et pourtant, les posters font un retour remarqu\u00e9 ! Plus que jamais tendance, ils reviennent en force pour habiller nos int\u00e9rieurs avec style et personnalit\u00e9.<br> <span style=\"color:#ffffff\" class=\"has-inline-color\">Photo-Poster<\/span><br><\/p>\n\n\n\n<figure class=\"wp-block-image size-large\"><img fetchpriority=\"high\" decoding=\"async\" width=\"1024\" height=\"248\" src=\"https:\/\/technikaprint.fr\/wp-content\/uploads\/2025\/02\/POSTERS-1024x248.jpg\" alt=\"Photo, Tirage photo, Art, Cadre photo, Ultrachrome, Epson\" class=\"wp-image-2743\" srcset=\"https:\/\/technikaprint.fr\/wp-content\/uploads\/2025\/02\/POSTERS-1024x248.jpg 1024w, https:\/\/technikaprint.fr\/wp-content\/uploads\/2025\/02\/POSTERS-300x73.jpg 300w, https:\/\/technikaprint.fr\/wp-content\/uploads\/2025\/02\/POSTERS-768x186.jpg 768w, https:\/\/technikaprint.fr\/wp-content\/uploads\/2025\/02\/POSTERS-360x87.jpg 360w, https:\/\/technikaprint.fr\/wp-content\/uploads\/2025\/02\/POSTERS.jpg 1512w\" sizes=\"(max-width: 1024px) 100vw, 1024px\" \/><\/figure>\n\n\n\n<p>Nous ne vous proposons pas forc\u00e9ment de ressortir vos anciens posters qui recouvraient les murs (souvent bien color\u00e9s !) de votre chambre\u2026 m\u00eame si le style vintage fait aujourd\u2019hui son grand retour et s\u00e9duit de plus en plus.<\/p>\n\n\n\n<p>Ici, l\u2019id\u00e9e est simple : vous offrir la possibilit\u00e9 de cr\u00e9er un poster qui vous ressemble, en accord avec vos envies et votre univers. <span style=\"color:#ffffff\" class=\"has-inline-color\">Photo-Poster Photo-Poster Photo-Poster<\/span><\/p>\n\n\n\n<figure class=\"wp-block-table\"><table><tbody><tr><td><strong>Poster au format 30&#215;40 cm<\/strong> &#8211; Impression quadri sur papier 200 Gr Satin<\/td><td class=\"has-text-align-right\" data-align=\"right\"><strong>9.00 \u20ac HT<\/strong><\/td><\/tr><tr><td><strong>Poster au format 40&#215;60 cm<\/strong> &#8211; Impression quadri sur papier 200 Gr Satin<\/td><td class=\"has-text-align-right\" data-align=\"right\"><strong>9.00 \u20ac HT<\/strong><\/td><\/tr><tr><td><strong>Poster au format 50&#215;75 cm<\/strong> &#8211; Impression quadri sur papier 200 Gr Satin<\/td><td class=\"has-text-align-right\" data-align=\"right\"><strong>12.00 \u20ac HT<\/strong><\/td><\/tr><tr><td><strong>Poster au format 60&#215;80 cm<\/strong> &#8211; Impression quadri sur papier 200 Gr Satin<\/td><td class=\"has-text-align-right\" data-align=\"right\"><strong>14.00 \u20ac HT<\/strong><\/td><\/tr><tr><td><strong>Poster au format 70&#215;94 cm<\/strong> &#8211; Impression quadri sur papier 200 Gr Satin<\/td><td class=\"has-text-align-right\" data-align=\"right\"><strong>16.00 \u20ac HT<\/strong><\/td><\/tr><tr><td><strong>Poster au format 80&#215;120 cm<\/strong> &#8211; Impression quadri sur papier 200 Gr Satin<\/td><td class=\"has-text-align-right\" data-align=\"right\"><strong>22.50 \u20ac HT<\/strong><\/td><\/tr><tr><td><strong>Poster au format 90&#215;135 cm<\/strong> &#8211; Impression quadri sur papier 200 Gr Satin<\/td><td class=\"has-text-align-right\" data-align=\"right\"><strong>26.50 \u20ac HT<\/strong><\/td><\/tr><tr><td><strong>Poster au format 100&#215;150 cm<\/strong> &#8211; Impression quadri sur papier 200 Gr Satin<\/td><td class=\"has-text-align-right\" data-align=\"right\"><strong>35.00 \u20ac HT<\/strong><\/td><\/tr><\/tbody><\/table><figcaption class=\"wp-element-caption\">Attention : Les dimensions des cadres sont susceptibles d&rsquo;\u00eatre modifi\u00e9s ou indisponibles.<br>Il est pr\u00e9f\u00e9rable de faire une demande pour les disponibilit\u00e9s.<\/figcaption><\/figure>\n\n\n\n<h2 class=\"wp-block-heading\"><br><span style=\"color:#1c40ad\" class=\"has-inline-color\"><strong>Et la photo, on en parle ?<\/strong><\/span><\/h2>\n\n\n\n<p>\u00c0 l\u2019\u00e8re du tout num\u00e9rique, avec le passage de l\u2019argentique \u00e0 la photographie digitale, le nombre de prises de vue a litt\u00e9ralement explos\u00e9. <br><\/p>\n\n\n\n<figure class=\"wp-block-image size-large\"><img decoding=\"async\" width=\"1024\" height=\"278\" src=\"https:\/\/technikaprint.fr\/wp-content\/uploads\/2025\/02\/PHOTOS-1024x278.jpg\" alt=\"Photo, Tirage photo, Art, Cadre photo, Ultrachrome, Epson\" class=\"wp-image-2742\" srcset=\"https:\/\/technikaprint.fr\/wp-content\/uploads\/2025\/02\/PHOTOS-1024x278.jpg 1024w, https:\/\/technikaprint.fr\/wp-content\/uploads\/2025\/02\/PHOTOS-300x81.jpg 300w, https:\/\/technikaprint.fr\/wp-content\/uploads\/2025\/02\/PHOTOS-768x208.jpg 768w, https:\/\/technikaprint.fr\/wp-content\/uploads\/2025\/02\/PHOTOS-360x98.jpg 360w, https:\/\/technikaprint.fr\/wp-content\/uploads\/2025\/02\/PHOTOS.jpg 1500w\" sizes=\"(max-width: 1024px) 100vw, 1024px\" \/><\/figure>\n\n\n\n<p><br>Avant l\u2019arriv\u00e9e du num\u00e9rique, la photographie argentique s\u2019est d\u00e9velopp\u00e9e progressivement. Depuis les tout premiers clich\u00e9s jusqu\u2019\u00e0 l\u2019apparition d\u2019appareils accessibles au grand public \u2014 comme le <strong><a href=\"https:\/\/www.reddit.com\/r\/vintagecameras\/comments\/8csscy\/1900_kodak_brownie_the_camera_that_brought\/\" target=\"_blank\" rel=\"noreferrer noopener\">Kodak Brownie<\/a><\/strong>, en 1900 \u2014 la pratique s\u2019est d\u00e9mocratis\u00e9e. Dans les ann\u00e9es 1960, plus de la moiti\u00e9 des photos prises \u00e9taient des photos de famille, souvent centr\u00e9es sur les enfants, avec des codes bien d\u00e9finis de ce qu\u2019\u00e9tait une <em>\u201cbelle\u201d<\/em> photo.<\/p>\n\n\n\n<p>En l\u2019an 2000, environ 85 milliards de photos ont \u00e9t\u00e9 prises dans le monde, soit pr\u00e8s de 2 500 clich\u00e9s par seconde.<\/p>\n\n\n\n<p>Impressionnant ? Peut-\u00eatre moins aujourd\u2019hui. Avec pr\u00e8s de 2,5 milliards de personnes \u00e9quip\u00e9es d\u2019un appareil photo num\u00e9rique (souvent int\u00e9gr\u00e9 \u00e0 leur smartphone), il suffit de quelques dizaines de photos par an pour atteindre ces chiffres. Et avec les usages actuels, les volumes explosent : nous prenons aujourd\u2019hui bien plus de photos qu\u2019il y a seulement dix ans, et des milliards d\u2019images sont partag\u00e9es chaque ann\u00e9e sur les r\u00e9seaux sociaux.<\/p>\n\n\n\n<p>Mais au final, combien de ces photos sont r\u00e9ellement conserv\u00e9es ? Beaucoup restent stock\u00e9es sur des t\u00e9l\u00e9phones, des disques durs ou dans le cloud\u2026 sans garantie de dur\u00e9e. Qui peut affirmer que ces supports existeront encore demain ?<\/p>\n\n\n\n<p>C\u2019est pourquoi le tirage papier reste la solution la plus fiable pour pr\u00e9server et transmettre vos souvenirs. Nous imprimons vos photos sur des papiers sp\u00e9cialement con\u00e7us pour la photographie, avec des encres pigmentaires UltraChrome HD, reconnues pour leur excellente tenue dans le temps. Et pour sublimer vos images, nous pouvons \u00e9galement les encadrer\u2026 il ne vous restera plus qu\u2019\u00e0 les accrocher.<br><br>Ci-dessous, \u00e0 titre indicatif, les prix d&rsquo;un tirage encadr\u00e9. Tous les tirages photos sont imprim\u00e9s sur papier photo avec nos encres pigmentaires Epson. <em>Pour toute demande, devis sur simple demande via notre\u00a0<a href=\"https:\/\/technikaprint.fr\/index.php\/contact\/\">formulaire de contact<\/a><\/em><\/p>\n\n\n\n<figure class=\"wp-block-table\"><table><tbody><tr><td>Cadre format : 23&#215;23 cm &#8211; Photo 12&#215;12 cm ou plein format<\/td><td class=\"has-text-align-right\" data-align=\"right\"><strong>26.00 \u20ac HT<\/strong><\/td><\/tr><tr><td>Cadre format : 30&#215;40 cm &#8211; Photo 20&#215;29 cm ou plein format<\/td><td class=\"has-text-align-right\" data-align=\"right\"><strong>31.00 \u20ac HT<\/strong><\/td><\/tr><tr><td>Cadre format : 40&#215;50 cm &#8211; Photo 29&#215;39 cm ou plein format<\/td><td class=\"has-text-align-right\" data-align=\"right\"><strong>35.00 \u20ac HT<\/strong><\/td><\/tr><tr><td>Cadre format : 50&#215;50 cm &#8211; Photo 29&#215;29 cm ou plein format<\/td><td class=\"has-text-align-right\" data-align=\"right\"><strong>42.00 \u20ac HT<\/strong><\/td><\/tr><tr><td>Cadre format : 50&#215;70 cm &#8211; Photo 39&#215;49 cm ou plein format<\/td><td class=\"has-text-align-right\" data-align=\"right\"><strong>46.00 \u20ac HT<\/strong><\/td><\/tr><tr><td>Cadre format : 61&#215;91 cm &#8211; Photo 49&#215;69 cm ou plein format<\/td><td class=\"has-text-align-right\" data-align=\"right\"><strong>60.00 \u20ac HT<\/strong><\/td><\/tr><\/tbody><\/table><\/figure>\n\n\n\n<figure class=\"wp-block-image size-large is-resized\"><img decoding=\"async\" width=\"1024\" height=\"366\" src=\"https:\/\/technikaprint.fr\/wp-content\/uploads\/2020\/05\/CADRE-DIMENSION-1024x366.jpg\" alt=\"Cadre photo, Poster, Affiche, Photo, Tirage, Grand format\" class=\"wp-image-1646\" srcset=\"https:\/\/technikaprint.fr\/wp-content\/uploads\/2020\/05\/CADRE-DIMENSION-1024x366.jpg 1024w, https:\/\/technikaprint.fr\/wp-content\/uploads\/2020\/05\/CADRE-DIMENSION-300x107.jpg 300w, https:\/\/technikaprint.fr\/wp-content\/uploads\/2020\/05\/CADRE-DIMENSION-768x275.jpg 768w, https:\/\/technikaprint.fr\/wp-content\/uploads\/2020\/05\/CADRE-DIMENSION-1536x549.jpg 1536w, https:\/\/technikaprint.fr\/wp-content\/uploads\/2020\/05\/CADRE-DIMENSION-360x129.jpg 360w, https:\/\/technikaprint.fr\/wp-content\/uploads\/2020\/05\/CADRE-DIMENSION.jpg 1600w\" sizes=\"(max-width: 1024px) 100vw, 1024px\" \/><figcaption class=\"wp-element-caption\"><em>Cadres en fibres de bois avec passe-partout. Peinture laqu\u00e9e. Coloris disponibles : noir ou blanc.<\/em> <br>Sous r\u00e9serve des disponibilit\u00e9s. <strong>Attention nous faisons face actuellement \u00e0 de fortes ruptures d&rsquo;approvisionnement<\/strong>. <strong>Il est pr\u00e9f\u00e9rable de nous appeler afin de conna\u00eetre les stocks.<\/strong><\/figcaption><\/figure>\n\n\n\n<hr class=\"wp-block-separator has-css-opacity\"\/>\n\n\n\n<figure class=\"wp-block-image size-large\"><a href=\"https:\/\/technikaprint.fr\/index.php\/spot\/\"><img loading=\"lazy\" decoding=\"async\" width=\"1024\" height=\"171\" src=\"https:\/\/technikaprint.fr\/wp-content\/uploads\/2020\/05\/SPOT-CLOISON-1024x171.jpg\" alt=\"Spot, Cloison, Spot galerie, Standonline\" class=\"wp-image-2140\" srcset=\"https:\/\/technikaprint.fr\/wp-content\/uploads\/2020\/05\/SPOT-CLOISON-1024x171.jpg 1024w, https:\/\/technikaprint.fr\/wp-content\/uploads\/2020\/05\/SPOT-CLOISON-300x50.jpg 300w, https:\/\/technikaprint.fr\/wp-content\/uploads\/2020\/05\/SPOT-CLOISON-768x128.jpg 768w, https:\/\/technikaprint.fr\/wp-content\/uploads\/2020\/05\/SPOT-CLOISON-360x60.jpg 360w, https:\/\/technikaprint.fr\/wp-content\/uploads\/2020\/05\/SPOT-CLOISON.jpg 1417w\" sizes=\"(max-width: 1024px) 100vw, 1024px\" \/><\/a><\/figure>\n","protected":false},"excerpt":{"rendered":"<p>Des photos et des posters ! Qui n\u2019a jamais accroch\u00e9 un poster dans sa chambre ? Un chanteur, une actrice, un footballeur, une moto de r\u00eave ou encore une affiche de cin\u00e9ma marquante\u2026 Sans oublier ces posters que l\u2019on d\u00e9coupait&hellip;&nbsp;<a href=\"https:\/\/technikaprint.fr\/index.php\/photo-poster\/\" class=\"more-link\">Lire la suite<\/a><\/p>\n","protected":false},"author":1,"featured_media":0,"parent":0,"menu_order":0,"comment_status":"closed","ping_status":"closed","template":"","meta":{"_monsterinsights_skip_tracking":false,"_monsterinsights_sitenote_active":false,"_monsterinsights_sitenote_note":"","_monsterinsights_sitenote_category":0,"footnotes":""},"class_list":["post-297","page","type-page","status-publish","hentry"],"yoast_head":"<!-- This site is optimized with the Yoast SEO plugin v27.5 - https:\/\/yoast.com\/product\/yoast-seo-wordpress\/ -->\n<title>Photo-Poster... - Stand On Line - Du simple tirage au poster XXL<\/title>\n<meta name=\"description\" content=\"Photo-Poster ! Ne gardez plus vos photos dans votre t\u00e9l\u00e9phone ou carte m\u00e9moire ! Nous r\u00e9alisons des tirages grands formats !\" \/>\n<meta name=\"robots\" content=\"index, follow, max-snippet:-1, max-image-preview:large, max-video-preview:-1\" \/>\n<link rel=\"canonical\" href=\"https:\/\/technikaprint.fr\/index.php\/photo-poster\/\" \/>\n<meta property=\"og:locale\" content=\"fr_FR\" \/>\n<meta property=\"og:type\" content=\"article\" \/>\n<meta property=\"og:title\" content=\"Photo-Poster... - Stand On Line - Du simple tirage au poster XXL\" \/>\n<meta property=\"og:description\" content=\"Photo-Poster ! Ne gardez plus vos photos dans votre t\u00e9l\u00e9phone ou carte m\u00e9moire ! Nous r\u00e9alisons des tirages grands formats !\" \/>\n<meta property=\"og:url\" content=\"https:\/\/technikaprint.fr\/index.php\/photo-poster\/\" \/>\n<meta property=\"og:site_name\" content=\"Stand On Line\" \/>\n<meta property=\"article:publisher\" content=\"https:\/\/www.facebook.com\/technikaprint\/\" \/>\n<meta property=\"article:modified_time\" content=\"2026-04-23T10:57:07+00:00\" \/>\n<meta property=\"og:image\" content=\"https:\/\/technikaprint.fr\/wp-content\/uploads\/2025\/02\/POSTERS.jpg\" \/>\n\t<meta property=\"og:image:width\" content=\"1512\" \/>\n\t<meta property=\"og:image:height\" content=\"366\" \/>\n\t<meta property=\"og:image:type\" content=\"image\/jpeg\" \/>\n<meta name=\"twitter:card\" content=\"summary_large_image\" \/>\n<meta name=\"twitter:label1\" content=\"Dur\u00e9e de lecture estim\u00e9e\" \/>\n\t<meta name=\"twitter:data1\" content=\"5 minutes\" \/>\n<script type=\"application\/ld+json\" class=\"yoast-schema-graph\">{\"@context\":\"https:\\\/\\\/schema.org\",\"@graph\":[{\"@type\":\"WebPage\",\"@id\":\"https:\\\/\\\/technikaprint.fr\\\/index.php\\\/photo-poster\\\/\",\"url\":\"https:\\\/\\\/technikaprint.fr\\\/index.php\\\/photo-poster\\\/\",\"name\":\"Photo-Poster... - Stand On Line - Du simple tirage au poster XXL\",\"isPartOf\":{\"@id\":\"https:\\\/\\\/technikaprint.fr\\\/#website\"},\"primaryImageOfPage\":{\"@id\":\"https:\\\/\\\/technikaprint.fr\\\/index.php\\\/photo-poster\\\/#primaryimage\"},\"image\":{\"@id\":\"https:\\\/\\\/technikaprint.fr\\\/index.php\\\/photo-poster\\\/#primaryimage\"},\"thumbnailUrl\":\"https:\\\/\\\/technikaprint.fr\\\/wp-content\\\/uploads\\\/2025\\\/02\\\/POSTERS-1024x248.jpg\",\"datePublished\":\"2020-04-08T14:11:43+00:00\",\"dateModified\":\"2026-04-23T10:57:07+00:00\",\"description\":\"Photo-Poster ! Ne gardez plus vos photos dans votre t\u00e9l\u00e9phone ou carte m\u00e9moire ! Nous r\u00e9alisons des tirages grands formats !\",\"breadcrumb\":{\"@id\":\"https:\\\/\\\/technikaprint.fr\\\/index.php\\\/photo-poster\\\/#breadcrumb\"},\"inLanguage\":\"fr-FR\",\"potentialAction\":[{\"@type\":\"ReadAction\",\"target\":[\"https:\\\/\\\/technikaprint.fr\\\/index.php\\\/photo-poster\\\/\"]}]},{\"@type\":\"ImageObject\",\"inLanguage\":\"fr-FR\",\"@id\":\"https:\\\/\\\/technikaprint.fr\\\/index.php\\\/photo-poster\\\/#primaryimage\",\"url\":\"https:\\\/\\\/technikaprint.fr\\\/wp-content\\\/uploads\\\/2025\\\/02\\\/POSTERS.jpg\",\"contentUrl\":\"https:\\\/\\\/technikaprint.fr\\\/wp-content\\\/uploads\\\/2025\\\/02\\\/POSTERS.jpg\",\"width\":1512,\"height\":366},{\"@type\":\"BreadcrumbList\",\"@id\":\"https:\\\/\\\/technikaprint.fr\\\/index.php\\\/photo-poster\\\/#breadcrumb\",\"itemListElement\":[{\"@type\":\"ListItem\",\"position\":1,\"name\":\"Accueil\",\"item\":\"https:\\\/\\\/technikaprint.fr\\\/\"},{\"@type\":\"ListItem\",\"position\":2,\"name\":\"Photo, Poster\"}]},{\"@type\":\"WebSite\",\"@id\":\"https:\\\/\\\/technikaprint.fr\\\/#website\",\"url\":\"https:\\\/\\\/technikaprint.fr\\\/\",\"name\":\"Stand On Line\",\"description\":\"La boutique du Roll-up\",\"publisher\":{\"@id\":\"https:\\\/\\\/technikaprint.fr\\\/#organization\"},\"potentialAction\":[{\"@type\":\"SearchAction\",\"target\":{\"@type\":\"EntryPoint\",\"urlTemplate\":\"https:\\\/\\\/technikaprint.fr\\\/?s={search_term_string}\"},\"query-input\":{\"@type\":\"PropertyValueSpecification\",\"valueRequired\":true,\"valueName\":\"search_term_string\"}}],\"inLanguage\":\"fr-FR\"},{\"@type\":\"Organization\",\"@id\":\"https:\\\/\\\/technikaprint.fr\\\/#organization\",\"name\":\"Stand On Line \\\/ Technika-Print\",\"url\":\"https:\\\/\\\/technikaprint.fr\\\/\",\"logo\":{\"@type\":\"ImageObject\",\"inLanguage\":\"fr-FR\",\"@id\":\"https:\\\/\\\/technikaprint.fr\\\/#\\\/schema\\\/logo\\\/image\\\/\",\"url\":\"https:\\\/\\\/technikaprint.fr\\\/wp-content\\\/uploads\\\/2020\\\/04\\\/SOL-AU-CARRE.jpg\",\"contentUrl\":\"https:\\\/\\\/technikaprint.fr\\\/wp-content\\\/uploads\\\/2020\\\/04\\\/SOL-AU-CARRE.jpg\",\"width\":1705,\"height\":1705,\"caption\":\"Stand On Line \\\/ Technika-Print\"},\"image\":{\"@id\":\"https:\\\/\\\/technikaprint.fr\\\/#\\\/schema\\\/logo\\\/image\\\/\"},\"sameAs\":[\"https:\\\/\\\/www.facebook.com\\\/technikaprint\\\/\",\"https:\\\/\\\/www.linkedin.com\\\/in\\\/yann-phetsanghane-50763315b\\\/\"]}]}<\/script>\n<!-- \/ Yoast SEO plugin. -->","yoast_head_json":{"title":"Photo-Poster... - Stand On Line - Du simple tirage au poster XXL","description":"Photo-Poster ! Ne gardez plus vos photos dans votre t\u00e9l\u00e9phone ou carte m\u00e9moire ! Nous r\u00e9alisons des tirages grands formats !","robots":{"index":"index","follow":"follow","max-snippet":"max-snippet:-1","max-image-preview":"max-image-preview:large","max-video-preview":"max-video-preview:-1"},"canonical":"https:\/\/technikaprint.fr\/index.php\/photo-poster\/","og_locale":"fr_FR","og_type":"article","og_title":"Photo-Poster... - Stand On Line - Du simple tirage au poster XXL","og_description":"Photo-Poster ! Ne gardez plus vos photos dans votre t\u00e9l\u00e9phone ou carte m\u00e9moire ! Nous r\u00e9alisons des tirages grands formats !","og_url":"https:\/\/technikaprint.fr\/index.php\/photo-poster\/","og_site_name":"Stand On Line","article_publisher":"https:\/\/www.facebook.com\/technikaprint\/","article_modified_time":"2026-04-23T10:57:07+00:00","og_image":[{"width":1512,"height":366,"url":"https:\/\/technikaprint.fr\/wp-content\/uploads\/2025\/02\/POSTERS.jpg","type":"image\/jpeg"}],"twitter_card":"summary_large_image","twitter_misc":{"Dur\u00e9e de lecture estim\u00e9e":"5 minutes"},"schema":{"@context":"https:\/\/schema.org","@graph":[{"@type":"WebPage","@id":"https:\/\/technikaprint.fr\/index.php\/photo-poster\/","url":"https:\/\/technikaprint.fr\/index.php\/photo-poster\/","name":"Photo-Poster... - Stand On Line - Du simple tirage au poster XXL","isPartOf":{"@id":"https:\/\/technikaprint.fr\/#website"},"primaryImageOfPage":{"@id":"https:\/\/technikaprint.fr\/index.php\/photo-poster\/#primaryimage"},"image":{"@id":"https:\/\/technikaprint.fr\/index.php\/photo-poster\/#primaryimage"},"thumbnailUrl":"https:\/\/technikaprint.fr\/wp-content\/uploads\/2025\/02\/POSTERS-1024x248.jpg","datePublished":"2020-04-08T14:11:43+00:00","dateModified":"2026-04-23T10:57:07+00:00","description":"Photo-Poster ! Ne gardez plus vos photos dans votre t\u00e9l\u00e9phone ou carte m\u00e9moire ! Nous r\u00e9alisons des tirages grands formats !","breadcrumb":{"@id":"https:\/\/technikaprint.fr\/index.php\/photo-poster\/#breadcrumb"},"inLanguage":"fr-FR","potentialAction":[{"@type":"ReadAction","target":["https:\/\/technikaprint.fr\/index.php\/photo-poster\/"]}]},{"@type":"ImageObject","inLanguage":"fr-FR","@id":"https:\/\/technikaprint.fr\/index.php\/photo-poster\/#primaryimage","url":"https:\/\/technikaprint.fr\/wp-content\/uploads\/2025\/02\/POSTERS.jpg","contentUrl":"https:\/\/technikaprint.fr\/wp-content\/uploads\/2025\/02\/POSTERS.jpg","width":1512,"height":366},{"@type":"BreadcrumbList","@id":"https:\/\/technikaprint.fr\/index.php\/photo-poster\/#breadcrumb","itemListElement":[{"@type":"ListItem","position":1,"name":"Accueil","item":"https:\/\/technikaprint.fr\/"},{"@type":"ListItem","position":2,"name":"Photo, Poster"}]},{"@type":"WebSite","@id":"https:\/\/technikaprint.fr\/#website","url":"https:\/\/technikaprint.fr\/","name":"Stand On Line","description":"La boutique du Roll-up","publisher":{"@id":"https:\/\/technikaprint.fr\/#organization"},"potentialAction":[{"@type":"SearchAction","target":{"@type":"EntryPoint","urlTemplate":"https:\/\/technikaprint.fr\/?s={search_term_string}"},"query-input":{"@type":"PropertyValueSpecification","valueRequired":true,"valueName":"search_term_string"}}],"inLanguage":"fr-FR"},{"@type":"Organization","@id":"https:\/\/technikaprint.fr\/#organization","name":"Stand On Line \/ Technika-Print","url":"https:\/\/technikaprint.fr\/","logo":{"@type":"ImageObject","inLanguage":"fr-FR","@id":"https:\/\/technikaprint.fr\/#\/schema\/logo\/image\/","url":"https:\/\/technikaprint.fr\/wp-content\/uploads\/2020\/04\/SOL-AU-CARRE.jpg","contentUrl":"https:\/\/technikaprint.fr\/wp-content\/uploads\/2020\/04\/SOL-AU-CARRE.jpg","width":1705,"height":1705,"caption":"Stand On Line \/ Technika-Print"},"image":{"@id":"https:\/\/technikaprint.fr\/#\/schema\/logo\/image\/"},"sameAs":["https:\/\/www.facebook.com\/technikaprint\/","https:\/\/www.linkedin.com\/in\/yann-phetsanghane-50763315b\/"]}]}},"_links":{"self":[{"href":"https:\/\/technikaprint.fr\/index.php\/wp-json\/wp\/v2\/pages\/297","targetHints":{"allow":["GET"]}}],"collection":[{"href":"https:\/\/technikaprint.fr\/index.php\/wp-json\/wp\/v2\/pages"}],"about":[{"href":"https:\/\/technikaprint.fr\/index.php\/wp-json\/wp\/v2\/types\/page"}],"author":[{"embeddable":true,"href":"https:\/\/technikaprint.fr\/index.php\/wp-json\/wp\/v2\/users\/1"}],"replies":[{"embeddable":true,"href":"https:\/\/technikaprint.fr\/index.php\/wp-json\/wp\/v2\/comments?post=297"}],"version-history":[{"count":49,"href":"https:\/\/technikaprint.fr\/index.php\/wp-json\/wp\/v2\/pages\/297\/revisions"}],"predecessor-version":[{"id":3142,"href":"https:\/\/technikaprint.fr\/index.php\/wp-json\/wp\/v2\/pages\/297\/revisions\/3142"}],"wp:attachment":[{"href":"https:\/\/technikaprint.fr\/index.php\/wp-json\/wp\/v2\/media?parent=297"}],"curies":[{"name":"wp","href":"https:\/\/api.w.org\/{rel}","templated":true}]}}