{"id":299,"date":"2020-04-08T16:12:40","date_gmt":"2020-04-08T14:12:40","guid":{"rendered":"https:\/\/technikaprint.fr\/?page_id=299"},"modified":"2026-04-23T11:04:12","modified_gmt":"2026-04-23T09:04:12","slug":"stickers-deco","status":"publish","type":"page","link":"https:\/\/technikaprint.fr\/index.php\/stickers-deco\/","title":{"rendered":"D\u00e9co int\u00e9rieur"},"content":{"rendered":"\n<h2 class=\"wp-block-heading\"><span style=\"color:#1c40ad\" class=\"has-inline-color\"><strong>Le home staging : en quoi \u00e7a consiste ?<\/strong><\/span> <span style=\"color:#ffffff\" class=\"has-inline-color\">stickers-deco<\/span><\/h2>\n\n\n\n<p>Le <em>home staging<\/em> peut s\u2019apparenter au <em>relooking<\/em> d\u2019une maison ou d\u2019un appartement, \u00e0 cheval entre la d\u00e9coration d\u2019int\u00e9rieur et la r\u00e9novation. De quoi s\u2019agit-il exactement ? \u00c0 quoi sert le <em>home staging ?<\/em> <span style=\"color:#ffffff\" class=\"has-inline-color\">stickers-deco stickers-decoo<\/span><\/p>\n\n\n\n<figure class=\"wp-block-image size-large\"><img fetchpriority=\"high\" decoding=\"async\" width=\"1024\" height=\"276\" src=\"https:\/\/technikaprint.fr\/wp-content\/uploads\/2025\/02\/BANNIERE-DECO-INT-1024x276.jpg\" alt=\"Stickers muraux, D\u00e9coration int\u00e9rieur, Home staging, Stickers Electrom\u00e9nager, Stickers personnalis\u00e9\" class=\"wp-image-2750\" srcset=\"https:\/\/technikaprint.fr\/wp-content\/uploads\/2025\/02\/BANNIERE-DECO-INT-1024x276.jpg 1024w, https:\/\/technikaprint.fr\/wp-content\/uploads\/2025\/02\/BANNIERE-DECO-INT-300x81.jpg 300w, https:\/\/technikaprint.fr\/wp-content\/uploads\/2025\/02\/BANNIERE-DECO-INT-768x207.jpg 768w, https:\/\/technikaprint.fr\/wp-content\/uploads\/2025\/02\/BANNIERE-DECO-INT-1536x415.jpg 1536w, https:\/\/technikaprint.fr\/wp-content\/uploads\/2025\/02\/BANNIERE-DECO-INT-360x97.jpg 360w, https:\/\/technikaprint.fr\/wp-content\/uploads\/2025\/02\/BANNIERE-DECO-INT.jpg 1700w\" sizes=\"(max-width: 1024px) 100vw, 1024px\" \/><\/figure>\n\n\n\n<p>Le <em><a href=\"https:\/\/www.linternaute.fr\/dictionnaire\/fr\/definition\/home-staging\/\" target=\"_blank\" rel=\"noreferrer noopener\">home staging<\/a><\/em> peut \u00eatre compar\u00e9 \u00e0 un v\u00e9ritable relooking de votre maison ou de votre appartement, \u00e0 mi-chemin entre la d\u00e9coration d\u2019int\u00e9rieur et la r\u00e9novation. <\/p>\n\n\n\n<p><strong>Mais en quoi consiste-t-il r\u00e9ellement et \u00e0 quoi sert-il ?<\/strong><\/p>\n\n\n\n<p>Dans cette rubrique, nous avons choisi de nous concentrer sur l\u2019aspect d\u00e9coratif de votre int\u00e9rieur, en laissant la partie r\u00e9novation aux professionnels sp\u00e9cialis\u00e9s.<\/p>\n\n\n\n<p>N\u00e9 aux \u00c9tats-Unis dans les ann\u00e9es 1970, dans un contexte de crise immobili\u00e8re, le home staging doit son origine \u00e0 Barbara Schwarz, d\u00e9coratrice d\u2019int\u00e9rieur. Face aux difficult\u00e9s rencontr\u00e9es par son mari, agent immobilier, pour vendre ses biens, elle d\u00e9cide de mettre son expertise au service de la mise en sc\u00e8ne des logements. R\u00e9sultat : des ventes facilit\u00e9es et un concept rapidement adopt\u00e9, encore largement utilis\u00e9 aujourd\u2019hui.<\/p>\n\n\n\n<p>Gr\u00e2ce \u00e0 notre large choix de mati\u00e8res vinyles, vous pouvez d\u00e9sormais personnaliser votre int\u00e9rieur de fa\u00e7on originale et accessible.<\/p>\n\n\n\n<p>Les stickers d\u00e9coratifs offrent une solution simple et efficace pour transformer chaque pi\u00e8ce de votre maison : chambre, cuisine, salle de bain\u2026 et m\u00eame les toilettes ! Du sticker \u00ab citation \u00bb pour dynamiser votre cuisine, au style \u00ab zen \u00bb pour une chambre apaisante, en passant par les films d\u00e9polis pour vos parois de douche, tout est possible.<\/p>\n\n\n\n<p>Imaginez, cr\u00e9ez, transformez\u2026 nous mettons notre savoir-faire \u00e0 votre service pour concevoir des stickers muraux modernes et adapt\u00e9s \u00e0 votre univers. Votre int\u00e9rieur m\u00e9rite d\u2019\u00eatre \u00e0 votre image.<\/p>\n\n\n\n<p class=\"has-text-align-right\"><strong><em>Les prix varient selon les dimensions et les quantit\u00e9s. <\/em><br><em>Devis sur simple demande via notre&nbsp;<a href=\"https:\/\/technikaprint.fr\/index.php\/contact\/\">formulaire de contact<\/a>.<\/em><\/strong><\/p>\n\n\n\n<figure class=\"wp-block-gallery has-nested-images columns-default is-cropped wp-block-gallery-1 is-layout-flex wp-block-gallery-is-layout-flex\">\n<figure class=\"wp-block-image size-large\"><a href=\"https:\/\/technikaprint.fr\/wp-content\/uploads\/2020\/05\/GAL-DECO-01.jpg\"><img decoding=\"async\" width=\"709\" height=\"709\" data-id=\"1698\" src=\"https:\/\/technikaprint.fr\/wp-content\/uploads\/2020\/05\/GAL-DECO-01.jpg\" alt=\"Stickers muraux, D\u00e9coration int\u00e9rieur, Home staging, Stickers Electrom\u00e9nager, Stickers personnalis\u00e9\" class=\"wp-image-1698\" srcset=\"https:\/\/technikaprint.fr\/wp-content\/uploads\/2020\/05\/GAL-DECO-01.jpg 709w, https:\/\/technikaprint.fr\/wp-content\/uploads\/2020\/05\/GAL-DECO-01-300x300.jpg 300w, https:\/\/technikaprint.fr\/wp-content\/uploads\/2020\/05\/GAL-DECO-01-150x150.jpg 150w, https:\/\/technikaprint.fr\/wp-content\/uploads\/2020\/05\/GAL-DECO-01-270x270.jpg 270w\" sizes=\"(max-width: 709px) 100vw, 709px\" \/><\/a><\/figure>\n\n\n\n<figure class=\"wp-block-image size-large\"><a href=\"https:\/\/technikaprint.fr\/wp-content\/uploads\/2020\/05\/GAL-DECO-02.jpg\"><img decoding=\"async\" width=\"709\" height=\"709\" data-id=\"1699\" src=\"https:\/\/technikaprint.fr\/wp-content\/uploads\/2020\/05\/GAL-DECO-02.jpg\" alt=\"Stickers muraux, D\u00e9coration int\u00e9rieur, Home staging, Stickers Electrom\u00e9nager, Stickers personnalis\u00e9\" class=\"wp-image-1699\" srcset=\"https:\/\/technikaprint.fr\/wp-content\/uploads\/2020\/05\/GAL-DECO-02.jpg 709w, https:\/\/technikaprint.fr\/wp-content\/uploads\/2020\/05\/GAL-DECO-02-300x300.jpg 300w, https:\/\/technikaprint.fr\/wp-content\/uploads\/2020\/05\/GAL-DECO-02-150x150.jpg 150w, https:\/\/technikaprint.fr\/wp-content\/uploads\/2020\/05\/GAL-DECO-02-270x270.jpg 270w\" sizes=\"(max-width: 709px) 100vw, 709px\" \/><\/a><\/figure>\n\n\n\n<figure class=\"wp-block-image size-large\"><a href=\"https:\/\/technikaprint.fr\/wp-content\/uploads\/2020\/05\/GAL-DECO-03.jpg\"><img loading=\"lazy\" decoding=\"async\" width=\"709\" height=\"709\" data-id=\"1700\" src=\"https:\/\/technikaprint.fr\/wp-content\/uploads\/2020\/05\/GAL-DECO-03.jpg\" alt=\"Stickers muraux, D\u00e9coration int\u00e9rieur, Home staging, Stickers Electrom\u00e9nager, Stickers personnalis\u00e9\" class=\"wp-image-1700\" srcset=\"https:\/\/technikaprint.fr\/wp-content\/uploads\/2020\/05\/GAL-DECO-03.jpg 709w, https:\/\/technikaprint.fr\/wp-content\/uploads\/2020\/05\/GAL-DECO-03-300x300.jpg 300w, https:\/\/technikaprint.fr\/wp-content\/uploads\/2020\/05\/GAL-DECO-03-150x150.jpg 150w, https:\/\/technikaprint.fr\/wp-content\/uploads\/2020\/05\/GAL-DECO-03-270x270.jpg 270w\" sizes=\"(max-width: 709px) 100vw, 709px\" \/><\/a><\/figure>\n\n\n\n<figure class=\"wp-block-image size-large\"><a href=\"https:\/\/technikaprint.fr\/wp-content\/uploads\/2020\/05\/GAL-DECO-04.jpg\"><img loading=\"lazy\" decoding=\"async\" width=\"709\" height=\"709\" data-id=\"1701\" src=\"https:\/\/technikaprint.fr\/wp-content\/uploads\/2020\/05\/GAL-DECO-04.jpg\" alt=\"Stickers muraux, D\u00e9coration int\u00e9rieur, Home staging, Stickers Electrom\u00e9nager, Stickers personnalis\u00e9\" class=\"wp-image-1701\" srcset=\"https:\/\/technikaprint.fr\/wp-content\/uploads\/2020\/05\/GAL-DECO-04.jpg 709w, https:\/\/technikaprint.fr\/wp-content\/uploads\/2020\/05\/GAL-DECO-04-300x300.jpg 300w, https:\/\/technikaprint.fr\/wp-content\/uploads\/2020\/05\/GAL-DECO-04-150x150.jpg 150w, https:\/\/technikaprint.fr\/wp-content\/uploads\/2020\/05\/GAL-DECO-04-270x270.jpg 270w\" sizes=\"(max-width: 709px) 100vw, 709px\" \/><\/a><\/figure>\n\n\n\n<figure class=\"wp-block-image size-large\"><a href=\"https:\/\/technikaprint.fr\/wp-content\/uploads\/2020\/05\/GAL-DECO-05.jpg\"><img loading=\"lazy\" decoding=\"async\" width=\"709\" height=\"709\" data-id=\"1702\" src=\"https:\/\/technikaprint.fr\/wp-content\/uploads\/2020\/05\/GAL-DECO-05.jpg\" alt=\"Stickers muraux, D\u00e9coration int\u00e9rieur, Home staging, Stickers Electrom\u00e9nager, Stickers personnalis\u00e9\" class=\"wp-image-1702\" srcset=\"https:\/\/technikaprint.fr\/wp-content\/uploads\/2020\/05\/GAL-DECO-05.jpg 709w, https:\/\/technikaprint.fr\/wp-content\/uploads\/2020\/05\/GAL-DECO-05-300x300.jpg 300w, https:\/\/technikaprint.fr\/wp-content\/uploads\/2020\/05\/GAL-DECO-05-150x150.jpg 150w, https:\/\/technikaprint.fr\/wp-content\/uploads\/2020\/05\/GAL-DECO-05-270x270.jpg 270w\" sizes=\"(max-width: 709px) 100vw, 709px\" \/><\/a><\/figure>\n\n\n\n<figure class=\"wp-block-image size-large\"><a href=\"https:\/\/technikaprint.fr\/wp-content\/uploads\/2020\/05\/GAL-DECO-06.jpg\"><img loading=\"lazy\" decoding=\"async\" width=\"709\" height=\"709\" data-id=\"1703\" src=\"https:\/\/technikaprint.fr\/wp-content\/uploads\/2020\/05\/GAL-DECO-06.jpg\" alt=\"Stickers muraux, D\u00e9coration int\u00e9rieur, Home staging, Stickers Electrom\u00e9nager, Stickers personnalis\u00e9\" class=\"wp-image-1703\" srcset=\"https:\/\/technikaprint.fr\/wp-content\/uploads\/2020\/05\/GAL-DECO-06.jpg 709w, https:\/\/technikaprint.fr\/wp-content\/uploads\/2020\/05\/GAL-DECO-06-300x300.jpg 300w, https:\/\/technikaprint.fr\/wp-content\/uploads\/2020\/05\/GAL-DECO-06-150x150.jpg 150w, https:\/\/technikaprint.fr\/wp-content\/uploads\/2020\/05\/GAL-DECO-06-270x270.jpg 270w\" sizes=\"(max-width: 709px) 100vw, 709px\" \/><\/a><\/figure>\n<\/figure>\n\n\n\n<hr class=\"wp-block-separator has-css-opacity\"\/>\n\n\n\n<h2 class=\"wp-block-heading\"><br><span style=\"color:#1c40ad\" class=\"has-inline-color\"><strong>D\u00e9corez, r\u00e9novez votre \u00e9lectrom\u00e9nager !<\/strong><\/span><\/h2>\n\n\n\n<p>Frigo, lave-vaisselle, r\u00e9frig\u00e9rateur, lave-linge\u2026 et si vous leur donniez une seconde jeunesse ? Apportez de la couleur et du style \u00e0 votre cuisine gr\u00e2ce aux stickers d\u00e9coratifs.<\/p>\n\n\n\n<p>Envie de renouveau, de fra\u00eecheur ou d\u2019une touche d\u2019originalit\u00e9 ? Les adh\u00e9sifs sont une solution simple, rapide et \u00e9conomique pour transformer votre quotidien. Partagez-nous vos id\u00e9es, ou encore plus facile : envoyez-nous vos photos, et cr\u00e9ez un d\u00e9cor unique qui vous ressemble.<\/p>\n\n\n\n<p>Avec les stickers, changez d\u2019ambiance en un clin d\u2019\u0153il !<\/p>\n\n\n\n<figure class=\"wp-block-image size-large\"><img loading=\"lazy\" decoding=\"async\" width=\"1024\" height=\"612\" src=\"https:\/\/technikaprint.fr\/wp-content\/uploads\/2025\/02\/PHOTO-STICKERS-ELECTROMENAGER-1024x612.jpg\" alt=\"Stickers muraux, D\u00e9coration int\u00e9rieur, Home staging, Stickers Electrom\u00e9nager, Stickers personnalis\u00e9\" class=\"wp-image-2753\" srcset=\"https:\/\/technikaprint.fr\/wp-content\/uploads\/2025\/02\/PHOTO-STICKERS-ELECTROMENAGER-1024x612.jpg 1024w, https:\/\/technikaprint.fr\/wp-content\/uploads\/2025\/02\/PHOTO-STICKERS-ELECTROMENAGER-300x179.jpg 300w, https:\/\/technikaprint.fr\/wp-content\/uploads\/2025\/02\/PHOTO-STICKERS-ELECTROMENAGER-768x459.jpg 768w, https:\/\/technikaprint.fr\/wp-content\/uploads\/2025\/02\/PHOTO-STICKERS-ELECTROMENAGER-360x215.jpg 360w, https:\/\/technikaprint.fr\/wp-content\/uploads\/2025\/02\/PHOTO-STICKERS-ELECTROMENAGER.jpg 1500w\" sizes=\"(max-width: 1024px) 100vw, 1024px\" \/><\/figure>\n\n\n\n<figure class=\"wp-block-table\"><table><tbody><tr><td>Stickers d\u00e9co pour lave-vaisselle &#8211; Format 60&#215;60 cm<\/td><td class=\"has-text-align-right\" data-align=\"right\"><strong>22.00 \u20ac HT<\/strong><\/td><\/tr><tr><td>Stickers d\u00e9co pour r\u00e9frig\u00e9rateur europ\u00e9en &#8211; Format 60&#215;170 cm<\/td><td class=\"has-text-align-right\" data-align=\"right\"><strong>45.00 \u20ac HT<\/strong><\/td><\/tr><tr><td>Stickers d\u00e9co pour r\u00e9frig\u00e9rateur europ\u00e9en &#8211; Format 70&#215;170 cm<\/td><td class=\"has-text-align-right\" data-align=\"right\"><strong>47.00 \u20ac HT<\/strong><\/td><\/tr><tr><td>Stickers d\u00e9co pour r\u00e9frig\u00e9rateur US (2 portes) &#8211; Format 100&#215;180 cm<\/td><td class=\"has-text-align-right\" data-align=\"right\"><strong>63.00 \u20ac HT<\/strong><\/td><\/tr><\/tbody><\/table><figcaption class=\"wp-element-caption\">Les dimensions des \u00e9lectrom\u00e9nagers n&rsquo;\u00e9tant pas standards, nous proposons du sur-mesure pour s&rsquo;adapter \u00e0 tout votre mat\u00e9riel.<\/figcaption><\/figure>\n\n\n\n<p class=\"has-text-align-center\"><strong><em>Les prix varient selon les dimensions et les quantit\u00e9s. <\/em><br><em>Devis sur simple demande via notre&nbsp;<a href=\"https:\/\/technikaprint.fr\/index.php\/contact\/\">formulaire de contact<\/a>.<\/em><\/strong><\/p>\n\n\n\n<hr class=\"wp-block-separator has-css-opacity\"\/>\n\n\n\n<figure class=\"wp-block-image size-large\"><a href=\"https:\/\/technikaprint.fr\/index.php\/photo-poster\/\"><img loading=\"lazy\" decoding=\"async\" width=\"1024\" height=\"171\" src=\"https:\/\/technikaprint.fr\/wp-content\/uploads\/2020\/05\/POSTER-AFFICHE-1024x171.jpg\" alt=\"Poster, affiche, decoration, Standonline\" class=\"wp-image-2142\" srcset=\"https:\/\/technikaprint.fr\/wp-content\/uploads\/2020\/05\/POSTER-AFFICHE-1024x171.jpg 1024w, https:\/\/technikaprint.fr\/wp-content\/uploads\/2020\/05\/POSTER-AFFICHE-300x50.jpg 300w, https:\/\/technikaprint.fr\/wp-content\/uploads\/2020\/05\/POSTER-AFFICHE-768x128.jpg 768w, https:\/\/technikaprint.fr\/wp-content\/uploads\/2020\/05\/POSTER-AFFICHE-360x60.jpg 360w, https:\/\/technikaprint.fr\/wp-content\/uploads\/2020\/05\/POSTER-AFFICHE.jpg 1417w\" sizes=\"(max-width: 1024px) 100vw, 1024px\" \/><\/a><\/figure>\n","protected":false},"excerpt":{"rendered":"<p>Le home staging : en quoi \u00e7a consiste ? stickers-deco Le home staging peut s\u2019apparenter au relooking d\u2019une maison ou d\u2019un appartement, \u00e0 cheval entre la d\u00e9coration d\u2019int\u00e9rieur et la r\u00e9novation. De quoi s\u2019agit-il exactement ? \u00c0 quoi sert le&hellip;&nbsp;<a href=\"https:\/\/technikaprint.fr\/index.php\/stickers-deco\/\" class=\"more-link\">Lire la suite<\/a><\/p>\n","protected":false},"author":1,"featured_media":0,"parent":0,"menu_order":0,"comment_status":"closed","ping_status":"closed","template":"","meta":{"_monsterinsights_skip_tracking":false,"_monsterinsights_sitenote_active":false,"_monsterinsights_sitenote_note":"","_monsterinsights_sitenote_category":0,"footnotes":""},"class_list":["post-299","page","type-page","status-publish","hentry"],"yoast_head":"<!-- This site is optimized with the Yoast SEO plugin v27.5 - https:\/\/yoast.com\/product\/yoast-seo-wordpress\/ -->\n<title>Stickers deco - Stand On Line - Relook\u00e9 votre int\u00e9rieur !<\/title>\n<meta name=\"description\" content=\"Stickers deco ! Citations, nature, design... C&#039;est votre imagination qui rendra votre int\u00e9rieur unique ! Relookez votre \u00e9l\u00e9ctrom\u00e9nager\" \/>\n<meta name=\"robots\" content=\"index, follow, max-snippet:-1, max-image-preview:large, max-video-preview:-1\" \/>\n<link rel=\"canonical\" href=\"https:\/\/technikaprint.fr\/index.php\/stickers-deco\/\" \/>\n<meta property=\"og:locale\" content=\"fr_FR\" \/>\n<meta property=\"og:type\" content=\"article\" \/>\n<meta property=\"og:title\" content=\"Stickers deco - Stand On Line - Relook\u00e9 votre int\u00e9rieur !\" \/>\n<meta property=\"og:description\" content=\"Stickers deco ! Citations, nature, design... C&#039;est votre imagination qui rendra votre int\u00e9rieur unique ! Relookez votre \u00e9l\u00e9ctrom\u00e9nager\" \/>\n<meta property=\"og:url\" content=\"https:\/\/technikaprint.fr\/index.php\/stickers-deco\/\" \/>\n<meta property=\"og:site_name\" content=\"Stand On Line\" \/>\n<meta property=\"article:publisher\" content=\"https:\/\/www.facebook.com\/technikaprint\/\" \/>\n<meta property=\"article:modified_time\" content=\"2026-04-23T09:04:12+00:00\" \/>\n<meta property=\"og:image\" content=\"https:\/\/technikaprint.fr\/wp-content\/uploads\/2025\/02\/BANNIERE-DECO-INT.jpg\" \/>\n\t<meta property=\"og:image:width\" content=\"1700\" \/>\n\t<meta property=\"og:image:height\" content=\"459\" \/>\n\t<meta property=\"og:image:type\" content=\"image\/jpeg\" \/>\n<meta name=\"twitter:card\" content=\"summary_large_image\" \/>\n<meta name=\"twitter:label1\" content=\"Dur\u00e9e de lecture estim\u00e9e\" \/>\n\t<meta name=\"twitter:data1\" content=\"5 minutes\" \/>\n<script type=\"application\/ld+json\" class=\"yoast-schema-graph\">{\"@context\":\"https:\\\/\\\/schema.org\",\"@graph\":[{\"@type\":\"WebPage\",\"@id\":\"https:\\\/\\\/technikaprint.fr\\\/index.php\\\/stickers-deco\\\/\",\"url\":\"https:\\\/\\\/technikaprint.fr\\\/index.php\\\/stickers-deco\\\/\",\"name\":\"Stickers deco - Stand On Line - Relook\u00e9 votre int\u00e9rieur !\",\"isPartOf\":{\"@id\":\"https:\\\/\\\/technikaprint.fr\\\/#website\"},\"primaryImageOfPage\":{\"@id\":\"https:\\\/\\\/technikaprint.fr\\\/index.php\\\/stickers-deco\\\/#primaryimage\"},\"image\":{\"@id\":\"https:\\\/\\\/technikaprint.fr\\\/index.php\\\/stickers-deco\\\/#primaryimage\"},\"thumbnailUrl\":\"https:\\\/\\\/technikaprint.fr\\\/wp-content\\\/uploads\\\/2025\\\/02\\\/BANNIERE-DECO-INT-1024x276.jpg\",\"datePublished\":\"2020-04-08T14:12:40+00:00\",\"dateModified\":\"2026-04-23T09:04:12+00:00\",\"description\":\"Stickers deco ! Citations, nature, design... C'est votre imagination qui rendra votre int\u00e9rieur unique ! Relookez votre \u00e9l\u00e9ctrom\u00e9nager\",\"breadcrumb\":{\"@id\":\"https:\\\/\\\/technikaprint.fr\\\/index.php\\\/stickers-deco\\\/#breadcrumb\"},\"inLanguage\":\"fr-FR\",\"potentialAction\":[{\"@type\":\"ReadAction\",\"target\":[\"https:\\\/\\\/technikaprint.fr\\\/index.php\\\/stickers-deco\\\/\"]}]},{\"@type\":\"ImageObject\",\"inLanguage\":\"fr-FR\",\"@id\":\"https:\\\/\\\/technikaprint.fr\\\/index.php\\\/stickers-deco\\\/#primaryimage\",\"url\":\"https:\\\/\\\/technikaprint.fr\\\/wp-content\\\/uploads\\\/2025\\\/02\\\/BANNIERE-DECO-INT.jpg\",\"contentUrl\":\"https:\\\/\\\/technikaprint.fr\\\/wp-content\\\/uploads\\\/2025\\\/02\\\/BANNIERE-DECO-INT.jpg\",\"width\":1700,\"height\":459},{\"@type\":\"BreadcrumbList\",\"@id\":\"https:\\\/\\\/technikaprint.fr\\\/index.php\\\/stickers-deco\\\/#breadcrumb\",\"itemListElement\":[{\"@type\":\"ListItem\",\"position\":1,\"name\":\"Accueil\",\"item\":\"https:\\\/\\\/technikaprint.fr\\\/\"},{\"@type\":\"ListItem\",\"position\":2,\"name\":\"D\u00e9co int\u00e9rieur\"}]},{\"@type\":\"WebSite\",\"@id\":\"https:\\\/\\\/technikaprint.fr\\\/#website\",\"url\":\"https:\\\/\\\/technikaprint.fr\\\/\",\"name\":\"Stand On Line\",\"description\":\"La boutique du Roll-up\",\"publisher\":{\"@id\":\"https:\\\/\\\/technikaprint.fr\\\/#organization\"},\"potentialAction\":[{\"@type\":\"SearchAction\",\"target\":{\"@type\":\"EntryPoint\",\"urlTemplate\":\"https:\\\/\\\/technikaprint.fr\\\/?s={search_term_string}\"},\"query-input\":{\"@type\":\"PropertyValueSpecification\",\"valueRequired\":true,\"valueName\":\"search_term_string\"}}],\"inLanguage\":\"fr-FR\"},{\"@type\":\"Organization\",\"@id\":\"https:\\\/\\\/technikaprint.fr\\\/#organization\",\"name\":\"Stand On Line \\\/ Technika-Print\",\"url\":\"https:\\\/\\\/technikaprint.fr\\\/\",\"logo\":{\"@type\":\"ImageObject\",\"inLanguage\":\"fr-FR\",\"@id\":\"https:\\\/\\\/technikaprint.fr\\\/#\\\/schema\\\/logo\\\/image\\\/\",\"url\":\"https:\\\/\\\/technikaprint.fr\\\/wp-content\\\/uploads\\\/2020\\\/04\\\/SOL-AU-CARRE.jpg\",\"contentUrl\":\"https:\\\/\\\/technikaprint.fr\\\/wp-content\\\/uploads\\\/2020\\\/04\\\/SOL-AU-CARRE.jpg\",\"width\":1705,\"height\":1705,\"caption\":\"Stand On Line \\\/ Technika-Print\"},\"image\":{\"@id\":\"https:\\\/\\\/technikaprint.fr\\\/#\\\/schema\\\/logo\\\/image\\\/\"},\"sameAs\":[\"https:\\\/\\\/www.facebook.com\\\/technikaprint\\\/\",\"https:\\\/\\\/www.linkedin.com\\\/in\\\/yann-phetsanghane-50763315b\\\/\"]}]}<\/script>\n<!-- \/ Yoast SEO plugin. -->","yoast_head_json":{"title":"Stickers deco - Stand On Line - Relook\u00e9 votre int\u00e9rieur !","description":"Stickers deco ! Citations, nature, design... C'est votre imagination qui rendra votre int\u00e9rieur unique ! Relookez votre \u00e9l\u00e9ctrom\u00e9nager","robots":{"index":"index","follow":"follow","max-snippet":"max-snippet:-1","max-image-preview":"max-image-preview:large","max-video-preview":"max-video-preview:-1"},"canonical":"https:\/\/technikaprint.fr\/index.php\/stickers-deco\/","og_locale":"fr_FR","og_type":"article","og_title":"Stickers deco - Stand On Line - Relook\u00e9 votre int\u00e9rieur !","og_description":"Stickers deco ! Citations, nature, design... C'est votre imagination qui rendra votre int\u00e9rieur unique ! Relookez votre \u00e9l\u00e9ctrom\u00e9nager","og_url":"https:\/\/technikaprint.fr\/index.php\/stickers-deco\/","og_site_name":"Stand On Line","article_publisher":"https:\/\/www.facebook.com\/technikaprint\/","article_modified_time":"2026-04-23T09:04:12+00:00","og_image":[{"width":1700,"height":459,"url":"https:\/\/technikaprint.fr\/wp-content\/uploads\/2025\/02\/BANNIERE-DECO-INT.jpg","type":"image\/jpeg"}],"twitter_card":"summary_large_image","twitter_misc":{"Dur\u00e9e de lecture estim\u00e9e":"5 minutes"},"schema":{"@context":"https:\/\/schema.org","@graph":[{"@type":"WebPage","@id":"https:\/\/technikaprint.fr\/index.php\/stickers-deco\/","url":"https:\/\/technikaprint.fr\/index.php\/stickers-deco\/","name":"Stickers deco - Stand On Line - Relook\u00e9 votre int\u00e9rieur !","isPartOf":{"@id":"https:\/\/technikaprint.fr\/#website"},"primaryImageOfPage":{"@id":"https:\/\/technikaprint.fr\/index.php\/stickers-deco\/#primaryimage"},"image":{"@id":"https:\/\/technikaprint.fr\/index.php\/stickers-deco\/#primaryimage"},"thumbnailUrl":"https:\/\/technikaprint.fr\/wp-content\/uploads\/2025\/02\/BANNIERE-DECO-INT-1024x276.jpg","datePublished":"2020-04-08T14:12:40+00:00","dateModified":"2026-04-23T09:04:12+00:00","description":"Stickers deco ! Citations, nature, design... C'est votre imagination qui rendra votre int\u00e9rieur unique ! Relookez votre \u00e9l\u00e9ctrom\u00e9nager","breadcrumb":{"@id":"https:\/\/technikaprint.fr\/index.php\/stickers-deco\/#breadcrumb"},"inLanguage":"fr-FR","potentialAction":[{"@type":"ReadAction","target":["https:\/\/technikaprint.fr\/index.php\/stickers-deco\/"]}]},{"@type":"ImageObject","inLanguage":"fr-FR","@id":"https:\/\/technikaprint.fr\/index.php\/stickers-deco\/#primaryimage","url":"https:\/\/technikaprint.fr\/wp-content\/uploads\/2025\/02\/BANNIERE-DECO-INT.jpg","contentUrl":"https:\/\/technikaprint.fr\/wp-content\/uploads\/2025\/02\/BANNIERE-DECO-INT.jpg","width":1700,"height":459},{"@type":"BreadcrumbList","@id":"https:\/\/technikaprint.fr\/index.php\/stickers-deco\/#breadcrumb","itemListElement":[{"@type":"ListItem","position":1,"name":"Accueil","item":"https:\/\/technikaprint.fr\/"},{"@type":"ListItem","position":2,"name":"D\u00e9co int\u00e9rieur"}]},{"@type":"WebSite","@id":"https:\/\/technikaprint.fr\/#website","url":"https:\/\/technikaprint.fr\/","name":"Stand On Line","description":"La boutique du Roll-up","publisher":{"@id":"https:\/\/technikaprint.fr\/#organization"},"potentialAction":[{"@type":"SearchAction","target":{"@type":"EntryPoint","urlTemplate":"https:\/\/technikaprint.fr\/?s={search_term_string}"},"query-input":{"@type":"PropertyValueSpecification","valueRequired":true,"valueName":"search_term_string"}}],"inLanguage":"fr-FR"},{"@type":"Organization","@id":"https:\/\/technikaprint.fr\/#organization","name":"Stand On Line \/ Technika-Print","url":"https:\/\/technikaprint.fr\/","logo":{"@type":"ImageObject","inLanguage":"fr-FR","@id":"https:\/\/technikaprint.fr\/#\/schema\/logo\/image\/","url":"https:\/\/technikaprint.fr\/wp-content\/uploads\/2020\/04\/SOL-AU-CARRE.jpg","contentUrl":"https:\/\/technikaprint.fr\/wp-content\/uploads\/2020\/04\/SOL-AU-CARRE.jpg","width":1705,"height":1705,"caption":"Stand On Line \/ Technika-Print"},"image":{"@id":"https:\/\/technikaprint.fr\/#\/schema\/logo\/image\/"},"sameAs":["https:\/\/www.facebook.com\/technikaprint\/","https:\/\/www.linkedin.com\/in\/yann-phetsanghane-50763315b\/"]}]}},"_links":{"self":[{"href":"https:\/\/technikaprint.fr\/index.php\/wp-json\/wp\/v2\/pages\/299","targetHints":{"allow":["GET"]}}],"collection":[{"href":"https:\/\/technikaprint.fr\/index.php\/wp-json\/wp\/v2\/pages"}],"about":[{"href":"https:\/\/technikaprint.fr\/index.php\/wp-json\/wp\/v2\/types\/page"}],"author":[{"embeddable":true,"href":"https:\/\/technikaprint.fr\/index.php\/wp-json\/wp\/v2\/users\/1"}],"replies":[{"embeddable":true,"href":"https:\/\/technikaprint.fr\/index.php\/wp-json\/wp\/v2\/comments?post=299"}],"version-history":[{"count":34,"href":"https:\/\/technikaprint.fr\/index.php\/wp-json\/wp\/v2\/pages\/299\/revisions"}],"predecessor-version":[{"id":3117,"href":"https:\/\/technikaprint.fr\/index.php\/wp-json\/wp\/v2\/pages\/299\/revisions\/3117"}],"wp:attachment":[{"href":"https:\/\/technikaprint.fr\/index.php\/wp-json\/wp\/v2\/media?parent=299"}],"curies":[{"name":"wp","href":"https:\/\/api.w.org\/{rel}","templated":true}]}}