{"id":417,"date":"2020-04-10T08:40:56","date_gmt":"2020-04-10T06:40:56","guid":{"rendered":"https:\/\/technikaprint.fr\/?page_id=417"},"modified":"2026-01-07T16:16:49","modified_gmt":"2026-01-07T15:16:49","slug":"porte-document","status":"publish","type":"page","link":"https:\/\/technikaprint.fr\/index.php\/porte-document\/","title":{"rendered":"Porte-Docs Plexi"},"content":{"rendered":"\n<p><\/p>\n\n\n\n<div class=\"wp-block-media-text alignwide is-stacked-on-mobile\"><figure class=\"wp-block-media-text__media\"><img fetchpriority=\"high\" decoding=\"async\" width=\"856\" height=\"856\" src=\"https:\/\/technikaprint.fr\/wp-content\/uploads\/2020\/04\/ICONE-CARRE-VEGA.jpg\" alt=\"Porte affiche Porte cadre A4 A3 Signalisation Information PLV Clippant\" class=\"wp-image-1063 size-full\" srcset=\"https:\/\/technikaprint.fr\/wp-content\/uploads\/2020\/04\/ICONE-CARRE-VEGA.jpg 856w, https:\/\/technikaprint.fr\/wp-content\/uploads\/2020\/04\/ICONE-CARRE-VEGA-300x300.jpg 300w, https:\/\/technikaprint.fr\/wp-content\/uploads\/2020\/04\/ICONE-CARRE-VEGA-150x150.jpg 150w, https:\/\/technikaprint.fr\/wp-content\/uploads\/2020\/04\/ICONE-CARRE-VEGA-768x768.jpg 768w, https:\/\/technikaprint.fr\/wp-content\/uploads\/2020\/04\/ICONE-CARRE-VEGA-270x270.jpg 270w\" sizes=\"(max-width: 856px) 100vw, 856px\" \/><\/figure><div class=\"wp-block-media-text__content\">\n<p>Un porte document \u00e0 cadre clippant pour l&rsquo;affichage d&rsquo;informations. Le cadre est pivotant pour une lecture au format portrait ou paysage.<\/p>\n<\/div><\/div>\n\n\n\n<figure class=\"wp-block-table\"><table><tbody><tr><td>Porte-cadre <strong>V\u00e9ga<\/strong> pour document A4<br>Profil\u00e9 aluminium Dim. 1005 (h) x 245 (l) x 326 (p) mm<\/td><td class=\"has-text-align-right\" data-align=\"right\"><strong>85.00 \u20ac HT<\/strong><\/td><\/tr><tr><td>Porte-cadre <strong>V\u00e9ga<\/strong> pour document A3<br>Profil\u00e9 aluminium Dim. 1005 (h) x 245 (l) x 326 (p) mm<\/td><td class=\"has-text-align-right\" data-align=\"right\"><strong>95.00 \u20ac HT<\/strong><\/td><\/tr><\/tbody><\/table><\/figure>\n\n\n\n<hr class=\"wp-block-separator has-css-opacity\"\/>\n\n\n\n<div class=\"wp-block-media-text alignwide is-stacked-on-mobile\" style=\"grid-template-columns:49% auto\"><figure class=\"wp-block-media-text__media\"><img decoding=\"async\" width=\"1024\" height=\"1024\" src=\"https:\/\/technikaprint.fr\/wp-content\/uploads\/2020\/04\/CARRE-REDA-1024x1024.jpg\" alt=\"Porte document Gigogne Flyers Porte-docs PLV A4\" class=\"wp-image-595 size-full\" srcset=\"https:\/\/technikaprint.fr\/wp-content\/uploads\/2020\/04\/CARRE-REDA-1024x1024.jpg 1024w, https:\/\/technikaprint.fr\/wp-content\/uploads\/2020\/04\/CARRE-REDA-300x300.jpg 300w, https:\/\/technikaprint.fr\/wp-content\/uploads\/2020\/04\/CARRE-REDA-150x150.jpg 150w, https:\/\/technikaprint.fr\/wp-content\/uploads\/2020\/04\/CARRE-REDA-768x768.jpg 768w, https:\/\/technikaprint.fr\/wp-content\/uploads\/2020\/04\/CARRE-REDA-270x270.jpg 270w, https:\/\/technikaprint.fr\/wp-content\/uploads\/2020\/04\/CARRE-REDA.jpg 1145w\" sizes=\"(max-width: 1024px) 100vw, 1024px\" \/><\/figure><div class=\"wp-block-media-text__content\">\n<p><mark style=\"background-color:rgba(0, 0, 0, 0);color:#838586\" class=\"has-inline-color\">Un classique dans son genre&#8230; Le porte-doc Reda a prouv\u00e9 son efficacit\u00e9 en tant que pr\u00e9sentoir \u00e0 brochures. Sa finition haut de gamme en <a href=\"https:\/\/fr.wikipedia.org\/wiki\/Polycarbonate\" target=\"_blank\" rel=\"noreferrer noopener\">polym\u00e8re\/polycarbonate<\/a> et son assemblage de type \u00ab\u00a0gigogne\u00a0\u00bb, lui permet de se plier en un seul geste. Le sac de transport est inclus, indispensable pour l\u2019emporter partout. Il se range ais\u00e9ment dans une <a href=\"https:\/\/technikaprint.fr\/index.php\/banque-hotesse\/\">banque h\u00f4tesse.<\/a><\/mark> <\/p>\n<\/div><\/div>\n\n\n\n<figure class=\"wp-block-table\"><table><tbody><tr><td class=\"has-text-align-left\" data-align=\"left\">Porte-documents <strong>Reda<\/strong> 4 emplacements <br>Polym\u00e8re et polycarbonate Dim. 1480 (h) x 265 (l) x 310 (p) mm<\/td><td class=\"has-text-align-center\" data-align=\"center\"><strong>Rupture<\/strong><\/td><\/tr><\/tbody><\/table><\/figure>\n\n\n\n<hr class=\"wp-block-separator has-css-opacity\"\/>\n\n\n\n<p><\/p>\n\n\n\n<div class=\"wp-block-media-text alignwide is-stacked-on-mobile\"><figure class=\"wp-block-media-text__media\"><img decoding=\"async\" width=\"1024\" height=\"1024\" src=\"https:\/\/technikaprint.fr\/wp-content\/uploads\/2020\/04\/CARRE-POLIS-1024x1024.jpg\" alt=\"Porte document Gigogne Flyers Porte-docs PLV A4\" class=\"wp-image-602 size-full\" srcset=\"https:\/\/technikaprint.fr\/wp-content\/uploads\/2020\/04\/CARRE-POLIS-1024x1024.jpg 1024w, https:\/\/technikaprint.fr\/wp-content\/uploads\/2020\/04\/CARRE-POLIS-300x300.jpg 300w, https:\/\/technikaprint.fr\/wp-content\/uploads\/2020\/04\/CARRE-POLIS-150x150.jpg 150w, https:\/\/technikaprint.fr\/wp-content\/uploads\/2020\/04\/CARRE-POLIS-768x768.jpg 768w, https:\/\/technikaprint.fr\/wp-content\/uploads\/2020\/04\/CARRE-POLIS-270x270.jpg 270w, https:\/\/technikaprint.fr\/wp-content\/uploads\/2020\/04\/CARRE-POLIS.jpg 1144w\" sizes=\"(max-width: 1024px) 100vw, 1024px\" \/><\/figure><div class=\"wp-block-media-text__content\">\n<p><mark style=\"background-color:rgba(0, 0, 0, 0);color:#838586\" class=\"has-inline-color\">Avec 2 emplacements de plus que le mod\u00e8le Reda, le Polis offre quant \u00e0 lui, un total de 6 bacs en <em>\u00ab\u00a0recto\/verso\u00a0\u00bb.<\/em> Tout en aluminium et polycarbonate, il est aussi \u00e9l\u00e9gant que pratique. Une fois rang\u00e9 dans sa valise rigide, vous pouvez l&#8217;emporter en toute s\u00e9curit\u00e9. Disponible pour de la documentation A4 ou A5, il est le mod\u00e8le pr\u00e9f\u00e9r\u00e9 de nos clients.<\/mark><\/p>\n<\/div><\/div>\n\n\n\n<figure class=\"wp-block-table\"><table><tbody><tr><td>Porte-document Polis 6 emplacements pour brochure <strong>format A4<\/strong><br>Valise incluse Dim. 1460 (h) x 256 (l) x 370 (p) mm<\/td><td class=\"has-text-align-right\" data-align=\"right\"><strong>209.50 \u20ac HT<\/strong><\/td><\/tr><\/tbody><\/table><\/figure>\n\n\n\n<div class=\"wp-block-media-text alignwide is-stacked-on-mobile\"><figure class=\"wp-block-media-text__media\"><video controls src=\"https:\/\/technikaprint.fr\/wp-content\/uploads\/2020\/04\/POLIS-VIDEO.mp4\"><\/video><\/figure><div class=\"wp-block-media-text__content\">\n<p class=\"has-large-font-size\"><\/p>\n<\/div><\/div>\n\n\n\n<hr class=\"wp-block-separator has-css-opacity\"\/>\n\n\n\n<figure class=\"wp-block-image size-large\"><a href=\"https:\/\/technikaprint.fr\/index.php\/mugs\/\"><img loading=\"lazy\" decoding=\"async\" width=\"1024\" height=\"171\" src=\"https:\/\/technikaprint.fr\/wp-content\/uploads\/2020\/05\/MUG-1024x171.jpg\" alt=\"Mug, Mugs, Mug personnalise, cadeau, Goodies\" class=\"wp-image-2123\" srcset=\"https:\/\/technikaprint.fr\/wp-content\/uploads\/2020\/05\/MUG-1024x171.jpg 1024w, https:\/\/technikaprint.fr\/wp-content\/uploads\/2020\/05\/MUG-300x50.jpg 300w, https:\/\/technikaprint.fr\/wp-content\/uploads\/2020\/05\/MUG-768x128.jpg 768w, https:\/\/technikaprint.fr\/wp-content\/uploads\/2020\/05\/MUG-360x60.jpg 360w, https:\/\/technikaprint.fr\/wp-content\/uploads\/2020\/05\/MUG.jpg 1417w\" sizes=\"(max-width: 1024px) 100vw, 1024px\" \/><\/a><\/figure>\n","protected":false},"excerpt":{"rendered":"<p>Un porte document \u00e0 cadre clippant pour l&rsquo;affichage d&rsquo;informations. Le cadre est pivotant pour une lecture au format portrait ou paysage. Porte-cadre V\u00e9ga pour document A4Profil\u00e9 aluminium Dim. 1005 (h) x 245 (l) x 326 (p) mm 85.00 \u20ac HT&hellip;&nbsp;<a href=\"https:\/\/technikaprint.fr\/index.php\/porte-document\/\" class=\"more-link\">Lire la suite<\/a><\/p>\n","protected":false},"author":1,"featured_media":0,"parent":0,"menu_order":0,"comment_status":"closed","ping_status":"closed","template":"","meta":{"_monsterinsights_skip_tracking":false,"_monsterinsights_sitenote_active":false,"_monsterinsights_sitenote_note":"","_monsterinsights_sitenote_category":0,"footnotes":""},"class_list":["post-417","page","type-page","status-publish","hentry"],"yoast_head":"<!-- This site is optimized with the Yoast SEO plugin v27.5 - https:\/\/yoast.com\/product\/yoast-seo-wordpress\/ -->\n<title>Porte document - Stand On Line - Les accessoires indispensable de stand<\/title>\n<meta name=\"description\" content=\"Porte document Stand On Line pour pr\u00e9senter vos brochures, vos flyers sur vos stand ou hall d&#039;accueil. D\u00e9couvrez nos diff\u00e9rents mod\u00e8les !\" \/>\n<meta name=\"robots\" content=\"index, follow, max-snippet:-1, max-image-preview:large, max-video-preview:-1\" \/>\n<link rel=\"canonical\" href=\"https:\/\/technikaprint.fr\/index.php\/porte-document\/\" \/>\n<meta property=\"og:locale\" content=\"fr_FR\" \/>\n<meta property=\"og:type\" content=\"article\" \/>\n<meta property=\"og:title\" content=\"Porte document - Stand On Line - Les accessoires indispensable de stand\" \/>\n<meta property=\"og:description\" content=\"Porte document Stand On Line pour pr\u00e9senter vos brochures, vos flyers sur vos stand ou hall d&#039;accueil. D\u00e9couvrez nos diff\u00e9rents mod\u00e8les !\" \/>\n<meta property=\"og:url\" content=\"https:\/\/technikaprint.fr\/index.php\/porte-document\/\" \/>\n<meta property=\"og:site_name\" content=\"Stand On Line\" \/>\n<meta property=\"article:publisher\" content=\"https:\/\/www.facebook.com\/technikaprint\/\" \/>\n<meta property=\"article:modified_time\" content=\"2026-01-07T15:16:49+00:00\" \/>\n<meta property=\"og:image\" content=\"https:\/\/technikaprint.fr\/wp-content\/uploads\/2020\/04\/ICONE-CARRE-VEGA.jpg\" \/>\n\t<meta property=\"og:image:width\" content=\"856\" \/>\n\t<meta property=\"og:image:height\" content=\"856\" \/>\n\t<meta property=\"og:image:type\" content=\"image\/jpeg\" \/>\n<meta name=\"twitter:card\" content=\"summary_large_image\" \/>\n<meta name=\"twitter:label1\" content=\"Dur\u00e9e de lecture estim\u00e9e\" \/>\n\t<meta name=\"twitter:data1\" content=\"2 minutes\" \/>\n<script type=\"application\/ld+json\" class=\"yoast-schema-graph\">{\"@context\":\"https:\\\/\\\/schema.org\",\"@graph\":[{\"@type\":\"WebPage\",\"@id\":\"https:\\\/\\\/technikaprint.fr\\\/index.php\\\/porte-document\\\/\",\"url\":\"https:\\\/\\\/technikaprint.fr\\\/index.php\\\/porte-document\\\/\",\"name\":\"Porte document - Stand On Line - Les accessoires indispensable de stand\",\"isPartOf\":{\"@id\":\"https:\\\/\\\/technikaprint.fr\\\/#website\"},\"primaryImageOfPage\":{\"@id\":\"https:\\\/\\\/technikaprint.fr\\\/index.php\\\/porte-document\\\/#primaryimage\"},\"image\":{\"@id\":\"https:\\\/\\\/technikaprint.fr\\\/index.php\\\/porte-document\\\/#primaryimage\"},\"thumbnailUrl\":\"https:\\\/\\\/technikaprint.fr\\\/wp-content\\\/uploads\\\/2020\\\/04\\\/ICONE-CARRE-VEGA.jpg\",\"datePublished\":\"2020-04-10T06:40:56+00:00\",\"dateModified\":\"2026-01-07T15:16:49+00:00\",\"description\":\"Porte document Stand On Line pour pr\u00e9senter vos brochures, vos flyers sur vos stand ou hall d'accueil. D\u00e9couvrez nos diff\u00e9rents mod\u00e8les !\",\"breadcrumb\":{\"@id\":\"https:\\\/\\\/technikaprint.fr\\\/index.php\\\/porte-document\\\/#breadcrumb\"},\"inLanguage\":\"fr-FR\",\"potentialAction\":[{\"@type\":\"ReadAction\",\"target\":[\"https:\\\/\\\/technikaprint.fr\\\/index.php\\\/porte-document\\\/\"]}]},{\"@type\":\"ImageObject\",\"inLanguage\":\"fr-FR\",\"@id\":\"https:\\\/\\\/technikaprint.fr\\\/index.php\\\/porte-document\\\/#primaryimage\",\"url\":\"https:\\\/\\\/technikaprint.fr\\\/wp-content\\\/uploads\\\/2020\\\/04\\\/ICONE-CARRE-VEGA.jpg\",\"contentUrl\":\"https:\\\/\\\/technikaprint.fr\\\/wp-content\\\/uploads\\\/2020\\\/04\\\/ICONE-CARRE-VEGA.jpg\",\"width\":856,\"height\":856},{\"@type\":\"BreadcrumbList\",\"@id\":\"https:\\\/\\\/technikaprint.fr\\\/index.php\\\/porte-document\\\/#breadcrumb\",\"itemListElement\":[{\"@type\":\"ListItem\",\"position\":1,\"name\":\"Accueil\",\"item\":\"https:\\\/\\\/technikaprint.fr\\\/\"},{\"@type\":\"ListItem\",\"position\":2,\"name\":\"Porte-Docs Plexi\"}]},{\"@type\":\"WebSite\",\"@id\":\"https:\\\/\\\/technikaprint.fr\\\/#website\",\"url\":\"https:\\\/\\\/technikaprint.fr\\\/\",\"name\":\"Stand On Line\",\"description\":\"La boutique du Roll-up\",\"publisher\":{\"@id\":\"https:\\\/\\\/technikaprint.fr\\\/#organization\"},\"potentialAction\":[{\"@type\":\"SearchAction\",\"target\":{\"@type\":\"EntryPoint\",\"urlTemplate\":\"https:\\\/\\\/technikaprint.fr\\\/?s={search_term_string}\"},\"query-input\":{\"@type\":\"PropertyValueSpecification\",\"valueRequired\":true,\"valueName\":\"search_term_string\"}}],\"inLanguage\":\"fr-FR\"},{\"@type\":\"Organization\",\"@id\":\"https:\\\/\\\/technikaprint.fr\\\/#organization\",\"name\":\"Stand On Line \\\/ Technika-Print\",\"url\":\"https:\\\/\\\/technikaprint.fr\\\/\",\"logo\":{\"@type\":\"ImageObject\",\"inLanguage\":\"fr-FR\",\"@id\":\"https:\\\/\\\/technikaprint.fr\\\/#\\\/schema\\\/logo\\\/image\\\/\",\"url\":\"https:\\\/\\\/technikaprint.fr\\\/wp-content\\\/uploads\\\/2020\\\/04\\\/SOL-AU-CARRE.jpg\",\"contentUrl\":\"https:\\\/\\\/technikaprint.fr\\\/wp-content\\\/uploads\\\/2020\\\/04\\\/SOL-AU-CARRE.jpg\",\"width\":1705,\"height\":1705,\"caption\":\"Stand On Line \\\/ Technika-Print\"},\"image\":{\"@id\":\"https:\\\/\\\/technikaprint.fr\\\/#\\\/schema\\\/logo\\\/image\\\/\"},\"sameAs\":[\"https:\\\/\\\/www.facebook.com\\\/technikaprint\\\/\",\"https:\\\/\\\/www.linkedin.com\\\/in\\\/yann-phetsanghane-50763315b\\\/\"]}]}<\/script>\n<!-- \/ Yoast SEO plugin. -->","yoast_head_json":{"title":"Porte document - Stand On Line - Les accessoires indispensable de stand","description":"Porte document Stand On Line pour pr\u00e9senter vos brochures, vos flyers sur vos stand ou hall d'accueil. D\u00e9couvrez nos diff\u00e9rents mod\u00e8les !","robots":{"index":"index","follow":"follow","max-snippet":"max-snippet:-1","max-image-preview":"max-image-preview:large","max-video-preview":"max-video-preview:-1"},"canonical":"https:\/\/technikaprint.fr\/index.php\/porte-document\/","og_locale":"fr_FR","og_type":"article","og_title":"Porte document - Stand On Line - Les accessoires indispensable de stand","og_description":"Porte document Stand On Line pour pr\u00e9senter vos brochures, vos flyers sur vos stand ou hall d'accueil. D\u00e9couvrez nos diff\u00e9rents mod\u00e8les !","og_url":"https:\/\/technikaprint.fr\/index.php\/porte-document\/","og_site_name":"Stand On Line","article_publisher":"https:\/\/www.facebook.com\/technikaprint\/","article_modified_time":"2026-01-07T15:16:49+00:00","og_image":[{"width":856,"height":856,"url":"https:\/\/technikaprint.fr\/wp-content\/uploads\/2020\/04\/ICONE-CARRE-VEGA.jpg","type":"image\/jpeg"}],"twitter_card":"summary_large_image","twitter_misc":{"Dur\u00e9e de lecture estim\u00e9e":"2 minutes"},"schema":{"@context":"https:\/\/schema.org","@graph":[{"@type":"WebPage","@id":"https:\/\/technikaprint.fr\/index.php\/porte-document\/","url":"https:\/\/technikaprint.fr\/index.php\/porte-document\/","name":"Porte document - Stand On Line - Les accessoires indispensable de stand","isPartOf":{"@id":"https:\/\/technikaprint.fr\/#website"},"primaryImageOfPage":{"@id":"https:\/\/technikaprint.fr\/index.php\/porte-document\/#primaryimage"},"image":{"@id":"https:\/\/technikaprint.fr\/index.php\/porte-document\/#primaryimage"},"thumbnailUrl":"https:\/\/technikaprint.fr\/wp-content\/uploads\/2020\/04\/ICONE-CARRE-VEGA.jpg","datePublished":"2020-04-10T06:40:56+00:00","dateModified":"2026-01-07T15:16:49+00:00","description":"Porte document Stand On Line pour pr\u00e9senter vos brochures, vos flyers sur vos stand ou hall d'accueil. D\u00e9couvrez nos diff\u00e9rents mod\u00e8les !","breadcrumb":{"@id":"https:\/\/technikaprint.fr\/index.php\/porte-document\/#breadcrumb"},"inLanguage":"fr-FR","potentialAction":[{"@type":"ReadAction","target":["https:\/\/technikaprint.fr\/index.php\/porte-document\/"]}]},{"@type":"ImageObject","inLanguage":"fr-FR","@id":"https:\/\/technikaprint.fr\/index.php\/porte-document\/#primaryimage","url":"https:\/\/technikaprint.fr\/wp-content\/uploads\/2020\/04\/ICONE-CARRE-VEGA.jpg","contentUrl":"https:\/\/technikaprint.fr\/wp-content\/uploads\/2020\/04\/ICONE-CARRE-VEGA.jpg","width":856,"height":856},{"@type":"BreadcrumbList","@id":"https:\/\/technikaprint.fr\/index.php\/porte-document\/#breadcrumb","itemListElement":[{"@type":"ListItem","position":1,"name":"Accueil","item":"https:\/\/technikaprint.fr\/"},{"@type":"ListItem","position":2,"name":"Porte-Docs Plexi"}]},{"@type":"WebSite","@id":"https:\/\/technikaprint.fr\/#website","url":"https:\/\/technikaprint.fr\/","name":"Stand On Line","description":"La boutique du Roll-up","publisher":{"@id":"https:\/\/technikaprint.fr\/#organization"},"potentialAction":[{"@type":"SearchAction","target":{"@type":"EntryPoint","urlTemplate":"https:\/\/technikaprint.fr\/?s={search_term_string}"},"query-input":{"@type":"PropertyValueSpecification","valueRequired":true,"valueName":"search_term_string"}}],"inLanguage":"fr-FR"},{"@type":"Organization","@id":"https:\/\/technikaprint.fr\/#organization","name":"Stand On Line \/ Technika-Print","url":"https:\/\/technikaprint.fr\/","logo":{"@type":"ImageObject","inLanguage":"fr-FR","@id":"https:\/\/technikaprint.fr\/#\/schema\/logo\/image\/","url":"https:\/\/technikaprint.fr\/wp-content\/uploads\/2020\/04\/SOL-AU-CARRE.jpg","contentUrl":"https:\/\/technikaprint.fr\/wp-content\/uploads\/2020\/04\/SOL-AU-CARRE.jpg","width":1705,"height":1705,"caption":"Stand On Line \/ Technika-Print"},"image":{"@id":"https:\/\/technikaprint.fr\/#\/schema\/logo\/image\/"},"sameAs":["https:\/\/www.facebook.com\/technikaprint\/","https:\/\/www.linkedin.com\/in\/yann-phetsanghane-50763315b\/"]}]}},"_links":{"self":[{"href":"https:\/\/technikaprint.fr\/index.php\/wp-json\/wp\/v2\/pages\/417","targetHints":{"allow":["GET"]}}],"collection":[{"href":"https:\/\/technikaprint.fr\/index.php\/wp-json\/wp\/v2\/pages"}],"about":[{"href":"https:\/\/technikaprint.fr\/index.php\/wp-json\/wp\/v2\/types\/page"}],"author":[{"embeddable":true,"href":"https:\/\/technikaprint.fr\/index.php\/wp-json\/wp\/v2\/users\/1"}],"replies":[{"embeddable":true,"href":"https:\/\/technikaprint.fr\/index.php\/wp-json\/wp\/v2\/comments?post=417"}],"version-history":[{"count":61,"href":"https:\/\/technikaprint.fr\/index.php\/wp-json\/wp\/v2\/pages\/417\/revisions"}],"predecessor-version":[{"id":3073,"href":"https:\/\/technikaprint.fr\/index.php\/wp-json\/wp\/v2\/pages\/417\/revisions\/3073"}],"wp:attachment":[{"href":"https:\/\/technikaprint.fr\/index.php\/wp-json\/wp\/v2\/media?parent=417"}],"curies":[{"name":"wp","href":"https:\/\/api.w.org\/{rel}","templated":true}]}}