{"id":98,"date":"2020-04-07T18:08:01","date_gmt":"2020-04-07T16:08:01","guid":{"rendered":"https:\/\/technikaprint.fr\/?page_id=98"},"modified":"2026-04-23T10:17:12","modified_gmt":"2026-04-23T08:17:12","slug":"kakemono","status":"publish","type":"page","link":"https:\/\/technikaprint.fr\/index.php\/kakemono\/","title":{"rendered":"Roll-up gamme \u00e9co"},"content":{"rendered":"\n<figure class=\"wp-block-image size-full\"><img fetchpriority=\"high\" decoding=\"async\" width=\"861\" height=\"276\" src=\"https:\/\/technikaprint.fr\/wp-content\/uploads\/2025\/02\/BANNIERE-KASTOR.jpg\" alt=\"Kakemono Roll-up Totem Banner Stand PopUp Impression num\u00e9rique Stand Parapluie Affiche Stickers\" class=\"wp-image-3014\" srcset=\"https:\/\/technikaprint.fr\/wp-content\/uploads\/2025\/02\/BANNIERE-KASTOR.jpg 861w, https:\/\/technikaprint.fr\/wp-content\/uploads\/2025\/02\/BANNIERE-KASTOR-300x96.jpg 300w, https:\/\/technikaprint.fr\/wp-content\/uploads\/2025\/02\/BANNIERE-KASTOR-768x246.jpg 768w, https:\/\/technikaprint.fr\/wp-content\/uploads\/2025\/02\/BANNIERE-KASTOR-360x115.jpg 360w\" sizes=\"(max-width: 861px) 100vw, 861px\" \/><\/figure>\n\n\n\n<p class=\"has-small-font-size\"><em>Photos non contractuelles. Structure r\u00e9guli\u00e8rement am\u00e9lior\u00e9e, et donc susceptible de subir un changement de look.<\/em><\/p>\n\n\n\n<figure class=\"wp-block-table\"><table><tbody><tr><td>Kastor <strong>80&#215;200 cm<\/strong> &#8211; <em>Strucure + visuel<\/em><\/td><td class=\"has-text-align-right\" data-align=\"right\"><strong>72.00 \u20ac HT<\/strong><\/td><\/tr><tr><td>Kastor <strong>85&#215;200 cm<\/strong> &#8211; <em>Strucure + visuel<\/em><\/td><td class=\"has-text-align-right\" data-align=\"right\"><strong>72.00 \u20ac HT<\/strong><\/td><\/tr><\/tbody><\/table><\/figure>\n\n\n\n<p>Le mod\u00e8le Kastor est notre roll-up kakemono \u00ab \u00e9co \u00bb le plus pl\u00e9biscit\u00e9. \u00c0 la fois ultra l\u00e9ger et compact, il est id\u00e9al pour toutes vos op\u00e9rations ponctuelles avec un budget ma\u00eetris\u00e9. Livr\u00e9 avec sa housse individuelle, il se transporte facilement o\u00f9 que vous alliez.<\/p>\n\n\n\n<p>Les tarifs incluent la structure ainsi que le visuel, comme pour l\u2019ensemble de notre gamme de roll-up kakemono. L\u2019impression est r\u00e9alis\u00e9e en haute d\u00e9finition, avec une qualit\u00e9 photo et des encres \u00e9co-responsables. Le visuel b\u00e9n\u00e9ficie d\u2019un classement au feu conforme \u00e0 la norme <strong><span style=\"color:#1c40ad\" class=\"has-inline-color\"><a href=\"https:\/\/www.actimodul.fr\/photos_site\/GaleriePDF\/Normes-et-reglementations\/Classements-feu-Reflex-60-euroclasses.pdf\" target=\"_blank\" rel=\"noreferrer noopener\">M1<\/a><\/span><\/strong>, permettant son utilisation dans les lieux recevant du public. <strong>Fabrication Made In France. Visuel 100% recyclable.<\/strong><\/p>\n\n\n\n<hr class=\"wp-block-separator has-alpha-channel-opacity\"\/>\n\n\n\n<figure class=\"wp-block-image size-full\"><a href=\"https:\/\/xpo.center\/3d\/00ABC07700D5EDAE-ps3d\" target=\"_blank\" rel=\" noreferrer noopener\"><img decoding=\"async\" width=\"704\" height=\"704\" src=\"https:\/\/technikaprint.fr\/wp-content\/uploads\/2025\/02\/IMAGE-HOME-PAGE-KASTOR-2.jpg\" alt=\"Kakemono Roll-up Totem Banner Stand PopUp Impression num\u00e9rique Stand Parapluie Affiche Stickers\" class=\"wp-image-3027\" srcset=\"https:\/\/technikaprint.fr\/wp-content\/uploads\/2025\/02\/IMAGE-HOME-PAGE-KASTOR-2.jpg 704w, https:\/\/technikaprint.fr\/wp-content\/uploads\/2025\/02\/IMAGE-HOME-PAGE-KASTOR-2-300x300.jpg 300w, https:\/\/technikaprint.fr\/wp-content\/uploads\/2025\/02\/IMAGE-HOME-PAGE-KASTOR-2-150x150.jpg 150w, https:\/\/technikaprint.fr\/wp-content\/uploads\/2025\/02\/IMAGE-HOME-PAGE-KASTOR-2-270x270.jpg 270w\" sizes=\"(max-width: 704px) 100vw, 704px\" \/><\/a><\/figure>\n\n\n\n<hr class=\"wp-block-separator has-css-opacity\"\/>\n\n\n\n<div class=\"wp-block-file\"><a id=\"wp-block-file--media-426c4ef2-9cd1-4f94-a988-6abfbfecf607\" href=\"https:\/\/technikaprint.fr\/wp-content\/uploads\/2020\/04\/FT-KASTOR.pdf\"><strong>T\u00e9l\u00e9chargez la fiche technique<\/strong><\/a><a href=\"https:\/\/technikaprint.fr\/wp-content\/uploads\/2020\/04\/FT-KASTOR.pdf\" class=\"wp-block-file__button wp-element-button\" download aria-describedby=\"wp-block-file--media-426c4ef2-9cd1-4f94-a988-6abfbfecf607\">T\u00e9l\u00e9charger<\/a><\/div>\n\n\n\n<hr class=\"wp-block-separator has-css-opacity\"\/>\n\n\n\n<figure class=\"wp-block-gallery has-nested-images columns-3 is-cropped wp-block-gallery-1 is-layout-flex wp-block-gallery-is-layout-flex\">\n<figure class=\"wp-block-image size-large\"><a href=\"https:\/\/technikaprint.fr\/wp-content\/uploads\/2020\/04\/GAL-KASTOR-01.jpg\"><img decoding=\"async\" width=\"887\" height=\"887\" data-id=\"1214\" src=\"https:\/\/technikaprint.fr\/wp-content\/uploads\/2020\/04\/GAL-KASTOR-01.jpg\" alt=\"Kakemono Roll-up Totem Banner Stand PopUp Impression num\u00e9rique Stand Parapluie Affiche Stickers\" class=\"wp-image-1214\" srcset=\"https:\/\/technikaprint.fr\/wp-content\/uploads\/2020\/04\/GAL-KASTOR-01.jpg 887w, https:\/\/technikaprint.fr\/wp-content\/uploads\/2020\/04\/GAL-KASTOR-01-300x300.jpg 300w, https:\/\/technikaprint.fr\/wp-content\/uploads\/2020\/04\/GAL-KASTOR-01-150x150.jpg 150w, https:\/\/technikaprint.fr\/wp-content\/uploads\/2020\/04\/GAL-KASTOR-01-768x768.jpg 768w, https:\/\/technikaprint.fr\/wp-content\/uploads\/2020\/04\/GAL-KASTOR-01-270x270.jpg 270w\" sizes=\"(max-width: 887px) 100vw, 887px\" \/><\/a><figcaption class=\"wp-element-caption\"><strong>Roll-Up Kastor<\/strong><\/figcaption><\/figure>\n\n\n\n<figure class=\"wp-block-image size-large\"><a href=\"https:\/\/technikaprint.fr\/wp-content\/uploads\/2020\/04\/GAL-KASTOR-02.jpg\"><img loading=\"lazy\" decoding=\"async\" width=\"887\" height=\"887\" data-id=\"1215\" src=\"https:\/\/technikaprint.fr\/wp-content\/uploads\/2020\/04\/GAL-KASTOR-02.jpg\" alt=\"Kakemono Roll-up Totem Banner Stand PopUp Impression num\u00e9rique Stand Parapluie Affiche Stickers\" class=\"wp-image-1215\" srcset=\"https:\/\/technikaprint.fr\/wp-content\/uploads\/2020\/04\/GAL-KASTOR-02.jpg 887w, https:\/\/technikaprint.fr\/wp-content\/uploads\/2020\/04\/GAL-KASTOR-02-300x300.jpg 300w, https:\/\/technikaprint.fr\/wp-content\/uploads\/2020\/04\/GAL-KASTOR-02-150x150.jpg 150w, https:\/\/technikaprint.fr\/wp-content\/uploads\/2020\/04\/GAL-KASTOR-02-768x768.jpg 768w, https:\/\/technikaprint.fr\/wp-content\/uploads\/2020\/04\/GAL-KASTOR-02-270x270.jpg 270w\" sizes=\"(max-width: 887px) 100vw, 887px\" \/><\/a><figcaption class=\"wp-element-caption\"><strong>Gamme Eco<\/strong><\/figcaption><\/figure>\n\n\n\n<figure class=\"wp-block-image size-large\"><a href=\"https:\/\/technikaprint.fr\/wp-content\/uploads\/2020\/04\/GAL-KASTOR-03.jpg\"><img loading=\"lazy\" decoding=\"async\" width=\"887\" height=\"887\" data-id=\"1216\" src=\"https:\/\/technikaprint.fr\/wp-content\/uploads\/2020\/04\/GAL-KASTOR-03.jpg\" alt=\"Kakemono Roll-up Totem Banner Stand PopUp Impression num\u00e9rique Stand Parapluie Affiche Stickers\" class=\"wp-image-1216\" srcset=\"https:\/\/technikaprint.fr\/wp-content\/uploads\/2020\/04\/GAL-KASTOR-03.jpg 887w, https:\/\/technikaprint.fr\/wp-content\/uploads\/2020\/04\/GAL-KASTOR-03-300x300.jpg 300w, https:\/\/technikaprint.fr\/wp-content\/uploads\/2020\/04\/GAL-KASTOR-03-150x150.jpg 150w, https:\/\/technikaprint.fr\/wp-content\/uploads\/2020\/04\/GAL-KASTOR-03-768x768.jpg 768w, https:\/\/technikaprint.fr\/wp-content\/uploads\/2020\/04\/GAL-KASTOR-03-270x270.jpg 270w\" sizes=\"(max-width: 887px) 100vw, 887px\" \/><\/a><figcaption class=\"wp-element-caption\"><strong>Snap + embouts<\/strong><\/figcaption><\/figure>\n<\/figure>\n\n\n\n<p>Le visuel s\u2019enroule directement dans sa base, qui assure \u00e0 la fois sa protection et sa stabilit\u00e9. Sa structure allie l\u00e9g\u00e8ret\u00e9 et solidit\u00e9. R\u00e9sistante et ind\u00e9formable, elle supporte sans difficult\u00e9 les chocs li\u00e9s \u00e0 vos d\u00e9placements r\u00e9p\u00e9t\u00e9s.<\/p>\n\n\n\n<figure class=\"wp-block-gallery has-nested-images columns-default is-cropped wp-block-gallery-2 is-layout-flex wp-block-gallery-is-layout-flex\">\n<figure class=\"wp-block-image size-full\"><a href=\"https:\/\/technikaprint.fr\/wp-content\/uploads\/2025\/02\/03.jpg\"><img loading=\"lazy\" decoding=\"async\" width=\"792\" height=\"792\" data-id=\"3016\" src=\"https:\/\/technikaprint.fr\/wp-content\/uploads\/2025\/02\/03.jpg\" alt=\"Kakemono Roll-up Totem Banner Stand PopUp Impression num\u00e9rique Stand Parapluie Affiche Stickers\" class=\"wp-image-3016\" srcset=\"https:\/\/technikaprint.fr\/wp-content\/uploads\/2025\/02\/03.jpg 792w, https:\/\/technikaprint.fr\/wp-content\/uploads\/2025\/02\/03-300x300.jpg 300w, https:\/\/technikaprint.fr\/wp-content\/uploads\/2025\/02\/03-150x150.jpg 150w, https:\/\/technikaprint.fr\/wp-content\/uploads\/2025\/02\/03-768x768.jpg 768w, https:\/\/technikaprint.fr\/wp-content\/uploads\/2025\/02\/03-270x270.jpg 270w\" sizes=\"(max-width: 792px) 100vw, 792px\" \/><\/a><figcaption class=\"wp-element-caption\"><strong>Housse de transport<\/strong><\/figcaption><\/figure>\n\n\n\n<figure class=\"wp-block-image size-full\"><a href=\"https:\/\/technikaprint.fr\/wp-content\/uploads\/2025\/02\/01.jpg\"><img loading=\"lazy\" decoding=\"async\" width=\"1000\" height=\"1000\" data-id=\"3018\" src=\"https:\/\/technikaprint.fr\/wp-content\/uploads\/2025\/02\/01.jpg\" alt=\"Kakemono Roll-up Totem Banner Stand PopUp Impression num\u00e9rique Stand Parapluie Affiche Stickers\" class=\"wp-image-3018\" srcset=\"https:\/\/technikaprint.fr\/wp-content\/uploads\/2025\/02\/01.jpg 1000w, https:\/\/technikaprint.fr\/wp-content\/uploads\/2025\/02\/01-300x300.jpg 300w, https:\/\/technikaprint.fr\/wp-content\/uploads\/2025\/02\/01-150x150.jpg 150w, https:\/\/technikaprint.fr\/wp-content\/uploads\/2025\/02\/01-768x768.jpg 768w, https:\/\/technikaprint.fr\/wp-content\/uploads\/2025\/02\/01-270x270.jpg 270w\" sizes=\"(max-width: 1000px) 100vw, 1000px\" \/><\/a><figcaption class=\"wp-element-caption\"><strong>Compact et l\u00e9ger<\/strong><\/figcaption><\/figure>\n\n\n\n<figure class=\"wp-block-image size-large\"><a href=\"https:\/\/technikaprint.fr\/wp-content\/uploads\/2025\/02\/04-scaled.jpg\"><img loading=\"lazy\" decoding=\"async\" width=\"1024\" height=\"1024\" data-id=\"3020\" src=\"https:\/\/technikaprint.fr\/wp-content\/uploads\/2025\/02\/04-1024x1024.jpg\" alt=\"Kakemono Roll-up Totem Banner Stand PopUp Impression num\u00e9rique Stand Parapluie Affiche Stickers\" class=\"wp-image-3020\" srcset=\"https:\/\/technikaprint.fr\/wp-content\/uploads\/2025\/02\/04-1024x1024.jpg 1024w, https:\/\/technikaprint.fr\/wp-content\/uploads\/2025\/02\/04-300x300.jpg 300w, https:\/\/technikaprint.fr\/wp-content\/uploads\/2025\/02\/04-150x150.jpg 150w, https:\/\/technikaprint.fr\/wp-content\/uploads\/2025\/02\/04-768x768.jpg 768w, https:\/\/technikaprint.fr\/wp-content\/uploads\/2025\/02\/04-1536x1536.jpg 1536w, https:\/\/technikaprint.fr\/wp-content\/uploads\/2025\/02\/04-2048x2048.jpg 2048w, https:\/\/technikaprint.fr\/wp-content\/uploads\/2025\/02\/04-270x270.jpg 270w\" sizes=\"(max-width: 1024px) 100vw, 1024px\" \/><\/a><figcaption class=\"wp-element-caption\"><strong>M\u00e2t en 3 parties<\/strong><\/figcaption><\/figure>\n<\/figure>\n\n\n\n<hr class=\"wp-block-separator has-css-opacity\"\/>\n\n\n\n<figure class=\"wp-block-video aligncenter\"><video height=\"240\" style=\"aspect-ratio: 320 \/ 240;\" width=\"320\" controls src=\"https:\/\/technikaprint.fr\/wp-content\/uploads\/2020\/04\/KASTOR-VIDEO.mp4\"><\/video><\/figure>\n\n\n\n<h2 class=\"wp-block-heading\"><br><br><span style=\"color:#1c40ad\" class=\"has-inline-color\"><strong><em>\u00ab\u00a0Quoi mettre\u00a0\u00bb<\/em> sur un roll up ? Nos conseils<\/strong><\/span><\/h2>\n\n\n\n<p>Vous \u00eates nombreux \u00e0 vous demander : <em>\u00ab\u00a0<strong>que mettre sur un roll-up\u00a0?<\/strong>\u00a0\u00bb<\/em>. Voici quelques cl\u00e9s pour concevoir un support efficace. <\/p>\n\n\n\n<p>Avant tout, imaginez un visuel en accord avec l\u2019image que vous souhaitez v\u00e9hiculer pour votre entreprise, vos produits ou vos services. Vous \u00eates le mieux plac\u00e9 pour construire \u2014 ou renforcer \u2014 votre identit\u00e9. La cr\u00e9ation d\u2019un roll-up repose g\u00e9n\u00e9ralement sur trois \u00e9l\u00e9ments essentiels :<br><br><strong>1 &#8211; Le contenu textuel<\/strong>. Il est indispensable de faire appara\u00eetre le nom de votre entreprise afin d\u2019\u00eatre identifi\u00e9 rapidement. Mettez en avant votre savoir-faire, vos produits et\/ou services, en allant \u00e0 l\u2019essentiel. Des phrases trop longues risquent de d\u00e9courager la lecture : privil\u00e9giez un message clair, percutant et lisible \u00e0 distance.<\/p>\n\n\n\n<p><strong>2 &#8211; Le contenu graphique<\/strong>. Le visuel joue un r\u00f4le cl\u00e9 pour attirer l\u2019attention. Utilisez des images de qualit\u00e9 pour un rendu professionnel et dynamique. Int\u00e9grez votre logo ainsi que les \u00e9l\u00e9ments de votre charte graphique afin de garantir une coh\u00e9rence visuelle. Les couleurs doivent \u00eatre harmonieuses et adapt\u00e9es au contexte, sans \u00eatre agressives pour l\u2019\u0153il.<\/p>\n\n\n\n<p><strong>3 &#8211; L\u2019agencement des informations<\/strong>. La mise en page doit \u00eatre structur\u00e9e et hi\u00e9rarchis\u00e9e pour une lecture fluide. En g\u00e9n\u00e9ral, on place le logo en haut, suivi des \u00e9l\u00e9ments cl\u00e9s (produits ou services). Le message principal doit \u00eatre clairement visible, accompagn\u00e9 \u00e9ventuellement d\u2019un slogan refl\u00e9tant vos valeurs. Une image illustrative renforce l\u2019impact visuel, tandis que les coordonn\u00e9es trouvent naturellement leur place en bas. <br><br>Pour aller plus loin, vous pouvez \u00e9galement mentionner vos partenaires ou r\u00e9f\u00e9rences afin de rassurer vos prospects et renforcer votre cr\u00e9dibilit\u00e9.<br><\/p>\n\n\n\n<hr class=\"wp-block-separator has-css-opacity\"\/>\n\n\n\n<figure class=\"wp-block-image size-large\"><a href=\"https:\/\/technikaprint.fr\/index.php\/spot\/\"><img loading=\"lazy\" decoding=\"async\" width=\"1024\" height=\"171\" src=\"https:\/\/technikaprint.fr\/wp-content\/uploads\/2020\/05\/SPOT-ROLLUP-1024x171.jpg\" alt=\"RollUp, kakemono, Standonline, spot\" class=\"wp-image-2096\" srcset=\"https:\/\/technikaprint.fr\/wp-content\/uploads\/2020\/05\/SPOT-ROLLUP-1024x171.jpg 1024w, https:\/\/technikaprint.fr\/wp-content\/uploads\/2020\/05\/SPOT-ROLLUP-300x50.jpg 300w, https:\/\/technikaprint.fr\/wp-content\/uploads\/2020\/05\/SPOT-ROLLUP-768x128.jpg 768w, https:\/\/technikaprint.fr\/wp-content\/uploads\/2020\/05\/SPOT-ROLLUP-360x60.jpg 360w, https:\/\/technikaprint.fr\/wp-content\/uploads\/2020\/05\/SPOT-ROLLUP.jpg 1417w\" sizes=\"(max-width: 1024px) 100vw, 1024px\" \/><\/a><\/figure>\n","protected":false},"excerpt":{"rendered":"<p>Photos non contractuelles. Structure r\u00e9guli\u00e8rement am\u00e9lior\u00e9e, et donc susceptible de subir un changement de look. Kastor 80&#215;200 cm &#8211; Strucure + visuel 72.00 \u20ac HT Kastor 85&#215;200 cm &#8211; Strucure + visuel 72.00 \u20ac HT Le mod\u00e8le Kastor est notre&hellip;&nbsp;<a href=\"https:\/\/technikaprint.fr\/index.php\/kakemono\/\" class=\"more-link\">Lire la suite<\/a><\/p>\n","protected":false},"author":1,"featured_media":0,"parent":0,"menu_order":0,"comment_status":"closed","ping_status":"closed","template":"","meta":{"_monsterinsights_skip_tracking":false,"_monsterinsights_sitenote_active":false,"_monsterinsights_sitenote_note":"","_monsterinsights_sitenote_category":0,"footnotes":""},"class_list":["post-98","page","type-page","status-publish","hentry"],"yoast_head":"<!-- This site is optimized with the Yoast SEO plugin v27.5 - https:\/\/yoast.com\/product\/yoast-seo-wordpress\/ -->\n<title>kakemono- Stand On Line - En 24-48 heures I Appelez le 01 72 88 38 93<\/title>\n<meta name=\"description\" content=\"Kakemono petit budget. Une gamme compl\u00e8te de kakemono, pr\u00eats en 24\/48H pour tous vos \u00e9v\u00e9nements. Appelez vite 01 72 88 38 93\" \/>\n<meta name=\"robots\" content=\"index, follow, max-snippet:-1, max-image-preview:large, max-video-preview:-1\" \/>\n<link rel=\"canonical\" href=\"https:\/\/technikaprint.fr\/index.php\/kakemono\/\" \/>\n<meta property=\"og:locale\" content=\"fr_FR\" \/>\n<meta property=\"og:type\" content=\"article\" \/>\n<meta property=\"og:title\" content=\"kakemono- Stand On Line - En 24-48 heures I Appelez le 01 72 88 38 93\" \/>\n<meta property=\"og:description\" content=\"Kakemono petit budget. Une gamme compl\u00e8te de kakemono, pr\u00eats en 24\/48H pour tous vos \u00e9v\u00e9nements. Appelez vite 01 72 88 38 93\" \/>\n<meta property=\"og:url\" content=\"https:\/\/technikaprint.fr\/index.php\/kakemono\/\" \/>\n<meta property=\"og:site_name\" content=\"Stand On Line\" \/>\n<meta property=\"article:publisher\" content=\"https:\/\/www.facebook.com\/technikaprint\/\" \/>\n<meta property=\"article:modified_time\" content=\"2026-04-23T08:17:12+00:00\" \/>\n<meta property=\"og:image\" content=\"https:\/\/technikaprint.fr\/wp-content\/uploads\/2025\/02\/BANNIERE-KASTOR.jpg\" \/>\n\t<meta property=\"og:image:width\" content=\"861\" \/>\n\t<meta property=\"og:image:height\" content=\"276\" \/>\n\t<meta property=\"og:image:type\" content=\"image\/jpeg\" \/>\n<meta name=\"twitter:card\" content=\"summary_large_image\" \/>\n<meta name=\"twitter:label1\" content=\"Dur\u00e9e de lecture estim\u00e9e\" \/>\n\t<meta name=\"twitter:data1\" content=\"5 minutes\" \/>\n<script type=\"application\/ld+json\" class=\"yoast-schema-graph\">{\"@context\":\"https:\\\/\\\/schema.org\",\"@graph\":[{\"@type\":\"WebPage\",\"@id\":\"https:\\\/\\\/technikaprint.fr\\\/index.php\\\/kakemono\\\/\",\"url\":\"https:\\\/\\\/technikaprint.fr\\\/index.php\\\/kakemono\\\/\",\"name\":\"kakemono- Stand On Line - En 24-48 heures I Appelez le 01 72 88 38 93\",\"isPartOf\":{\"@id\":\"https:\\\/\\\/technikaprint.fr\\\/#website\"},\"primaryImageOfPage\":{\"@id\":\"https:\\\/\\\/technikaprint.fr\\\/index.php\\\/kakemono\\\/#primaryimage\"},\"image\":{\"@id\":\"https:\\\/\\\/technikaprint.fr\\\/index.php\\\/kakemono\\\/#primaryimage\"},\"thumbnailUrl\":\"https:\\\/\\\/technikaprint.fr\\\/wp-content\\\/uploads\\\/2025\\\/02\\\/BANNIERE-KASTOR.jpg\",\"datePublished\":\"2020-04-07T16:08:01+00:00\",\"dateModified\":\"2026-04-23T08:17:12+00:00\",\"description\":\"Kakemono petit budget. Une gamme compl\u00e8te de kakemono, pr\u00eats en 24\\\/48H pour tous vos \u00e9v\u00e9nements. Appelez vite 01 72 88 38 93\",\"breadcrumb\":{\"@id\":\"https:\\\/\\\/technikaprint.fr\\\/index.php\\\/kakemono\\\/#breadcrumb\"},\"inLanguage\":\"fr-FR\",\"potentialAction\":[{\"@type\":\"ReadAction\",\"target\":[\"https:\\\/\\\/technikaprint.fr\\\/index.php\\\/kakemono\\\/\"]}]},{\"@type\":\"ImageObject\",\"inLanguage\":\"fr-FR\",\"@id\":\"https:\\\/\\\/technikaprint.fr\\\/index.php\\\/kakemono\\\/#primaryimage\",\"url\":\"https:\\\/\\\/technikaprint.fr\\\/wp-content\\\/uploads\\\/2025\\\/02\\\/BANNIERE-KASTOR.jpg\",\"contentUrl\":\"https:\\\/\\\/technikaprint.fr\\\/wp-content\\\/uploads\\\/2025\\\/02\\\/BANNIERE-KASTOR.jpg\",\"width\":861,\"height\":276},{\"@type\":\"BreadcrumbList\",\"@id\":\"https:\\\/\\\/technikaprint.fr\\\/index.php\\\/kakemono\\\/#breadcrumb\",\"itemListElement\":[{\"@type\":\"ListItem\",\"position\":1,\"name\":\"Accueil\",\"item\":\"https:\\\/\\\/technikaprint.fr\\\/\"},{\"@type\":\"ListItem\",\"position\":2,\"name\":\"Roll-up gamme \u00e9co\"}]},{\"@type\":\"WebSite\",\"@id\":\"https:\\\/\\\/technikaprint.fr\\\/#website\",\"url\":\"https:\\\/\\\/technikaprint.fr\\\/\",\"name\":\"Stand On Line\",\"description\":\"La boutique du Roll-up\",\"publisher\":{\"@id\":\"https:\\\/\\\/technikaprint.fr\\\/#organization\"},\"potentialAction\":[{\"@type\":\"SearchAction\",\"target\":{\"@type\":\"EntryPoint\",\"urlTemplate\":\"https:\\\/\\\/technikaprint.fr\\\/?s={search_term_string}\"},\"query-input\":{\"@type\":\"PropertyValueSpecification\",\"valueRequired\":true,\"valueName\":\"search_term_string\"}}],\"inLanguage\":\"fr-FR\"},{\"@type\":\"Organization\",\"@id\":\"https:\\\/\\\/technikaprint.fr\\\/#organization\",\"name\":\"Stand On Line \\\/ Technika-Print\",\"url\":\"https:\\\/\\\/technikaprint.fr\\\/\",\"logo\":{\"@type\":\"ImageObject\",\"inLanguage\":\"fr-FR\",\"@id\":\"https:\\\/\\\/technikaprint.fr\\\/#\\\/schema\\\/logo\\\/image\\\/\",\"url\":\"https:\\\/\\\/technikaprint.fr\\\/wp-content\\\/uploads\\\/2020\\\/04\\\/SOL-AU-CARRE.jpg\",\"contentUrl\":\"https:\\\/\\\/technikaprint.fr\\\/wp-content\\\/uploads\\\/2020\\\/04\\\/SOL-AU-CARRE.jpg\",\"width\":1705,\"height\":1705,\"caption\":\"Stand On Line \\\/ Technika-Print\"},\"image\":{\"@id\":\"https:\\\/\\\/technikaprint.fr\\\/#\\\/schema\\\/logo\\\/image\\\/\"},\"sameAs\":[\"https:\\\/\\\/www.facebook.com\\\/technikaprint\\\/\",\"https:\\\/\\\/www.linkedin.com\\\/in\\\/yann-phetsanghane-50763315b\\\/\"]}]}<\/script>\n<!-- \/ Yoast SEO plugin. -->","yoast_head_json":{"title":"kakemono- Stand On Line - En 24-48 heures I Appelez le 01 72 88 38 93","description":"Kakemono petit budget. Une gamme compl\u00e8te de kakemono, pr\u00eats en 24\/48H pour tous vos \u00e9v\u00e9nements. Appelez vite 01 72 88 38 93","robots":{"index":"index","follow":"follow","max-snippet":"max-snippet:-1","max-image-preview":"max-image-preview:large","max-video-preview":"max-video-preview:-1"},"canonical":"https:\/\/technikaprint.fr\/index.php\/kakemono\/","og_locale":"fr_FR","og_type":"article","og_title":"kakemono- Stand On Line - En 24-48 heures I Appelez le 01 72 88 38 93","og_description":"Kakemono petit budget. Une gamme compl\u00e8te de kakemono, pr\u00eats en 24\/48H pour tous vos \u00e9v\u00e9nements. Appelez vite 01 72 88 38 93","og_url":"https:\/\/technikaprint.fr\/index.php\/kakemono\/","og_site_name":"Stand On Line","article_publisher":"https:\/\/www.facebook.com\/technikaprint\/","article_modified_time":"2026-04-23T08:17:12+00:00","og_image":[{"width":861,"height":276,"url":"https:\/\/technikaprint.fr\/wp-content\/uploads\/2025\/02\/BANNIERE-KASTOR.jpg","type":"image\/jpeg"}],"twitter_card":"summary_large_image","twitter_misc":{"Dur\u00e9e de lecture estim\u00e9e":"5 minutes"},"schema":{"@context":"https:\/\/schema.org","@graph":[{"@type":"WebPage","@id":"https:\/\/technikaprint.fr\/index.php\/kakemono\/","url":"https:\/\/technikaprint.fr\/index.php\/kakemono\/","name":"kakemono- Stand On Line - En 24-48 heures I Appelez le 01 72 88 38 93","isPartOf":{"@id":"https:\/\/technikaprint.fr\/#website"},"primaryImageOfPage":{"@id":"https:\/\/technikaprint.fr\/index.php\/kakemono\/#primaryimage"},"image":{"@id":"https:\/\/technikaprint.fr\/index.php\/kakemono\/#primaryimage"},"thumbnailUrl":"https:\/\/technikaprint.fr\/wp-content\/uploads\/2025\/02\/BANNIERE-KASTOR.jpg","datePublished":"2020-04-07T16:08:01+00:00","dateModified":"2026-04-23T08:17:12+00:00","description":"Kakemono petit budget. Une gamme compl\u00e8te de kakemono, pr\u00eats en 24\/48H pour tous vos \u00e9v\u00e9nements. Appelez vite 01 72 88 38 93","breadcrumb":{"@id":"https:\/\/technikaprint.fr\/index.php\/kakemono\/#breadcrumb"},"inLanguage":"fr-FR","potentialAction":[{"@type":"ReadAction","target":["https:\/\/technikaprint.fr\/index.php\/kakemono\/"]}]},{"@type":"ImageObject","inLanguage":"fr-FR","@id":"https:\/\/technikaprint.fr\/index.php\/kakemono\/#primaryimage","url":"https:\/\/technikaprint.fr\/wp-content\/uploads\/2025\/02\/BANNIERE-KASTOR.jpg","contentUrl":"https:\/\/technikaprint.fr\/wp-content\/uploads\/2025\/02\/BANNIERE-KASTOR.jpg","width":861,"height":276},{"@type":"BreadcrumbList","@id":"https:\/\/technikaprint.fr\/index.php\/kakemono\/#breadcrumb","itemListElement":[{"@type":"ListItem","position":1,"name":"Accueil","item":"https:\/\/technikaprint.fr\/"},{"@type":"ListItem","position":2,"name":"Roll-up gamme \u00e9co"}]},{"@type":"WebSite","@id":"https:\/\/technikaprint.fr\/#website","url":"https:\/\/technikaprint.fr\/","name":"Stand On Line","description":"La boutique du Roll-up","publisher":{"@id":"https:\/\/technikaprint.fr\/#organization"},"potentialAction":[{"@type":"SearchAction","target":{"@type":"EntryPoint","urlTemplate":"https:\/\/technikaprint.fr\/?s={search_term_string}"},"query-input":{"@type":"PropertyValueSpecification","valueRequired":true,"valueName":"search_term_string"}}],"inLanguage":"fr-FR"},{"@type":"Organization","@id":"https:\/\/technikaprint.fr\/#organization","name":"Stand On Line \/ Technika-Print","url":"https:\/\/technikaprint.fr\/","logo":{"@type":"ImageObject","inLanguage":"fr-FR","@id":"https:\/\/technikaprint.fr\/#\/schema\/logo\/image\/","url":"https:\/\/technikaprint.fr\/wp-content\/uploads\/2020\/04\/SOL-AU-CARRE.jpg","contentUrl":"https:\/\/technikaprint.fr\/wp-content\/uploads\/2020\/04\/SOL-AU-CARRE.jpg","width":1705,"height":1705,"caption":"Stand On Line \/ Technika-Print"},"image":{"@id":"https:\/\/technikaprint.fr\/#\/schema\/logo\/image\/"},"sameAs":["https:\/\/www.facebook.com\/technikaprint\/","https:\/\/www.linkedin.com\/in\/yann-phetsanghane-50763315b\/"]}]}},"_links":{"self":[{"href":"https:\/\/technikaprint.fr\/index.php\/wp-json\/wp\/v2\/pages\/98","targetHints":{"allow":["GET"]}}],"collection":[{"href":"https:\/\/technikaprint.fr\/index.php\/wp-json\/wp\/v2\/pages"}],"about":[{"href":"https:\/\/technikaprint.fr\/index.php\/wp-json\/wp\/v2\/types\/page"}],"author":[{"embeddable":true,"href":"https:\/\/technikaprint.fr\/index.php\/wp-json\/wp\/v2\/users\/1"}],"replies":[{"embeddable":true,"href":"https:\/\/technikaprint.fr\/index.php\/wp-json\/wp\/v2\/comments?post=98"}],"version-history":[{"count":78,"href":"https:\/\/technikaprint.fr\/index.php\/wp-json\/wp\/v2\/pages\/98\/revisions"}],"predecessor-version":[{"id":3099,"href":"https:\/\/technikaprint.fr\/index.php\/wp-json\/wp\/v2\/pages\/98\/revisions\/3099"}],"wp:attachment":[{"href":"https:\/\/technikaprint.fr\/index.php\/wp-json\/wp\/v2\/media?parent=98"}],"curies":[{"name":"wp","href":"https:\/\/api.w.org\/{rel}","templated":true}]}}